{"id":3,"date":"2022-01-19T11:40:23","date_gmt":"2022-01-19T11:40:23","guid":{"rendered":"https:\/\/checkpointsstg.wpengine.com\/pt\/?page_id=3"},"modified":"2025-08-25T12:20:57","modified_gmt":"2025-08-25T11:20:57","slug":"privacy-policy","status":"publish","type":"page","link":"https:\/\/checkpointsystems.com\/pt\/privacy-policy\/","title":{"rendered":"Pol\u00edtica de privacidade"},"content":{"rendered":"<p><div class=\"fusion-fullwidth fullwidth-box fusion-builder-row-1 fusion-flex-container nonhundred-percent-fullwidth non-hundred-percent-height-scrolling\" style=\"--awb-border-radius-top-left:0px;--awb-border-radius-top-right:0px;--awb-border-radius-bottom-right:0px;--awb-border-radius-bottom-left:0px;--awb-padding-left:0px;--awb-min-height:350px;--awb-flex-wrap:wrap;\" ><div class=\"fusion-builder-row fusion-row fusion-flex-align-items-flex-start fusion-flex-content-wrap\" style=\"max-width:calc( 1200px + 0px );margin-left: calc(-0px \/ 2 );margin-right: calc(-0px \/ 2 );\"><div class=\"fusion-layout-column fusion_builder_column fusion-builder-column-0 fusion_builder_column_1_1 1_1 fusion-flex-column fusion-flex-align-self-flex-end\" style=\"--awb-padding-bottom:40px;--awb-bg-size:cover;--awb-width-large:100%;--awb-margin-top-large:0px;--awb-spacing-right-large:0px;--awb-margin-bottom-large:0px;--awb-spacing-left-large:0px;--awb-width-medium:100%;--awb-order-medium:0;--awb-spacing-right-medium:0px;--awb-spacing-left-medium:0px;--awb-width-small:100%;--awb-order-small:0;--awb-spacing-right-small:0px;--awb-spacing-left-small:0px;\"><div class=\"fusion-column-wrapper fusion-column-has-shadow fusion-flex-justify-content-flex-start fusion-content-layout-column\"><div class=\"fusion-title title fusion-title-1 fusion-sep-none fusion-title-text fusion-title-size-one\" style=\"--awb-text-color:var(--awb-color1);--awb-margin-top-small:0px;--awb-margin-bottom-small:20px;--awb-font-size:40px;\"><h1 class=\"fusion-title-heading title-heading-left fusion-responsive-typography-calculated\" style=\"font-family:&quot;Noto Sans&quot;;font-style:normal;font-weight:400;margin:0;font-size:1em;--fontSize:40;line-height:2.05;\">Pol\u00edtica de privacidade<\/h1><\/div><nav class=\"fusion-breadcrumbs awb-yoast-breadcrumbs fusion-breadcrumbs-1\" style=\"--awb-font-size:10;--awb-text-hover-color:var(--awb-color4);--awb-text-color:var(--awb-color3);--awb-breadcrumb-sep:&#039;\/&#039;;\" aria-label=\"Breadcrumb\"><span><span><a href=\"https:\/\/checkpointsystems.com\/pt\/\">Home<\/a><\/span><\/span><\/nav><\/div><\/div><\/div><\/div><div class=\"fusion-fullwidth fullwidth-box fusion-builder-row-2 fusion-flex-container nonhundred-percent-fullwidth non-hundred-percent-height-scrolling\" style=\"--awb-border-radius-top-left:0px;--awb-border-radius-top-right:0px;--awb-border-radius-bottom-right:0px;--awb-border-radius-bottom-left:0px;--awb-margin-top:80px;--awb-margin-bottom:80px;--awb-flex-wrap:wrap;\" ><div class=\"fusion-builder-row fusion-row fusion-flex-align-items-flex-start fusion-flex-content-wrap\" style=\"max-width:calc( 1200px + 0px );margin-left: calc(-0px \/ 2 );margin-right: calc(-0px \/ 2 );\"><div class=\"fusion-layout-column fusion_builder_column fusion-builder-column-1 fusion_builder_column_1_1 1_1 fusion-flex-column\" style=\"--awb-bg-size:cover;--awb-width-large:100%;--awb-margin-top-large:0px;--awb-spacing-right-large:0px;--awb-margin-bottom-large:0px;--awb-spacing-left-large:0px;--awb-width-medium:100%;--awb-order-medium:0;--awb-spacing-right-medium:0px;--awb-spacing-left-medium:0px;--awb-width-small:100%;--awb-order-small:0;--awb-spacing-right-small:0px;--awb-spacing-left-small:0px;\"><div class=\"fusion-column-wrapper fusion-column-has-shadow fusion-flex-justify-content-flex-start fusion-content-layout-column\"><p><br \/>1.\u00aa SEC\u00c7\u00c3O.- INFORMA\u00c7\u00d5ES B\u00c1SICAS<\/p>\r\n<p>POL\u00cdTICA DE PRIVACIDADE<br \/>RESPONS\u00c1VEL PELO<br \/>TRATAMENTO Checkpoint Systems Portugal, Unipessoal Lda,.<\/p>\r\n<p>FINALIDADE Atender aos pedidos dos utilizadores.<\/p>\r\n<p>BASE LEGAL Consentimento dos titulares dos dados.<\/p>\r\n<p>DESTINAT\u00c1RIOS Membros do nosso grupo empresarial.<\/p>\r\n<p>DIREITOS Aceder, retificar e apagar dados, para al\u00e9m de outros direitos, conforme indicado na sec\u00e7\u00e3o de informa\u00e7\u00e3o adicional.<\/p>\r\n<p>INFORMA\u00c7\u00c3O ADICIONAL Informa\u00e7\u00f5es adicionais e detalhadas sobre a prote\u00e7\u00e3o de dados podem ser consultadas no nosso site comercial:<\/p>\r\n<blockquote><a href=\"https:\/\/checkpointsystems.com\/pt\">Checkpoint Systems Portugal \u2013 Tecnologia de Retalho Moderna<\/a><\/blockquote>\r\n<p>2.\u00aa SEC\u00c7\u00c3O.- INFORMA\u00c7\u00c3O ADICIONAL DETALHADA<br \/>POL\u00cdTICA DE PRIVACIDADE<br \/>RESPONS\u00c1VEL PELO TRATAMENTO<br \/>Nome: Checkpoint Systems Portugal, Unipessoal Lda,. (\u201cCHECKPOINT\u201d)<br \/>N\u00famero de identifica\u00e7\u00e3o fiscal: 503820148<br \/>Endere\u00e7o: Rua Nova dos Mercadores, Lote 3.07.06C, Expo Sul, 1990-180 Lisboa<br \/>E-mail: gdpr.pt@checkpt.com<br \/>FINALIDADES DO TRATAMENTO DOS DADOS<br \/>Os dados pessoais que nos forneceu ser\u00e3o tratados para os seguintes fins:<br \/>(i) Se tiver preenchido um dos nossos formul\u00e1rios de contacto, processaremos os seus dados para:<br \/>a. responder \u00e0 sua quest\u00e3o; e<br \/>b. se nos tiver dado o seu consentimento expresso, os seus dados tamb\u00e9m podem ser processados para lhe enviar informa\u00e7\u00f5es comerciais - por meios eletr\u00f3nicos ou n\u00e3o eletr\u00f3nicos - relacionadas com os produtos e servi\u00e7os da CHECKPOINT.<\/p>\r\n<p>(ii) Se se candidatou para trabalhar connosco, processaremos os seus dados para avaliar se \u00e9 um candidato qualificado para um posto de trabalho dispon\u00edvel com base na sua candidatura a uma oferta de emprego.<\/p>\r\n<p>(iii) Se se registar no nosso portal CheckNET para fazer compras, recolheremos as suas informa\u00e7\u00f5es de contacto (nome, n\u00famero de telefone e e-mail) para lhe entregar os produtos e servi\u00e7os, bem como para criar e manter a sua conta.<br \/>Os dados pessoais fornecidos n\u00e3o dever\u00e3o ser tratados durante per\u00edodo superior ao necess\u00e1rio para os fins supra indicados e ser\u00e3o apagados, respetivamente:<br \/>(i) a. quando considerarmos razoavelmente que n\u00e3o haver\u00e1 mais correspond\u00eancia entre n\u00f3s relativamente \u00e0 sua quest\u00e3o (geralmente, 12 meses ap\u00f3s o \u00faltimo contacto) ou antes, quando solicite a sua elimina\u00e7\u00e3o;<br \/>b. um ano ap\u00f3s a recolha, caso nos tenha dado o seu consentimento expresso para tal ou antes, mediante pedido de elimina\u00e7\u00e3o ou retirada do seu consentimento;<br \/>(ii) 6 meses ap\u00f3s a conclus\u00e3o do processo de candidatura. (Caso venha a ser nosso trabalhador\/consultor, os seus dados n\u00e3o ser\u00e3o eliminados, mas antes tratados de acordo com o nosso Aviso de Prote\u00e7\u00e3o de Dados dos Trabalhadores).<br \/>(iii) quando considerarmos razoavelmente que j\u00e1 n\u00e3o pretende utilizar o nosso portal CheckNET (normalmente, seis anos ap\u00f3s o seu \u00faltimo login no portal) ou antes, mediante o seu pedido de elimina\u00e7\u00e3o.<br \/>BASE LEGAL DO TRATAMENTO DE DADOS<br \/>As bases legais para o nosso tratamento de dados s\u00e3o, respetivamente:<br \/>(i) o seu consentimento;<\/p>\r\n<p>(ii) por ser necess\u00e1rio para efeito dos nossos interesses leg\u00edtimos (recrutamento de indiv\u00edduos para exercer uma atividade em nosso benef\u00edcio);<\/p>\r\n<p>(iii) os nossos interesses leg\u00edtimos e os da empresa em cujo nome o cliente criou uma conta (execu\u00e7\u00e3o do contrato entre n\u00f3s e essa empresa).<\/p>\r\n<p>DESTINAT\u00c1RIOS DE TRANSFER\u00caNCIAS OU ATRIBUI\u00c7\u00d5ES<br \/>A CHECKPOINT pode transferir dados pessoais para outros membros do seu grupo empresarial. Neste caso:<br \/>a) para tal, basear-nos-emos numa base legal para o processamento (por exemplo, os nossos interesses leg\u00edtimos e\/ou dos nossos membros empresariais, o consentimento do titular dos dados, a execu\u00e7\u00e3o do nosso contrato consigo, ou a necessidade de cumprir com uma obriga\u00e7\u00e3o legal); e<br \/>b) os respetivos membros fornecer-lhe-\u00e3o informa\u00e7\u00f5es sobre a forma como ir\u00e3o utilizar os seus dados.<br \/>Para al\u00e9m destes casos, a CHECKPOINT n\u00e3o transfere os dados pessoais recolhidos a terceiros, quer dentro ou fora da UE.<br \/>Qualquer transfer\u00eancia de dados pessoais para um pa\u00eds fora da UE ser\u00e1 feita em conformidade com os requisitos estabelecidos nos artigos 44\u00ba e seguintes do Regulamento Geral de Prote\u00e7\u00e3o de Dados (\u201cRGPD\u201d).<br \/>DIREITOS DOS TITULARES DOS DADOS<br \/>Qualquer pessoa tem o direito de obter confirma\u00e7\u00e3o sobre se a CHECKPOINT processa ou n\u00e3o dados pessoais que lhe digam respeito.<br \/>Al\u00e9m disso, qualquer interessado pode solicitar o exerc\u00edcio dos seguintes direitos \u00e0 CHECKPOINT, enviando uma carta para o endere\u00e7o eletr\u00f3nico ou postal indicado no cabe\u00e7alho<br \/>\u2022 Direito de acesso: permite ao interessado obter informa\u00e7\u00f5es sobre os seus dados pessoais que s\u00e3o objeto de tratamento.<br \/>\u2022 Direito de retifica\u00e7\u00e3o: permite a corre\u00e7\u00e3o de erros, modifica\u00e7\u00e3o de dados que se revelem inexatos ou incompletos.<br \/>\u2022 Direito de apagamento: permite pedidos de apagamento\/elimina\u00e7\u00e3o de dados pessoais quando deixe de ser necess\u00e1rio continuar o tratamento, incluindo quando o direito de oposi\u00e7\u00e3o (ver abaixo) tenha sido exercido. (Pode suceder que nem sempre seja poss\u00edvel atender a um pedido de apagamento por raz\u00f5es legais espec\u00edficas, que ser\u00e3o notificadas, se aplic\u00e1vel, no momento do pedido).<br \/>\u2022 Direito de oposi\u00e7\u00e3o: permite ao titular dos dados opor-se ao seu processamento, de modo a que estes deixem de ser processados.<br \/>\u2022 Direito \u00e0 limita\u00e7\u00e3o: permite ao titular dos dados pedir a suspens\u00e3o do tratamento dos seus dados pessoais nas seguintes situa\u00e7\u00f5es: se pretenderem que verifiquemos a exatid\u00e3o dos dados; se a nossa utiliza\u00e7\u00e3o dos dados for il\u00edcita e o titular dos dados se opuser ao apagamento dos dados; se precisarem que os guardemos para efeitos do exerc\u00edcio ou defesa de um direito num processo judicial, mesmo que j\u00e1 n\u00e3o necessitemos dos mesmos para fins de tratamento; se se tiverem oposto ao tratamento dos seus dados, mas precisarmos de verificar se temos raz\u00f5es leg\u00edtimas e imperiosas para os utilizar.<br \/>\u2022 Direito de portabilidade dos dados: permite ao titular dos dados solicitar o fornecimento dos dados, para que os possa transmitir a outro respons\u00e1vel pelo tratamento dos dados sem impedimentos.<br \/>\u2022 Direito de n\u00e3o ser objeto de decis\u00f5es individuais automatizadas (incluindo a defini\u00e7\u00e3o de perfis): assegura que uma pessoa n\u00e3o esteja sujeita a uma decis\u00e3o baseada unicamente num tratamento automatizado que produza efeitos legais ou que, ainda que n\u00e3o produzindo efeitos legais, a afete significativamente.<br \/>Os titulares dos dados podem, a qualquer momento, retirar o consentimento previamente dado para a utiliza\u00e7\u00e3o dos seus dados. Se retirar o seu consentimento \u00e0 CHECKPOINT para armazenar e processar os seus dados, n\u00e3o poderemos satisfazer os seus pedidos de informa\u00e7\u00f5es.<\/p>\r\n<p><strong>Microsoft Clarity<\/strong><\/p>\r\n<p>Fazemos parceria com o Microsoft Clarity e o Microsoft Advertising para capturar como voc\u00ea usa e interage com o nosso site atrav\u00e9s de m\u00e9tricas comportamentais, mapas de calor e replay de sess\u00f5es, para melhorar e promover os nossos produtos\/servi\u00e7os. Os dados de utiliza\u00e7\u00e3o do site s\u00e3o capturados atrav\u00e9s de cookies de primeira e terceira parte e outras tecnologias de rastreamento para determinar a popularidade dos produtos\/servi\u00e7os e da atividade online. Adicionalmente, utilizamos esta informa\u00e7\u00e3o para otimiza\u00e7\u00e3o do site, fins de fraude\/seguran\u00e7a e publicidade. Para mais informa\u00e7\u00f5es sobre como a Microsoft recolhe e utiliza os seus dados, consulte a Declara\u00e7\u00e3o de Privacidade da Microsoft.<\/p>\r\n<p>Tem o direito de apresentar em qualquer altura uma queixa \u00e0 Comiss\u00e3o Nacional de Prote\u00e7\u00e3o de Dados, atrav\u00e9s do n\u00famero de telefone +351 213928400, atrav\u00e9s do correio eletr\u00f3nico geral@cnpd.pt ou atrav\u00e9s de formul\u00e1rio online disponibilizado em https:\/\/www.cnpd.pt\/cidadaos\/participacoes\/geral.<\/p><\/div><\/div><\/div><\/div><\/p>\n","protected":false},"excerpt":{"rendered":"","protected":false},"author":52,"featured_media":0,"parent":0,"menu_order":80,"comment_status":"closed","ping_status":"closed","template":"","meta":{"footnotes":""},"categories":[],"tags":[],"class_list":["post-3","page","type-page","status-publish","hentry"],"yoast_head":"<!-- This site is optimized with the Yoast SEO plugin v27.3 - https:\/\/yoast.com\/product\/yoast-seo-wordpress\/ -->\n<title>Pol\u00edtica de privacidade - Checkpoint Systems Portugal<\/title>\n<meta name=\"robots\" content=\"index, follow, max-snippet:-1, max-image-preview:large, max-video-preview:-1\" \/>\n<link rel=\"canonical\" href=\"https:\/\/checkpointsystems.com\/pt\/privacy-policy\/\" \/>\n<meta property=\"og:locale\" content=\"pt_PT\" \/>\n<meta property=\"og:type\" content=\"article\" \/>\n<meta property=\"og:title\" content=\"Pol\u00edtica de privacidade - Checkpoint Systems Portugal\" \/>\n<meta property=\"og:url\" content=\"https:\/\/checkpointsystems.com\/pt\/privacy-policy\/\" \/>\n<meta property=\"og:site_name\" content=\"Checkpoint Systems Portugal\" \/>\n<meta property=\"article:modified_time\" content=\"2025-08-25T11:20:57+00:00\" \/>\n<meta name=\"twitter:card\" content=\"summary_large_image\" \/>\n<meta name=\"twitter:label1\" content=\"Tempo estimado de leitura\" \/>\n\t<meta name=\"twitter:data1\" content=\"7 minutos\" \/>\n<script type=\"application\/ld+json\" class=\"yoast-schema-graph\">{\"@context\":\"https:\\\/\\\/schema.org\",\"@graph\":[{\"@type\":\"WebPage\",\"@id\":\"https:\\\/\\\/checkpointsystems.com\\\/pt\\\/privacy-policy\\\/\",\"url\":\"https:\\\/\\\/checkpointsystems.com\\\/pt\\\/privacy-policy\\\/\",\"name\":\"Pol\u00edtica de privacidade - Checkpoint Systems Portugal\",\"isPartOf\":{\"@id\":\"https:\\\/\\\/checkpointsystems.com\\\/pt\\\/#website\"},\"datePublished\":\"2022-01-19T11:40:23+00:00\",\"dateModified\":\"2025-08-25T11:20:57+00:00\",\"breadcrumb\":{\"@id\":\"https:\\\/\\\/checkpointsystems.com\\\/pt\\\/privacy-policy\\\/#breadcrumb\"},\"inLanguage\":\"pt-PT\",\"potentialAction\":[{\"@type\":\"ReadAction\",\"target\":[\"https:\\\/\\\/checkpointsystems.com\\\/pt\\\/privacy-policy\\\/\"]}]},{\"@type\":\"BreadcrumbList\",\"@id\":\"https:\\\/\\\/checkpointsystems.com\\\/pt\\\/privacy-policy\\\/#breadcrumb\",\"itemListElement\":[{\"@type\":\"ListItem\",\"position\":1,\"name\":\"Home\",\"item\":\"https:\\\/\\\/checkpointsystems.com\\\/pt\\\/\"},{\"@type\":\"ListItem\",\"position\":2,\"name\":\"Pol\u00edtica de privacidade\"}]},{\"@type\":\"WebSite\",\"@id\":\"https:\\\/\\\/checkpointsystems.com\\\/pt\\\/#website\",\"url\":\"https:\\\/\\\/checkpointsystems.com\\\/pt\\\/\",\"name\":\"Checkpoint Systems Portugal\",\"description\":\"Tecnologia de varejo | Fabricante de etiquetas de seguran\u00e7a\",\"potentialAction\":[{\"@type\":\"SearchAction\",\"target\":{\"@type\":\"EntryPoint\",\"urlTemplate\":\"https:\\\/\\\/checkpointsystems.com\\\/pt\\\/?s={search_term_string}\"},\"query-input\":{\"@type\":\"PropertyValueSpecification\",\"valueRequired\":true,\"valueName\":\"search_term_string\"}}],\"inLanguage\":\"pt-PT\"}]}<\/script>\n<!-- \/ Yoast SEO plugin. -->","yoast_head_json":{"title":"Pol\u00edtica de privacidade - Checkpoint Systems Portugal","robots":{"index":"index","follow":"follow","max-snippet":"max-snippet:-1","max-image-preview":"max-image-preview:large","max-video-preview":"max-video-preview:-1"},"canonical":"https:\/\/checkpointsystems.com\/pt\/privacy-policy\/","og_locale":"pt_PT","og_type":"article","og_title":"Pol\u00edtica de privacidade - Checkpoint Systems Portugal","og_url":"https:\/\/checkpointsystems.com\/pt\/privacy-policy\/","og_site_name":"Checkpoint Systems Portugal","article_modified_time":"2025-08-25T11:20:57+00:00","twitter_card":"summary_large_image","twitter_misc":{"Tempo estimado de leitura":"7 minutos"},"schema":{"@context":"https:\/\/schema.org","@graph":[{"@type":"WebPage","@id":"https:\/\/checkpointsystems.com\/pt\/privacy-policy\/","url":"https:\/\/checkpointsystems.com\/pt\/privacy-policy\/","name":"Pol\u00edtica de privacidade - Checkpoint Systems Portugal","isPartOf":{"@id":"https:\/\/checkpointsystems.com\/pt\/#website"},"datePublished":"2022-01-19T11:40:23+00:00","dateModified":"2025-08-25T11:20:57+00:00","breadcrumb":{"@id":"https:\/\/checkpointsystems.com\/pt\/privacy-policy\/#breadcrumb"},"inLanguage":"pt-PT","potentialAction":[{"@type":"ReadAction","target":["https:\/\/checkpointsystems.com\/pt\/privacy-policy\/"]}]},{"@type":"BreadcrumbList","@id":"https:\/\/checkpointsystems.com\/pt\/privacy-policy\/#breadcrumb","itemListElement":[{"@type":"ListItem","position":1,"name":"Home","item":"https:\/\/checkpointsystems.com\/pt\/"},{"@type":"ListItem","position":2,"name":"Pol\u00edtica de privacidade"}]},{"@type":"WebSite","@id":"https:\/\/checkpointsystems.com\/pt\/#website","url":"https:\/\/checkpointsystems.com\/pt\/","name":"Checkpoint Systems Portugal","description":"Tecnologia de varejo | Fabricante de etiquetas de seguran\u00e7a","potentialAction":[{"@type":"SearchAction","target":{"@type":"EntryPoint","urlTemplate":"https:\/\/checkpointsystems.com\/pt\/?s={search_term_string}"},"query-input":{"@type":"PropertyValueSpecification","valueRequired":true,"valueName":"search_term_string"}}],"inLanguage":"pt-PT"}]}},"_links":{"self":[{"href":"https:\/\/checkpointsystems.com\/pt\/wp-json\/wp\/v2\/pages\/3","targetHints":{"allow":["GET"]}}],"collection":[{"href":"https:\/\/checkpointsystems.com\/pt\/wp-json\/wp\/v2\/pages"}],"about":[{"href":"https:\/\/checkpointsystems.com\/pt\/wp-json\/wp\/v2\/types\/page"}],"author":[{"embeddable":true,"href":"https:\/\/checkpointsystems.com\/pt\/wp-json\/wp\/v2\/users\/52"}],"replies":[{"embeddable":true,"href":"https:\/\/checkpointsystems.com\/pt\/wp-json\/wp\/v2\/comments?post=3"}],"version-history":[{"count":0,"href":"https:\/\/checkpointsystems.com\/pt\/wp-json\/wp\/v2\/pages\/3\/revisions"}],"wp:attachment":[{"href":"https:\/\/checkpointsystems.com\/pt\/wp-json\/wp\/v2\/media?parent=3"}],"wp:term":[{"taxonomy":"category","embeddable":true,"href":"https:\/\/checkpointsystems.com\/pt\/wp-json\/wp\/v2\/categories?post=3"},{"taxonomy":"post_tag","embeddable":true,"href":"https:\/\/checkpointsystems.com\/pt\/wp-json\/wp\/v2\/tags?post=3"}],"curies":[{"name":"wp","href":"https:\/\/api.w.org\/{rel}","templated":true}]}}