{"id":2784,"date":"2022-07-16T22:06:56","date_gmt":"2022-07-16T21:06:56","guid":{"rendered":"https:\/\/checkpointsstg.wpengine.com\/pt\/?page_id=2784"},"modified":"2022-07-16T22:08:03","modified_gmt":"2022-07-16T21:08:03","slug":"politica-de-cookies","status":"publish","type":"page","link":"https:\/\/checkpointsystems.com\/pt\/politica-de-cookies\/","title":{"rendered":"Pol\u00edtica de Cookies"},"content":{"rendered":"<p><div class=\"fusion-fullwidth fullwidth-box fusion-builder-row-1 fusion-flex-container nonhundred-percent-fullwidth non-hundred-percent-height-scrolling\" style=\"--awb-border-radius-top-left:0px;--awb-border-radius-top-right:0px;--awb-border-radius-bottom-right:0px;--awb-border-radius-bottom-left:0px;--awb-padding-left:0px;--awb-min-height:350px;--awb-flex-wrap:wrap;\" ><div class=\"fusion-builder-row fusion-row fusion-flex-align-items-flex-start fusion-flex-content-wrap\" style=\"max-width:calc( 1200px + 0px );margin-left: calc(-0px \/ 2 );margin-right: calc(-0px \/ 2 );\"><div class=\"fusion-layout-column fusion_builder_column fusion-builder-column-0 fusion_builder_column_1_1 1_1 fusion-flex-column fusion-flex-align-self-flex-end\" style=\"--awb-padding-bottom:40px;--awb-bg-size:cover;--awb-width-large:100%;--awb-margin-top-large:0px;--awb-spacing-right-large:0px;--awb-margin-bottom-large:0px;--awb-spacing-left-large:0px;--awb-width-medium:100%;--awb-order-medium:0;--awb-spacing-right-medium:0px;--awb-spacing-left-medium:0px;--awb-width-small:100%;--awb-order-small:0;--awb-spacing-right-small:0px;--awb-spacing-left-small:0px;\"><div class=\"fusion-column-wrapper fusion-column-has-shadow fusion-flex-justify-content-flex-start fusion-content-layout-column\"><div class=\"fusion-title title fusion-title-1 fusion-sep-none fusion-title-text fusion-title-size-one\" style=\"--awb-text-color:var(--awb-color1);--awb-margin-top-small:0px;--awb-margin-bottom-small:20px;--awb-font-size:40px;\"><h1 class=\"fusion-title-heading title-heading-left fusion-responsive-typography-calculated\" style=\"font-family:&quot;Noto Sans&quot;;font-style:normal;font-weight:400;margin:0;font-size:1em;--fontSize:40;line-height:2.05;\">Pol\u00edtica de Cookies<\/h1><\/div><nav class=\"fusion-breadcrumbs awb-yoast-breadcrumbs fusion-breadcrumbs-1\" style=\"--awb-font-size:10;--awb-text-hover-color:var(--awb-color4);--awb-text-color:var(--awb-color3);--awb-breadcrumb-sep:&#039;\/&#039;;\" aria-label=\"Breadcrumb\"><span><span><a href=\"https:\/\/checkpointsystems.com\/pt\/\">Home<\/a><\/span><\/span><\/nav><\/div><\/div><\/div><\/div><div class=\"fusion-fullwidth fullwidth-box fusion-builder-row-2 fusion-flex-container nonhundred-percent-fullwidth non-hundred-percent-height-scrolling\" style=\"--awb-border-radius-top-left:0px;--awb-border-radius-top-right:0px;--awb-border-radius-bottom-right:0px;--awb-border-radius-bottom-left:0px;--awb-margin-top:80px;--awb-margin-bottom:80px;--awb-flex-wrap:wrap;\" ><div class=\"fusion-builder-row fusion-row fusion-flex-align-items-flex-start fusion-flex-content-wrap\" style=\"max-width:calc( 1200px + 0px );margin-left: calc(-0px \/ 2 );margin-right: calc(-0px \/ 2 );\"><div class=\"fusion-layout-column fusion_builder_column fusion-builder-column-1 fusion_builder_column_1_1 1_1 fusion-flex-column\" style=\"--awb-bg-size:cover;--awb-width-large:100%;--awb-margin-top-large:0px;--awb-spacing-right-large:0px;--awb-margin-bottom-large:0px;--awb-spacing-left-large:0px;--awb-width-medium:100%;--awb-order-medium:0;--awb-spacing-right-medium:0px;--awb-spacing-left-medium:0px;--awb-width-small:100%;--awb-order-small:0;--awb-spacing-right-small:0px;--awb-spacing-left-small:0px;\"><div class=\"fusion-column-wrapper fusion-column-has-shadow fusion-flex-justify-content-flex-start fusion-content-layout-column\"><div class=\"fusion-text fusion-text-1\"><p>O que s\u00e3o cookies?<br \/>\nEste website utiliza cookies. Um cookie \u00e9 um ficheiro que \u00e9 transferido e instalado no browser do seu computador. Entre outras coisas, os cookies permitem que o website armazene e extraia informa\u00e7\u00f5es sobre os h\u00e1bitos de navega\u00e7\u00e3o de um utilizador ou do seu computador. Consoante a informa\u00e7\u00e3o que contenham e o modo como o computador \u00e9 utilizado, os cookies podem tamb\u00e9m ser utilizados para reconhecer o utilizador.<br \/>\nQue tipo de cookies este website utiliza?<br \/>\nDe acordo com a entidade que gere o computador ou dom\u00ednio atrav\u00e9s dos quais os cookies s\u00e3o enviados, e que processa os dados obtidos, podemos fazer a distin\u00e7\u00e3o entre os seguintes tipos de cookies:<br \/>\n\u2022\tCookies pr\u00f3prios: Estes s\u00e3o enviados para o sistema inform\u00e1tico do utilizador a partir de um computador ou dom\u00ednio gerido pelo operador a partir do qual o servi\u00e7o solicitado pelo utilizador \u00e9 fornecido.<\/p>\n<p>\u2022\tCookies de terceiros: Estes s\u00e3o enviados para o sistema inform\u00e1tico do utilizador a partir de um computador ou dom\u00ednio n\u00e3o gerido por esse operador, mas por outra empresa que processa os dados obtidos atrav\u00e9s dos cookies. <\/p>\n<p>Tipos de cookies com base no tempo que permanecem ativos no computador:<br \/>\n\u2022\tCookies de sess\u00e3o: Estes s\u00e3o concebidos para recolher e armazenar dados enquanto o utilizador acede a uma p\u00e1gina web.<\/p>\n<p>\u2022\tCookies persistentes: Estes cookies permitem que os dados permane\u00e7am armazenados no sistema inform\u00e1tico e possam ser acedidos e processados durante um per\u00edodo definido pela pessoa respons\u00e1vel pelo cookie, o qual pode variar entre alguns minutos a v\u00e1rios anos.<\/p>\n<p>Tipos de cookies com base na sua finalidade:<br \/>\n\u2022\tCookies funcionais: Estes s\u00e3o necess\u00e1rios para que a p\u00e1gina web funcione corretamente e s\u00e3o essenciais para permitir ao utilizador aceder aos servi\u00e7os e conte\u00fados solicitados e interagir com as suas fun\u00e7\u00f5es. A sua desativa\u00e7\u00e3o poder\u00e1 impedir que a p\u00e1gina web funcione corretamente.<\/p>\n<p>\u2022\tCookies de an\u00e1lise: Estes tornam poss\u00edvel monitorizar e analisar o comportamento do utilizador no website a que est\u00e3o ligados. Os dados recolhidos s\u00e3o utilizados para medir audi\u00eancias, tr\u00e1fego e envolvimento com o website. Al\u00e9m disso, tornam poss\u00edvel determinar qual o browser que est\u00e1 a ser utilizado e a l\u00edngua escolhida, entre outras coisas.<\/p>\n<p>\u2022\tCookies de publicidade: Estes permitem-nos gerir o mais eficientemente poss\u00edvel os espa\u00e7os publicit\u00e1rios que o editor incluiu no website, aplica\u00e7\u00e3o ou plataforma a partir da qual o servi\u00e7o solicitado \u00e9 fornecido, com base em crit\u00e9rios como o conte\u00fado editado ou a frequ\u00eancia com que os an\u00fancios s\u00e3o exibidos.<br \/>\nOs seguintes cookies s\u00e3o utilizados no nosso website:<br \/>\nORIGEM\tNOME T\u00c9CNICO\tINFORMA\u00c7\u00c3O<br \/>\nGOOGLE ANALYTICS<br \/>\n(Anal\u00edtico)\t<\/p>\n<p>_ga<br \/>\n\tEste cookie \u00e9 tipicamente adicionado ao browser aquando da primeira visita aos Websites. Se o cookie tiver sido eliminado pelo operador do browser, e posteriormente o browser visitar o nosso Website, um novo cookie _ga ser\u00e1 adicionado com um ID \u00fanico diferente. Na maioria dos casos, este cookie \u00e9 utilizado para compreender se um visitante \u00e9 um visitante ocasional ou um visitante regular do Website e \u00e9 atualizado a cada visualiza\u00e7\u00e3o de p\u00e1gina. Al\u00e9m disso, este cookie \u00e9 fornecido com um ID \u00fanico que o Google Analytics utiliza para assegurar tanto a validade como a acessibilidade do cookie como uma medida de seguran\u00e7a extra.<br \/>\nPara mais informa\u00e7\u00f5es:<br \/>\nhttps:\/\/support.google.com\/analytics\/answer\/6004245<br \/>\nFerramenta de desativa\u00e7\u00e3o: https:\/\/tools.google.com\/dlpage\/gaoptout?hl=None<\/p>\n<p>GOOGLE ANALYTICS<br \/>\n(Anal\u00edtico)<br \/>\n_gid\tEste cookie permite-nos compreender como os visitantes utilizam o website e ajuda a criar um relat\u00f3rio anal\u00edtico sobre a popularidade do website. Os dados recolhidos incluem o n\u00famero de visitantes, a fonte (por exemplo, uma pesquisa atrav\u00e9s do Google ou outro website) e (anonimamente) as p\u00e1ginas visitadas no website. Este cookie armazena um identificador \u00fanico de sess\u00e3o do utilizador. Mais informa\u00e7\u00f5es: https:\/\/support.google.com\/analytics\/answer\/6004245<br \/>\nFerramenta de desativa\u00e7\u00e3o: https:\/\/tools.google.com\/dlpage\/gaoptout?hl=None<\/p>\n<p>GOOGLE ANALYTICS<br \/>\n(Desempenho)\t<\/p>\n<p>_gat\tEste cookie est\u00e1 associado ao Google Universal Analytics e, de acordo com a documenta\u00e7\u00e3o do Google, \u00e9 utilizado para acelerar a taxa de pedidos - limitando a recolha de dados em s\u00edtios de elevado tr\u00e1fego. Expira ao fim de 10 minutos. Mais informa\u00e7\u00f5es: https:\/\/support.google.com\/analytics\/answer\/6004245<br \/>\nFerramenta de desativa\u00e7\u00e3o: https:\/\/tools.google.com\/dlpage\/gaoptout?hl=None<\/p>\n<p>WORDPRESS<br \/>\n  (Funcional)<br \/>\nLang<br \/>\n\tEste cookie \u00e9 utilizado para armazenar as prefer\u00eancias lingu\u00edsticas dos visitantes. <\/p>\n<p>LINKEDIN<br \/>\n(Publicidade)<br \/>\nBcookie\tEste cookie \u00e9 utilizado pelo LinkedIn para identificar o ID do browser. \u00c9 definido a partir de bot\u00f5es de partilha e etiquetas de an\u00fancios do LinkedIn. Mais informa\u00e7\u00f5es:<br \/>\nhttps:\/\/www.linkedin.com\/legal\/privacy-policy<\/p>\n<p>LINKEDIN<br \/>\n(Anal\u00edtico)\tLissc\tEste cookie \u00e9 utilizado para assegurar que existe um atributo SameSite correto para todos os cookies nesse browser. Mais informa\u00e7\u00f5es:<br \/>\nhttps:\/\/www.linkedin.com\/legal\/privacy-policy <\/p>\n<p>LINKEDIN<br \/>\n(Funcional)\tLidc\tEste cookie \u00e9 utilizado para otimizar a sele\u00e7\u00e3o do centro de dados. Mais informa\u00e7\u00f5es:<br \/>\nhttps:\/\/www.linkedin.com\/legal\/privacy-policy<\/p>\n<p>LINKEDIN<br \/>\n(Publicidade)<br \/>\nUserMatchHistory\tEste cookie \u00e9 um cookie de identifica\u00e7\u00e3o do browser definido por Bot\u00f5es de partilha e etiquetas de an\u00fancios do LinkedIn. Este cookie \u00e9 utilizado pelo LinkedIn Ads para ajudar a Checkpoint a medir o desempenho da publicidade. Mais informa\u00e7\u00f5es:<br \/>\nhttps:\/\/www.linkedin.com\/legal\/privacy-policy<\/p>\n<p>VIMEO<br \/>\n(Anal\u00edtico)<br \/>\nVuid\tEste cookie \u00e9 utilizado pela Vimeo para recolher informa\u00e7\u00e3o de rastreio e armazenar o hist\u00f3rico de utiliza\u00e7\u00e3o do utilizador.<br \/>\nDefine uma identifica\u00e7\u00e3o \u00fanica para incorporar v\u00eddeos no website. Mais informa\u00e7\u00f5es:<br \/>\nhttps:\/\/vimeo.com\/cookie_policy<\/p>\n<p>Informamos ainda que pode, em qualquer altura, ajustar facilmente as defini\u00e7\u00f5es do seu browser, bloquear ou remover cookies instalados. No entanto, ao desativar os cookies poder\u00e1 alterar a forma como o website funciona e tornar certos servi\u00e7os indispon\u00edveis.<br \/>\nCada browser tem configura\u00e7\u00f5es diferentes para desativar os cookies. Encontrar\u00e1 infra os passos a seguir para desativar ou remover os cookies dos principais browsers:<br \/>\n\u2022 Chrome: http:\/\/support.google.com\/chrome\/bin\/answer.py?hl=es&answer=95647<br \/>\n\u2022 Explorer: http:\/\/windows.microsoft.com\/es-es\/windows7\/how-to-manage-Cookies-in-internet-explorer-9<br \/>\n\u2022 Firefox: http:\/\/support.mozilla.org\/es\/kb\/habilitar-y-deshabilitar-Cookies-que-los-sitios-we<br \/>\n\u2022 Safari: http:\/\/support.apple.com\/kb\/ph5042<\/p>\n<p>A presente Pol\u00edtica de Cookies pode ser modificada de acordo com as altera\u00e7\u00f5es legislativas ou de modo a adapt\u00e1-la \u00e0s orienta\u00e7\u00f5es emitidas pelos organismos competentes em mat\u00e9ria de prote\u00e7\u00e3o de dados (por exemplo, a Comiss\u00e3o Nacional de Prote\u00e7\u00e3o de Dados). Pelo exposto, recomenda-se aos utilizadores que consultem a presente Pol\u00edtica de Cookies periodicamente.<br \/>\nCaso pretenda modificar o seu consentimento, poder\u00e1 faz\u00ea-lo atrav\u00e9s da seguinte hiperliga\u00e7\u00e3o Painel de defini\u00e7\u00e3o de Cookies.<\/p>\n<\/div><\/div><\/div><\/div><\/div><\/p>\n","protected":false},"excerpt":{"rendered":"","protected":false},"author":4,"featured_media":0,"parent":0,"menu_order":80,"comment_status":"closed","ping_status":"closed","template":"","meta":{"footnotes":""},"categories":[],"tags":[],"class_list":["post-2784","page","type-page","status-publish","hentry"],"yoast_head":"<!-- This site is optimized with the Yoast SEO plugin v27.5 - https:\/\/yoast.com\/product\/yoast-seo-wordpress\/ -->\n<title>Pol\u00edtica de Cookies - Checkpoint Systems Portugal<\/title>\n<meta name=\"robots\" content=\"index, follow, max-snippet:-1, max-image-preview:large, max-video-preview:-1\" \/>\n<link rel=\"canonical\" href=\"https:\/\/checkpointsystems.com\/pt\/politica-de-cookies\/\" \/>\n<meta property=\"og:locale\" content=\"pt_PT\" \/>\n<meta property=\"og:type\" content=\"article\" \/>\n<meta property=\"og:title\" content=\"Pol\u00edtica de Cookies - Checkpoint Systems Portugal\" \/>\n<meta property=\"og:url\" content=\"https:\/\/checkpointsystems.com\/pt\/politica-de-cookies\/\" \/>\n<meta property=\"og:site_name\" content=\"Checkpoint Systems Portugal\" \/>\n<meta property=\"article:modified_time\" content=\"2022-07-16T21:08:03+00:00\" \/>\n<meta name=\"twitter:card\" content=\"summary_large_image\" \/>\n<meta name=\"twitter:label1\" content=\"Tempo estimado de leitura\" \/>\n\t<meta name=\"twitter:data1\" content=\"5 minutos\" \/>\n<script type=\"application\/ld+json\" class=\"yoast-schema-graph\">{\"@context\":\"https:\\\/\\\/schema.org\",\"@graph\":[{\"@type\":\"WebPage\",\"@id\":\"https:\\\/\\\/checkpointsystems.com\\\/pt\\\/politica-de-cookies\\\/\",\"url\":\"https:\\\/\\\/checkpointsystems.com\\\/pt\\\/politica-de-cookies\\\/\",\"name\":\"Pol\u00edtica de Cookies - Checkpoint Systems Portugal\",\"isPartOf\":{\"@id\":\"https:\\\/\\\/checkpointsystems.com\\\/pt\\\/#website\"},\"datePublished\":\"2022-07-16T21:06:56+00:00\",\"dateModified\":\"2022-07-16T21:08:03+00:00\",\"breadcrumb\":{\"@id\":\"https:\\\/\\\/checkpointsystems.com\\\/pt\\\/politica-de-cookies\\\/#breadcrumb\"},\"inLanguage\":\"pt-PT\",\"potentialAction\":[{\"@type\":\"ReadAction\",\"target\":[\"https:\\\/\\\/checkpointsystems.com\\\/pt\\\/politica-de-cookies\\\/\"]}]},{\"@type\":\"BreadcrumbList\",\"@id\":\"https:\\\/\\\/checkpointsystems.com\\\/pt\\\/politica-de-cookies\\\/#breadcrumb\",\"itemListElement\":[{\"@type\":\"ListItem\",\"position\":1,\"name\":\"Home\",\"item\":\"https:\\\/\\\/checkpointsystems.com\\\/pt\\\/\"},{\"@type\":\"ListItem\",\"position\":2,\"name\":\"Pol\u00edtica de Cookies\"}]},{\"@type\":\"WebSite\",\"@id\":\"https:\\\/\\\/checkpointsystems.com\\\/pt\\\/#website\",\"url\":\"https:\\\/\\\/checkpointsystems.com\\\/pt\\\/\",\"name\":\"Checkpoint Systems Portugal\",\"description\":\"Tecnologia de varejo | Fabricante de etiquetas de seguran\u00e7a\",\"potentialAction\":[{\"@type\":\"SearchAction\",\"target\":{\"@type\":\"EntryPoint\",\"urlTemplate\":\"https:\\\/\\\/checkpointsystems.com\\\/pt\\\/?s={search_term_string}\"},\"query-input\":{\"@type\":\"PropertyValueSpecification\",\"valueRequired\":true,\"valueName\":\"search_term_string\"}}],\"inLanguage\":\"pt-PT\"}]}<\/script>\n<!-- \/ Yoast SEO plugin. -->","yoast_head_json":{"title":"Pol\u00edtica de Cookies - Checkpoint Systems Portugal","robots":{"index":"index","follow":"follow","max-snippet":"max-snippet:-1","max-image-preview":"max-image-preview:large","max-video-preview":"max-video-preview:-1"},"canonical":"https:\/\/checkpointsystems.com\/pt\/politica-de-cookies\/","og_locale":"pt_PT","og_type":"article","og_title":"Pol\u00edtica de Cookies - Checkpoint Systems Portugal","og_url":"https:\/\/checkpointsystems.com\/pt\/politica-de-cookies\/","og_site_name":"Checkpoint Systems Portugal","article_modified_time":"2022-07-16T21:08:03+00:00","twitter_card":"summary_large_image","twitter_misc":{"Tempo estimado de leitura":"5 minutos"},"schema":{"@context":"https:\/\/schema.org","@graph":[{"@type":"WebPage","@id":"https:\/\/checkpointsystems.com\/pt\/politica-de-cookies\/","url":"https:\/\/checkpointsystems.com\/pt\/politica-de-cookies\/","name":"Pol\u00edtica de Cookies - Checkpoint Systems Portugal","isPartOf":{"@id":"https:\/\/checkpointsystems.com\/pt\/#website"},"datePublished":"2022-07-16T21:06:56+00:00","dateModified":"2022-07-16T21:08:03+00:00","breadcrumb":{"@id":"https:\/\/checkpointsystems.com\/pt\/politica-de-cookies\/#breadcrumb"},"inLanguage":"pt-PT","potentialAction":[{"@type":"ReadAction","target":["https:\/\/checkpointsystems.com\/pt\/politica-de-cookies\/"]}]},{"@type":"BreadcrumbList","@id":"https:\/\/checkpointsystems.com\/pt\/politica-de-cookies\/#breadcrumb","itemListElement":[{"@type":"ListItem","position":1,"name":"Home","item":"https:\/\/checkpointsystems.com\/pt\/"},{"@type":"ListItem","position":2,"name":"Pol\u00edtica de Cookies"}]},{"@type":"WebSite","@id":"https:\/\/checkpointsystems.com\/pt\/#website","url":"https:\/\/checkpointsystems.com\/pt\/","name":"Checkpoint Systems Portugal","description":"Tecnologia de varejo | Fabricante de etiquetas de seguran\u00e7a","potentialAction":[{"@type":"SearchAction","target":{"@type":"EntryPoint","urlTemplate":"https:\/\/checkpointsystems.com\/pt\/?s={search_term_string}"},"query-input":{"@type":"PropertyValueSpecification","valueRequired":true,"valueName":"search_term_string"}}],"inLanguage":"pt-PT"}]}},"_links":{"self":[{"href":"https:\/\/checkpointsystems.com\/pt\/wp-json\/wp\/v2\/pages\/2784","targetHints":{"allow":["GET"]}}],"collection":[{"href":"https:\/\/checkpointsystems.com\/pt\/wp-json\/wp\/v2\/pages"}],"about":[{"href":"https:\/\/checkpointsystems.com\/pt\/wp-json\/wp\/v2\/types\/page"}],"author":[{"embeddable":true,"href":"https:\/\/checkpointsystems.com\/pt\/wp-json\/wp\/v2\/users\/4"}],"replies":[{"embeddable":true,"href":"https:\/\/checkpointsystems.com\/pt\/wp-json\/wp\/v2\/comments?post=2784"}],"version-history":[{"count":0,"href":"https:\/\/checkpointsystems.com\/pt\/wp-json\/wp\/v2\/pages\/2784\/revisions"}],"wp:attachment":[{"href":"https:\/\/checkpointsystems.com\/pt\/wp-json\/wp\/v2\/media?parent=2784"}],"wp:term":[{"taxonomy":"category","embeddable":true,"href":"https:\/\/checkpointsystems.com\/pt\/wp-json\/wp\/v2\/categories?post=2784"},{"taxonomy":"post_tag","embeddable":true,"href":"https:\/\/checkpointsystems.com\/pt\/wp-json\/wp\/v2\/tags?post=2784"}],"curies":[{"name":"wp","href":"https:\/\/api.w.org\/{rel}","templated":true}]}}