{"id":8050,"date":"2024-09-25T10:48:31","date_gmt":"2024-09-25T08:48:31","guid":{"rendered":"https:\/\/checkpointsystems.com\/pl\/?page_id=8050"},"modified":"2025-04-14T18:41:48","modified_gmt":"2025-04-14T16:41:48","slug":"wyszukiwarka-inlay-rfid","status":"publish","type":"page","link":"https:\/\/checkpointsystems.com\/pl\/rozwiazania-rfid\/wyszukiwarka-inlay-rfid\/","title":{"rendered":"Wyszukiwarka Inlay RFID"},"content":{"rendered":"<p><div class=\"fusion-fullwidth fullwidth-box fusion-builder-row-1 fusion-flex-container has-pattern-background has-mask-background fusion-parallax-none nonhundred-percent-fullwidth non-hundred-percent-height-scrolling lazyload\" style=\"--awb-border-radius-top-left:0px;--awb-border-radius-top-right:0px;--awb-border-radius-bottom-right:0px;--awb-border-radius-bottom-left:0px;--awb-padding-bottom:40px;--awb-min-height:400px;--awb-background-color:var(--awb-color1);--awb-background-size:cover;--awb-flex-wrap:wrap;\" data-bg=\"https:\/\/checkpointsystems.com\/wp-content\/uploads\/RFID-Finder-scaled.jpg\" ><div class=\"awb-background-slider\" data-type=\"container\" data-loop=\"yes\" data-animation=\"fade\" data-slideshow-speed=\"5000\" data-animation-speed=\"800\" data-direction=\"up\" style=\"--awb-image-position:50% 50%;\"><div class=\"swiper-wrapper\"><div class=\"swiper-slide\"><\/div><\/div><\/div><div class=\"fusion-builder-row fusion-row fusion-flex-align-items-flex-start fusion-flex-align-content-flex-end fusion-flex-content-wrap\" style=\"max-width:calc( 1200px + 0px );margin-left: calc(-0px \/ 2 );margin-right: calc(-0px \/ 2 );\"><div class=\"fusion-layout-column fusion_builder_column fusion-builder-column-0 fusion_builder_column_1_1 1_1 fusion-flex-column\" style=\"--awb-bg-size:cover;--awb-width-large:100%;--awb-margin-top-large:0px;--awb-spacing-right-large:0px;--awb-margin-bottom-large:0px;--awb-spacing-left-large:0px;--awb-width-medium:100%;--awb-order-medium:0;--awb-spacing-right-medium:0px;--awb-spacing-left-medium:0px;--awb-width-small:100%;--awb-order-small:0;--awb-spacing-right-small:0px;--awb-spacing-left-small:0px;\"><div class=\"fusion-column-wrapper fusion-column-has-shadow fusion-flex-justify-content-flex-start fusion-content-layout-column\"><div class=\"fusion-title title fusion-title-1 fusion-sep-none fusion-title-text fusion-title-size-one\" style=\"--awb-text-color:var(--awb-color1);--awb-margin-top-small:0px;--awb-margin-bottom-small:20px;--awb-font-size:35px;\"><h1 class=\"fusion-title-heading title-heading-left fusion-responsive-typography-calculated\" style=\"font-family:&quot;JANO SANS PRO LIGHT&quot;;font-style:normal;font-weight:400;margin:0;font-size:1em;--fontSize:35;line-height:2.34;\"><strong>Wyszukiwarka Inlay RFID<\/strong><\/h1><\/div><nav class=\"fusion-breadcrumbs awb-yoast-breadcrumbs fusion-breadcrumbs-1\" style=\"--awb-text-color:var(--awb-color1);--awb-breadcrumb-sep:&#039;\/&#039;;\" aria-label=\"Breadcrumb\"><span><span><a href=\"https:\/\/checkpointsystems.com\/pl\/\">Home<\/a><\/span><\/span><\/nav><\/div><\/div><\/div><\/div><div class=\"fusion-fullwidth fullwidth-box fusion-builder-row-2 fusion-flex-container has-pattern-background has-mask-background nonhundred-percent-fullwidth non-hundred-percent-height-scrolling\" style=\"--awb-border-radius-top-left:0px;--awb-border-radius-top-right:0px;--awb-border-radius-bottom-right:0px;--awb-border-radius-bottom-left:0px;--awb-padding-bottom:8%;--awb-flex-wrap:wrap;\" ><div class=\"fusion-builder-row fusion-row fusion-flex-align-items-flex-start fusion-flex-content-wrap\" style=\"max-width:calc( 1200px + 0px );margin-left: calc(-0px \/ 2 );margin-right: calc(-0px \/ 2 );\"><div class=\"fusion-layout-column fusion_builder_column fusion-builder-column-1 fusion_builder_column_1_1 1_1 fusion-flex-column\" style=\"--awb-bg-size:cover;--awb-width-large:100%;--awb-margin-top-large:0px;--awb-spacing-right-large:0px;--awb-margin-bottom-large:0px;--awb-spacing-left-large:0px;--awb-width-medium:100%;--awb-order-medium:0;--awb-spacing-right-medium:0px;--awb-spacing-left-medium:0px;--awb-width-small:100%;--awb-order-small:0;--awb-spacing-right-small:0px;--awb-spacing-left-small:0px;\"><div class=\"fusion-column-wrapper fusion-column-has-shadow fusion-flex-justify-content-flex-start fusion-content-layout-column\"><div class=\"fusion-title title fusion-title-2 fusion-sep-none fusion-title-text fusion-title-size-two\" style=\"--awb-margin-top:5%;--awb-margin-top-small:0px;--awb-margin-bottom-small:20px;\"><h2 class=\"fusion-title-heading title-heading-left fusion-responsive-typography-calculated\" style=\"margin:0;--fontSize:35;line-height:1.43;\"><strong>Znajd\u017a idealny inlay RFID dostosowany do potrzeb Twojej firmy<\/strong><\/h2><\/div><div class=\"fusion-text fusion-text-1 fusion-text-no-margin\" style=\"--awb-margin-bottom:5%;\"><p>Oferujemy ponad 20 wzor\u00f3w inlays i mo\u017cliwo\u015b\u0107 przekszta\u0142cania ich na wiele r\u00f3\u017cnych sposob\u00f3w. Posiadamy jeden z najszerszych asortyment\u00f3w tego typu rozwi\u0105za\u0144,\u00a0 obejmuj\u0105cy produkty idealne dla handlu detalicznego i wielu innych bran\u017c.<\/p>\n<\/div><iframe src=\"https:\/\/inlay.checkpointsystems.com\/\" frameborder=\"0\" style=\"height: 150vh;\"><\/iframe><\/div><\/div><\/div><\/div><\/p>\n","protected":false},"excerpt":{"rendered":"","protected":false},"author":5,"featured_media":8051,"parent":1592,"menu_order":0,"comment_status":"closed","ping_status":"closed","template":"100-width.php","meta":{"footnotes":""},"categories":[],"tags":[],"class_list":["post-8050","page","type-page","status-publish","has-post-thumbnail","hentry"],"yoast_head":"<!-- This site is optimized with the Yoast SEO plugin v27.3 - https:\/\/yoast.com\/product\/yoast-seo-wordpress\/ -->\n<title>Wyszukiwarka Inlay RFID | Checkpoint Systems<\/title>\n<meta name=\"description\" content=\"Znajd\u017a idealny inlay RFID za pomoc\u0105 prostej wyszukiwarki. Por\u00f3wnaj funkcje i w\u0142a\u015bciwo\u015bci. Odkryj produkty dopasowane do potrzeb Twojej firmy.\" \/>\n<meta name=\"robots\" content=\"index, follow, max-snippet:-1, max-image-preview:large, max-video-preview:-1\" \/>\n<link rel=\"canonical\" href=\"https:\/\/checkpointsystems.com\/pl\/rozwiazania-rfid\/wyszukiwarka-inlay-rfid\/\" \/>\n<meta property=\"og:locale\" content=\"en_US\" \/>\n<meta property=\"og:type\" content=\"article\" \/>\n<meta property=\"og:title\" content=\"Wyszukiwarka Inlay RFID | Checkpoint Systems\" \/>\n<meta property=\"og:description\" content=\"Znajd\u017a idealny inlay RFID za pomoc\u0105 prostej wyszukiwarki. Por\u00f3wnaj funkcje i w\u0142a\u015bciwo\u015bci. Odkryj produkty dopasowane do potrzeb Twojej firmy.\" \/>\n<meta property=\"og:url\" content=\"https:\/\/checkpointsystems.com\/pl\/rozwiazania-rfid\/wyszukiwarka-inlay-rfid\/\" \/>\n<meta property=\"og:site_name\" content=\"Checkpoint Systems - technologia dla bran\u017cy handlu detalicznego\" \/>\n<meta property=\"article:modified_time\" content=\"2025-04-14T16:41:48+00:00\" \/>\n<meta property=\"og:image\" content=\"https:\/\/checkpointsystems.com\/pl\/wp-content\/uploads\/sites\/22\/Featured-Image_Inlay_Finder.jpg\" \/>\n\t<meta property=\"og:image:width\" content=\"536\" \/>\n\t<meta property=\"og:image:height\" content=\"324\" \/>\n\t<meta property=\"og:image:type\" content=\"image\/jpeg\" \/>\n<meta name=\"twitter:card\" content=\"summary_large_image\" \/>\n<meta name=\"twitter:label1\" content=\"Est. reading time\" \/>\n\t<meta name=\"twitter:data1\" content=\"1 minute\" \/>\n<script type=\"application\/ld+json\" class=\"yoast-schema-graph\">{\"@context\":\"https:\\\/\\\/schema.org\",\"@graph\":[{\"@type\":\"WebPage\",\"@id\":\"https:\\\/\\\/checkpointsystems.com\\\/pl\\\/rozwiazania-rfid\\\/wyszukiwarka-inlay-rfid\\\/\",\"url\":\"https:\\\/\\\/checkpointsystems.com\\\/pl\\\/rozwiazania-rfid\\\/wyszukiwarka-inlay-rfid\\\/\",\"name\":\"Wyszukiwarka Inlay RFID | Checkpoint Systems\",\"isPartOf\":{\"@id\":\"https:\\\/\\\/checkpointsystems.com\\\/pl\\\/#website\"},\"primaryImageOfPage\":{\"@id\":\"https:\\\/\\\/checkpointsystems.com\\\/pl\\\/rozwiazania-rfid\\\/wyszukiwarka-inlay-rfid\\\/#primaryimage\"},\"image\":{\"@id\":\"https:\\\/\\\/checkpointsystems.com\\\/pl\\\/rozwiazania-rfid\\\/wyszukiwarka-inlay-rfid\\\/#primaryimage\"},\"thumbnailUrl\":\"https:\\\/\\\/checkpointsystems.com\\\/pl\\\/wp-content\\\/uploads\\\/sites\\\/22\\\/Featured-Image_Inlay_Finder.jpg\",\"datePublished\":\"2024-09-25T08:48:31+00:00\",\"dateModified\":\"2025-04-14T16:41:48+00:00\",\"description\":\"Znajd\u017a idealny inlay RFID za pomoc\u0105 prostej wyszukiwarki. Por\u00f3wnaj funkcje i w\u0142a\u015bciwo\u015bci. Odkryj produkty dopasowane do potrzeb Twojej firmy.\",\"breadcrumb\":{\"@id\":\"https:\\\/\\\/checkpointsystems.com\\\/pl\\\/rozwiazania-rfid\\\/wyszukiwarka-inlay-rfid\\\/#breadcrumb\"},\"inLanguage\":\"en-US\",\"potentialAction\":[{\"@type\":\"ReadAction\",\"target\":[\"https:\\\/\\\/checkpointsystems.com\\\/pl\\\/rozwiazania-rfid\\\/wyszukiwarka-inlay-rfid\\\/\"]}]},{\"@type\":\"ImageObject\",\"inLanguage\":\"en-US\",\"@id\":\"https:\\\/\\\/checkpointsystems.com\\\/pl\\\/rozwiazania-rfid\\\/wyszukiwarka-inlay-rfid\\\/#primaryimage\",\"url\":\"https:\\\/\\\/checkpointsystems.com\\\/pl\\\/wp-content\\\/uploads\\\/sites\\\/22\\\/Featured-Image_Inlay_Finder.jpg\",\"contentUrl\":\"https:\\\/\\\/checkpointsystems.com\\\/pl\\\/wp-content\\\/uploads\\\/sites\\\/22\\\/Featured-Image_Inlay_Finder.jpg\",\"width\":536,\"height\":324,\"caption\":\"wyszukiwarka inlay rfid\"},{\"@type\":\"BreadcrumbList\",\"@id\":\"https:\\\/\\\/checkpointsystems.com\\\/pl\\\/rozwiazania-rfid\\\/wyszukiwarka-inlay-rfid\\\/#breadcrumb\",\"itemListElement\":[{\"@type\":\"ListItem\",\"position\":1,\"name\":\"Home\",\"item\":\"https:\\\/\\\/checkpointsystems.com\\\/pl\\\/\"},{\"@type\":\"ListItem\",\"position\":2,\"name\":\"Rozwi\u0105zania RFID\",\"item\":\"https:\\\/\\\/checkpointsystems.com\\\/pl\\\/rozwiazania-rfid\\\/\"},{\"@type\":\"ListItem\",\"position\":3,\"name\":\"Wyszukiwarka Inlay RFID\"}]},{\"@type\":\"WebSite\",\"@id\":\"https:\\\/\\\/checkpointsystems.com\\\/pl\\\/#website\",\"url\":\"https:\\\/\\\/checkpointsystems.com\\\/pl\\\/\",\"name\":\"Checkpoint Systems - technologia dla bran\u017cy handlu detalicznego\",\"description\":\"Nowoczesna technologia dla bran\u017cy handlu detalicznego\",\"potentialAction\":[{\"@type\":\"SearchAction\",\"target\":{\"@type\":\"EntryPoint\",\"urlTemplate\":\"https:\\\/\\\/checkpointsystems.com\\\/pl\\\/?s={search_term_string}\"},\"query-input\":{\"@type\":\"PropertyValueSpecification\",\"valueRequired\":true,\"valueName\":\"search_term_string\"}}],\"inLanguage\":\"en-US\"}]}<\/script>\n<!-- \/ Yoast SEO plugin. -->","yoast_head_json":{"title":"Wyszukiwarka Inlay RFID | Checkpoint Systems","description":"Znajd\u017a idealny inlay RFID za pomoc\u0105 prostej wyszukiwarki. Por\u00f3wnaj funkcje i w\u0142a\u015bciwo\u015bci. Odkryj produkty dopasowane do potrzeb Twojej firmy.","robots":{"index":"index","follow":"follow","max-snippet":"max-snippet:-1","max-image-preview":"max-image-preview:large","max-video-preview":"max-video-preview:-1"},"canonical":"https:\/\/checkpointsystems.com\/pl\/rozwiazania-rfid\/wyszukiwarka-inlay-rfid\/","og_locale":"en_US","og_type":"article","og_title":"Wyszukiwarka Inlay RFID | Checkpoint Systems","og_description":"Znajd\u017a idealny inlay RFID za pomoc\u0105 prostej wyszukiwarki. Por\u00f3wnaj funkcje i w\u0142a\u015bciwo\u015bci. Odkryj produkty dopasowane do potrzeb Twojej firmy.","og_url":"https:\/\/checkpointsystems.com\/pl\/rozwiazania-rfid\/wyszukiwarka-inlay-rfid\/","og_site_name":"Checkpoint Systems - technologia dla bran\u017cy handlu detalicznego","article_modified_time":"2025-04-14T16:41:48+00:00","og_image":[{"width":536,"height":324,"url":"https:\/\/checkpointsystems.com\/pl\/wp-content\/uploads\/sites\/22\/Featured-Image_Inlay_Finder.jpg","type":"image\/jpeg"}],"twitter_card":"summary_large_image","twitter_misc":{"Est. reading time":"1 minute"},"schema":{"@context":"https:\/\/schema.org","@graph":[{"@type":"WebPage","@id":"https:\/\/checkpointsystems.com\/pl\/rozwiazania-rfid\/wyszukiwarka-inlay-rfid\/","url":"https:\/\/checkpointsystems.com\/pl\/rozwiazania-rfid\/wyszukiwarka-inlay-rfid\/","name":"Wyszukiwarka Inlay RFID | Checkpoint Systems","isPartOf":{"@id":"https:\/\/checkpointsystems.com\/pl\/#website"},"primaryImageOfPage":{"@id":"https:\/\/checkpointsystems.com\/pl\/rozwiazania-rfid\/wyszukiwarka-inlay-rfid\/#primaryimage"},"image":{"@id":"https:\/\/checkpointsystems.com\/pl\/rozwiazania-rfid\/wyszukiwarka-inlay-rfid\/#primaryimage"},"thumbnailUrl":"https:\/\/checkpointsystems.com\/pl\/wp-content\/uploads\/sites\/22\/Featured-Image_Inlay_Finder.jpg","datePublished":"2024-09-25T08:48:31+00:00","dateModified":"2025-04-14T16:41:48+00:00","description":"Znajd\u017a idealny inlay RFID za pomoc\u0105 prostej wyszukiwarki. Por\u00f3wnaj funkcje i w\u0142a\u015bciwo\u015bci. Odkryj produkty dopasowane do potrzeb Twojej firmy.","breadcrumb":{"@id":"https:\/\/checkpointsystems.com\/pl\/rozwiazania-rfid\/wyszukiwarka-inlay-rfid\/#breadcrumb"},"inLanguage":"en-US","potentialAction":[{"@type":"ReadAction","target":["https:\/\/checkpointsystems.com\/pl\/rozwiazania-rfid\/wyszukiwarka-inlay-rfid\/"]}]},{"@type":"ImageObject","inLanguage":"en-US","@id":"https:\/\/checkpointsystems.com\/pl\/rozwiazania-rfid\/wyszukiwarka-inlay-rfid\/#primaryimage","url":"https:\/\/checkpointsystems.com\/pl\/wp-content\/uploads\/sites\/22\/Featured-Image_Inlay_Finder.jpg","contentUrl":"https:\/\/checkpointsystems.com\/pl\/wp-content\/uploads\/sites\/22\/Featured-Image_Inlay_Finder.jpg","width":536,"height":324,"caption":"wyszukiwarka inlay rfid"},{"@type":"BreadcrumbList","@id":"https:\/\/checkpointsystems.com\/pl\/rozwiazania-rfid\/wyszukiwarka-inlay-rfid\/#breadcrumb","itemListElement":[{"@type":"ListItem","position":1,"name":"Home","item":"https:\/\/checkpointsystems.com\/pl\/"},{"@type":"ListItem","position":2,"name":"Rozwi\u0105zania RFID","item":"https:\/\/checkpointsystems.com\/pl\/rozwiazania-rfid\/"},{"@type":"ListItem","position":3,"name":"Wyszukiwarka Inlay RFID"}]},{"@type":"WebSite","@id":"https:\/\/checkpointsystems.com\/pl\/#website","url":"https:\/\/checkpointsystems.com\/pl\/","name":"Checkpoint Systems - technologia dla bran\u017cy handlu detalicznego","description":"Nowoczesna technologia dla bran\u017cy handlu detalicznego","potentialAction":[{"@type":"SearchAction","target":{"@type":"EntryPoint","urlTemplate":"https:\/\/checkpointsystems.com\/pl\/?s={search_term_string}"},"query-input":{"@type":"PropertyValueSpecification","valueRequired":true,"valueName":"search_term_string"}}],"inLanguage":"en-US"}]}},"_links":{"self":[{"href":"https:\/\/checkpointsystems.com\/pl\/wp-json\/wp\/v2\/pages\/8050","targetHints":{"allow":["GET"]}}],"collection":[{"href":"https:\/\/checkpointsystems.com\/pl\/wp-json\/wp\/v2\/pages"}],"about":[{"href":"https:\/\/checkpointsystems.com\/pl\/wp-json\/wp\/v2\/types\/page"}],"author":[{"embeddable":true,"href":"https:\/\/checkpointsystems.com\/pl\/wp-json\/wp\/v2\/users\/5"}],"replies":[{"embeddable":true,"href":"https:\/\/checkpointsystems.com\/pl\/wp-json\/wp\/v2\/comments?post=8050"}],"version-history":[{"count":0,"href":"https:\/\/checkpointsystems.com\/pl\/wp-json\/wp\/v2\/pages\/8050\/revisions"}],"up":[{"embeddable":true,"href":"https:\/\/checkpointsystems.com\/pl\/wp-json\/wp\/v2\/pages\/1592"}],"wp:featuredmedia":[{"embeddable":true,"href":"https:\/\/checkpointsystems.com\/pl\/wp-json\/wp\/v2\/media\/8051"}],"wp:attachment":[{"href":"https:\/\/checkpointsystems.com\/pl\/wp-json\/wp\/v2\/media?parent=8050"}],"wp:term":[{"taxonomy":"category","embeddable":true,"href":"https:\/\/checkpointsystems.com\/pl\/wp-json\/wp\/v2\/categories?post=8050"},{"taxonomy":"post_tag","embeddable":true,"href":"https:\/\/checkpointsystems.com\/pl\/wp-json\/wp\/v2\/tags?post=8050"}],"curies":[{"name":"wp","href":"https:\/\/api.w.org\/{rel}","templated":true}]}}