{"id":7496,"date":"2023-10-10T12:52:53","date_gmt":"2023-10-10T10:52:53","guid":{"rendered":"https:\/\/checkpointsystems.com\/pl\/?page_id=7496"},"modified":"2025-01-23T21:41:10","modified_gmt":"2025-01-23T20:41:10","slug":"inne-regiony-apac","status":"publish","type":"page","link":"https:\/\/checkpointsystems.com\/pl\/inne-regiony-apac\/","title":{"rendered":"Inne regiony APAC"},"content":{"rendered":"<p><div class=\"fusion-fullwidth fullwidth-box fusion-builder-row-1 fusion-flex-container fusion-parallax-none nonhundred-percent-fullwidth non-hundred-percent-height-scrolling lazyload\" style=\"--awb-background-position:center top;--awb-background-blend-mode:multiply;--awb-border-radius-top-left:0px;--awb-border-radius-top-right:0px;--awb-border-radius-bottom-right:0px;--awb-border-radius-bottom-left:0px;--awb-padding-bottom:40px;--awb-padding-right-small:2%;--awb-padding-left-small:2%;--awb-min-height:600px;--awb-background-color:rgba(44,57,71,0.49);--awb-background-size:cover;--awb-flex-wrap:wrap;\" data-bg=\"https:\/\/checkpointsystems.com\/wp-content\/uploads\/APAC_Offices_CKP-scaled.jpg\" ><div class=\"fusion-builder-row fusion-row fusion-flex-align-items-flex-start fusion-flex-align-content-flex-end fusion-flex-content-wrap\" style=\"max-width:calc( 1200px + 0px );margin-left: calc(-0px \/ 2 );margin-right: calc(-0px \/ 2 );\"><div class=\"fusion-layout-column fusion_builder_column fusion-builder-column-0 fusion_builder_column_1_1 1_1 fusion-flex-column\" style=\"--awb-bg-size:cover;--awb-width-large:100%;--awb-margin-top-large:0px;--awb-spacing-right-large:0px;--awb-margin-bottom-large:0px;--awb-spacing-left-large:0px;--awb-width-medium:100%;--awb-order-medium:0;--awb-spacing-right-medium:0px;--awb-spacing-left-medium:0px;--awb-width-small:100%;--awb-order-small:0;--awb-spacing-right-small:0px;--awb-spacing-left-small:0px;\"><div class=\"fusion-column-wrapper fusion-column-has-shadow fusion-flex-justify-content-flex-start fusion-content-layout-column\"><nav class=\"fusion-breadcrumbs awb-yoast-breadcrumbs fusion-breadcrumbs-1\" style=\"--awb-text-hover-color:var(--awb-color4);--awb-text-color:#ffffff;--awb-breadcrumb-sep:&#039;\/&#039;;\" aria-label=\"Breadcrumb\"><span><span><a href=\"https:\/\/checkpointsystems.com\/pl\/\">Home<\/a><\/span><\/span><\/nav><div class=\"fusion-title title fusion-title-1 fusion-sep-none fusion-title-text fusion-title-size-one\" style=\"--awb-text-color:#ffffff;--awb-margin-top-small:0px;--awb-margin-bottom-small:20px;--awb-font-size:45px;\"><h1 class=\"fusion-title-heading title-heading-left fusion-responsive-typography-calculated\" style=\"font-family:&quot;JANO SANS PRO LIGHT&quot;;font-style:normal;font-weight:400;margin:0;letter-spacing:1px;font-size:1em;--fontSize:45;line-height:1.82;\">Inne regiony APAC<\/h1><\/div><\/div><\/div><\/div><\/div><div class=\"fusion-fullwidth fullwidth-box fusion-builder-row-2 fusion-flex-container has-pattern-background has-mask-background nonhundred-percent-fullwidth non-hundred-percent-height-scrolling\" style=\"--awb-border-radius-top-left:0px;--awb-border-radius-top-right:0px;--awb-border-radius-bottom-right:0px;--awb-border-radius-bottom-left:0px;--awb-flex-wrap:wrap;\" ><div class=\"fusion-builder-row fusion-row fusion-flex-align-items-flex-start fusion-flex-content-wrap\" style=\"max-width:calc( 1200px + 0px );margin-left: calc(-0px \/ 2 );margin-right: calc(-0px \/ 2 );\"><div class=\"fusion-layout-column fusion_builder_column fusion-builder-column-1 fusion_builder_column_1_1 1_1 fusion-flex-column\" style=\"--awb-bg-size:cover;--awb-width-large:100%;--awb-margin-top-large:0px;--awb-spacing-right-large:0px;--awb-margin-bottom-large:0px;--awb-spacing-left-large:0px;--awb-width-medium:100%;--awb-order-medium:0;--awb-spacing-right-medium:0px;--awb-spacing-left-medium:0px;--awb-width-small:100%;--awb-order-small:0;--awb-spacing-right-small:0px;--awb-spacing-left-small:0px;\"><div class=\"fusion-column-wrapper fusion-column-has-shadow fusion-flex-justify-content-flex-start fusion-content-layout-column\"><div class=\"fusion-text fusion-text-1\" style=\"--awb-margin-top:60px;\"><p>Checkpoint Systems swoim zasi\u0119giem obejmuje g\u0142\u00f3wne kraje regionu, oferuj\u0105c zintegrowane produkty i rozwi\u0105zania, oparte na technologii RFID i RF, zgodnie z potrzebami naszych Klient\u00f3w.<\/p>\n<p>Nasze centrale w regionie APAC znajduj\u0105 si\u0119 w Szanghaju (Chiny) i Hongkongu, ale mamy tak\u017ce biura w wi\u0119kszo\u015bci regionu. Na poni\u017cszej mapie mo\u017cesz sprawdzi\u0107 inne kraje\/regiony APAC, w kt\u00f3rych mamy biura, poza\u00a0<a href=\"https:\/\/checkpointsystems.com\/au\/\">Australi\u0105\/Now\u0105 Zelandi\u0105<\/a>, <a href=\"https:\/\/checkpointsystems.com\/cn\/\">Chinami,<\/a>\u00a0<a href=\"https:\/\/checkpointsystems.com\/jp\/\">Japoni\u0105<\/a> i <a href=\"https:\/\/checkpointsystems.com\/kr\/\">Kore\u0105 Po\u0142udniow\u0105<\/a>:<\/p>\n<\/div><\/div><\/div><\/div><\/div><div class=\"fusion-fullwidth fullwidth-box fusion-builder-row-3 fusion-flex-container nonhundred-percent-fullwidth non-hundred-percent-height-scrolling\" style=\"--awb-border-radius-top-left:0px;--awb-border-radius-top-right:0px;--awb-border-radius-bottom-right:0px;--awb-border-radius-bottom-left:0px;--awb-min-height:100px;--awb-flex-wrap:wrap;\" ><div class=\"fusion-builder-row fusion-row fusion-flex-align-items-flex-start fusion-flex-content-wrap\" style=\"max-width:calc( 1200px + 0px );margin-left: calc(-0px \/ 2 );margin-right: calc(-0px \/ 2 );\"><div class=\"fusion-layout-column fusion_builder_column fusion-builder-column-2 fusion_builder_column_1_1 1_1 fusion-flex-column\" style=\"--awb-bg-size:cover;--awb-width-large:100%;--awb-margin-top-large:0px;--awb-spacing-right-large:0px;--awb-margin-bottom-large:0px;--awb-spacing-left-large:0px;--awb-width-medium:100%;--awb-order-medium:0;--awb-spacing-right-medium:0px;--awb-spacing-left-medium:0px;--awb-width-small:100%;--awb-order-small:0;--awb-spacing-right-small:0px;--awb-spacing-left-small:0px;\"><div class=\"fusion-column-wrapper fusion-column-has-shadow fusion-flex-justify-content-flex-start fusion-content-layout-column\"><div class=\"fusion-menu-anchor\" id=\"countries\"><\/div><div style='position: relative;width: auto;padding: 0 0 56.25%;height: 0;top: 0;left: 0;bottom: 0;right: 0;margin: 0;border: 0 none' id=\"experience-650c58caed287\" data-aspectRatio=\"1.77777778\"><iframe allowfullscreen src='https:\/\/view.ceros.com\/checkpoint-systems\/checkpoint-global-footprint-7-2' style='position: absolute;top: 0;left: 0;bottom: 0;right: 0;margin: 0;padding: 0;border: 0 none;height: 1px;width: 1px;min-height: 100%;min-width: 100%' frameborder='0' class='ceros-experience' title='Other APAC Region - Map' scrolling='no'><\/iframe><\/div><script type=\"text\/javascript\" src=\"https:\/\/view.ceros.com\/scroll-proxy.min.js\" data-ceros-origin-domains=\"view.ceros.com\"><\/script><\/div><\/div><\/div><\/div><div class=\"fusion-fullwidth fullwidth-box fusion-builder-row-4 fusion-flex-container nonhundred-percent-fullwidth non-hundred-percent-height-scrolling fusion-no-small-visibility\" style=\"--awb-border-radius-top-left:0px;--awb-border-radius-top-right:0px;--awb-border-radius-bottom-right:0px;--awb-border-radius-bottom-left:0px;--awb-padding-right:40px;--awb-padding-left:40px;--awb-margin-top:50px;--awb-margin-bottom:50px;--awb-flex-wrap:wrap;\" ><div class=\"fusion-builder-row fusion-row fusion-flex-align-items-flex-start fusion-flex-content-wrap\" style=\"max-width:calc( 1200px + 0px );margin-left: calc(-0px \/ 2 );margin-right: calc(-0px \/ 2 );\"><div class=\"fusion-layout-column fusion_builder_column fusion-builder-column-3 fusion_builder_column_1_1 1_1 fusion-flex-column\" style=\"--awb-bg-size:cover;--awb-width-large:100%;--awb-margin-top-large:0px;--awb-spacing-right-large:0px;--awb-margin-bottom-large:0px;--awb-spacing-left-large:0px;--awb-width-medium:100%;--awb-order-medium:0;--awb-spacing-right-medium:0px;--awb-spacing-left-medium:0px;--awb-width-small:100%;--awb-order-small:0;--awb-spacing-right-small:0px;--awb-spacing-left-small:0px;\"><div class=\"fusion-column-wrapper fusion-column-has-shadow fusion-flex-justify-content-flex-start fusion-content-layout-column\"><div class=\"fusion-text fusion-text-2\"><p>Nasze biura s\u0105 strategicznie zlokalizowane, aby zagwarantowa\u0107 sprawn\u0105 obs\u0142ug\u0119 naszych Klient\u00f3w i Partner\u00f3w w ka\u017cdym kraju\/regionie, w kt\u00f3rym dzia\u0142amy.<\/p>\n<p>Zapraszamy do kontaktu z najbli\u017cszym biurem:<\/p>\n<\/div><div style='position: relative;width: auto;padding: 0 0 70.31%;height: 0;top: 0;left: 0;bottom: 0;right: 0;margin: 0;border: 0 none' id=\"experience-650c4ecc9f194\" data-aspectRatio=\"1.42222222\"><iframe allowfullscreen src='https:\/\/view.ceros.com\/checkpoint-systems\/contact-details-tabs-1' style='position: absolute;top: 0;left: 0;bottom: 0;right: 0;margin: 0;padding: 0;border: 0 none;height: 1px;width: 1px;min-height: 100%;min-width: 100%' frameborder='0' class='ceros-experience' title='Other APAC Region - Contact' scrolling='no'><\/iframe><\/div><script type=\"text\/javascript\" src=\"https:\/\/view.ceros.com\/scroll-proxy.min.js\" data-ceros-origin-domains=\"view.ceros.com\"><\/script><div class=\"fusion-text fusion-text-3\"><p><strong>Masz pytania lub potrzebujesz wi\u0119cej informacji?<\/strong> Mo\u017cesz skontaktowa\u0107 si\u0119 z nami poprzez <a href=\"https:\/\/checkpointsystems.com\/pl\/kontakt\/\">formularz kontaktowy<\/a>. Jeste\u015bmy tutaj, aby Ci pom\u00f3c.<\/p>\n<p>Nasze zaanga\u017cowanie w \u015bwiadczenie us\u0142ug najwy\u017cszej jako\u015bci naszym Klientom znajduje odzwierciedlenie w naszej rozleg\u0142ej sieci biur w regionie APAC. Jeste\u015bmy po to, aby zaoferowa\u0107 Ci skuteczne i spersonalizowane rozwi\u0105zania, kt\u00f3re spe\u0142ni\u0105 Twoje potrzeby.<\/p>\n<\/div><\/div><\/div><\/div><\/div><div class=\"fusion-fullwidth fullwidth-box fusion-builder-row-5 fusion-flex-container nonhundred-percent-fullwidth non-hundred-percent-height-scrolling fusion-no-small-visibility\" style=\"--awb-border-radius-top-left:0px;--awb-border-radius-top-right:0px;--awb-border-radius-bottom-right:0px;--awb-border-radius-bottom-left:0px;--awb-min-height:100px;--awb-flex-wrap:wrap;\" ><div class=\"fusion-builder-row fusion-row fusion-flex-align-items-flex-start fusion-flex-content-wrap\" style=\"max-width:calc( 1200px + 0px );margin-left: calc(-0px \/ 2 );margin-right: calc(-0px \/ 2 );\"><div class=\"fusion-layout-column fusion_builder_column fusion-builder-column-4 fusion_builder_column_1_1 1_1 fusion-flex-column\" style=\"--awb-bg-size:cover;--awb-width-large:100%;--awb-margin-top-large:0px;--awb-spacing-right-large:0px;--awb-margin-bottom-large:0px;--awb-spacing-left-large:0px;--awb-width-medium:100%;--awb-order-medium:0;--awb-spacing-right-medium:0px;--awb-spacing-left-medium:0px;--awb-width-small:100%;--awb-order-small:0;--awb-spacing-right-small:0px;--awb-spacing-left-small:0px;\"><div class=\"fusion-column-wrapper fusion-column-has-shadow fusion-flex-justify-content-flex-start fusion-content-layout-column\"><\/div><\/div><\/div><\/div><\/p>\n","protected":false},"excerpt":{"rendered":"","protected":false},"author":26,"featured_media":7497,"parent":0,"menu_order":0,"comment_status":"closed","ping_status":"closed","template":"100-width.php","meta":{"footnotes":""},"categories":[],"tags":[],"class_list":["post-7496","page","type-page","status-publish","has-post-thumbnail","hentry"],"yoast_head":"<!-- This site is optimized with the Yoast SEO plugin v27.5 - https:\/\/yoast.com\/product\/yoast-seo-wordpress\/ -->\n<title>Inne regiony APAC | Checkpoint Systems<\/title>\n<meta name=\"description\" content=\"Dowiedz si\u0119, kt\u00f3re regiony APAC obs\u0142uguje Checkpoint Systems. Skontaktuj si\u0119 z nami, aby uzyska\u0107 informacje w zakresie technologii RFID i RF.\" \/>\n<meta name=\"robots\" content=\"index, follow, max-snippet:-1, max-image-preview:large, max-video-preview:-1\" \/>\n<link rel=\"canonical\" href=\"https:\/\/checkpointsystems.com\/pl\/inne-regiony-apac\/\" \/>\n<meta property=\"og:locale\" content=\"en_US\" \/>\n<meta property=\"og:type\" content=\"article\" \/>\n<meta property=\"og:title\" content=\"Inne regiony APAC | Checkpoint Systems\" \/>\n<meta property=\"og:description\" content=\"Dowiedz si\u0119, kt\u00f3re regiony APAC obs\u0142uguje Checkpoint Systems. Skontaktuj si\u0119 z nami, aby uzyska\u0107 informacje w zakresie technologii RFID i RF.\" \/>\n<meta property=\"og:url\" content=\"https:\/\/checkpointsystems.com\/pl\/inne-regiony-apac\/\" \/>\n<meta property=\"og:site_name\" content=\"Checkpoint Systems - technologia dla bran\u017cy handlu detalicznego\" \/>\n<meta property=\"article:modified_time\" content=\"2025-01-23T20:41:10+00:00\" \/>\n<meta property=\"og:image\" content=\"https:\/\/checkpointsystems.com\/pl\/wp-content\/uploads\/sites\/22\/APAC_Offices_CKP-scaled.jpg\" \/>\n\t<meta property=\"og:image:width\" content=\"2560\" \/>\n\t<meta property=\"og:image:height\" content=\"1323\" \/>\n\t<meta property=\"og:image:type\" content=\"image\/jpeg\" \/>\n<meta name=\"twitter:card\" content=\"summary_large_image\" \/>\n<meta name=\"twitter:label1\" content=\"Est. reading time\" \/>\n\t<meta name=\"twitter:data1\" content=\"1 minute\" \/>\n<script type=\"application\/ld+json\" class=\"yoast-schema-graph\">{\"@context\":\"https:\\\/\\\/schema.org\",\"@graph\":[{\"@type\":[\"WebPage\",\"ContactPage\"],\"@id\":\"https:\\\/\\\/checkpointsystems.com\\\/pl\\\/inne-regiony-apac\\\/\",\"url\":\"https:\\\/\\\/checkpointsystems.com\\\/pl\\\/inne-regiony-apac\\\/\",\"name\":\"Inne regiony APAC | Checkpoint Systems\",\"isPartOf\":{\"@id\":\"https:\\\/\\\/checkpointsystems.com\\\/pl\\\/#website\"},\"primaryImageOfPage\":{\"@id\":\"https:\\\/\\\/checkpointsystems.com\\\/pl\\\/inne-regiony-apac\\\/#primaryimage\"},\"image\":{\"@id\":\"https:\\\/\\\/checkpointsystems.com\\\/pl\\\/inne-regiony-apac\\\/#primaryimage\"},\"thumbnailUrl\":\"https:\\\/\\\/checkpointsystems.com\\\/pl\\\/wp-content\\\/uploads\\\/sites\\\/22\\\/APAC_Offices_CKP-scaled.jpg\",\"datePublished\":\"2023-10-10T10:52:53+00:00\",\"dateModified\":\"2025-01-23T20:41:10+00:00\",\"description\":\"Dowiedz si\u0119, kt\u00f3re regiony APAC obs\u0142uguje Checkpoint Systems. Skontaktuj si\u0119 z nami, aby uzyska\u0107 informacje w zakresie technologii RFID i RF.\",\"breadcrumb\":{\"@id\":\"https:\\\/\\\/checkpointsystems.com\\\/pl\\\/inne-regiony-apac\\\/#breadcrumb\"},\"inLanguage\":\"en-US\",\"potentialAction\":[{\"@type\":\"ReadAction\",\"target\":[\"https:\\\/\\\/checkpointsystems.com\\\/pl\\\/inne-regiony-apac\\\/\"]}]},{\"@type\":\"ImageObject\",\"inLanguage\":\"en-US\",\"@id\":\"https:\\\/\\\/checkpointsystems.com\\\/pl\\\/inne-regiony-apac\\\/#primaryimage\",\"url\":\"https:\\\/\\\/checkpointsystems.com\\\/pl\\\/wp-content\\\/uploads\\\/sites\\\/22\\\/APAC_Offices_CKP-scaled.jpg\",\"contentUrl\":\"https:\\\/\\\/checkpointsystems.com\\\/pl\\\/wp-content\\\/uploads\\\/sites\\\/22\\\/APAC_Offices_CKP-scaled.jpg\",\"width\":2560,\"height\":1323,\"caption\":\"siedziba Checkpoint Systems\"},{\"@type\":\"BreadcrumbList\",\"@id\":\"https:\\\/\\\/checkpointsystems.com\\\/pl\\\/inne-regiony-apac\\\/#breadcrumb\",\"itemListElement\":[{\"@type\":\"ListItem\",\"position\":1,\"name\":\"Home\",\"item\":\"https:\\\/\\\/checkpointsystems.com\\\/pl\\\/\"},{\"@type\":\"ListItem\",\"position\":2,\"name\":\"Inne regiony APAC\"}]},{\"@type\":\"WebSite\",\"@id\":\"https:\\\/\\\/checkpointsystems.com\\\/pl\\\/#website\",\"url\":\"https:\\\/\\\/checkpointsystems.com\\\/pl\\\/\",\"name\":\"Checkpoint Systems - technologia dla bran\u017cy handlu detalicznego\",\"description\":\"Nowoczesna technologia dla bran\u017cy handlu detalicznego\",\"potentialAction\":[{\"@type\":\"SearchAction\",\"target\":{\"@type\":\"EntryPoint\",\"urlTemplate\":\"https:\\\/\\\/checkpointsystems.com\\\/pl\\\/?s={search_term_string}\"},\"query-input\":{\"@type\":\"PropertyValueSpecification\",\"valueRequired\":true,\"valueName\":\"search_term_string\"}}],\"inLanguage\":\"en-US\"}]}<\/script>\n<!-- \/ Yoast SEO plugin. -->","yoast_head_json":{"title":"Inne regiony APAC | Checkpoint Systems","description":"Dowiedz si\u0119, kt\u00f3re regiony APAC obs\u0142uguje Checkpoint Systems. Skontaktuj si\u0119 z nami, aby uzyska\u0107 informacje w zakresie technologii RFID i RF.","robots":{"index":"index","follow":"follow","max-snippet":"max-snippet:-1","max-image-preview":"max-image-preview:large","max-video-preview":"max-video-preview:-1"},"canonical":"https:\/\/checkpointsystems.com\/pl\/inne-regiony-apac\/","og_locale":"en_US","og_type":"article","og_title":"Inne regiony APAC | Checkpoint Systems","og_description":"Dowiedz si\u0119, kt\u00f3re regiony APAC obs\u0142uguje Checkpoint Systems. Skontaktuj si\u0119 z nami, aby uzyska\u0107 informacje w zakresie technologii RFID i RF.","og_url":"https:\/\/checkpointsystems.com\/pl\/inne-regiony-apac\/","og_site_name":"Checkpoint Systems - technologia dla bran\u017cy handlu detalicznego","article_modified_time":"2025-01-23T20:41:10+00:00","og_image":[{"width":2560,"height":1323,"url":"https:\/\/checkpointsystems.com\/pl\/wp-content\/uploads\/sites\/22\/APAC_Offices_CKP-scaled.jpg","type":"image\/jpeg"}],"twitter_card":"summary_large_image","twitter_misc":{"Est. reading time":"1 minute"},"schema":{"@context":"https:\/\/schema.org","@graph":[{"@type":["WebPage","ContactPage"],"@id":"https:\/\/checkpointsystems.com\/pl\/inne-regiony-apac\/","url":"https:\/\/checkpointsystems.com\/pl\/inne-regiony-apac\/","name":"Inne regiony APAC | Checkpoint Systems","isPartOf":{"@id":"https:\/\/checkpointsystems.com\/pl\/#website"},"primaryImageOfPage":{"@id":"https:\/\/checkpointsystems.com\/pl\/inne-regiony-apac\/#primaryimage"},"image":{"@id":"https:\/\/checkpointsystems.com\/pl\/inne-regiony-apac\/#primaryimage"},"thumbnailUrl":"https:\/\/checkpointsystems.com\/pl\/wp-content\/uploads\/sites\/22\/APAC_Offices_CKP-scaled.jpg","datePublished":"2023-10-10T10:52:53+00:00","dateModified":"2025-01-23T20:41:10+00:00","description":"Dowiedz si\u0119, kt\u00f3re regiony APAC obs\u0142uguje Checkpoint Systems. Skontaktuj si\u0119 z nami, aby uzyska\u0107 informacje w zakresie technologii RFID i RF.","breadcrumb":{"@id":"https:\/\/checkpointsystems.com\/pl\/inne-regiony-apac\/#breadcrumb"},"inLanguage":"en-US","potentialAction":[{"@type":"ReadAction","target":["https:\/\/checkpointsystems.com\/pl\/inne-regiony-apac\/"]}]},{"@type":"ImageObject","inLanguage":"en-US","@id":"https:\/\/checkpointsystems.com\/pl\/inne-regiony-apac\/#primaryimage","url":"https:\/\/checkpointsystems.com\/pl\/wp-content\/uploads\/sites\/22\/APAC_Offices_CKP-scaled.jpg","contentUrl":"https:\/\/checkpointsystems.com\/pl\/wp-content\/uploads\/sites\/22\/APAC_Offices_CKP-scaled.jpg","width":2560,"height":1323,"caption":"siedziba Checkpoint Systems"},{"@type":"BreadcrumbList","@id":"https:\/\/checkpointsystems.com\/pl\/inne-regiony-apac\/#breadcrumb","itemListElement":[{"@type":"ListItem","position":1,"name":"Home","item":"https:\/\/checkpointsystems.com\/pl\/"},{"@type":"ListItem","position":2,"name":"Inne regiony APAC"}]},{"@type":"WebSite","@id":"https:\/\/checkpointsystems.com\/pl\/#website","url":"https:\/\/checkpointsystems.com\/pl\/","name":"Checkpoint Systems - technologia dla bran\u017cy handlu detalicznego","description":"Nowoczesna technologia dla bran\u017cy handlu detalicznego","potentialAction":[{"@type":"SearchAction","target":{"@type":"EntryPoint","urlTemplate":"https:\/\/checkpointsystems.com\/pl\/?s={search_term_string}"},"query-input":{"@type":"PropertyValueSpecification","valueRequired":true,"valueName":"search_term_string"}}],"inLanguage":"en-US"}]}},"_links":{"self":[{"href":"https:\/\/checkpointsystems.com\/pl\/wp-json\/wp\/v2\/pages\/7496","targetHints":{"allow":["GET"]}}],"collection":[{"href":"https:\/\/checkpointsystems.com\/pl\/wp-json\/wp\/v2\/pages"}],"about":[{"href":"https:\/\/checkpointsystems.com\/pl\/wp-json\/wp\/v2\/types\/page"}],"author":[{"embeddable":true,"href":"https:\/\/checkpointsystems.com\/pl\/wp-json\/wp\/v2\/users\/26"}],"replies":[{"embeddable":true,"href":"https:\/\/checkpointsystems.com\/pl\/wp-json\/wp\/v2\/comments?post=7496"}],"version-history":[{"count":0,"href":"https:\/\/checkpointsystems.com\/pl\/wp-json\/wp\/v2\/pages\/7496\/revisions"}],"wp:featuredmedia":[{"embeddable":true,"href":"https:\/\/checkpointsystems.com\/pl\/wp-json\/wp\/v2\/media\/7497"}],"wp:attachment":[{"href":"https:\/\/checkpointsystems.com\/pl\/wp-json\/wp\/v2\/media?parent=7496"}],"wp:term":[{"taxonomy":"category","embeddable":true,"href":"https:\/\/checkpointsystems.com\/pl\/wp-json\/wp\/v2\/categories?post=7496"},{"taxonomy":"post_tag","embeddable":true,"href":"https:\/\/checkpointsystems.com\/pl\/wp-json\/wp\/v2\/tags?post=7496"}],"curies":[{"name":"wp","href":"https:\/\/api.w.org\/{rel}","templated":true}]}}