{"id":3,"date":"2022-01-19T11:40:23","date_gmt":"2022-01-19T11:40:23","guid":{"rendered":"https:\/\/checkpointsstg.wpengine.com\/pl\/?page_id=3"},"modified":"2025-02-27T16:00:09","modified_gmt":"2025-02-27T15:00:09","slug":"privacy-policy","status":"publish","type":"page","link":"https:\/\/checkpointsystems.com\/pl\/privacy-policy\/","title":{"rendered":"Polityka ochrony prywatno\u015bci"},"content":{"rendered":"<p><div class=\"fusion-fullwidth fullwidth-box fusion-builder-row-1 fusion-flex-container nonhundred-percent-fullwidth non-hundred-percent-height-scrolling\" style=\"--awb-border-radius-top-left:0px;--awb-border-radius-top-right:0px;--awb-border-radius-bottom-right:0px;--awb-border-radius-bottom-left:0px;--awb-padding-left:0px;--awb-min-height:350px;--awb-flex-wrap:wrap;\" ><div class=\"fusion-builder-row fusion-row fusion-flex-align-items-flex-start fusion-flex-content-wrap\" style=\"max-width:calc( 1200px + 0px );margin-left: calc(-0px \/ 2 );margin-right: calc(-0px \/ 2 );\"><div class=\"fusion-layout-column fusion_builder_column fusion-builder-column-0 fusion_builder_column_1_1 1_1 fusion-flex-column fusion-flex-align-self-flex-end\" style=\"--awb-padding-bottom:40px;--awb-bg-size:cover;--awb-width-large:100%;--awb-margin-top-large:0px;--awb-spacing-right-large:0px;--awb-margin-bottom-large:0px;--awb-spacing-left-large:0px;--awb-width-medium:100%;--awb-order-medium:0;--awb-spacing-right-medium:0px;--awb-spacing-left-medium:0px;--awb-width-small:100%;--awb-order-small:0;--awb-spacing-right-small:0px;--awb-spacing-left-small:0px;\"><div class=\"fusion-column-wrapper fusion-column-has-shadow fusion-flex-justify-content-flex-start fusion-content-layout-column\"><div class=\"fusion-title title fusion-title-1 fusion-sep-none fusion-title-text fusion-title-size-one\" style=\"--awb-text-color:var(--awb-color1);--awb-margin-top-small:0px;--awb-margin-bottom-small:20px;--awb-font-size:40px;\"><h1 class=\"fusion-title-heading title-heading-left fusion-responsive-typography-calculated\" style=\"font-family:&quot;Noto Sans&quot;;font-style:normal;font-weight:400;margin:0;font-size:1em;--fontSize:40;line-height:2.05;\">Polityka ochrony prywatno\u015bci<\/h1><\/div><nav class=\"fusion-breadcrumbs awb-yoast-breadcrumbs fusion-breadcrumbs-1\" style=\"--awb-font-size:10;--awb-text-hover-color:var(--awb-color4);--awb-text-color:var(--awb-color3);--awb-breadcrumb-sep:&#039;\/&#039;;\" aria-label=\"Breadcrumb\"><span><span><a href=\"https:\/\/checkpointsystems.com\/pl\/\">Home<\/a><\/span><\/span><\/nav><\/div><\/div><\/div><\/div><div class=\"fusion-fullwidth fullwidth-box fusion-builder-row-2 fusion-flex-container nonhundred-percent-fullwidth non-hundred-percent-height-scrolling\" style=\"--awb-border-radius-top-left:0px;--awb-border-radius-top-right:0px;--awb-border-radius-bottom-right:0px;--awb-border-radius-bottom-left:0px;--awb-margin-top:80px;--awb-margin-bottom:80px;--awb-flex-wrap:wrap;\" ><div class=\"fusion-builder-row fusion-row fusion-flex-align-items-flex-start fusion-flex-content-wrap\" style=\"max-width:calc( 1200px + 0px );margin-left: calc(-0px \/ 2 );margin-right: calc(-0px \/ 2 );\"><div class=\"fusion-layout-column fusion_builder_column fusion-builder-column-1 fusion_builder_column_1_1 1_1 fusion-flex-column\" style=\"--awb-bg-size:cover;--awb-width-large:100%;--awb-margin-top-large:0px;--awb-spacing-right-large:0px;--awb-margin-bottom-large:0px;--awb-spacing-left-large:0px;--awb-width-medium:100%;--awb-order-medium:0;--awb-spacing-right-medium:0px;--awb-spacing-left-medium:0px;--awb-width-small:100%;--awb-order-small:0;--awb-spacing-right-small:0px;--awb-spacing-left-small:0px;\"><div class=\"fusion-column-wrapper fusion-column-has-shadow fusion-flex-justify-content-flex-start fusion-content-layout-column\"><div class=\"fusion-text fusion-text-1\"><style>\nul, ol{list-style-type: none;}<\/style>\n<p><strong>ADMINISTRATOR DANYCH<\/strong><\/p>\n<table width=\"547\">\n<tbody>\n<tr>\n<td width=\"225\">Nazwa:<\/td>\n<td style=\"cursor: text;\" width=\"322\">Checkpoint Systems \u201eCEE\u201d Sp. z o.o. (<strong>\u201e<\/strong><strong>CHECKPOINT\u201d<\/strong>)<\/td>\n<\/tr>\n<tr>\n<td width=\"225\">KRS:<\/td>\n<td width=\"322\">0000010283<\/td>\n<\/tr>\n<tr>\n<td width=\"225\">Adres:<\/td>\n<td width=\"322\">ul. Kierska 78, Kiekrz, 62-090 Rokietnica<\/td>\n<\/tr>\n<tr>\n<td width=\"225\">E-mail:<\/td>\n<td width=\"322\"><a href=\"mailto:Gdpr.pl@checkpt.com\">Gdpr.pl@checkpt.com<\/a><\/td>\n<\/tr>\n<\/tbody>\n<\/table>\n<p><strong style=\"cursor: text;\">\u00a0<\/strong><\/p>\n<p><strong style=\"cursor: text;\">CELE PRZETWARZANIA DANYCH<\/strong><\/p>\n<p>Przekazane nam przez Pa\u0144stwa dane osobowe b\u0119d\u0105 przetwarzane w nast\u0119puj\u0105cych celach:<\/p>\n<ul>\n<li>(i) W przypadku wype\u0142nienia przez Pa\u0144stwa jednego z naszych formularzy do kontaktu, b\u0119dziemy przetwarza\u0107 Pa\u0144stwa dane:<\/li>\n<\/ul>\n<ol>\n<li>a. w celu udzielenia odpowiedzi na Pa\u0144stwa zapytanie; oraz<\/li>\n<li>b. je\u015bli udzielili Pa\u0144stwo wyra\u017anej zgody, Pa\u0144stwa dane osobowe mog\u0105 by\u0107 r\u00f3wnie\u017c przetwarzane do cel\u00f3w wysy\u0142ania informacji handlowych \u2013 drog\u0105 elektroniczn\u0105 albo w innej formie \u2013 w zwi\u0105zku z produktami i us\u0142ugami CHECKPOINT.<\/li>\n<\/ol>\n<ul>\n<li>(ii) W przypadku ubiegania si\u0119 przez Pa\u0144stwa o prac\u0119 w CHECKPOINT, b\u0119dziemy przetwarza\u0107 Pa\u0144stwa dane osobowe w celu oceny Pa\u0144stwa kwalifikacji na wolne stanowisko w ramach Pa\u0144stwa aplikacji o prac\u0119.<\/li>\n<li>(iii) W przypadku zarejestrowania si\u0119 przez Pa\u0144stwa na naszym portalu CheckNET, w celu dokonania u nas zakup\u00f3w, b\u0119dziemy przetwarza\u0107 Pa\u0144stwa dane kontaktowe (imi\u0119 i nazwisko, numer telefonu i adres e-mail), aby dostarczy\u0107 produkty i us\u0142ugi oraz utworzy\u0107 i utrzymywa\u0107 Pa\u0144stwa konto na portalu.<\/li>\n<\/ul>\n<p>Dostarczone dane osobowe zostan\u0105 usuni\u0119te:<\/p>\n<ul>\n<li>(i) a. w przypadku, gdy b\u0119dziemy mieli uzasadnione podstawy, aby przyj\u0105\u0107, \u017ce korespondencja zwi\u0105zana z Pa\u0144stwa zapytaniem nie b\u0119dzie kontynuowana (zwykle 12 miesi\u0119cy po ostatniej wymianie korespondencji) lub wcze\u015bniej, gdy za\u017c\u0105daj\u0105 Pa\u0144stwo ich usuni\u0119cia;<\/li>\n<\/ul>\n<ol>\n<li>b. jeden rok po ich uzyskaniu lub wcze\u015bniej, gdy za\u017c\u0105daj\u0105 Pa\u0144stwo ich usuni\u0119cia lub wycofaj\u0105 zgod\u0119 na przetwarzanie;<\/li>\n<\/ol>\n<ul>\n<li>(ii) 12 miesi\u0119cy po zako\u0144czeniu procesu rekrutacyjnego. (Je\u015bli zostan\u0105 Pa\u0144stwo naszym pracownikiem \/ konsultantem, nie usuniemy jednak danych, ale b\u0119dziemy je przetwarza\u0107 zgodnie z nasz\u0105 Polityk\u0105 o Ochronie Danych Pracownik\u00f3w).<\/li>\n<li><\/li>\n<li>(iii) w przypadku, gdy b\u0119dziemy mieli uzasadnione podstawy, aby przyj\u0105\u0107, \u017ce nie zamierzaj\u0105 Pa\u0144stwo korzysta\u0107 ju\u017c z naszego portalu CheckNET (zwykle 6 lat po ostatnim zalogowaniu do portalu) lub wcze\u015bniej, gdy za\u017c\u0105daj\u0105 Pa\u0144stwo ich usuni\u0119cia.<\/li>\n<li><\/li>\n<li>(iv) w przypadku dostarczenia przez nas produkt\u00f3w lub \u015bwiadczenia us\u0142ug mo\u017cemy przetwarza\u0107 Pa\u0144stwa dane osobowe do momentu up\u0142yni\u0119cia okresu przedawnienia Pa\u0144stwa lub naszych roszcze\u0144.<\/li>\n<\/ul>\n<p><strong>ZGODNO\u015a\u0106 Z PRAWEM PRZETWARZANIA DANYCH<\/strong><\/p>\n<p>Podstaw\u0105 do przetwarzania danych osobowych s\u0105 odpowiednio:<\/p>\n<ul>\n<li>(i) Pa\u0144stwa zgoda; lub<\/li>\n<li>(ii) nasz prawnie uzasadniony interes (rekrutacja pracownik\u00f3w); niezale\u017cnie od naszego uzasadnionego interesu w postaci konieczno\u015bci rekrutacji pracownik\u00f3w, podstaw\u0105 do przetwarzania danych osobowych kandydat\u00f3w na pracownik\u00f3w s\u0105 r\u00f3wnie\u017c przepisy polskiego kodeksu pracy; lub<\/li>\n<li>(iii) nasz prawnie uzasadniony interes oraz niezb\u0119dno\u015b\u0107 przetwarzania do wykonania umowy (wykonanie \u0142\u0105cz\u0105cej nas umowy, wsp\u00f3\u0142praca z kontrahentem); lub<\/li>\n<li>(iv) nasz prawnie uzasadniony interes \u2013 dochodzenie roszcze\u0144 lub obrona praw Administratora Danych.<\/li>\n<\/ul>\n<p>Podanie danych osobowych jest dobrowolne, jednak jest konieczne do wys\u0142ania zapytania za po\u015brednictwem formularza do kontaktu, otrzymywania informacji handlowych lub utrzymywania kontaktu w ramach wsp\u00f3\u0142pracy gospodarczej z Administratorem Danych.<\/p>\n<p><strong>ODBIORCY<\/strong><\/p>\n<p>CHECKPOINT mo\u017ce przekazywa\u0107 Pa\u0144stwa dane osobowe innym cz\u0142onkom grupy korporacyjnej CHECKPOINT. W takim przypadku:<\/p>\n<ol>\n<li>a) b\u0119dziemy opiera\u0107 si\u0119 na naszych uzasadnionych interesach lub interesach cz\u0142onk\u00f3w naszej grupy korporacyjnej (tj. np. w celu wykonywania czynno\u015bci analitycznych dotycz\u0105cych dzia\u0142ania podmiot\u00f3w grupy korporacyjnej CHECKPOINT); oraz<\/li>\n<li>b) odpowiedni cz\u0142onkowie grupy przeka\u017c\u0105 Pa\u0144stwu informacje o tym, w jaki spos\u00f3b b\u0119d\u0105 wykorzystywa\u0107 Pa\u0144stwa dane.<\/li>\n<\/ol>\n<p>Poza powy\u017cszym CHECKPOINT nie przekazuje zebranych danych osobowych \u017cadnemu podmiotowi trzeciemu, ani w UE, ani poza ni\u0105.<\/p>\n<p style=\"cursor: text;\"><strong>PRAWA OS\u00d3B, KT\u00d3RYCH DANE DOTYCZ\u0104<\/strong><\/p>\n<p>Ka\u017cda osoba ma prawo do otrzymania potwierdzenia na temat tego, czy CHECKPOINT przetwarza jej dane osobowe.<\/p>\n<p>Ponadto, ka\u017cda osoba, kt\u00f3rej to dotyczy, mo\u017ce \u017c\u0105da\u0107 (w drodze z\u0142o\u017cenia pisma na adres mailowy albo pocztowy podany na wst\u0119pie) od CHECKPOINT wykonania nast\u0119puj\u0105cych praw:<\/p>\n<ul>\n<li style=\"list-style-type: disc; cursor: text;\"><strong>Prawo do dost\u0119pu do danych osobowych:<\/strong> umo\u017cliwia osobie, kt\u00f3rej dotyczy przetwarzanie danych osobowych, dost\u0119p do informacji o przetwarzaniu danych osobowych oraz otrzymywanie informacji o jej danych osobowych stanowi\u0105cych przedmiot przetwarzania.<\/li>\n<li style=\"list-style-type: disc;\"><strong>Prawo do sprostowania danych osobowych<\/strong>: pozwala na poprawianie b\u0142\u0119d\u00f3w, modyfikowanie danych, kt\u00f3re oka\u017c\u0105 si\u0119 niedok\u0142adne albo niekompletne.<\/li>\n<li style=\"list-style-type: disc;\"><strong>Prawo do usuni\u0119cia danych osobowych: <\/strong>umo\u017cliwia usuwanie danych, w sytuacjach okre\u015blonych w przepisach prawa, w tym w sytuacji gdy dane nie s\u0105 ju\u017c niezb\u0119dne dla cel\u00f3w, dla kt\u00f3rych zosta\u0142y przetwarzane lub gdy wnios\u0105 Pa\u0144stwo sprzeciw wobec przetwarzania danych i brak jest innych podstaw do ich przetwarzania. (Spe\u0142nienie \u017c\u0105dania usuni\u0119cia danych nie zawsze mo\u017ce by\u0107 mo\u017cliwe, z uwagi na uzasadnione prawne przyczyny, o kt\u00f3rych zostan\u0105 Pa\u0144stwo, w stosownym przypadku, poinformowaniu po z\u0142o\u017ceniu \u017c\u0105dania).<\/li>\n<li style=\"list-style-type: disc;\"><strong>Prawo do wniesienia sprzeciwu: <\/strong>prawo os\u00f3b, kt\u00f3rych dane dotycz\u0105, do sprzeciwu wobec przetwarzania ich danych osobowych albo do zaprzestania przetwarzania ich danych osobowych.<\/li>\n<li style=\"list-style-type: disc;\"><strong>Prawo do ograniczenia przetwarzania danych osobowych<\/strong>: umo\u017cliwia osobie, kt\u00f3rej dane dotycz\u0105, \u017c\u0105danie ograniczenia przetwarzania jej danych osobowych w szczeg\u00f3lno\u015bci w nast\u0119puj\u0105cych sytuacjach: je\u015bli chc\u0105 Pa\u0144stwo, aby\u015bmy ustalili prawid\u0142owo\u015b\u0107 danych; gdy przetwarzanie przez nas danych jest niezgodne z prawem, ale nie chc\u0105 Pa\u0144stwo, aby\u015bmy je usun\u0119li; gdy potrzebuj\u0105 Pa\u0144stwo, aby\u015bmy przechowywali dane, nawet je\u015bli ich ju\u017c nie potrzebujemy, poniewa\u017c s\u0105 one potrzebne do ustalenia, dochodzenia lub obrony roszcze\u0144; wnie\u015bli Pa\u0144stwo sprzeciw wobec wykorzystywania przez nas danych, ale musimy sprawdzi\u0107, czy mamy nadrz\u0119dne uzasadnione podstawy, aby z nich korzysta\u0107.<\/li>\n<li style=\"list-style-type: disc;\"><strong>Prawo do przenoszenia danych osobowych:<\/strong> to przekazanie danych stanowi\u0105cych przedmiot przetwarzania osobie, kt\u00f3rej dane dotycz\u0105, po to, aby ta osoba mog\u0142a przekaza\u0107 je innemu administratorowi danych bez przeszk\u00f3d.<\/li>\n<li style=\"list-style-type: disc;\"><strong>Prawo do niepodlegania zautomatyzowanemu podejmowaniu decyzji (w tym profilowania):<\/strong> prawo do niepodlegania decyzjom opartym na zautomatyzowanym przetwarzaniu, kt\u00f3re prowadz\u0105 do skutk\u00f3w po stronie os\u00f3b, kt\u00f3rych dane dotycz\u0105 albo znacz\u0105co na nie wp\u0142ywaj\u0105. W tym miejscu informujemy Pa\u0144stwa, \u017ce Pa\u0144stwa dane osobowe nie podlegaj\u0105 zautomatyzowanemu podejmowaniu decyzji.<\/li>\n<\/ul>\n<p>Szczeg\u00f3\u0142owe okoliczno\u015bci, w kt\u00f3rych przys\u0142uguj\u0105 Pa\u0144stwu wy\u017cej wskazane prawa okre\u015blone s\u0105 w rozporz\u0105dzeniu Parlamentu Europejskiego i Rady (UE) 2016\/679 z dnia 27 kwietnia 2016 r. w sprawie ochrony os\u00f3b fizycznych w zwi\u0105zku z przetwarzaniem danych osobowych i w sprawie swobodnego przep\u0142ywu takich danych oraz uchylenia dyrektywy 95\/46\/WE (og\u00f3lne rozporz\u0105dzenie o ochronie danych) (tzw. Rozporz\u0105dzenie RODO).<\/p>\n<p>Osoby, kt\u00f3rych dane dotycz\u0105 maj\u0105 prawo, w ka\u017cdym momencie, do wycofania uprzednio udzielonej zgody na przetwarzanie ich danych. W przypadku wycofania zgody na przetwarzanie Pa\u0144stwa danych, CHECKPOINT nie b\u0119dzie w stanie \u015bwiadczy\u0107 niekt\u00f3rych us\u0142ug na Pa\u0144stwa rzecz. Cofni\u0119cie zgody nie wp\u0142ywa na zgodno\u015b\u0107 z prawem przetwarzania, kt\u00f3rego dokonano na podstawie zgody przed jej cofni\u0119ciem.<\/p>\n<p>W przypadku naruszenia kt\u00f3regokolwiek z powy\u017cszych praw, osoba, kt\u00f3rej to dotyczy, mo\u017ce wnie\u015b\u0107 skarg\u0119 do Prezesa Urz\u0119du Ochrony Danych Osobowych.<\/p>\n<p><strong>Microsoft Clarity<\/strong><\/p>\n<p><span data-teams=\"true\">We partner with Microsoft Clarity and Microsoft Advertising to capture how you use and interact with our website through behavioral metrics, heatmaps, and session replay to improve and market our products\/services. Website usage data is captured using first and third-party cookies and other tracking technologies to determine the popularity of products\/services and online activity. Additionally, we use this information for site optimization, fraud\/security purposes, and advertising. For more information about how Microsoft collects and uses your data, visit the Microsoft Privacy Statement.<\/span><\/p>\n<\/div><\/div><\/div><\/div><\/div><\/p>\n","protected":false},"excerpt":{"rendered":"","protected":false},"author":26,"featured_media":0,"parent":0,"menu_order":80,"comment_status":"closed","ping_status":"closed","template":"","meta":{"footnotes":""},"categories":[],"tags":[],"class_list":["post-3","page","type-page","status-publish","hentry"],"yoast_head":"<!-- This site is optimized with the Yoast SEO plugin v27.3 - https:\/\/yoast.com\/product\/yoast-seo-wordpress\/ -->\n<title>Polityka ochrony prywatno\u015bci - Checkpoint Systems - technologia dla bran\u017cy handlu detalicznego<\/title>\n<meta name=\"robots\" content=\"index, follow, max-snippet:-1, max-image-preview:large, max-video-preview:-1\" \/>\n<link rel=\"canonical\" href=\"https:\/\/checkpointsystems.com\/pl\/privacy-policy\/\" \/>\n<meta property=\"og:locale\" content=\"en_US\" \/>\n<meta property=\"og:type\" content=\"article\" \/>\n<meta property=\"og:title\" content=\"Polityka ochrony prywatno\u015bci - Checkpoint Systems - technologia dla bran\u017cy handlu detalicznego\" \/>\n<meta property=\"og:url\" content=\"https:\/\/checkpointsystems.com\/pl\/privacy-policy\/\" \/>\n<meta property=\"og:site_name\" content=\"Checkpoint Systems - technologia dla bran\u017cy handlu detalicznego\" \/>\n<meta property=\"article:modified_time\" content=\"2025-02-27T15:00:09+00:00\" \/>\n<meta name=\"twitter:card\" content=\"summary_large_image\" \/>\n<meta name=\"twitter:label1\" content=\"Est. reading time\" \/>\n\t<meta name=\"twitter:data1\" content=\"5 minutes\" \/>\n<script type=\"application\/ld+json\" class=\"yoast-schema-graph\">{\"@context\":\"https:\\\/\\\/schema.org\",\"@graph\":[{\"@type\":\"WebPage\",\"@id\":\"https:\\\/\\\/checkpointsystems.com\\\/pl\\\/privacy-policy\\\/\",\"url\":\"https:\\\/\\\/checkpointsystems.com\\\/pl\\\/privacy-policy\\\/\",\"name\":\"Polityka ochrony prywatno\u015bci - Checkpoint Systems - technologia dla bran\u017cy handlu detalicznego\",\"isPartOf\":{\"@id\":\"https:\\\/\\\/checkpointsystems.com\\\/pl\\\/#website\"},\"datePublished\":\"2022-01-19T11:40:23+00:00\",\"dateModified\":\"2025-02-27T15:00:09+00:00\",\"breadcrumb\":{\"@id\":\"https:\\\/\\\/checkpointsystems.com\\\/pl\\\/privacy-policy\\\/#breadcrumb\"},\"inLanguage\":\"en-US\",\"potentialAction\":[{\"@type\":\"ReadAction\",\"target\":[\"https:\\\/\\\/checkpointsystems.com\\\/pl\\\/privacy-policy\\\/\"]}]},{\"@type\":\"BreadcrumbList\",\"@id\":\"https:\\\/\\\/checkpointsystems.com\\\/pl\\\/privacy-policy\\\/#breadcrumb\",\"itemListElement\":[{\"@type\":\"ListItem\",\"position\":1,\"name\":\"Home\",\"item\":\"https:\\\/\\\/checkpointsystems.com\\\/pl\\\/\"},{\"@type\":\"ListItem\",\"position\":2,\"name\":\"Polityka ochrony prywatno\u015bci\"}]},{\"@type\":\"WebSite\",\"@id\":\"https:\\\/\\\/checkpointsystems.com\\\/pl\\\/#website\",\"url\":\"https:\\\/\\\/checkpointsystems.com\\\/pl\\\/\",\"name\":\"Checkpoint Systems - technologia dla bran\u017cy handlu detalicznego\",\"description\":\"Nowoczesna technologia dla bran\u017cy handlu detalicznego\",\"potentialAction\":[{\"@type\":\"SearchAction\",\"target\":{\"@type\":\"EntryPoint\",\"urlTemplate\":\"https:\\\/\\\/checkpointsystems.com\\\/pl\\\/?s={search_term_string}\"},\"query-input\":{\"@type\":\"PropertyValueSpecification\",\"valueRequired\":true,\"valueName\":\"search_term_string\"}}],\"inLanguage\":\"en-US\"}]}<\/script>\n<!-- \/ Yoast SEO plugin. -->","yoast_head_json":{"title":"Polityka ochrony prywatno\u015bci - Checkpoint Systems - technologia dla bran\u017cy handlu detalicznego","robots":{"index":"index","follow":"follow","max-snippet":"max-snippet:-1","max-image-preview":"max-image-preview:large","max-video-preview":"max-video-preview:-1"},"canonical":"https:\/\/checkpointsystems.com\/pl\/privacy-policy\/","og_locale":"en_US","og_type":"article","og_title":"Polityka ochrony prywatno\u015bci - Checkpoint Systems - technologia dla bran\u017cy handlu detalicznego","og_url":"https:\/\/checkpointsystems.com\/pl\/privacy-policy\/","og_site_name":"Checkpoint Systems - technologia dla bran\u017cy handlu detalicznego","article_modified_time":"2025-02-27T15:00:09+00:00","twitter_card":"summary_large_image","twitter_misc":{"Est. reading time":"5 minutes"},"schema":{"@context":"https:\/\/schema.org","@graph":[{"@type":"WebPage","@id":"https:\/\/checkpointsystems.com\/pl\/privacy-policy\/","url":"https:\/\/checkpointsystems.com\/pl\/privacy-policy\/","name":"Polityka ochrony prywatno\u015bci - Checkpoint Systems - technologia dla bran\u017cy handlu detalicznego","isPartOf":{"@id":"https:\/\/checkpointsystems.com\/pl\/#website"},"datePublished":"2022-01-19T11:40:23+00:00","dateModified":"2025-02-27T15:00:09+00:00","breadcrumb":{"@id":"https:\/\/checkpointsystems.com\/pl\/privacy-policy\/#breadcrumb"},"inLanguage":"en-US","potentialAction":[{"@type":"ReadAction","target":["https:\/\/checkpointsystems.com\/pl\/privacy-policy\/"]}]},{"@type":"BreadcrumbList","@id":"https:\/\/checkpointsystems.com\/pl\/privacy-policy\/#breadcrumb","itemListElement":[{"@type":"ListItem","position":1,"name":"Home","item":"https:\/\/checkpointsystems.com\/pl\/"},{"@type":"ListItem","position":2,"name":"Polityka ochrony prywatno\u015bci"}]},{"@type":"WebSite","@id":"https:\/\/checkpointsystems.com\/pl\/#website","url":"https:\/\/checkpointsystems.com\/pl\/","name":"Checkpoint Systems - technologia dla bran\u017cy handlu detalicznego","description":"Nowoczesna technologia dla bran\u017cy handlu detalicznego","potentialAction":[{"@type":"SearchAction","target":{"@type":"EntryPoint","urlTemplate":"https:\/\/checkpointsystems.com\/pl\/?s={search_term_string}"},"query-input":{"@type":"PropertyValueSpecification","valueRequired":true,"valueName":"search_term_string"}}],"inLanguage":"en-US"}]}},"_links":{"self":[{"href":"https:\/\/checkpointsystems.com\/pl\/wp-json\/wp\/v2\/pages\/3","targetHints":{"allow":["GET"]}}],"collection":[{"href":"https:\/\/checkpointsystems.com\/pl\/wp-json\/wp\/v2\/pages"}],"about":[{"href":"https:\/\/checkpointsystems.com\/pl\/wp-json\/wp\/v2\/types\/page"}],"author":[{"embeddable":true,"href":"https:\/\/checkpointsystems.com\/pl\/wp-json\/wp\/v2\/users\/26"}],"replies":[{"embeddable":true,"href":"https:\/\/checkpointsystems.com\/pl\/wp-json\/wp\/v2\/comments?post=3"}],"version-history":[{"count":0,"href":"https:\/\/checkpointsystems.com\/pl\/wp-json\/wp\/v2\/pages\/3\/revisions"}],"wp:attachment":[{"href":"https:\/\/checkpointsystems.com\/pl\/wp-json\/wp\/v2\/media?parent=3"}],"wp:term":[{"taxonomy":"category","embeddable":true,"href":"https:\/\/checkpointsystems.com\/pl\/wp-json\/wp\/v2\/categories?post=3"},{"taxonomy":"post_tag","embeddable":true,"href":"https:\/\/checkpointsystems.com\/pl\/wp-json\/wp\/v2\/tags?post=3"}],"curies":[{"name":"wp","href":"https:\/\/api.w.org\/{rel}","templated":true}]}}