{"id":1737,"date":"2022-06-30T15:16:03","date_gmt":"2022-06-30T14:16:03","guid":{"rendered":"https:\/\/checkpointsstg.wpengine.com\/pl\/?page_id=1737"},"modified":"2023-05-12T12:06:18","modified_gmt":"2023-05-12T10:06:18","slug":"rfreshid","status":"publish","type":"page","link":"https:\/\/checkpointsystems.com\/pl\/rozwiazania-rfid\/rfreshid\/","title":{"rendered":"RFreshID"},"content":{"rendered":"<div class=\"fusion-fullwidth fullwidth-box fusion-builder-row-1 fusion-flex-container nonhundred-percent-fullwidth non-hundred-percent-height-scrolling\" style=\"--awb-border-radius-top-left:0px;--awb-border-radius-top-right:0px;--awb-border-radius-bottom-right:0px;--awb-border-radius-bottom-left:0px;--awb-min-height:100px;--awb-flex-wrap:wrap;\" ><div class=\"fusion-builder-row fusion-row fusion-flex-align-items-flex-start fusion-flex-content-wrap\" style=\"max-width:calc( 1200px + 0px );margin-left: calc(-0px \/ 2 );margin-right: calc(-0px \/ 2 );\"><div class=\"fusion-layout-column fusion_builder_column fusion-builder-column-0 fusion_builder_column_1_1 1_1 fusion-flex-column\" style=\"--awb-bg-size:cover;--awb-width-large:100%;--awb-margin-top-large:0px;--awb-spacing-right-large:0px;--awb-margin-bottom-large:0px;--awb-spacing-left-large:0px;--awb-width-medium:100%;--awb-order-medium:0;--awb-spacing-right-medium:0px;--awb-spacing-left-medium:0px;--awb-width-small:100%;--awb-order-small:0;--awb-spacing-right-small:0px;--awb-spacing-left-small:0px;\"><div class=\"fusion-column-wrapper fusion-column-has-shadow fusion-flex-justify-content-flex-start fusion-content-layout-column\"><div style='position: relative;width: auto;padding: 0 0 548.44%;height: 0;top: 0;left: 0;bottom: 0;right: 0;margin: 0;border: 0 none' id=\"experience-624aa79167dd3\" data-aspectRatio=\"0.18233618\"><iframe allowfullscreen src='\/\/view.ceros.com\/checkpoint-systems\/rfreshid-2?heightOverride=7020' style='position: absolute;top: 0;left: 0;bottom: 0;right: 0;margin: 0;padding: 0;border: 0 none;height: 1px;width: 1px;min-height: 100%;min-width: 100%' frameborder='0' class='ceros-experience' title='RFreshID PL Landing Page' scrolling='no'><\/iframe><\/div><script type=\"text\/javascript\" src=\"\/\/view.ceros.com\/scroll-proxy.min.js\" data-ceros-origin-domains=\"view.ceros.com\"><\/script><\/div><\/div><\/div><\/div>\n","protected":false},"excerpt":{"rendered":"","protected":false},"author":4,"featured_media":496,"parent":1592,"menu_order":0,"comment_status":"closed","ping_status":"closed","template":"100-width.php","meta":{"footnotes":""},"categories":[],"tags":[],"class_list":["post-1737","page","type-page","status-publish","has-post-thumbnail","hentry"],"yoast_head":"<!-- This site is optimized with the Yoast SEO plugin v27.3 - https:\/\/yoast.com\/product\/yoast-seo-wordpress\/ -->\n<title>rfreshid<\/title>\n<meta name=\"description\" content=\"Rozwi\u0105zanie RFreshID firmy Checkpoint Systems wykorzystuje technologi\u0119 RFID, pomagaj\u0105c sklepom w skutecznym zarz\u0105dzaniu \u015bwie\u017c\u0105 \u017cywno\u015bci\u0105.\" \/>\n<meta name=\"robots\" content=\"index, follow, max-snippet:-1, max-image-preview:large, max-video-preview:-1\" \/>\n<link rel=\"canonical\" href=\"https:\/\/checkpointsystems.com\/pl\/rozwiazania-rfid\/rfreshid\/\" \/>\n<meta property=\"og:locale\" content=\"en_US\" \/>\n<meta property=\"og:type\" content=\"article\" \/>\n<meta property=\"og:title\" content=\"rfreshid\" \/>\n<meta property=\"og:description\" content=\"Rozwi\u0105zanie RFreshID firmy Checkpoint Systems wykorzystuje technologi\u0119 RFID, pomagaj\u0105c sklepom w skutecznym zarz\u0105dzaniu \u015bwie\u017c\u0105 \u017cywno\u015bci\u0105.\" \/>\n<meta property=\"og:url\" content=\"https:\/\/checkpointsystems.com\/pl\/rozwiazania-rfid\/rfreshid\/\" \/>\n<meta property=\"og:site_name\" content=\"Checkpoint Systems - technologia dla bran\u017cy handlu detalicznego\" \/>\n<meta property=\"article:modified_time\" content=\"2023-05-12T10:06:18+00:00\" \/>\n<meta property=\"og:image\" content=\"https:\/\/checkpointsystems.com\/pl\/wp-content\/uploads\/sites\/22\/RFreshID-Menu-Image.png\" \/>\n\t<meta property=\"og:image:width\" content=\"800\" \/>\n\t<meta property=\"og:image:height\" content=\"800\" \/>\n\t<meta property=\"og:image:type\" content=\"image\/png\" \/>\n<meta name=\"twitter:card\" content=\"summary_large_image\" \/>\n<meta name=\"twitter:label1\" content=\"Est. reading time\" \/>\n\t<meta name=\"twitter:data1\" content=\"1 minute\" \/>\n<script type=\"application\/ld+json\" class=\"yoast-schema-graph\">{\"@context\":\"https:\\\/\\\/schema.org\",\"@graph\":[{\"@type\":\"WebPage\",\"@id\":\"https:\\\/\\\/checkpointsystems.com\\\/pl\\\/rozwiazania-rfid\\\/rfreshid\\\/\",\"url\":\"https:\\\/\\\/checkpointsystems.com\\\/pl\\\/rozwiazania-rfid\\\/rfreshid\\\/\",\"name\":\"rfreshid\",\"isPartOf\":{\"@id\":\"https:\\\/\\\/checkpointsystems.com\\\/pl\\\/#website\"},\"primaryImageOfPage\":{\"@id\":\"https:\\\/\\\/checkpointsystems.com\\\/pl\\\/rozwiazania-rfid\\\/rfreshid\\\/#primaryimage\"},\"image\":{\"@id\":\"https:\\\/\\\/checkpointsystems.com\\\/pl\\\/rozwiazania-rfid\\\/rfreshid\\\/#primaryimage\"},\"thumbnailUrl\":\"https:\\\/\\\/checkpointsystems.com\\\/pl\\\/wp-content\\\/uploads\\\/sites\\\/22\\\/RFreshID-Menu-Image.png\",\"datePublished\":\"2022-06-30T14:16:03+00:00\",\"dateModified\":\"2023-05-12T10:06:18+00:00\",\"description\":\"Rozwi\u0105zanie RFreshID firmy Checkpoint Systems wykorzystuje technologi\u0119 RFID, pomagaj\u0105c sklepom w skutecznym zarz\u0105dzaniu \u015bwie\u017c\u0105 \u017cywno\u015bci\u0105.\",\"breadcrumb\":{\"@id\":\"https:\\\/\\\/checkpointsystems.com\\\/pl\\\/rozwiazania-rfid\\\/rfreshid\\\/#breadcrumb\"},\"inLanguage\":\"en-US\",\"potentialAction\":[{\"@type\":\"ReadAction\",\"target\":[\"https:\\\/\\\/checkpointsystems.com\\\/pl\\\/rozwiazania-rfid\\\/rfreshid\\\/\"]}]},{\"@type\":\"ImageObject\",\"inLanguage\":\"en-US\",\"@id\":\"https:\\\/\\\/checkpointsystems.com\\\/pl\\\/rozwiazania-rfid\\\/rfreshid\\\/#primaryimage\",\"url\":\"https:\\\/\\\/checkpointsystems.com\\\/pl\\\/wp-content\\\/uploads\\\/sites\\\/22\\\/RFreshID-Menu-Image.png\",\"contentUrl\":\"https:\\\/\\\/checkpointsystems.com\\\/pl\\\/wp-content\\\/uploads\\\/sites\\\/22\\\/RFreshID-Menu-Image.png\",\"width\":800,\"height\":800,\"caption\":\"znakowanie rfid RFreshID\"},{\"@type\":\"BreadcrumbList\",\"@id\":\"https:\\\/\\\/checkpointsystems.com\\\/pl\\\/rozwiazania-rfid\\\/rfreshid\\\/#breadcrumb\",\"itemListElement\":[{\"@type\":\"ListItem\",\"position\":1,\"name\":\"Home\",\"item\":\"https:\\\/\\\/checkpointsystems.com\\\/pl\\\/\"},{\"@type\":\"ListItem\",\"position\":2,\"name\":\"Rozwi\u0105zania RFID\",\"item\":\"https:\\\/\\\/checkpointsystems.com\\\/pl\\\/rozwiazania-rfid\\\/\"},{\"@type\":\"ListItem\",\"position\":3,\"name\":\"RFreshID\"}]},{\"@type\":\"WebSite\",\"@id\":\"https:\\\/\\\/checkpointsystems.com\\\/pl\\\/#website\",\"url\":\"https:\\\/\\\/checkpointsystems.com\\\/pl\\\/\",\"name\":\"Checkpoint Systems - technologia dla bran\u017cy handlu detalicznego\",\"description\":\"Nowoczesna technologia dla bran\u017cy handlu detalicznego\",\"potentialAction\":[{\"@type\":\"SearchAction\",\"target\":{\"@type\":\"EntryPoint\",\"urlTemplate\":\"https:\\\/\\\/checkpointsystems.com\\\/pl\\\/?s={search_term_string}\"},\"query-input\":{\"@type\":\"PropertyValueSpecification\",\"valueRequired\":true,\"valueName\":\"search_term_string\"}}],\"inLanguage\":\"en-US\"}]}<\/script>\n<!-- \/ Yoast SEO plugin. -->","yoast_head_json":{"title":"rfreshid","description":"Rozwi\u0105zanie RFreshID firmy Checkpoint Systems wykorzystuje technologi\u0119 RFID, pomagaj\u0105c sklepom w skutecznym zarz\u0105dzaniu \u015bwie\u017c\u0105 \u017cywno\u015bci\u0105.","robots":{"index":"index","follow":"follow","max-snippet":"max-snippet:-1","max-image-preview":"max-image-preview:large","max-video-preview":"max-video-preview:-1"},"canonical":"https:\/\/checkpointsystems.com\/pl\/rozwiazania-rfid\/rfreshid\/","og_locale":"en_US","og_type":"article","og_title":"rfreshid","og_description":"Rozwi\u0105zanie RFreshID firmy Checkpoint Systems wykorzystuje technologi\u0119 RFID, pomagaj\u0105c sklepom w skutecznym zarz\u0105dzaniu \u015bwie\u017c\u0105 \u017cywno\u015bci\u0105.","og_url":"https:\/\/checkpointsystems.com\/pl\/rozwiazania-rfid\/rfreshid\/","og_site_name":"Checkpoint Systems - technologia dla bran\u017cy handlu detalicznego","article_modified_time":"2023-05-12T10:06:18+00:00","og_image":[{"width":800,"height":800,"url":"https:\/\/checkpointsystems.com\/pl\/wp-content\/uploads\/sites\/22\/RFreshID-Menu-Image.png","type":"image\/png"}],"twitter_card":"summary_large_image","twitter_misc":{"Est. reading time":"1 minute"},"schema":{"@context":"https:\/\/schema.org","@graph":[{"@type":"WebPage","@id":"https:\/\/checkpointsystems.com\/pl\/rozwiazania-rfid\/rfreshid\/","url":"https:\/\/checkpointsystems.com\/pl\/rozwiazania-rfid\/rfreshid\/","name":"rfreshid","isPartOf":{"@id":"https:\/\/checkpointsystems.com\/pl\/#website"},"primaryImageOfPage":{"@id":"https:\/\/checkpointsystems.com\/pl\/rozwiazania-rfid\/rfreshid\/#primaryimage"},"image":{"@id":"https:\/\/checkpointsystems.com\/pl\/rozwiazania-rfid\/rfreshid\/#primaryimage"},"thumbnailUrl":"https:\/\/checkpointsystems.com\/pl\/wp-content\/uploads\/sites\/22\/RFreshID-Menu-Image.png","datePublished":"2022-06-30T14:16:03+00:00","dateModified":"2023-05-12T10:06:18+00:00","description":"Rozwi\u0105zanie RFreshID firmy Checkpoint Systems wykorzystuje technologi\u0119 RFID, pomagaj\u0105c sklepom w skutecznym zarz\u0105dzaniu \u015bwie\u017c\u0105 \u017cywno\u015bci\u0105.","breadcrumb":{"@id":"https:\/\/checkpointsystems.com\/pl\/rozwiazania-rfid\/rfreshid\/#breadcrumb"},"inLanguage":"en-US","potentialAction":[{"@type":"ReadAction","target":["https:\/\/checkpointsystems.com\/pl\/rozwiazania-rfid\/rfreshid\/"]}]},{"@type":"ImageObject","inLanguage":"en-US","@id":"https:\/\/checkpointsystems.com\/pl\/rozwiazania-rfid\/rfreshid\/#primaryimage","url":"https:\/\/checkpointsystems.com\/pl\/wp-content\/uploads\/sites\/22\/RFreshID-Menu-Image.png","contentUrl":"https:\/\/checkpointsystems.com\/pl\/wp-content\/uploads\/sites\/22\/RFreshID-Menu-Image.png","width":800,"height":800,"caption":"znakowanie rfid RFreshID"},{"@type":"BreadcrumbList","@id":"https:\/\/checkpointsystems.com\/pl\/rozwiazania-rfid\/rfreshid\/#breadcrumb","itemListElement":[{"@type":"ListItem","position":1,"name":"Home","item":"https:\/\/checkpointsystems.com\/pl\/"},{"@type":"ListItem","position":2,"name":"Rozwi\u0105zania RFID","item":"https:\/\/checkpointsystems.com\/pl\/rozwiazania-rfid\/"},{"@type":"ListItem","position":3,"name":"RFreshID"}]},{"@type":"WebSite","@id":"https:\/\/checkpointsystems.com\/pl\/#website","url":"https:\/\/checkpointsystems.com\/pl\/","name":"Checkpoint Systems - technologia dla bran\u017cy handlu detalicznego","description":"Nowoczesna technologia dla bran\u017cy handlu detalicznego","potentialAction":[{"@type":"SearchAction","target":{"@type":"EntryPoint","urlTemplate":"https:\/\/checkpointsystems.com\/pl\/?s={search_term_string}"},"query-input":{"@type":"PropertyValueSpecification","valueRequired":true,"valueName":"search_term_string"}}],"inLanguage":"en-US"}]}},"_links":{"self":[{"href":"https:\/\/checkpointsystems.com\/pl\/wp-json\/wp\/v2\/pages\/1737","targetHints":{"allow":["GET"]}}],"collection":[{"href":"https:\/\/checkpointsystems.com\/pl\/wp-json\/wp\/v2\/pages"}],"about":[{"href":"https:\/\/checkpointsystems.com\/pl\/wp-json\/wp\/v2\/types\/page"}],"author":[{"embeddable":true,"href":"https:\/\/checkpointsystems.com\/pl\/wp-json\/wp\/v2\/users\/4"}],"replies":[{"embeddable":true,"href":"https:\/\/checkpointsystems.com\/pl\/wp-json\/wp\/v2\/comments?post=1737"}],"version-history":[{"count":0,"href":"https:\/\/checkpointsystems.com\/pl\/wp-json\/wp\/v2\/pages\/1737\/revisions"}],"up":[{"embeddable":true,"href":"https:\/\/checkpointsystems.com\/pl\/wp-json\/wp\/v2\/pages\/1592"}],"wp:featuredmedia":[{"embeddable":true,"href":"https:\/\/checkpointsystems.com\/pl\/wp-json\/wp\/v2\/media\/496"}],"wp:attachment":[{"href":"https:\/\/checkpointsystems.com\/pl\/wp-json\/wp\/v2\/media?parent=1737"}],"wp:term":[{"taxonomy":"category","embeddable":true,"href":"https:\/\/checkpointsystems.com\/pl\/wp-json\/wp\/v2\/categories?post=1737"},{"taxonomy":"post_tag","embeddable":true,"href":"https:\/\/checkpointsystems.com\/pl\/wp-json\/wp\/v2\/tags?post=1737"}],"curies":[{"name":"wp","href":"https:\/\/api.w.org\/{rel}","templated":true}]}}