{"id":8192,"date":"2026-01-07T13:37:39","date_gmt":"2026-01-07T19:37:39","guid":{"rendered":"https:\/\/checkpointsystems.com\/latam\/?page_id=8192"},"modified":"2026-01-07T13:54:33","modified_gmt":"2026-01-07T19:54:33","slug":"politica-de-privacidad-mexico","status":"publish","type":"page","link":"https:\/\/checkpointsystems.com\/latam\/politica-de-privacidad-mexico\/","title":{"rendered":"Pol\u00edtica de privacidad &#8211; M\u00e9xico"},"content":{"rendered":"<p><div class=\"fusion-fullwidth fullwidth-box fusion-builder-row-1 fusion-flex-container nonhundred-percent-fullwidth non-hundred-percent-height-scrolling\" style=\"--awb-border-radius-top-left:0px;--awb-border-radius-top-right:0px;--awb-border-radius-bottom-right:0px;--awb-border-radius-bottom-left:0px;--awb-padding-left:0px;--awb-min-height:350px;--awb-flex-wrap:wrap;\" ><div class=\"fusion-builder-row fusion-row fusion-flex-align-items-flex-start fusion-flex-content-wrap\" style=\"max-width:calc( 1200px + 0px );margin-left: calc(-0px \/ 2 );margin-right: calc(-0px \/ 2 );\"><div class=\"fusion-layout-column fusion_builder_column fusion-builder-column-0 fusion_builder_column_1_1 1_1 fusion-flex-column fusion-flex-align-self-flex-end\" style=\"--awb-padding-bottom:40px;--awb-bg-size:cover;--awb-width-large:100%;--awb-margin-top-large:0px;--awb-spacing-right-large:0px;--awb-margin-bottom-large:0px;--awb-spacing-left-large:0px;--awb-width-medium:100%;--awb-order-medium:0;--awb-spacing-right-medium:0px;--awb-spacing-left-medium:0px;--awb-width-small:100%;--awb-order-small:0;--awb-spacing-right-small:0px;--awb-spacing-left-small:0px;\"><div class=\"fusion-column-wrapper fusion-column-has-shadow fusion-flex-justify-content-flex-start fusion-content-layout-column\"><div class=\"fusion-title title fusion-title-1 fusion-sep-none fusion-title-text fusion-title-size-one\" style=\"--awb-text-color:var(--awb-color1);--awb-margin-top-small:0px;--awb-margin-bottom-small:20px;--awb-font-size:40px;\"><h1 class=\"fusion-title-heading title-heading-left fusion-responsive-typography-calculated\" style=\"font-family:&quot;Noto Sans&quot;;font-style:normal;font-weight:400;margin:0;font-size:1em;--fontSize:40;line-height:2.05;\">Pol\u00edtica de privacidad<\/h1><\/div><nav class=\"fusion-breadcrumbs awb-yoast-breadcrumbs fusion-breadcrumbs-1\" style=\"--awb-font-size:10;--awb-text-hover-color:var(--awb-color4);--awb-text-color:var(--awb-color3);--awb-breadcrumb-sep:&#039;\/&#039;;\" aria-label=\"Breadcrumb\"><span><span><a href=\"https:\/\/checkpointsystems.com\/latam\/\">Home<\/a><\/span><\/span><\/nav><\/div><\/div><\/div><\/div><div class=\"fusion-fullwidth fullwidth-box fusion-builder-row-2 fusion-flex-container has-pattern-background has-mask-background nonhundred-percent-fullwidth non-hundred-percent-height-scrolling\" style=\"--awb-border-radius-top-left:0px;--awb-border-radius-top-right:0px;--awb-border-radius-bottom-right:0px;--awb-border-radius-bottom-left:0px;--awb-flex-wrap:wrap;\" ><div class=\"fusion-builder-row fusion-row fusion-flex-align-items-flex-start fusion-flex-content-wrap\" style=\"max-width:calc( 1200px + 0px );margin-left: calc(-0px \/ 2 );margin-right: calc(-0px \/ 2 );\"><div class=\"fusion-layout-column fusion_builder_column fusion-builder-column-1 fusion_builder_column_1_1 1_1 fusion-flex-column\" style=\"--awb-bg-size:cover;--awb-width-large:100%;--awb-margin-top-large:0px;--awb-spacing-right-large:0px;--awb-margin-bottom-large:0px;--awb-spacing-left-large:0px;--awb-width-medium:100%;--awb-order-medium:0;--awb-spacing-right-medium:0px;--awb-spacing-left-medium:0px;--awb-width-small:100%;--awb-order-small:0;--awb-spacing-right-small:0px;--awb-spacing-left-small:0px;\"><div class=\"fusion-column-wrapper fusion-column-has-shadow fusion-flex-justify-content-flex-start fusion-content-layout-column\"><div class=\"fusion-text fusion-text-1\"><p><strong>RESPONSABLE DEL TRATAMIENTO<\/strong><\/p>\n<table width=\"547\">\n<tbody>\n<tr>\n<td width=\"225\">\n<p>Identidad:<\/p>\n<\/td>\n<td width=\"322\">\n<p>CHECKPOINT SYSTEMS M\u00c9XICO S.A DE C.V.<\/p>\n<\/td>\n<\/tr>\n<tr>\n<td width=\"225\">\n<p>RFC:<\/p>\n<\/td>\n<td width=\"322\">\n<p>CME930310S93<\/p>\n<\/td>\n<\/tr>\n<tr>\n<td width=\"225\">\n<p>Direcci\u00f3n postal:<\/p>\n<\/td>\n<td width=\"322\">\n<p>AV. MICHOACAN NO. 20 MODULO 21 RENOVACI\u00d3N IZTAPALAPA Ciudad de M\u00e9xico M\u00e9xico CP 09209<\/p>\n<\/td>\n<\/tr>\n<tr>\n<td width=\"225\">\n<p>Correo electr\u00f3nico:<\/p>\n<\/td>\n<td width=\"322\">\n<p><a href=\"mailto:%20contactomx@checkpt.com\">contactomx@checkpt.com<\/a><\/p>\n<\/td>\n<\/tr>\n<\/tbody>\n<\/table>\n<p><strong>FINALIDAD DEL TRATAMIENTO<\/strong><\/p>\n<p>En funci\u00f3n de lo que nos haya solicitado, los datos personales proporcionados ser\u00e1n tratados con las siguientes finalidades:<\/p>\n<ul>\n<li>(i) En caso de haber rellenado uno de nuestros formularios de contacto, trataremos sus datos para atender su solicitud.<\/li>\n<li>\u00a0<\/li>\n<\/ul>\n<ul>\n<li>(ii) En caso de habernos dado su consentimiento expreso, sus datos tambi\u00e9n podr\u00e1n ser tratados para enviarle informaci\u00f3n comercial por v\u00eda electr\u00f3nica o no electr\u00f3nica, relacionada con los productos y servicios de CHECKPOINT.<\/li>\n<li>\u00a0<\/li>\n<\/ul>\n<ul>\n<li>(iii) En caso de haberse registrado en nuestro portal CheckNET para realizar compras con nosotros, recopilaremos su informaci\u00f3n de contacto (nombre, n\u00famero de tel\u00e9fono y direcci\u00f3n de correo electr\u00f3nico) para entregarle productos y servicios y para crear y mantener su cuenta.<\/li>\n<li>\u00a0<\/li>\n<li>(iv) En caso de haber solicitado un trabajo con nosotros, vamos a procesar su informaci\u00f3n para evaluar si usted es un candidato calificado para un puesto vacante como parte de su solicitud para una oferta de trabajo.<\/li>\n<\/ul>\n<p>Los datos personales proporcionados se conservar\u00e1n mientras no se solicite su supresi\u00f3n por el interesado o durante el tiempo necesario para cumplir con las obligaciones legales.<\/p>\n<p><strong>LEGITIMACI\u00d3N DEL TRATAMIENTO<\/strong><\/p>\n<p>En caso de haber rellenado uno de nuestros formularios, la base legal para el tratamiento de los datos es la legitimaci\u00f3n por consentimiento del interesado.<\/p>\n<p>En caso de que haya solicitado una vacante con nosotros o se haya registrado en nuestro portal CheckNet, la base legal para el tratamiento de los datos es el inter\u00e9s leg\u00edtimo para cumplir con dichos prop\u00f3sitos.<\/p>\n<p><strong>DESTINATARIOS DE CESIONES O TRANSFERENCIAS<\/strong><\/p>\n<p>CHECKPOINT puede transferir datos personales a otros miembros de su grupo corporativo.\u00a0 En este caso:<\/p>\n<ol>\n<li>1. confiaremos en nuestros intereses leg\u00edtimos y\/o en los de nuestros miembros corporativos para hacerlo; y<\/li>\n<li>2. los miembros pertinentes le proporcionar\u00e1n informaci\u00f3n sobre c\u00f3mo utilizar\u00e1n sus datos.<\/li>\n<\/ol>\n<p>Aparte de esto, CHECKPOINT no transfiere los datos personales recopilados a terceros, ya sea dentro o fuera de la UE.<\/p>\n<p><strong>DERECHOS DE LAS PERSONAS INTERESADAS<\/strong><\/p>\n<p>Cualquier persona tiene derecho a obtener confirmaci\u00f3n sobre si en CHECKPOINT se tratan datos personales que le conciernan, o no.<\/p>\n<p>Por otro lado, cualquier interesado podr\u00e1 solicitar el ejercicio de los siguientes derechos ante CHECKPOINT enviando un escrito a la direcci\u00f3n electr\u00f3nica o postal indicadas en el encabezamiento:<\/p>\n<ul>\n<li><strong>Derecho de acceso:<\/strong>\u00a0permite al interesado conocer y obtener informaci\u00f3n sobre sus datos de car\u00e1cter personal sometidos a tratamiento.<\/li>\n<li><strong>Derecho de rectificaci\u00f3n o supresi\u00f3n:<\/strong>\u00a0permite corregir errores, modificar los datos que resulten ser inexactos o incompletos y garantizar la certeza de la informaci\u00f3n objeto del tratamiento.<\/li>\n<li><strong>Derecho de cancelaci\u00f3n:<\/strong>\u00a0permite que se supriman los datos que resulten ser inadecuados o excesivos.<\/li>\n<li><strong>Derecho de oposici\u00f3n:<\/strong>\u00a0derecho del interesado a que no se lleve a cabo el tratamiento de sus datos de car\u00e1cter personal o se cese en el mismo.<\/li>\n<li><strong>Limitaci\u00f3n del tratamiento:<\/strong>\u00a0conlleva el marcado de los datos personales conservados, con la finalidad de limitar su futuro tratamiento.<\/li>\n<li><strong>Portabilidad de los datos:<\/strong>\u00a0facilitaci\u00f3n de los datos objeto de tratamiento al interesado, a fin de que \u00e9ste pueda transmitirlos a otro responsable, sin impedimentos.<\/li>\n<li><strong>Derecho a no ser objeto de decisiones individuales automatizadas<\/strong>\u00a0<strong>(incluida la elaboraci\u00f3n de perfiles):\u00a0<\/strong>derecho a no ser objeto de una decisi\u00f3n basada en el tratamiento automatizado que produzca efectos o afecte significativamente.<\/li>\n<\/ul>\n<p>El interesado puede, en cualquier momento, revocar el consentimiento previamente otorgado para usar sus datos. En el caso de que revoque el consentimiento para almacenar y procesas sus datos, CHECKPOINT no podr\u00e1 proporcionarle determinados servicios.<\/p>\n<\/div><\/div><\/div><\/div><\/div><\/p>\n","protected":false},"excerpt":{"rendered":"","protected":false},"author":5,"featured_media":0,"parent":0,"menu_order":0,"comment_status":"closed","ping_status":"closed","template":"","meta":{"footnotes":""},"categories":[],"tags":[],"class_list":["post-8192","page","type-page","status-publish","hentry"],"yoast_head":"<!-- This site is optimized with the Yoast SEO plugin v27.3 - https:\/\/yoast.com\/product\/yoast-seo-wordpress\/ -->\n<title>Pol\u00edtica de privacidad - M\u00e9xico - Checkpoint Systems Latam<\/title>\n<meta name=\"robots\" content=\"index, follow, max-snippet:-1, max-image-preview:large, max-video-preview:-1\" \/>\n<link rel=\"canonical\" href=\"https:\/\/checkpointsystems.com\/latam\/politica-de-privacidad-mexico\/\" \/>\n<meta property=\"og:locale\" content=\"es_ES\" \/>\n<meta property=\"og:type\" content=\"article\" \/>\n<meta property=\"og:title\" content=\"Pol\u00edtica de privacidad - M\u00e9xico - Checkpoint Systems Latam\" \/>\n<meta property=\"og:url\" content=\"https:\/\/checkpointsystems.com\/latam\/politica-de-privacidad-mexico\/\" \/>\n<meta property=\"og:site_name\" content=\"Checkpoint Systems Latam\" \/>\n<meta property=\"article:modified_time\" content=\"2026-01-07T19:54:33+00:00\" \/>\n<meta name=\"twitter:card\" content=\"summary_large_image\" \/>\n<meta name=\"twitter:label1\" content=\"Tiempo de lectura\" \/>\n\t<meta name=\"twitter:data1\" content=\"3 minutos\" \/>\n<script type=\"application\/ld+json\" class=\"yoast-schema-graph\">{\"@context\":\"https:\\\/\\\/schema.org\",\"@graph\":[{\"@type\":\"WebPage\",\"@id\":\"https:\\\/\\\/checkpointsystems.com\\\/latam\\\/politica-de-privacidad-mexico\\\/\",\"url\":\"https:\\\/\\\/checkpointsystems.com\\\/latam\\\/politica-de-privacidad-mexico\\\/\",\"name\":\"Pol\u00edtica de privacidad - M\u00e9xico - Checkpoint Systems Latam\",\"isPartOf\":{\"@id\":\"https:\\\/\\\/checkpointsystems.com\\\/latam\\\/#website\"},\"datePublished\":\"2026-01-07T19:37:39+00:00\",\"dateModified\":\"2026-01-07T19:54:33+00:00\",\"breadcrumb\":{\"@id\":\"https:\\\/\\\/checkpointsystems.com\\\/latam\\\/politica-de-privacidad-mexico\\\/#breadcrumb\"},\"inLanguage\":\"es\",\"potentialAction\":[{\"@type\":\"ReadAction\",\"target\":[\"https:\\\/\\\/checkpointsystems.com\\\/latam\\\/politica-de-privacidad-mexico\\\/\"]}]},{\"@type\":\"BreadcrumbList\",\"@id\":\"https:\\\/\\\/checkpointsystems.com\\\/latam\\\/politica-de-privacidad-mexico\\\/#breadcrumb\",\"itemListElement\":[{\"@type\":\"ListItem\",\"position\":1,\"name\":\"Home\",\"item\":\"https:\\\/\\\/checkpointsystems.com\\\/latam\\\/\"},{\"@type\":\"ListItem\",\"position\":2,\"name\":\"Pol\u00edtica de privacidad &#8211; M\u00e9xico\"}]},{\"@type\":\"WebSite\",\"@id\":\"https:\\\/\\\/checkpointsystems.com\\\/latam\\\/#website\",\"url\":\"https:\\\/\\\/checkpointsystems.com\\\/latam\\\/\",\"name\":\"Checkpoint Systems Latam\",\"description\":\"Fabricante de Etiquetas, Software y Hardware de Seguridad\",\"potentialAction\":[{\"@type\":\"SearchAction\",\"target\":{\"@type\":\"EntryPoint\",\"urlTemplate\":\"https:\\\/\\\/checkpointsystems.com\\\/latam\\\/?s={search_term_string}\"},\"query-input\":{\"@type\":\"PropertyValueSpecification\",\"valueRequired\":true,\"valueName\":\"search_term_string\"}}],\"inLanguage\":\"es\"}]}<\/script>\n<!-- \/ Yoast SEO plugin. -->","yoast_head_json":{"title":"Pol\u00edtica de privacidad - M\u00e9xico - Checkpoint Systems Latam","robots":{"index":"index","follow":"follow","max-snippet":"max-snippet:-1","max-image-preview":"max-image-preview:large","max-video-preview":"max-video-preview:-1"},"canonical":"https:\/\/checkpointsystems.com\/latam\/politica-de-privacidad-mexico\/","og_locale":"es_ES","og_type":"article","og_title":"Pol\u00edtica de privacidad - M\u00e9xico - Checkpoint Systems Latam","og_url":"https:\/\/checkpointsystems.com\/latam\/politica-de-privacidad-mexico\/","og_site_name":"Checkpoint Systems Latam","article_modified_time":"2026-01-07T19:54:33+00:00","twitter_card":"summary_large_image","twitter_misc":{"Tiempo de lectura":"3 minutos"},"schema":{"@context":"https:\/\/schema.org","@graph":[{"@type":"WebPage","@id":"https:\/\/checkpointsystems.com\/latam\/politica-de-privacidad-mexico\/","url":"https:\/\/checkpointsystems.com\/latam\/politica-de-privacidad-mexico\/","name":"Pol\u00edtica de privacidad - M\u00e9xico - Checkpoint Systems Latam","isPartOf":{"@id":"https:\/\/checkpointsystems.com\/latam\/#website"},"datePublished":"2026-01-07T19:37:39+00:00","dateModified":"2026-01-07T19:54:33+00:00","breadcrumb":{"@id":"https:\/\/checkpointsystems.com\/latam\/politica-de-privacidad-mexico\/#breadcrumb"},"inLanguage":"es","potentialAction":[{"@type":"ReadAction","target":["https:\/\/checkpointsystems.com\/latam\/politica-de-privacidad-mexico\/"]}]},{"@type":"BreadcrumbList","@id":"https:\/\/checkpointsystems.com\/latam\/politica-de-privacidad-mexico\/#breadcrumb","itemListElement":[{"@type":"ListItem","position":1,"name":"Home","item":"https:\/\/checkpointsystems.com\/latam\/"},{"@type":"ListItem","position":2,"name":"Pol\u00edtica de privacidad &#8211; M\u00e9xico"}]},{"@type":"WebSite","@id":"https:\/\/checkpointsystems.com\/latam\/#website","url":"https:\/\/checkpointsystems.com\/latam\/","name":"Checkpoint Systems Latam","description":"Fabricante de Etiquetas, Software y Hardware de Seguridad","potentialAction":[{"@type":"SearchAction","target":{"@type":"EntryPoint","urlTemplate":"https:\/\/checkpointsystems.com\/latam\/?s={search_term_string}"},"query-input":{"@type":"PropertyValueSpecification","valueRequired":true,"valueName":"search_term_string"}}],"inLanguage":"es"}]}},"_links":{"self":[{"href":"https:\/\/checkpointsystems.com\/latam\/wp-json\/wp\/v2\/pages\/8192","targetHints":{"allow":["GET"]}}],"collection":[{"href":"https:\/\/checkpointsystems.com\/latam\/wp-json\/wp\/v2\/pages"}],"about":[{"href":"https:\/\/checkpointsystems.com\/latam\/wp-json\/wp\/v2\/types\/page"}],"author":[{"embeddable":true,"href":"https:\/\/checkpointsystems.com\/latam\/wp-json\/wp\/v2\/users\/5"}],"replies":[{"embeddable":true,"href":"https:\/\/checkpointsystems.com\/latam\/wp-json\/wp\/v2\/comments?post=8192"}],"version-history":[{"count":0,"href":"https:\/\/checkpointsystems.com\/latam\/wp-json\/wp\/v2\/pages\/8192\/revisions"}],"wp:attachment":[{"href":"https:\/\/checkpointsystems.com\/latam\/wp-json\/wp\/v2\/media?parent=8192"}],"wp:term":[{"taxonomy":"category","embeddable":true,"href":"https:\/\/checkpointsystems.com\/latam\/wp-json\/wp\/v2\/categories?post=8192"},{"taxonomy":"post_tag","embeddable":true,"href":"https:\/\/checkpointsystems.com\/latam\/wp-json\/wp\/v2\/tags?post=8192"}],"curies":[{"name":"wp","href":"https:\/\/api.w.org\/{rel}","templated":true}]}}