{"id":8146,"date":"2025-07-31T05:34:27","date_gmt":"2025-07-31T11:34:27","guid":{"rendered":"https:\/\/checkpointsystems.com\/latam\/?page_id=8146"},"modified":"2025-07-31T06:15:03","modified_gmt":"2025-07-31T12:15:03","slug":"informacion-de-contacto-latam","status":"publish","type":"page","link":"https:\/\/checkpointsystems.com\/latam\/informacion-de-contacto-latam\/","title":{"rendered":"Informaci\u00f3n de contacto LATAM"},"content":{"rendered":"<div class=\"fusion-fullwidth fullwidth-box fusion-builder-row-1 fusion-flex-container has-pattern-background has-mask-background nonhundred-percent-fullwidth non-hundred-percent-height-scrolling\" style=\"--awb-border-radius-top-left:0px;--awb-border-radius-top-right:0px;--awb-border-radius-bottom-right:0px;--awb-border-radius-bottom-left:0px;--awb-flex-wrap:wrap;\" ><div class=\"fusion-builder-row fusion-row fusion-flex-align-items-flex-start fusion-flex-content-wrap\" style=\"max-width:calc( 1200px + 0px );margin-left: calc(-0px \/ 2 );margin-right: calc(-0px \/ 2 );\"><div class=\"fusion-layout-column fusion_builder_column fusion-builder-column-0 fusion_builder_column_1_1 1_1 fusion-flex-column\" style=\"--awb-bg-size:cover;--awb-width-large:100%;--awb-margin-top-large:0px;--awb-spacing-right-large:0px;--awb-margin-bottom-large:0px;--awb-spacing-left-large:0px;--awb-width-medium:100%;--awb-order-medium:0;--awb-spacing-right-medium:0px;--awb-spacing-left-medium:0px;--awb-width-small:100%;--awb-order-small:0;--awb-spacing-right-small:0px;--awb-spacing-left-small:0px;\"><div class=\"fusion-column-wrapper fusion-column-has-shadow fusion-flex-justify-content-flex-start fusion-content-layout-column\"><div class=\"accordian fusion-accordian\" style=\"margin-top:50px;--awb-margin-top:50px;--awb-border-size:1px;--awb-icon-size:16px;--awb-content-font-size:var(--awb-typography4-font-size);--awb-icon-alignment:right;--awb-hover-color:#f9f9fb;--awb-border-color:#e2e2e2;--awb-background-color:#ffffff;--awb-divider-color:var(--awb-color6);--awb-divider-hover-color:var(--awb-color3);--awb-icon-color:#ffffff;--awb-title-color:#ffffff;--awb-content-color:#ffffff;--awb-icon-box-color:#212934;--awb-toggle-hover-accent-color:var(--awb-color6);--awb-toggle-active-accent-color:#ffffff;--awb-title-font-family:&quot;JANO SANS PRO REGULAR&quot;;--awb-title-font-weight:400;--awb-title-font-style:normal;--awb-title-font-size:var(--awb-typography1-font-size);--awb-content-font-family:&quot;JANO SANS PRO LIGHT&quot;;--awb-content-font-style:normal;--awb-content-font-weight:400;\"><div class=\"panel-group fusion-toggle-icon-right fusion-toggle-icon-boxed\" id=\"accordion-8146-1\"><div class=\"fusion-panel panel-default panel-a7d142bd1188979e0 fusion-toggle-has-divider\" style=\"--awb-content-font-size:20px;--awb-content-font-family:&quot;JANO SANS PRO LIGHT&quot;;--awb-content-font-style:normal;--awb-content-font-weight:400;--awb-title-font-family:&quot;JANO SANS PRO REGULAR&quot;;--awb-title-font-weight:400;--awb-title-font-style:normal;--awb-title-font-size:25px;--awb-title-color:#ffffff;--awb-content-color:#ffffff;\"><div class=\"panel-heading\"><h4 class=\"panel-title toggle\" id=\"toggle_a7d142bd1188979e0\"><a aria-expanded=\"false\" aria-controls=\"a7d142bd1188979e0\" role=\"button\" data-toggle=\"collapse\" data-parent=\"#accordion-8146-1\" data-target=\"#a7d142bd1188979e0\" href=\"#a7d142bd1188979e0\"><span class=\"fusion-toggle-icon-wrapper\" aria-hidden=\"true\"><i class=\"fa-fusion-box active-icon fa-angle-double-up fas\" aria-hidden=\"true\"><\/i><i class=\"fa-fusion-box inactive-icon fa-angle-double-down fas\" aria-hidden=\"true\"><\/i><\/span><span class=\"fusion-toggle-heading\">Oficinas en M\u00e9xico<\/span><\/a><\/h4><\/div><div id=\"a7d142bd1188979e0\" class=\"panel-collapse collapse \" aria-labelledby=\"toggle_a7d142bd1188979e0\"><div class=\"panel-body toggle-content fusion-clearfix\"><i class=\"fontawesome-icon fa-map-marker-alt fas circle-yes\" style=\"border-color: #212934; border-width: 0px; background-color: var(--awb-color2); box-sizing: content-box; height: 20px; width: 20px; margin: 7px; font-size: 20px;\" aria-hidden=\"true\"><\/i> <\/p>\n<p> Av. Michoac\u00e1n 20,M\u00f3dulo 21, Col. Renovaci\u00f3n, Iztapalapa, C.P. 09209, CDMX, Parque Industrial FINSA<\/p>\n<p><i class=\"fontawesome-icon fa-phone fas circle-yes\" style=\"border-color: #212934; border-width: 0px; background-color: var(--awb-color2); box-sizing: content-box; height: 20px; width: 20px; margin: 7px; font-size: 20px;\" aria-hidden=\"true\"><\/i> <\/p>\n<p><a href=\"tel:+525551485835\"> +52 55 51 48 58 35<\/a><\/p>\n<p><i class=\"fontawesome-icon fa-envelope fas circle-yes\" style=\"border-color: #212934; border-width: 0px; background-color: var(--awb-color2); box-sizing: content-box; height: 20px; width: 20px; margin: 7px; font-size: 20px;\" aria-hidden=\"true\"><\/i><\/p>\n<p><a class=\"mailto\" href=\"mailto:contactomx@checkpt.com\">contactomx@checkpt.com<\/a><\/p>\n<\/div><\/div><\/div><div class=\"fusion-panel panel-default panel-a3eb900c49235bc26 fusion-toggle-has-divider\" style=\"--awb-content-font-size:20px;--awb-content-font-family:&quot;JANO SANS PRO LIGHT&quot;;--awb-content-font-style:normal;--awb-content-font-weight:400;--awb-title-font-family:&quot;JANO SANS PRO REGULAR&quot;;--awb-title-font-weight:400;--awb-title-font-style:normal;--awb-title-font-size:25px;--awb-title-color:#ffffff;--awb-content-color:#ffffff;\"><div class=\"panel-heading\"><h4 class=\"panel-title toggle\" id=\"toggle_a3eb900c49235bc26\"><a aria-expanded=\"false\" aria-controls=\"a3eb900c49235bc26\" role=\"button\" data-toggle=\"collapse\" data-parent=\"#accordion-8146-1\" data-target=\"#a3eb900c49235bc26\" href=\"#a3eb900c49235bc26\"><span class=\"fusion-toggle-icon-wrapper\" aria-hidden=\"true\"><i class=\"fa-fusion-box active-icon fa-angle-double-up fas\" aria-hidden=\"true\"><\/i><i class=\"fa-fusion-box inactive-icon fa-angle-double-down fas\" aria-hidden=\"true\"><\/i><\/span><span class=\"fusion-toggle-heading\">Oficinas en Argentina<\/span><\/a><\/h4><\/div><div id=\"a3eb900c49235bc26\" class=\"panel-collapse collapse \" aria-labelledby=\"toggle_a3eb900c49235bc26\"><div class=\"panel-body toggle-content fusion-clearfix\"><i class=\"fontawesome-icon fa-map-marker-alt fas circle-yes\" style=\"border-color: #212934; border-width: 0px; background-color: var(--awb-color2); box-sizing: content-box; height: 20px; width: 20px; margin: 7px; font-size: 20px;\" aria-hidden=\"true\"><\/i> <\/p>\n<p>Costa Rica 5379 Tortuguitas, Buenos Aires \u2013 Argentina CP 1667<\/p>\n<p><i class=\"fontawesome-icon fa-phone fas circle-yes\" style=\"border-color: #212934; border-width: 0px; background-color: var(--awb-color2); box-sizing: content-box; height: 20px; width: 20px; margin: 7px; font-size: 20px;\" aria-hidden=\"true\"><\/i> <\/p>\n<p><a href=\"tel:+5491154258665\"> +54 911 542 586 65<\/a><\/p>\n<p><i class=\"fontawesome-icon fa-envelope fas circle-yes\" style=\"border-color: #212934; border-width: 0px; background-color: var(--awb-color2); box-sizing: content-box; height: 20px; width: 20px; margin: 7px; font-size: 20px;\" aria-hidden=\"true\"><\/i> <\/p>\n<p><a class=\"mailto\" href=\"mailto:ventas@checkpt.com.ar\"> ventas@checkpt.com.ar<\/a><\/p>\n<p><i class=\"fontawesome-icon fa-envelope fas circle-yes\" style=\"border-color: #212934; border-width: 0px; background-color: var(--awb-color2); box-sizing: content-box; height: 20px; width: 20px; margin: 7px; font-size: 20px;\" aria-hidden=\"true\"><\/i> <\/p>\n<p>Tecnica: <a href=\"mailto:tecnica@checkpt.com.ar\"> tecnica@checkpt.com.ar<\/a><\/p>\n<\/div><\/div><\/div><div class=\"fusion-panel panel-default panel-a9f1fc78d04c645b2 fusion-toggle-has-divider\" style=\"--awb-content-font-size:20px;--awb-content-font-family:&quot;JANO SANS PRO LIGHT&quot;;--awb-content-font-style:normal;--awb-content-font-weight:400;--awb-title-font-family:&quot;JANO SANS PRO REGULAR&quot;;--awb-title-font-weight:400;--awb-title-font-style:normal;--awb-title-font-size:25px;--awb-title-color:#ffffff;--awb-content-color:#ffffff;\"><div class=\"panel-heading\"><h4 class=\"panel-title toggle\" id=\"toggle_a9f1fc78d04c645b2\"><a aria-expanded=\"false\" aria-controls=\"a9f1fc78d04c645b2\" role=\"button\" data-toggle=\"collapse\" data-parent=\"#accordion-8146-1\" data-target=\"#a9f1fc78d04c645b2\" href=\"#a9f1fc78d04c645b2\"><span class=\"fusion-toggle-icon-wrapper\" aria-hidden=\"true\"><i class=\"fa-fusion-box active-icon fa-angle-double-up fas\" aria-hidden=\"true\"><\/i><i class=\"fa-fusion-box inactive-icon fa-angle-double-down fas\" aria-hidden=\"true\"><\/i><\/span><span class=\"fusion-toggle-heading\">Oficinas en Chile<\/span><\/a><\/h4><\/div><div id=\"a9f1fc78d04c645b2\" class=\"panel-collapse collapse \" aria-labelledby=\"toggle_a9f1fc78d04c645b2\"><div class=\"panel-body toggle-content fusion-clearfix\"><i class=\"fontawesome-icon fa-map-marker-alt fas circle-yes\" style=\"border-color: #212934; border-width: 0px; background-color: var(--awb-color2); box-sizing: content-box; height: 20px; width: 20px; margin: 7px; font-size: 20px;\" aria-hidden=\"true\"><\/i> <\/p>\n<p>Panamericana Nte. 5369, Conchal\u00ed \u2013 Santiago CP 8540000<\/p>\n<p><i class=\"fontawesome-icon fa-phone fas circle-yes\" style=\"border-color: #212934; border-width: 0px; background-color: var(--awb-color2); box-sizing: content-box; height: 20px; width: 20px; margin: 7px; font-size: 20px;\" aria-hidden=\"true\"><\/i> <\/p>\n<p><a href=\"tel:+56225815100\"> +56 22 581 51 00<\/a><\/p>\n<p><i class=\"fontawesome-icon fa-envelope fas circle-yes\" style=\"border-color: #212934; border-width: 0px; background-color: var(--awb-color2); box-sizing: content-box; height: 20px; width: 20px; margin: 7px; font-size: 20px;\" aria-hidden=\"true\"><\/i> <\/p>\n<p><a class=\"mailto\" href=\"mailto:hableconckp@cclindsa.com\"> hableconckp@cclindsa.com<\/a><\/p>\n<\/div><\/div><\/div><\/div><\/div><\/div><\/div><\/div><\/div>\n","protected":false},"excerpt":{"rendered":"","protected":false},"author":5,"featured_media":0,"parent":0,"menu_order":0,"comment_status":"closed","ping_status":"closed","template":"100-width.php","meta":{"footnotes":""},"categories":[],"tags":[],"class_list":["post-8146","page","type-page","status-publish","hentry"],"yoast_head":"<!-- This site is optimized with the Yoast SEO plugin v27.5 - https:\/\/yoast.com\/product\/yoast-seo-wordpress\/ -->\n<title>Informaci\u00f3n de contacto LATAM - Checkpoint Systems Latam<\/title>\n<meta name=\"robots\" content=\"index, follow, max-snippet:-1, max-image-preview:large, max-video-preview:-1\" \/>\n<link rel=\"canonical\" href=\"https:\/\/checkpointsystems.com\/latam\/informacion-de-contacto-latam\/\" \/>\n<meta property=\"og:locale\" content=\"es_ES\" \/>\n<meta property=\"og:type\" content=\"article\" \/>\n<meta property=\"og:title\" content=\"Informaci\u00f3n de contacto LATAM - Checkpoint Systems Latam\" \/>\n<meta property=\"og:url\" content=\"https:\/\/checkpointsystems.com\/latam\/informacion-de-contacto-latam\/\" \/>\n<meta property=\"og:site_name\" content=\"Checkpoint Systems Latam\" \/>\n<meta property=\"article:modified_time\" content=\"2025-07-31T12:15:03+00:00\" \/>\n<meta name=\"twitter:card\" content=\"summary_large_image\" \/>\n<meta name=\"twitter:label1\" content=\"Tiempo de lectura\" \/>\n\t<meta name=\"twitter:data1\" content=\"1 minuto\" \/>\n<script type=\"application\/ld+json\" class=\"yoast-schema-graph\">{\"@context\":\"https:\\\/\\\/schema.org\",\"@graph\":[{\"@type\":\"WebPage\",\"@id\":\"https:\\\/\\\/checkpointsystems.com\\\/latam\\\/informacion-de-contacto-latam\\\/\",\"url\":\"https:\\\/\\\/checkpointsystems.com\\\/latam\\\/informacion-de-contacto-latam\\\/\",\"name\":\"Informaci\u00f3n de contacto LATAM - Checkpoint Systems Latam\",\"isPartOf\":{\"@id\":\"https:\\\/\\\/checkpointsystems.com\\\/latam\\\/#website\"},\"datePublished\":\"2025-07-31T11:34:27+00:00\",\"dateModified\":\"2025-07-31T12:15:03+00:00\",\"breadcrumb\":{\"@id\":\"https:\\\/\\\/checkpointsystems.com\\\/latam\\\/informacion-de-contacto-latam\\\/#breadcrumb\"},\"inLanguage\":\"es\",\"potentialAction\":[{\"@type\":\"ReadAction\",\"target\":[\"https:\\\/\\\/checkpointsystems.com\\\/latam\\\/informacion-de-contacto-latam\\\/\"]}]},{\"@type\":\"BreadcrumbList\",\"@id\":\"https:\\\/\\\/checkpointsystems.com\\\/latam\\\/informacion-de-contacto-latam\\\/#breadcrumb\",\"itemListElement\":[{\"@type\":\"ListItem\",\"position\":1,\"name\":\"Home\",\"item\":\"https:\\\/\\\/checkpointsystems.com\\\/latam\\\/\"},{\"@type\":\"ListItem\",\"position\":2,\"name\":\"Informaci\u00f3n de contacto LATAM\"}]},{\"@type\":\"WebSite\",\"@id\":\"https:\\\/\\\/checkpointsystems.com\\\/latam\\\/#website\",\"url\":\"https:\\\/\\\/checkpointsystems.com\\\/latam\\\/\",\"name\":\"Checkpoint Systems Latam\",\"description\":\"Fabricante de Etiquetas, Software y Hardware de Seguridad\",\"potentialAction\":[{\"@type\":\"SearchAction\",\"target\":{\"@type\":\"EntryPoint\",\"urlTemplate\":\"https:\\\/\\\/checkpointsystems.com\\\/latam\\\/?s={search_term_string}\"},\"query-input\":{\"@type\":\"PropertyValueSpecification\",\"valueRequired\":true,\"valueName\":\"search_term_string\"}}],\"inLanguage\":\"es\"}]}<\/script>\n<!-- \/ Yoast SEO plugin. -->","yoast_head_json":{"title":"Informaci\u00f3n de contacto LATAM - Checkpoint Systems Latam","robots":{"index":"index","follow":"follow","max-snippet":"max-snippet:-1","max-image-preview":"max-image-preview:large","max-video-preview":"max-video-preview:-1"},"canonical":"https:\/\/checkpointsystems.com\/latam\/informacion-de-contacto-latam\/","og_locale":"es_ES","og_type":"article","og_title":"Informaci\u00f3n de contacto LATAM - Checkpoint Systems Latam","og_url":"https:\/\/checkpointsystems.com\/latam\/informacion-de-contacto-latam\/","og_site_name":"Checkpoint Systems Latam","article_modified_time":"2025-07-31T12:15:03+00:00","twitter_card":"summary_large_image","twitter_misc":{"Tiempo de lectura":"1 minuto"},"schema":{"@context":"https:\/\/schema.org","@graph":[{"@type":"WebPage","@id":"https:\/\/checkpointsystems.com\/latam\/informacion-de-contacto-latam\/","url":"https:\/\/checkpointsystems.com\/latam\/informacion-de-contacto-latam\/","name":"Informaci\u00f3n de contacto LATAM - Checkpoint Systems Latam","isPartOf":{"@id":"https:\/\/checkpointsystems.com\/latam\/#website"},"datePublished":"2025-07-31T11:34:27+00:00","dateModified":"2025-07-31T12:15:03+00:00","breadcrumb":{"@id":"https:\/\/checkpointsystems.com\/latam\/informacion-de-contacto-latam\/#breadcrumb"},"inLanguage":"es","potentialAction":[{"@type":"ReadAction","target":["https:\/\/checkpointsystems.com\/latam\/informacion-de-contacto-latam\/"]}]},{"@type":"BreadcrumbList","@id":"https:\/\/checkpointsystems.com\/latam\/informacion-de-contacto-latam\/#breadcrumb","itemListElement":[{"@type":"ListItem","position":1,"name":"Home","item":"https:\/\/checkpointsystems.com\/latam\/"},{"@type":"ListItem","position":2,"name":"Informaci\u00f3n de contacto LATAM"}]},{"@type":"WebSite","@id":"https:\/\/checkpointsystems.com\/latam\/#website","url":"https:\/\/checkpointsystems.com\/latam\/","name":"Checkpoint Systems Latam","description":"Fabricante de Etiquetas, Software y Hardware de Seguridad","potentialAction":[{"@type":"SearchAction","target":{"@type":"EntryPoint","urlTemplate":"https:\/\/checkpointsystems.com\/latam\/?s={search_term_string}"},"query-input":{"@type":"PropertyValueSpecification","valueRequired":true,"valueName":"search_term_string"}}],"inLanguage":"es"}]}},"_links":{"self":[{"href":"https:\/\/checkpointsystems.com\/latam\/wp-json\/wp\/v2\/pages\/8146","targetHints":{"allow":["GET"]}}],"collection":[{"href":"https:\/\/checkpointsystems.com\/latam\/wp-json\/wp\/v2\/pages"}],"about":[{"href":"https:\/\/checkpointsystems.com\/latam\/wp-json\/wp\/v2\/types\/page"}],"author":[{"embeddable":true,"href":"https:\/\/checkpointsystems.com\/latam\/wp-json\/wp\/v2\/users\/5"}],"replies":[{"embeddable":true,"href":"https:\/\/checkpointsystems.com\/latam\/wp-json\/wp\/v2\/comments?post=8146"}],"version-history":[{"count":0,"href":"https:\/\/checkpointsystems.com\/latam\/wp-json\/wp\/v2\/pages\/8146\/revisions"}],"wp:attachment":[{"href":"https:\/\/checkpointsystems.com\/latam\/wp-json\/wp\/v2\/media?parent=8146"}],"wp:term":[{"taxonomy":"category","embeddable":true,"href":"https:\/\/checkpointsystems.com\/latam\/wp-json\/wp\/v2\/categories?post=8146"},{"taxonomy":"post_tag","embeddable":true,"href":"https:\/\/checkpointsystems.com\/latam\/wp-json\/wp\/v2\/tags?post=8146"}],"curies":[{"name":"wp","href":"https:\/\/api.w.org\/{rel}","templated":true}]}}