{"id":2781,"date":"2022-07-16T20:22:18","date_gmt":"2022-07-16T19:22:18","guid":{"rendered":"https:\/\/checkpointsstg.wpengine.com\/mx\/?page_id=2781"},"modified":"2022-07-16T20:22:18","modified_gmt":"2022-07-16T19:22:18","slug":"aviso-legal","status":"publish","type":"page","link":"https:\/\/checkpointsystems.com\/latam\/aviso-legal\/","title":{"rendered":"Aviso legal"},"content":{"rendered":"<p><div class=\"fusion-fullwidth fullwidth-box fusion-builder-row-1 fusion-flex-container nonhundred-percent-fullwidth non-hundred-percent-height-scrolling\" style=\"--awb-border-radius-top-left:0px;--awb-border-radius-top-right:0px;--awb-border-radius-bottom-right:0px;--awb-border-radius-bottom-left:0px;--awb-padding-left:0px;--awb-min-height:350px;--awb-flex-wrap:wrap;\" ><div class=\"fusion-builder-row fusion-row fusion-flex-align-items-flex-start fusion-flex-content-wrap\" style=\"max-width:calc( 1200px + 0px );margin-left: calc(-0px \/ 2 );margin-right: calc(-0px \/ 2 );\"><div class=\"fusion-layout-column fusion_builder_column fusion-builder-column-0 fusion_builder_column_1_1 1_1 fusion-flex-column fusion-flex-align-self-flex-end\" style=\"--awb-padding-bottom:40px;--awb-bg-size:cover;--awb-width-large:100%;--awb-margin-top-large:0px;--awb-spacing-right-large:0px;--awb-margin-bottom-large:0px;--awb-spacing-left-large:0px;--awb-width-medium:100%;--awb-order-medium:0;--awb-spacing-right-medium:0px;--awb-spacing-left-medium:0px;--awb-width-small:100%;--awb-order-small:0;--awb-spacing-right-small:0px;--awb-spacing-left-small:0px;\"><div class=\"fusion-column-wrapper fusion-column-has-shadow fusion-flex-justify-content-flex-start fusion-content-layout-column\"><div class=\"fusion-title title fusion-title-1 fusion-sep-none fusion-title-text fusion-title-size-one\" style=\"--awb-text-color:var(--awb-color1);--awb-margin-top-small:0px;--awb-margin-bottom-small:20px;--awb-font-size:40px;\"><h1 class=\"fusion-title-heading title-heading-left fusion-responsive-typography-calculated\" style=\"font-family:&quot;Noto Sans&quot;;font-style:normal;font-weight:400;margin:0;font-size:1em;--fontSize:40;line-height:2.05;\">Aviso legal<\/h1><\/div><nav class=\"fusion-breadcrumbs awb-yoast-breadcrumbs fusion-breadcrumbs-1\" style=\"--awb-font-size:10;--awb-text-hover-color:var(--awb-color4);--awb-text-color:var(--awb-color3);--awb-breadcrumb-sep:&#039;\/&#039;;\" aria-label=\"Breadcrumb\"><span><span><a href=\"https:\/\/checkpointsystems.com\/latam\/\">Home<\/a><\/span><\/span><\/nav><\/div><\/div><\/div><\/div><div class=\"fusion-fullwidth fullwidth-box fusion-builder-row-2 fusion-flex-container nonhundred-percent-fullwidth non-hundred-percent-height-scrolling\" style=\"--awb-border-radius-top-left:0px;--awb-border-radius-top-right:0px;--awb-border-radius-bottom-right:0px;--awb-border-radius-bottom-left:0px;--awb-margin-top:80px;--awb-margin-bottom:80px;--awb-flex-wrap:wrap;\" ><div class=\"fusion-builder-row fusion-row fusion-flex-align-items-flex-start fusion-flex-content-wrap\" style=\"max-width:calc( 1200px + 0px );margin-left: calc(-0px \/ 2 );margin-right: calc(-0px \/ 2 );\"><div class=\"fusion-layout-column fusion_builder_column fusion-builder-column-1 fusion_builder_column_1_1 1_1 fusion-flex-column\" style=\"--awb-bg-size:cover;--awb-width-large:100%;--awb-margin-top-large:0px;--awb-spacing-right-large:0px;--awb-margin-bottom-large:0px;--awb-spacing-left-large:0px;--awb-width-medium:100%;--awb-order-medium:0;--awb-spacing-right-medium:0px;--awb-spacing-left-medium:0px;--awb-width-small:100%;--awb-order-small:0;--awb-spacing-right-small:0px;--awb-spacing-left-small:0px;\"><div class=\"fusion-column-wrapper fusion-column-has-shadow fusion-flex-justify-content-flex-start fusion-content-layout-column\"><div class=\"fusion-text fusion-text-1\"><p><strong>1.- INFORMACI\u00d3N LEGAL Y ACEPTACI\u00d3N<\/strong><\/p>\n<p>Para dar cumplimiento a lo previsto en la Ley 34\/2002 de Servicios de la Sociedad de la Informaci\u00f3n y de Comercio Electr\u00f3nico y dem\u00e1s normativa aplicable, a continuaci\u00f3n se indican los datos de informaci\u00f3n general de este sitio web:<\/p>\n<table>\n<tbody>\n<tr>\n<td width=\"158\"><em>Titular<\/em><\/td>\n<td width=\"350\">CHECKPOINT SYSTEMS ESPA\u00d1A S.L.<\/td>\n<\/tr>\n<tr>\n<td width=\"158\"><em>Direcci\u00f3n<\/em><\/td>\n<td width=\"350\">Calle Ori\u00f3, 1, 08228 Terrassa, Barcelona<\/td>\n<\/tr>\n<tr>\n<td width=\"158\"><em>Correo electr\u00f3nico<\/em><\/td>\n<td width=\"350\">gdpr.es@checkpt.com<\/td>\n<\/tr>\n<tr>\n<td width=\"158\"><em>Tel\u00e9fono de contacto<\/em><\/td>\n<td width=\"350\">914322500<\/td>\n<\/tr>\n<tr>\n<td width=\"158\"><em>Datos registrales<\/em><\/td>\n<td width=\"350\">Registro Mercantil de Barcelona, Hoja\u00a0B-127173,\u00a0Tomo\u00a045841,\u00a0Folio\u00a0105<\/td>\n<\/tr>\n<tr>\n<td width=\"158\"><em>CIF<\/em><\/td>\n<td width=\"350\">B80273071<\/td>\n<\/tr>\n<\/tbody>\n<\/table>\n<p>Toda persona que acceda a este sitio web, incluyendo las p\u00e1ginas web que lo integran (en adelante \u201cSitio Web\u201d) asume el papel de usuario o cliente \u201cUsuario\u201d o \u201cUsuarios\u201d), comprometi\u00e9ndose a la observancia y cumplimiento riguroso de las disposiciones aqu\u00ed dispuestas, as\u00ed como a cualesquier otra disposici\u00f3n legal que fuera de aplicaci\u00f3n.<\/p>\n<p>El prestador del servicio se reserva el derecho a modificar cualquier tipo de informaci\u00f3n que pudiera aparecer en el sitio web, sin que exista obligaci\u00f3n de preavisar o poner en conocimiento de los usuarios dichas obligaciones, entendi\u00e9ndose como suficiente con la publicaci\u00f3n en el sitio web del prestador del servicio.<\/p>\n<p><strong>2.- PROPIEDAD INTELECTUAL E INDUSTRIAL<\/strong><\/p>\n<p>Todos los contenidos del Sitio Web, entendiendo por estos a t\u00edtulo meramente enunciativo, los textos, fotograf\u00edas, gr\u00e1ficos, im\u00e1genes, iconos, tecnolog\u00eda, software, links y dem\u00e1s contenidos audiovisuales o sonoros, as\u00ed como su dise\u00f1o gr\u00e1fico y c\u00f3digos fuente (en adelante, los \u201cContenidos\u201d), son propiedad intelectual de CHECKPOINT o de terceros, sin que puedan entenderse cedidos al Usuario ninguno de los derechos de explotaci\u00f3n reconocidos por la normativa vigente en materia de propiedad intelectual sobre los mismos, salvo aquellos que resulten estrictamente necesarios para el uso del Sitio Web.<\/p>\n<p>Las marcas, nombres comerciales o signos distintivos son titularidad de CHECKPOINT o terceros, sin que pueda entenderse que el acceso al Sitio Web atribuya ning\u00fan derecho sobre las citadas marcas, nombres comerciales y\/o signos distintivos.<\/p>\n<p>La violaci\u00f3n de los anteriores derechos ser\u00e1 perseguida conforme a la legislaci\u00f3n vigente.<\/p>\n<p>A los efectos de preservar los posibles derechos de propiedad intelectual, en el caso de que cualquier Usuario o un tercero considere que se ha producido una violaci\u00f3n de sus leg\u00edtimos derechos por la introducci\u00f3n de un determinado contenido en el Sitio Web, deber\u00e1 notificar dicha circunstancia a CHECKPOINT adjuntando la informaci\u00f3n pertinente.<\/p>\n<p>En cualquier caso, CHECKPOINT no asumir\u00e1 responsabilidad respecto de los derechos de Propiedad Intelectual o Industrial titularidad de terceros que se vean infringidos por un tercero o por el Usuario.<\/p>\n<p><strong>3.- CONDICIONES DE USO DEL SITIO WEB<\/strong><\/p>\n<p><strong>3.1 General<\/strong><\/p>\n<p>El Usuario se obliga a hacer un uso correcto del Sitio Web de conformidad con la Ley y con las presentes condiciones. El Usuario responder\u00e1 frente a CHECKPOINT o frente a terceros, de cualesquiera da\u00f1os y perjuicios que pudieran causarse como consecuencia del incumplimiento de dicha obligaci\u00f3n.<\/p>\n<p>Queda expresamente prohibido el uso del Sitio Web con fines lesivos de bienes o intereses de CHECKPOINT o de terceros o que de cualquier otra forma sobrecarguen, da\u00f1en o inutilicen las redes, servidores y dem\u00e1s equipos inform\u00e1ticos (hardware) o productos y aplicaciones inform\u00e1ticas (software) de CHECKPOINT o de terceros.<\/p>\n<p><strong>3.2 Contenidos<\/strong><\/p>\n<p>El Usuario se compromete a utilizar los Contenidos de conformidad con la Ley y el presente aviso legal, as\u00ed como con las dem\u00e1s condiciones, reglamentos e instrucciones que, en su caso pudieran ser de aplicaci\u00f3n.<\/p>\n<p>Con car\u00e1cter meramente enunciativo, el Usuario, de acuerdo con la legislaci\u00f3n vigente, deber\u00e1 abstenerse de:<\/p>\n<ul>\n<li>Reproducir, copiar, distribuir, poner a disposici\u00f3n, comunicar p\u00fablicamente, transformar o modificar los Contenidos salvo en los casos autorizados en la ley o expresamente consentidos por CHECKPOINT o por quien ostente la titularidad de los derechos de explotaci\u00f3n en su caso.<\/li>\n<\/ul>\n<ul>\n<li>Reproducir o copiar para uso privado los Contenidos que puedan ser considerados como Software o Base de Datos de conformidad con la legislaci\u00f3n vigente en materia de propiedad intelectual, as\u00ed como su comunicaci\u00f3n p\u00fablica o puesta a disposici\u00f3n de terceros cuando estos actos impliquen necesariamente la reproducci\u00f3n por parte del Usuario o de un tercero.<\/li>\n<\/ul>\n<ul>\n<li>Extraer y\/o reutilizar la totalidad o una parte de los Contenidos integrantes del Sitio Web as\u00ed como de las bases de datos que CHECKPOINT pudiera poner eventualmente a disposici\u00f3n de los Usuarios.<\/li>\n<\/ul>\n<ul>\n<li>Utilizar los servicios conforme a lo establecido en la ley, la moral, el orden p\u00fablico y las presentes Condiciones Generales, haciendo un uso adecuado de los servicios y\/o contenidos del Sitio Web y no emple\u00e1ndolos para realizar actividades il\u00edcitas o constitutivas de delito, que atenten contra los derechos de terceros y\/o que infrinjan la regulaci\u00f3n sobre propiedad intelectual e industrial, o cualesquiera otras normas del ordenamiento jur\u00eddico aplicable.<\/li>\n<\/ul>\n<ul>\n<li>No introducir o difundir contenidos o propaganda de car\u00e1cter racista, xen\u00f3fobo, pornogr\u00e1fico, de apolog\u00eda del terrorismo o que atente contra los derechos humanos.<\/li>\n<\/ul>\n<ul>\n<li>No introducir o difundir programas de datos (virus y software nocivo) susceptibles de provocar da\u00f1os en los sistemas inform\u00e1ticos de CHECKPOINT el proveedor de acceso, sus proveedores o terceros usuarios.<\/li>\n<\/ul>\n<ul>\n<li>No difundir, transmitir o poner a disposici\u00f3n de terceros cualquier tipo de informaci\u00f3n, elemento o contenido que atente contra los derechos fundamentales y las libertades p\u00fablicas reconocidas constitucionalmente y en los tratados internacionales.<\/li>\n<\/ul>\n<ul>\n<li>No difundir, transmitir o poner a disposici\u00f3n de terceros cualquier tipo de informaci\u00f3n, elemento o contenido que constituya publicidad il\u00edcita o desleal.<\/li>\n<\/ul>\n<ul>\n<li>No transmitir publicidad no solicitada o autorizada, material publicitario, \"correo basura\", \"cartas en cadena\", \"estructuras piramidales\", o cualquier otra forma de solicitaci\u00f3n.<\/li>\n<\/ul>\n<ul>\n<li>No introducir o difundir cualquier informaci\u00f3n y contenidos falsos, ambiguos o inexactos de forma que induzca a error a los receptores de la informaci\u00f3n.<\/li>\n<\/ul>\n<ul>\n<li>No suplantar a otros Usuarios utilizando sus claves de registro a los distintos servicios y\/o contenidos del Sitio Web.<\/li>\n<\/ul>\n<ul>\n<li>No difundir, transmitir o poner a disposici\u00f3n de terceros cualquier tipo de informaci\u00f3n, elemento o contenido que suponga una violaci\u00f3n de los derechos de propiedad intelectual e industrial, patentes, marcas o copyright que correspondan a CHECKPOINT o a terceros.<\/li>\n<\/ul>\n<ul>\n<li>No difundir, transmitir o poner a disposici\u00f3n de terceros cualquier tipo de informaci\u00f3n, elemento o contenido que suponga una violaci\u00f3n del secreto de las comunicaciones y la legislaci\u00f3n sobre protecci\u00f3n de datos de car\u00e1cter personal.<\/li>\n<li>Mantener indemne a CHECKPOINT ante cualquier posible reclamaci\u00f3n, multa, pena o sanci\u00f3n que pueda venir obligada a soportar como consecuencia del incumplimiento de cualquiera de las normas de utilizaci\u00f3n antes indicadas, reserv\u00e1ndonos adem\u00e1s el derecho a solicitar la indemnizaci\u00f3n por da\u00f1os y perjuicios que corresponda.<\/li>\n<\/ul>\n<p><strong>3.3 Formularios de recogida de datos<\/strong><\/p>\n<p>Sin perjuicio de lo dispuesto en el aviso legal espec\u00edfico en materia de pol\u00edtica de privacidad, accesible desde el Sitio Web y que pudiera resultar aplicable en cada momento, la posibilidad de adquirir productos on-line est\u00e1 condicionada a la previa cumplimentaci\u00f3n del correspondiente registro de Usuario.<\/p>\n<p>Toda la informaci\u00f3n que facilite el Usuario a trav\u00e9s de los formularios del Sitio Web a los efectos anteriores, o cualesquiera otros, deber\u00e1 ser veraz. A estos efectos, el Usuario garantiza la autenticidad de todos aquellos datos que comunique y mantendr\u00e1 la informaci\u00f3n facilitada a CHECKPOINT perfectamente actualizada de forma que responda, en todo momento, a la situaci\u00f3n real del Usuario. En todo caso ser\u00e1 el Usuario el \u00fanico responsable de las manifestaciones falsas o inexactas que realice y de los perjuicios que cause a CHECKPOINT o a terceros por la informaci\u00f3n que facilite.<\/p>\n<p><strong>3.4 Introducci\u00f3n de enlaces al Sitio Web<\/strong><\/p>\n<p>En el caso de que en www.checkpointsystems.com\/es\/ se dispusiesen enlaces o hiperv\u00ednculos hac\u00eda otros sitios de Internet, CHECKPOINT no ejercer\u00e1 ning\u00fan tipo de control sobre dichos sitios y contenidos. En ning\u00fan caso, CHECKPOINT asumir\u00e1 responsabilidad alguna por los contenidos de alg\u00fan enlace perteneciente a un sitio web ajeno, ni garantizar\u00e1 la disponibilidad t\u00e9cnica, calidad, fiabilidad, exactitud, amplitud, veracidad, validez y constitucionalidad de cualquier material o informaci\u00f3n contenida en ninguno de dichos hiperv\u00ednculos u otros sitios de Internet.<\/p>\n<p><strong>4.- EXCLUSI\u00d3N DE RESPONSABILIDAD<\/strong><\/p>\n<p><strong>4.1 De la Informaci\u00f3n<\/strong><\/p>\n<p>El acceso al Sitio Web no implica la obligaci\u00f3n por parte de CHECKPOINT de comprobar la veracidad, exactitud, adecuaci\u00f3n, idoneidad, exhaustividad y actualidad de la informaci\u00f3n suministrada a trav\u00e9s del mismo.<\/p>\n<p>En este sentido, CHECKPOINT no garantiza que los contenidos del website vayan a estar permanentemente actualizados, ni que carezcan de cualquier clase de error, por lo que CHECKPOINT no se responsabiliza por cualquier da\u00f1o y\/o perjuicio y\/o beneficio dejado de obtener por el Usuario o por cualquier tercero que se vea perjudicado a consecuencia de los mismos.<\/p>\n<p>De otra parte, CHECKPOINT informa que, si bien las fotograf\u00edas de los productos que aparecen en el Sitio Web se ajustan al m\u00e1ximo a la realidad, CHECKPOINT\u00a0 no se hace responsable de la fidelidad con que las im\u00e1genes se reproduzcan en su monitor o dispositivo.<\/p>\n<p><strong>4.2 De la calidad del servicio<\/strong><\/p>\n<p>El acceso al Sitio Web no implica la obligaci\u00f3n por parte de CHECKPOINT de controlar la ausencia de virus, gusanos o cualquier otro elemento inform\u00e1tico da\u00f1ino. Corresponde al Usuario, en todo caso, la disponibilidad de herramientas adecuadas para la detecci\u00f3n y desinfecci\u00f3n de programas inform\u00e1ticos da\u00f1inos.<\/p>\n<p>CHECKPOINT no se responsabiliza de los da\u00f1os producidos en los equipos inform\u00e1ticos de los Usuarios o de terceros durante la prestaci\u00f3n del servicio del Sitio Web.<\/p>\n<p><strong>4.3 De la disponibilidad del Servicio<\/strong><\/p>\n<p>El acceso al Sitio Web requiere de servicios y suministros de terceros, incluidos el transporte de se\u00f1al a trav\u00e9s de redes de telecomunicaciones cuya fiabilidad, calidad, continuidad y funcionamiento depende de terceros. Por consiguiente, los servicios prove\u00eddos a trav\u00e9s del Sitio Web pueden ser suspendidos, cancelados o resultar inaccesibles, con car\u00e1cter previo o simult\u00e1neo a la prestaci\u00f3n del servicio del Sitio Web.<\/p>\n<p>CHECKPOINT no se responsabiliza de los da\u00f1os o perjuicios de cualquier tipo producidos en el Usuario que traigan causa de fallos o desconexiones en las redes de telecomunicaciones que produzcan la suspensi\u00f3n, cancelaci\u00f3n o interrupci\u00f3n del servicio del Sitio Web durante la prestaci\u00f3n del mismo o con car\u00e1cter previo.<\/p>\n<p><strong>5.- NECESIDAD DE REGISTRO<\/strong><\/p>\n<p>Con car\u00e1cter general, para acceder y navegar por los contenidos del Sitio Web no es necesario el registro. Ello no obstante, la utilizaci\u00f3n de determinados servicios y contenidos puede estar condicionada a su previo registro.<\/p>\n<p>Los datos facilitados en el Sitio Web deben ser exactos, actuales y veraces. En todo momento ser\u00e1 responsable de la custodia de su password, asumiendo en consecuencia cualesquiera da\u00f1os y perjuicios que pudieran derivarse de su uso indebido, as\u00ed como de la cesi\u00f3n, revelaci\u00f3n o extrav\u00edo del mismo. A estos efectos, el acceso a \u00e1reas restringidas y\/o el uso de los servicios y contenidos realizado bajo su password se reputar\u00e1n realizados por Usted, por lo que deber\u00e1 responder en todo caso de dicho acceso y uso.<\/p>\n<p><strong>6.- LEGISLACI\u00d3N APLICABLE Y JURISDICCI\u00d3N COMPETENTE<\/strong><\/p>\n<p>El Usuario acepta que la legislaci\u00f3n aplicable al funcionamiento de este servicio es la espa\u00f1ola, puesto que CHECKPOINT desarrolla desde Espa\u00f1a su actividad y se somete a la jurisdicci\u00f3n de los Juzgados y Tribunales del lugar de domicilio del usuario para la resoluci\u00f3n de las divergencias que se deriven de la interpretaci\u00f3n o aplicaci\u00f3n de este clausulado.<\/p>\n<\/div><\/div><\/div><\/div><\/div><\/p>\n","protected":false},"excerpt":{"rendered":"","protected":false},"author":4,"featured_media":0,"parent":0,"menu_order":80,"comment_status":"closed","ping_status":"closed","template":"","meta":{"footnotes":""},"categories":[],"tags":[],"class_list":["post-2781","page","type-page","status-publish","hentry"],"yoast_head":"<!-- This site is optimized with the Yoast SEO plugin v27.3 - https:\/\/yoast.com\/product\/yoast-seo-wordpress\/ -->\n<title>Aviso legal - Checkpoint Systems Latam<\/title>\n<meta name=\"robots\" content=\"index, follow, max-snippet:-1, max-image-preview:large, max-video-preview:-1\" \/>\n<link rel=\"canonical\" href=\"https:\/\/checkpointsystems.com\/latam\/aviso-legal\/\" \/>\n<meta property=\"og:locale\" content=\"es_ES\" \/>\n<meta property=\"og:type\" content=\"article\" \/>\n<meta property=\"og:title\" content=\"Aviso legal - Checkpoint Systems Latam\" \/>\n<meta property=\"og:url\" content=\"https:\/\/checkpointsystems.com\/latam\/aviso-legal\/\" \/>\n<meta property=\"og:site_name\" content=\"Checkpoint Systems Latam\" \/>\n<meta name=\"twitter:card\" content=\"summary_large_image\" \/>\n<meta name=\"twitter:label1\" content=\"Tiempo de lectura\" \/>\n\t<meta name=\"twitter:data1\" content=\"5 minutos\" \/>\n<script type=\"application\/ld+json\" class=\"yoast-schema-graph\">{\"@context\":\"https:\\\/\\\/schema.org\",\"@graph\":[{\"@type\":\"WebPage\",\"@id\":\"https:\\\/\\\/checkpointsystems.com\\\/latam\\\/aviso-legal\\\/\",\"url\":\"https:\\\/\\\/checkpointsystems.com\\\/latam\\\/aviso-legal\\\/\",\"name\":\"Aviso legal - Checkpoint Systems Latam\",\"isPartOf\":{\"@id\":\"https:\\\/\\\/checkpointsystems.com\\\/latam\\\/#website\"},\"datePublished\":\"2022-07-16T19:22:18+00:00\",\"breadcrumb\":{\"@id\":\"https:\\\/\\\/checkpointsystems.com\\\/latam\\\/aviso-legal\\\/#breadcrumb\"},\"inLanguage\":\"es\",\"potentialAction\":[{\"@type\":\"ReadAction\",\"target\":[\"https:\\\/\\\/checkpointsystems.com\\\/latam\\\/aviso-legal\\\/\"]}]},{\"@type\":\"BreadcrumbList\",\"@id\":\"https:\\\/\\\/checkpointsystems.com\\\/latam\\\/aviso-legal\\\/#breadcrumb\",\"itemListElement\":[{\"@type\":\"ListItem\",\"position\":1,\"name\":\"Home\",\"item\":\"https:\\\/\\\/checkpointsystems.com\\\/latam\\\/\"},{\"@type\":\"ListItem\",\"position\":2,\"name\":\"Aviso legal\"}]},{\"@type\":\"WebSite\",\"@id\":\"https:\\\/\\\/checkpointsystems.com\\\/latam\\\/#website\",\"url\":\"https:\\\/\\\/checkpointsystems.com\\\/latam\\\/\",\"name\":\"Checkpoint Systems Latam\",\"description\":\"Fabricante de Etiquetas, Software y Hardware de Seguridad\",\"potentialAction\":[{\"@type\":\"SearchAction\",\"target\":{\"@type\":\"EntryPoint\",\"urlTemplate\":\"https:\\\/\\\/checkpointsystems.com\\\/latam\\\/?s={search_term_string}\"},\"query-input\":{\"@type\":\"PropertyValueSpecification\",\"valueRequired\":true,\"valueName\":\"search_term_string\"}}],\"inLanguage\":\"es\"}]}<\/script>\n<!-- \/ Yoast SEO plugin. -->","yoast_head_json":{"title":"Aviso legal - Checkpoint Systems Latam","robots":{"index":"index","follow":"follow","max-snippet":"max-snippet:-1","max-image-preview":"max-image-preview:large","max-video-preview":"max-video-preview:-1"},"canonical":"https:\/\/checkpointsystems.com\/latam\/aviso-legal\/","og_locale":"es_ES","og_type":"article","og_title":"Aviso legal - Checkpoint Systems Latam","og_url":"https:\/\/checkpointsystems.com\/latam\/aviso-legal\/","og_site_name":"Checkpoint Systems Latam","twitter_card":"summary_large_image","twitter_misc":{"Tiempo de lectura":"5 minutos"},"schema":{"@context":"https:\/\/schema.org","@graph":[{"@type":"WebPage","@id":"https:\/\/checkpointsystems.com\/latam\/aviso-legal\/","url":"https:\/\/checkpointsystems.com\/latam\/aviso-legal\/","name":"Aviso legal - Checkpoint Systems Latam","isPartOf":{"@id":"https:\/\/checkpointsystems.com\/latam\/#website"},"datePublished":"2022-07-16T19:22:18+00:00","breadcrumb":{"@id":"https:\/\/checkpointsystems.com\/latam\/aviso-legal\/#breadcrumb"},"inLanguage":"es","potentialAction":[{"@type":"ReadAction","target":["https:\/\/checkpointsystems.com\/latam\/aviso-legal\/"]}]},{"@type":"BreadcrumbList","@id":"https:\/\/checkpointsystems.com\/latam\/aviso-legal\/#breadcrumb","itemListElement":[{"@type":"ListItem","position":1,"name":"Home","item":"https:\/\/checkpointsystems.com\/latam\/"},{"@type":"ListItem","position":2,"name":"Aviso legal"}]},{"@type":"WebSite","@id":"https:\/\/checkpointsystems.com\/latam\/#website","url":"https:\/\/checkpointsystems.com\/latam\/","name":"Checkpoint Systems Latam","description":"Fabricante de Etiquetas, Software y Hardware de Seguridad","potentialAction":[{"@type":"SearchAction","target":{"@type":"EntryPoint","urlTemplate":"https:\/\/checkpointsystems.com\/latam\/?s={search_term_string}"},"query-input":{"@type":"PropertyValueSpecification","valueRequired":true,"valueName":"search_term_string"}}],"inLanguage":"es"}]}},"_links":{"self":[{"href":"https:\/\/checkpointsystems.com\/latam\/wp-json\/wp\/v2\/pages\/2781","targetHints":{"allow":["GET"]}}],"collection":[{"href":"https:\/\/checkpointsystems.com\/latam\/wp-json\/wp\/v2\/pages"}],"about":[{"href":"https:\/\/checkpointsystems.com\/latam\/wp-json\/wp\/v2\/types\/page"}],"author":[{"embeddable":true,"href":"https:\/\/checkpointsystems.com\/latam\/wp-json\/wp\/v2\/users\/4"}],"replies":[{"embeddable":true,"href":"https:\/\/checkpointsystems.com\/latam\/wp-json\/wp\/v2\/comments?post=2781"}],"version-history":[{"count":0,"href":"https:\/\/checkpointsystems.com\/latam\/wp-json\/wp\/v2\/pages\/2781\/revisions"}],"wp:attachment":[{"href":"https:\/\/checkpointsystems.com\/latam\/wp-json\/wp\/v2\/media?parent=2781"}],"wp:term":[{"taxonomy":"category","embeddable":true,"href":"https:\/\/checkpointsystems.com\/latam\/wp-json\/wp\/v2\/categories?post=2781"},{"taxonomy":"post_tag","embeddable":true,"href":"https:\/\/checkpointsystems.com\/latam\/wp-json\/wp\/v2\/tags?post=2781"}],"curies":[{"name":"wp","href":"https:\/\/api.w.org\/{rel}","templated":true}]}}