{"id":2785,"date":"2022-07-17T19:55:47","date_gmt":"2022-07-17T18:55:47","guid":{"rendered":"https:\/\/checkpointsstg.wpengine.com\/it\/?page_id=2785"},"modified":"2022-07-17T19:55:47","modified_gmt":"2022-07-17T18:55:47","slug":"avviso-legale","status":"publish","type":"page","link":"https:\/\/checkpointsystems.com\/it\/avviso-legale\/","title":{"rendered":"Avviso Legale"},"content":{"rendered":"<p><div class=\"fusion-fullwidth fullwidth-box fusion-builder-row-1 fusion-flex-container nonhundred-percent-fullwidth non-hundred-percent-height-scrolling\" style=\"--awb-border-radius-top-left:0px;--awb-border-radius-top-right:0px;--awb-border-radius-bottom-right:0px;--awb-border-radius-bottom-left:0px;--awb-padding-left:0px;--awb-min-height:350px;--awb-flex-wrap:wrap;\" ><div class=\"fusion-builder-row fusion-row fusion-flex-align-items-flex-start fusion-flex-content-wrap\" style=\"max-width:calc( 1200px + 0px );margin-left: calc(-0px \/ 2 );margin-right: calc(-0px \/ 2 );\"><div class=\"fusion-layout-column fusion_builder_column fusion-builder-column-0 fusion_builder_column_1_1 1_1 fusion-flex-column fusion-flex-align-self-flex-end\" style=\"--awb-padding-bottom:40px;--awb-bg-size:cover;--awb-width-large:100%;--awb-margin-top-large:0px;--awb-spacing-right-large:0px;--awb-margin-bottom-large:0px;--awb-spacing-left-large:0px;--awb-width-medium:100%;--awb-order-medium:0;--awb-spacing-right-medium:0px;--awb-spacing-left-medium:0px;--awb-width-small:100%;--awb-order-small:0;--awb-spacing-right-small:0px;--awb-spacing-left-small:0px;\"><div class=\"fusion-column-wrapper fusion-column-has-shadow fusion-flex-justify-content-flex-start fusion-content-layout-column\"><div class=\"fusion-title title fusion-title-1 fusion-sep-none fusion-title-text fusion-title-size-one\" style=\"--awb-text-color:var(--awb-color1);--awb-margin-top-small:0px;--awb-margin-bottom-small:20px;--awb-font-size:40px;\"><h1 class=\"fusion-title-heading title-heading-left fusion-responsive-typography-calculated\" style=\"font-family:&quot;Noto Sans&quot;;font-style:normal;font-weight:400;margin:0;font-size:1em;--fontSize:40;line-height:2.05;\">Avviso Legale<\/h1><\/div><nav class=\"fusion-breadcrumbs awb-yoast-breadcrumbs fusion-breadcrumbs-1\" style=\"--awb-font-size:10;--awb-text-hover-color:var(--awb-color4);--awb-text-color:var(--awb-color3);--awb-breadcrumb-sep:&#039;\/&#039;;\" aria-label=\"Breadcrumb\"><span><span><a href=\"https:\/\/checkpointsystems.com\/it\/\">Home<\/a><\/span><\/span><\/nav><\/div><\/div><\/div><\/div><div class=\"fusion-fullwidth fullwidth-box fusion-builder-row-2 fusion-flex-container nonhundred-percent-fullwidth non-hundred-percent-height-scrolling\" style=\"--awb-border-radius-top-left:0px;--awb-border-radius-top-right:0px;--awb-border-radius-bottom-right:0px;--awb-border-radius-bottom-left:0px;--awb-margin-top:80px;--awb-margin-bottom:80px;--awb-flex-wrap:wrap;\" ><div class=\"fusion-builder-row fusion-row fusion-flex-align-items-flex-start fusion-flex-content-wrap\" style=\"max-width:calc( 1200px + 0px );margin-left: calc(-0px \/ 2 );margin-right: calc(-0px \/ 2 );\"><div class=\"fusion-layout-column fusion_builder_column fusion-builder-column-1 fusion_builder_column_1_1 1_1 fusion-flex-column\" style=\"--awb-bg-size:cover;--awb-width-large:100%;--awb-margin-top-large:0px;--awb-spacing-right-large:0px;--awb-margin-bottom-large:0px;--awb-spacing-left-large:0px;--awb-width-medium:100%;--awb-order-medium:0;--awb-spacing-right-medium:0px;--awb-spacing-left-medium:0px;--awb-width-small:100%;--awb-order-small:0;--awb-spacing-right-small:0px;--awb-spacing-left-small:0px;\"><div class=\"fusion-column-wrapper fusion-column-has-shadow fusion-flex-justify-content-flex-start fusion-content-layout-column\"><div class=\"fusion-text fusion-text-1\"><p><strong>1. INFORMAZIONI DI CARATTERE LEGALE ED ACCETTAZIONE<\/strong><\/p>\n<p>In base al Decreto Legislativo 70\/2003 (\u201c<em>Attuazione della direttiva 2000\/31\/CE relativa a taluni aspetti giuridici dei servizi della societ\u00e0 dell'informazione nel mercato interno, con particolare riferimento al commercio elettronico<\/em>\u201d) ed altri regolamenti applicabili, i dettagli delle informazioni generali di questo sito web sono indicati sotto:<\/p>\n<table>\n<tbody>\n<tr>\n<td width=\"158\"><em>Titolare<\/em><\/td>\n<td width=\"350\"><em>Checkpoint Systems Italia S.p.A.<\/em><\/td>\n<\/tr>\n<tr>\n<td width=\"158\"><em>Indirizzo<\/em><\/td>\n<td width=\"350\"><em>Via L. da Vinci, 14, 20090 Cusago MI, Italia<\/em><\/td>\n<\/tr>\n<tr>\n<td width=\"158\"><em>E-mail<\/em><\/td>\n<td width=\"350\"><a href=\"mailto:Gdpr.it@checkpt.com\"><em>Gdpr.it@checkpt.com<\/em><\/a><\/td>\n<\/tr>\n<tr>\n<td width=\"158\"><em>Dettagli di registrazione al Registro Imprese<\/em><\/td>\n<td width=\"350\"><em>12617590158<\/em><\/td>\n<\/tr>\n<tr>\n<td width=\"158\"><em>Codice fiscale\/partita IVA<\/em><\/td>\n<td width=\"350\"><em>IT12617590158<\/em><\/td>\n<\/tr>\n<\/tbody>\n<\/table>\n<p>Ogni persona che accede a questo sito web, incluse le sue pagine (il \"<strong>Sito Web<\/strong>\") si qualifica come Utente o cliente (\"<strong>Utente<\/strong>\", <strong>\u201cTu\u201d,<\/strong> <strong>\u201cVoi\u201d<\/strong>, \u201c<strong>Vostro<\/strong>\u201d o \"<strong>Utenti<\/strong>\"), impegnandosi alla stretta osservanza ed adeguamento alle regole di cui sotto, cos\u00ec come a qualsiasi altra previsione legale applicabile.<\/p>\n<p>CHECKPOINT si riserva il diritto di modificare qualsiasi informazione che appaia sul Sito Web (incluse le presenti condizioni), senza alcun obbligo di fornire preavviso o di informare gli Utilizzatori, in quanto la pubblicazione sul Sito Web del CHECKPOINT \u00e8 ritenuta sufficiente.<\/p>\n<p>Vi raccomandiamo di stampare una copia delle presenti condizioni per future necessit\u00e0.<\/p>\n<p><strong>2. PROPRIETA\u2019 INTELLETTUALE ED INDUSTRIALE<\/strong><\/p>\n<p>Tutti i contenuti del Sito Web, come ad esempio testi, fotografie, grafiche, immagini, icone, tecnologia, software, links e altri contenuti audiovisivi e sonori, cos\u00ec come il suo design grafico ed i codici sorgenti (i \"<strong>Contenuti<\/strong>\"), costituiscono propriet\u00e0 intellettuale di CHECKPOINT o terze parti. All\u2019utente \u00e8 concessa una licenza sui Contenuti nella misura strettamente necessaria per l\u2019uso ordinario del Sito Web. I Contenuti non sono altrimenti concessi in licenza all\u2019Utente e nessuno dei Contenuti \u00e8 ceduto all\u2019Utente.<\/p>\n<p>I marchi, nomi commerciali e loghi sono posseduti da CHECKPOINT o terze parti. L\u2019accesso al Sito Web non conferisce qualsiasi diritto o licenza su marchi, nomi commerciali e\/o loghi.<\/p>\n<p>La violazione dei diritti sopra menzionati sar\u00e0 perseguita in conformit\u00e0 con la legislazione vigente.<\/p>\n<p>Al fine di proteggere i possibili diritti di propriet\u00e0 intellettuale, laddove qualsiasi Utente o terza parte ritenga che ci sia stata una violazione dei suoi legittimi diritti a seguito dell\u2019inclusione in uno specifico contenuto del Sito Web, tale Utente o terza parte dovr\u00e0 comunicare tale circostanza a CHECKPOINT inviando ogni dettaglio ed informazione.<\/p>\n<p>In nessun caso CHECKPOINT sar\u00e0 responsabile in caso di violazione da una terza parte o dall\u2019Utente di diritti di propriet\u00e0 intellettuale e\/o industriale di terze parti.<\/p>\n<p><strong>3. CONDIZIONI D\u2019 USO DI QUESTO SITO WEB<\/strong><\/p>\n<p><strong>3.1 Previsioni generali<\/strong><\/p>\n<p>L\u2019Utente si obbliga a fare un uso appropriato del Sito Web come richiesto dalla legge applicabile e dalle presenti condizioni, cos\u00ec come da qualsiasi altra condizione, regolamento e istruzione ragionevolmente fornita all\u2019Utente da CHECKPOINT. L\u2019Utente sar\u00e0 responsabile nei confronti di CHECKPOINT e\/o terze parti interessate per qualsiasi danno causato come conseguenza della violazione del presente obbligo.<\/p>\n<p>E\u2019 espressamente proibito l\u2019uso del Sito Web per finalit\u00e0 che possano danneggiare la propriet\u00e0 o gli interessi di CHECKPOINT o terze parti, o che altrimenti possano sovraccaricare, danneggiare o disabilitare networks, servers e altre attrezzature informatiche (hardware) o prodotti informatici e applicazioni (software) posseduti da CHECKPOINT o da terze parti.<\/p>\n<p><strong>3.2<\/strong> <strong>Contenuti<\/strong><\/p>\n<p>L\u2019Utente accetta di utilizzare i Contenuti in conformit\u00e0 con la legge applicabile e le presenti condizioni, cos\u00ec come con le altre condizioni, regolamenti ed istruzioni ragionevolmente forniti all\u2019Utente da CHECKPOINT.<\/p>\n<p>A fini meramente esemplificativi, e senza limitazioni di quanto sopra indicato, l\u2019Utente, ad eccezione di quanto consentito da (ed in conformit\u00e0 con) qualsiasi legge applicabile, non deve:<\/p>\n<ul>\n<li>Riprodurre, copiare, distribuire, rendere disponibile, comunicare pubblicamente, trasformare o modificare i Contenuti ad eccezioni di quanto autorizzato espressamente da CHECKPOINT o dal titolare dei relativi diritti di utilizzazione economica, come applicabile;<\/li>\n<li>Scaricare, riprodurre, riusare e\/o copiare qualsiasi Software o Database compresi nei Contenuti e non deve comunicarli pubblicamente o trasmetterli a terze parti;<\/li>\n<li>Usare i Contenuti e\/o il Sito web per fini diversi da quelli per i quali sono stati resi disponibili e (ad esempio) non deve usare i Contenuti o il Sito Web per svolgere qualsiasi attivit\u00e0 che sia illegale, violare i diritti di terze parti, violare qualsiasi legge sulla propriet\u00e0 intellettuale e\/o ogni altra regola di legge o regolamento locale, nazionale o internazionale che sia applicabile;<\/li>\n<li>Introdurre nel Sito Web o comunque disseminare contenuti o propaganda di natura: razzista, xenofoba, fraudolenta, offensiva, bullizzatrice, insultante, minacciosa, umiliante o pornografica; che possa ragionevolmente ritenersi che costituisca un incoraggiamento diretto\/indiretto o altra induzione alla commissione, preparazione o istigazione ad atti di terrorismo; che possa ragionevolmente essere considerata come di approvazione o supporto ad atti di terrorismo; o che violi diritti umani;<\/li>\n<li>Introdurre nel Sito Web o disseminare programmi (ad esempio virus e software nocivo) che possano causare danno all\u2019operativit\u00e0 dei Sistemi informatici di CHECKPOINT o del provider dell\u2019accesso di CHECKPOINT o altri fornitori o qualsiasi altra terza parte;<\/li>\n<li>Distribuire, trasferire o rendere disponibili a terze parti qualsiasi informazione, elemento o contenuto che violino i diritti fondamentali e le libert\u00e0 pubbliche riconosciute dalla legge applicabile e nei trattati internazionali;<\/li>\n<li>Distribuire, trasferire o rendere disponibili a terze parti qualsiasi informazione, elemento o contenuto che costituisca pubblicit\u00e0 illegittima od ingannevole;<\/li>\n<li>Distribuire pubblicit\u00e0 non sollecitata o non autorizzata, materiale promozionale, \u201cjunk mail\u201d, \u201cchain letters\u201d, \u201cSchemi Ponzi\u201d o qualsiasi altra forma di sollecitazione, ad eccezione in quelle aree (come gli spazi commerciali) che siano esclusivamente preposte a tale scopo;<\/li>\n<li>Fornire o disseminare qualsiasi informazione falsa, ambigua o non accurata o contenuti in una modalit\u00e0 che possa ingannare il soggetto che riceve tali informazioni o contenuti;<\/li>\n<li>Assumere l\u2019identit\u00e0 di altri Utenti usando le loro informazioni di accesso al Sito Web.<\/li>\n<li>Distribuire, trasferire o rendere disponibili a terze parti qualsiasi informazione, elemento o contenuto che violi diritti di propriet\u00e0 intellettuale di CHECKPOINT o terze parti;<\/li>\n<li>Distribuire, trasferire o rendere disponibili a terze parti qualsiasi tipo di informazione, elemento o contenuto che comporti una violazione di qualsiasi obbligo di riservatezza o di legge relativa alla protezione dei dati personali.<\/li>\n<\/ul>\n<p>Nel caso in cui riteniamo che si sia verificata una violazione di queste condizioni, prenderemo le azioni che riterremo appropriate. In particolare (e senza limitazioni), avremo il diritto di comunicare la Vostra identit\u00e0 alle autorit\u00e0 competenti e\/o a terze parti nel caso in cui (rispettivamente) tale informazione sia richiesta da tali autorit\u00e0 (e\/o riteniamo ragionevolmente che qualsiasi legge sia stata violata) o nel caso in cui un qualsiasi terzo contesti che voi avete violato i suoi diritti.<\/p>\n<p><strong>3.3 Moduli per la raccolta di dati<\/strong><\/p>\n<p>Ferma restando la fornitura da parte di CHECKPOIINT di note legali in materia di protezione dei dati (e cio\u00e8 la privacy policy) disponibili sul Sito web e che saranno applicabili in qualsiasi momento, l\u2019acquisto on-line di prodotti da Checkpoint \u00e8 soggetto al preventivo completamento della registrazione dell\u2019Utente ed all\u2019accettazione dei termini e condizioni di vendita di CHECKPOINT.<\/p>\n<p>Tutte le informazioni e dati forniti dall\u2019Utente mediante i moduli disponibili sul Sito Web per le finalit\u00e0 di cui sopra, o qualsiasi altro modulo, devono essere vere ed accurate. Conseguentemente, l\u2019Utente garantisce l\u2019accuratezza di tutti i dati forniti e manterr\u00e0 costantemente aggiornate le informazioni date a CHECKPOINT in maniera da riflettere l\u2019attuale situazione dell\u2019Utente in ogni momento. In tutti i casi l\u2019Utente sar\u00e0 l\u2019esclusivo responsabile di qualsiasi dichiarazione falsa o non accurata e da cui possa conseguire un danno per CHECKPOINT o terze parti a causa delle informazioni fornite.<\/p>\n<p><strong>3.4<\/strong> <strong>Incorporazione di links nel\/dal Sito Web<\/strong><\/p>\n<p>In caso di disponibilit\u00e0 di links o hyperlinks ad altri siti internet sul Sito web, CHECKPOINT non eserciter\u00e0 alcun controllo su tali siti o i loro contenuti.\u00a0In nessun caso CHECKPOINT assume responsabilit\u00e0 per i contenuti di qualsiasi sito web di terza parte, n\u00e8 rende alcuna garanzia, dichiarazione, supporto o fornisce qualsiasi garanzia in merito alla qualit\u00e0, affidabilit\u00e0, accuratezza, ampiezza, veridicit\u00e0, validit\u00e0 e conformit\u00e0 a leggi di qualsiasi materiale o informazione ai quali questi riferimenti o hyperlinks dirigono o che siano disponibili su tali altri siti internet.<\/p>\n<p>Voi potrete linkare (anche tramite le piattaforme di Twitter e LinkedIn) la homepage del nostro Sito Web, a condizione che lo facciate in maniera corretta e legale e che questo non danneggi la nostra reputazione o che voi acquisiate un vantaggio da ci\u00f2. Non dovrete linkare il nostro sito: a) in modo tale da suggerire qualsiasi forma di associazione, approvazione o supporto da parte nostra laddove essi non esistano; b) a qualsiasi sito che non sia posseduto da Voi. Il nostro sito non deve essere incorniciato in qualsiasi altro sito, n\u00e9 potrete creare un link ad una parte del nostro sito che non sia la home page. Ci riserviamo il diritto di ritirare il permesso al linking senza preavviso.<\/p>\n<p><strong>4. ESONERO DI RESPONSABILITA\u2019<\/strong><\/p>\n<p><strong>4.1 Informazioni<\/strong><\/p>\n<p>L\u2019accesso al Sito Web non comporta alcuna obbligazione da parte di CHECKPOINT in merito al controllo della verit\u00e0, accuratezza, adeguatezza, completezza o aggiornamento delle informazioni fornite tramite esso e CHECKPOINT non rende garanzie o dichiarazioni in relazione a tali informazioni.<\/p>\n<p>In particolare (ma senza limitazioni), CHECKPOINT:<\/p>\n<ol style=\"list-style: none;\">\n<li>a) non garantisce (e non rende dichiarazioni o garanzie al riguardo) che i Contenuti saranno aggiornati in ogni momento, o che siano immuni da qualsiasi tipo di errore, e pertanto CHECKPOINT non \u00e8 responsabile per qualsiasi danno all\u2019Utente o qualsiasi terza parte che sia danneggiata quale risultato di tali Contenuti (o del loro uso) ivi incluso il risultato di non conseguire benefici attesi; e<\/li>\n<li>b) qui informa l\u2019Utente che, anche se ha usato sforzi ragionevoli per assicurare l\u2019accuratezza delle fotografie dei suoi prodotti che appaiono sul Sito Web, CHECKPOINT non risponde del fatto che le immagini riprodotte sul vostro schermo o apparecchio siano fedeli. Inoltre, gli obblighi di Checkpoint in relazione all\u2019acquisto di tali prodotti (ad esempio, in relazione alle caratteristiche dei prodotti stessi) sono previsti nei termini e condizioni di vendita (in caso di ambiguit\u00e0 o discrepanza tra tali termini e condizioni di vendita e le presenti condizioni, i primi prevarranno).<\/li>\n<li><\/li>\n<\/ol>\n<p><strong>4.2 Servizio di Qualit\u00e0<\/strong><\/p>\n<p>L \u2019accesso al Sito Web non comporta alcun obbligo da parte di CHECKPOINT che esso sia immune da virus, worms o qualsiasi altro elemento dannoso informatico. Spetta all\u2019 Utente, in ogni caso, disporre di strumenti adeguati per la rilevazione e cancellazione di programmi per computer dannosi.<\/p>\n<p>CHECKPOINT non \u00e9 responsabile per qualsiasi danno all\u2019attrezzatura informatica dell\u2019 Utente o di terze parti durante la fornitura del servizio del Sito Web (ivi incluso, senza limiti, quale risultato di qualsiasi virus, worm o altri programmi dannosi che possano interessare le apparecchiature dell\u2019Utente e\/o di qualsiasi terza parte).<\/p>\n<p><strong>4.3<\/strong> <strong>Disponibilit\u00e0 del Servizio<\/strong><\/p>\n<p>CHECKPOINT non rende garanzie o dichiarazioni in merito alla disponibilit\u00e0 in qualsiasi momento del Sito Web e non sar\u00e0 responsabile per la mancanza di disponibilit\u00e0 del Sito Web.<\/p>\n<p>In particolare (senza limitazioni) l\u2019accesso al Sito Web richiede i servizi e le forniture di terze parti (incluso il trasporto attraverso reti di telecomunicazioni la cui affidabilit\u00e0, qualit\u00e0, continuit\u00e0 ed operativit\u00e0 dipende da terze parti). Conseguentemente, CHECKPOINT non \u00e8 responsabile per qualsiasi danno di qualsiasi genere causato all\u2019 Utente come conseguenza dell\u2019omissione nei servizi e fornitura di terze parti che causino la sospensione, cancellazione o interruzione della disponibilit\u00e0 del Sito Web.<\/p>\n<p><strong>5. REQUISITI DI REGISTRAZIONE<\/strong><\/p>\n<p>In generale, al fine di accedere e visualizzare i contenuti del Sito Web, la registrazione non \u00e8 necessaria. Tuttavia, l\u2019uso di certi servizi e contenuti pu\u00f2 essere soggetta a preventiva registrazione.<\/p>\n<p>I dati forniti sul Sito Web devono essere accurati, aggiornati e veri. In qualsiasi momento sarete responsabili della protezione delle Vostre credenziali di login nel Sito Web, assumendo il rischio di qualsiasi danno che possa derivare dall\u2019utilizzo improprio, cessione, comunicazione o perdita di tali credenziali (inclusa qualsiasi attivit\u00e0 sul Sito Web da terze parti che usino le Vostre credenziali di login).<\/p>\n<p>Nel caso in cui chiunque altro possa (o voi sospettiate possa) conoscere le Vostre credenziali di login, dovrete comunicarcelo immediatamente. Quando siamo a conoscenza o riteniamo che qualcuno diverso da Voi sia a conoscenza delle Vostre credenziali di login o che voi avete violato le presenti condizioni, potremo immediatamente sospendere le credenziali di login senza preavviso a voi.<\/p>\n<p><strong>6. LIMITAZIONE DI RESPONSABILITA\u2019<\/strong><\/p>\n<p>Nessuna delle presenti condizioni esclude o limita la nostra responsabilit\u00e0 nei vostri confronti per; frode o dichiarazione fraudolenta; morte o lesione personale causata da negligenza; qualsiasi questione per la quale l\u2019esclusione o limitazione della responsabilit\u00e0 sarebbe illegittima.<\/p>\n<p><strong>7. LEGGE APPLICABILE E FORO COMPETENTE<\/strong><\/p>\n<p>Le presenti condizioni e qualsiasi controversia o pretesa (inclusi le controversie o pretese extracontrattuali) che derivino da, o in relazione, ad essi o al loro oggetto o formazione saranno disciplinati da e interpretati in conformit\u00e0 con la legislazione Italiana.<\/p>\n<p>CHECKPOINT e l\u2019Utente qui irrevocabilmente concordano che le Corti di Milano saranno competenti in via esclusiva a risolvere qualsiasi controversia o pretesa (inclusi controversie o pretese extracontrattuali) che derivino da, o siano in relazione a, queste condizioni o al loro oggetto o formazione.<\/p>\n<\/div><\/div><\/div><\/div><\/div><\/p>\n","protected":false},"excerpt":{"rendered":"","protected":false},"author":4,"featured_media":0,"parent":0,"menu_order":80,"comment_status":"closed","ping_status":"closed","template":"","meta":{"footnotes":""},"categories":[],"tags":[],"class_list":["post-2785","page","type-page","status-publish","hentry"],"yoast_head":"<!-- This site is optimized with the Yoast SEO plugin v27.3 - https:\/\/yoast.com\/product\/yoast-seo-wordpress\/ -->\n<title>Avviso Legale - Checkpoint Systems Italia<\/title>\n<meta name=\"robots\" content=\"index, follow, max-snippet:-1, max-image-preview:large, max-video-preview:-1\" \/>\n<link rel=\"canonical\" href=\"https:\/\/checkpointsystems.com\/it\/avviso-legale\/\" \/>\n<meta property=\"og:locale\" content=\"it_IT\" \/>\n<meta property=\"og:type\" content=\"article\" \/>\n<meta property=\"og:title\" content=\"Avviso Legale - Checkpoint Systems Italia\" \/>\n<meta property=\"og:url\" content=\"https:\/\/checkpointsystems.com\/it\/avviso-legale\/\" \/>\n<meta property=\"og:site_name\" content=\"Checkpoint Systems Italia\" \/>\n<meta name=\"twitter:card\" content=\"summary_large_image\" \/>\n<meta name=\"twitter:label1\" content=\"Tempo di lettura stimato\" \/>\n\t<meta name=\"twitter:data1\" content=\"5 minuti\" \/>\n<script type=\"application\/ld+json\" class=\"yoast-schema-graph\">{\"@context\":\"https:\\\/\\\/schema.org\",\"@graph\":[{\"@type\":\"WebPage\",\"@id\":\"https:\\\/\\\/checkpointsystems.com\\\/it\\\/avviso-legale\\\/\",\"url\":\"https:\\\/\\\/checkpointsystems.com\\\/it\\\/avviso-legale\\\/\",\"name\":\"Avviso Legale - Checkpoint Systems Italia\",\"isPartOf\":{\"@id\":\"https:\\\/\\\/checkpointsystems.com\\\/it\\\/#website\"},\"datePublished\":\"2022-07-17T18:55:47+00:00\",\"breadcrumb\":{\"@id\":\"https:\\\/\\\/checkpointsystems.com\\\/it\\\/avviso-legale\\\/#breadcrumb\"},\"inLanguage\":\"it-IT\",\"potentialAction\":[{\"@type\":\"ReadAction\",\"target\":[\"https:\\\/\\\/checkpointsystems.com\\\/it\\\/avviso-legale\\\/\"]}]},{\"@type\":\"BreadcrumbList\",\"@id\":\"https:\\\/\\\/checkpointsystems.com\\\/it\\\/avviso-legale\\\/#breadcrumb\",\"itemListElement\":[{\"@type\":\"ListItem\",\"position\":1,\"name\":\"Home\",\"item\":\"https:\\\/\\\/checkpointsystems.com\\\/it\\\/\"},{\"@type\":\"ListItem\",\"position\":2,\"name\":\"Avviso Legale\"}]},{\"@type\":\"WebSite\",\"@id\":\"https:\\\/\\\/checkpointsystems.com\\\/it\\\/#website\",\"url\":\"https:\\\/\\\/checkpointsystems.com\\\/it\\\/\",\"name\":\"Checkpoint Systems Italia\",\"description\":\"Tecnologia intelligente dalla produzione al cliente\",\"potentialAction\":[{\"@type\":\"SearchAction\",\"target\":{\"@type\":\"EntryPoint\",\"urlTemplate\":\"https:\\\/\\\/checkpointsystems.com\\\/it\\\/?s={search_term_string}\"},\"query-input\":{\"@type\":\"PropertyValueSpecification\",\"valueRequired\":true,\"valueName\":\"search_term_string\"}}],\"inLanguage\":\"it-IT\"}]}<\/script>\n<!-- \/ Yoast SEO plugin. -->","yoast_head_json":{"title":"Avviso Legale - Checkpoint Systems Italia","robots":{"index":"index","follow":"follow","max-snippet":"max-snippet:-1","max-image-preview":"max-image-preview:large","max-video-preview":"max-video-preview:-1"},"canonical":"https:\/\/checkpointsystems.com\/it\/avviso-legale\/","og_locale":"it_IT","og_type":"article","og_title":"Avviso Legale - Checkpoint Systems Italia","og_url":"https:\/\/checkpointsystems.com\/it\/avviso-legale\/","og_site_name":"Checkpoint Systems Italia","twitter_card":"summary_large_image","twitter_misc":{"Tempo di lettura stimato":"5 minuti"},"schema":{"@context":"https:\/\/schema.org","@graph":[{"@type":"WebPage","@id":"https:\/\/checkpointsystems.com\/it\/avviso-legale\/","url":"https:\/\/checkpointsystems.com\/it\/avviso-legale\/","name":"Avviso Legale - Checkpoint Systems Italia","isPartOf":{"@id":"https:\/\/checkpointsystems.com\/it\/#website"},"datePublished":"2022-07-17T18:55:47+00:00","breadcrumb":{"@id":"https:\/\/checkpointsystems.com\/it\/avviso-legale\/#breadcrumb"},"inLanguage":"it-IT","potentialAction":[{"@type":"ReadAction","target":["https:\/\/checkpointsystems.com\/it\/avviso-legale\/"]}]},{"@type":"BreadcrumbList","@id":"https:\/\/checkpointsystems.com\/it\/avviso-legale\/#breadcrumb","itemListElement":[{"@type":"ListItem","position":1,"name":"Home","item":"https:\/\/checkpointsystems.com\/it\/"},{"@type":"ListItem","position":2,"name":"Avviso Legale"}]},{"@type":"WebSite","@id":"https:\/\/checkpointsystems.com\/it\/#website","url":"https:\/\/checkpointsystems.com\/it\/","name":"Checkpoint Systems Italia","description":"Tecnologia intelligente dalla produzione al cliente","potentialAction":[{"@type":"SearchAction","target":{"@type":"EntryPoint","urlTemplate":"https:\/\/checkpointsystems.com\/it\/?s={search_term_string}"},"query-input":{"@type":"PropertyValueSpecification","valueRequired":true,"valueName":"search_term_string"}}],"inLanguage":"it-IT"}]}},"_links":{"self":[{"href":"https:\/\/checkpointsystems.com\/it\/wp-json\/wp\/v2\/pages\/2785","targetHints":{"allow":["GET"]}}],"collection":[{"href":"https:\/\/checkpointsystems.com\/it\/wp-json\/wp\/v2\/pages"}],"about":[{"href":"https:\/\/checkpointsystems.com\/it\/wp-json\/wp\/v2\/types\/page"}],"author":[{"embeddable":true,"href":"https:\/\/checkpointsystems.com\/it\/wp-json\/wp\/v2\/users\/4"}],"replies":[{"embeddable":true,"href":"https:\/\/checkpointsystems.com\/it\/wp-json\/wp\/v2\/comments?post=2785"}],"version-history":[{"count":0,"href":"https:\/\/checkpointsystems.com\/it\/wp-json\/wp\/v2\/pages\/2785\/revisions"}],"wp:attachment":[{"href":"https:\/\/checkpointsystems.com\/it\/wp-json\/wp\/v2\/media?parent=2785"}],"wp:term":[{"taxonomy":"category","embeddable":true,"href":"https:\/\/checkpointsystems.com\/it\/wp-json\/wp\/v2\/categories?post=2785"},{"taxonomy":"post_tag","embeddable":true,"href":"https:\/\/checkpointsystems.com\/it\/wp-json\/wp\/v2\/tags?post=2785"}],"curies":[{"name":"wp","href":"https:\/\/api.w.org\/{rel}","templated":true}]}}