{"id":2784,"date":"2022-07-17T19:56:56","date_gmt":"2022-07-17T18:56:56","guid":{"rendered":"https:\/\/checkpointsstg.wpengine.com\/it\/?page_id=2784"},"modified":"2022-07-17T19:56:56","modified_gmt":"2022-07-17T18:56:56","slug":"cookies-policy","status":"publish","type":"page","link":"https:\/\/checkpointsystems.com\/it\/cookies-policy\/","title":{"rendered":"Cookies Policy"},"content":{"rendered":"<p><div class=\"fusion-fullwidth fullwidth-box fusion-builder-row-1 fusion-flex-container nonhundred-percent-fullwidth non-hundred-percent-height-scrolling\" style=\"--awb-border-radius-top-left:0px;--awb-border-radius-top-right:0px;--awb-border-radius-bottom-right:0px;--awb-border-radius-bottom-left:0px;--awb-padding-left:0px;--awb-min-height:350px;--awb-flex-wrap:wrap;\" ><div class=\"fusion-builder-row fusion-row fusion-flex-align-items-flex-start fusion-flex-content-wrap\" style=\"max-width:calc( 1200px + 0px );margin-left: calc(-0px \/ 2 );margin-right: calc(-0px \/ 2 );\"><div class=\"fusion-layout-column fusion_builder_column fusion-builder-column-0 fusion_builder_column_1_1 1_1 fusion-flex-column fusion-flex-align-self-flex-end\" style=\"--awb-padding-bottom:40px;--awb-bg-size:cover;--awb-width-large:100%;--awb-margin-top-large:0px;--awb-spacing-right-large:0px;--awb-margin-bottom-large:0px;--awb-spacing-left-large:0px;--awb-width-medium:100%;--awb-order-medium:0;--awb-spacing-right-medium:0px;--awb-spacing-left-medium:0px;--awb-width-small:100%;--awb-order-small:0;--awb-spacing-right-small:0px;--awb-spacing-left-small:0px;\"><div class=\"fusion-column-wrapper fusion-column-has-shadow fusion-flex-justify-content-flex-start fusion-content-layout-column\"><div class=\"fusion-title title fusion-title-1 fusion-sep-none fusion-title-text fusion-title-size-one\" style=\"--awb-text-color:var(--awb-color1);--awb-margin-top-small:0px;--awb-margin-bottom-small:20px;--awb-font-size:40px;\"><h1 class=\"fusion-title-heading title-heading-left fusion-responsive-typography-calculated\" style=\"font-family:&quot;Noto Sans&quot;;font-style:normal;font-weight:400;margin:0;font-size:1em;--fontSize:40;line-height:2.05;\">Cookies Policy<\/h1><\/div><nav class=\"fusion-breadcrumbs awb-yoast-breadcrumbs fusion-breadcrumbs-1\" style=\"--awb-font-size:10;--awb-text-hover-color:var(--awb-color4);--awb-text-color:var(--awb-color3);--awb-breadcrumb-sep:&#039;\/&#039;;\" aria-label=\"Breadcrumb\"><span><span><a href=\"https:\/\/checkpointsystems.com\/it\/\">Home<\/a><\/span><\/span><\/nav><\/div><\/div><\/div><\/div><div class=\"fusion-fullwidth fullwidth-box fusion-builder-row-2 fusion-flex-container nonhundred-percent-fullwidth non-hundred-percent-height-scrolling\" style=\"--awb-border-radius-top-left:0px;--awb-border-radius-top-right:0px;--awb-border-radius-bottom-right:0px;--awb-border-radius-bottom-left:0px;--awb-margin-top:80px;--awb-margin-bottom:80px;--awb-flex-wrap:wrap;\" ><div class=\"fusion-builder-row fusion-row fusion-flex-align-items-flex-start fusion-flex-content-wrap\" style=\"max-width:calc( 1200px + 0px );margin-left: calc(-0px \/ 2 );margin-right: calc(-0px \/ 2 );\"><div class=\"fusion-layout-column fusion_builder_column fusion-builder-column-1 fusion_builder_column_1_1 1_1 fusion-flex-column\" style=\"--awb-bg-size:cover;--awb-width-large:100%;--awb-margin-top-large:0px;--awb-spacing-right-large:0px;--awb-margin-bottom-large:0px;--awb-spacing-left-large:0px;--awb-width-medium:100%;--awb-order-medium:0;--awb-spacing-right-medium:0px;--awb-spacing-left-medium:0px;--awb-width-small:100%;--awb-order-small:0;--awb-spacing-right-small:0px;--awb-spacing-left-small:0px;\"><div class=\"fusion-column-wrapper fusion-column-has-shadow fusion-flex-justify-content-flex-start fusion-content-layout-column\"><div class=\"fusion-text fusion-text-1\"><div class=\"cli_pg_page_contaner\">\n<h4><strong><em>Cosa sono i cookies?<\/em><\/strong><\/h4>\n<p>Questo sito web usa cookies. Un cookie \u00e8 un file che \u00e8 scaricato ed installato sul browser del vostro computer. Tra le altre cose, i cookies consentono ad un sito web di immagazzinare e recuperare le informazioni in merito alle abitudini di navigazioni e recuperare le informazioni circa le abitudini di navigazione di un utilizzatore del suo computer. A seconda delle informazioni che contengono e del modo in cui il computer \u00e8 usato, possono anche essere usati per riconoscere l\u2019utilizzatore.<\/p>\n<h4><strong><em>Che tipo di cookies usa questo sito web?<\/em><\/strong><\/h4>\n<p>In base al soggetto che gestisce il computer o il dominio dal quale i cookies sono inviati e che tratta i dati ottenuti, possiamo distinguere tra i diversi seguenti tipi di cookies:<\/p>\n<ul>\n<li><strong><em>Cookies propri<\/em><\/strong>: Sono inviati al sistema del computer dell\u2019utilizzatore da un computer o dal dominio gestito dall\u2019editore dal quale il servizio richiesto dall\u2019utilizzatore \u00e8 fornito.<\/li>\n<\/ul>\n<ul>\n<li><strong><em>Cookies di terze-parti<\/em><\/strong>: Sono inviati al sistema del computer dell\u2019utilizzatore da un computer o dominio non gestito dall\u2019editore, ma da un\u2019altra societ\u00e0 che tratta i dati ottenuti attraverso i cookies.<\/li>\n<\/ul>\n<p>Tipi di cookies basati sul tempo in cui rimangono attivi sul computer:<\/p>\n<ul>\n<li><strong><em>Cookies di sessione<\/em><\/strong>: Sono progettati per raccogliere ed immagazzinare i dati mentre l\u2019utilizzatore accede ad una pagina web.<\/li>\n<\/ul>\n<ul>\n<li><strong><em>Cookies permanenti<\/em><\/strong>: consentono ai dati di rimanere immagazzinati nel computer e ad essi si pu\u00f2 accedere ed essi possono essere processati per un periodo definito dalla persona responsabile per i cookie, che pu\u00f2 variare da pochi minuti a diversi anni.<\/li>\n<\/ul>\n<p>Tipi di cookies basati sulla loro finalit\u00e0:<\/p>\n<ul>\n<li><strong><em>Cookies tecnici<\/em><\/strong>: Sono richiesti affinch\u00e9 la pagina web possa funzionare propriamente e sono essenziali nel permettere all\u2019utilizzatore di accedere ai servizi richiesti e contenuti ed interagire con le sue funzioni. Disabilitarli pu\u00f2 impedire alla pagina web di funzionare correttamente.<\/li>\n<\/ul>\n<ul>\n<li><strong><em>Cookies di Analisi<\/em><\/strong>: Rendono possibile monitorare ed analizzare il comportamento dell\u2019utilizzatore sul sito web al quale sono collegati. I dati raccolti sono usati per misurare gli accessi, il traffico ed il coinvolgimento con la pagina web. Comunque, rendono possibile determinare quale browser sia usato e la lingua scelta, tra le altre cose. Questi cookies sono abilitati automaticamente sul nostro sito web. Potete disabilitarli attraverso strumenti di opt-out o le impostazione del browser.<\/li>\n<\/ul>\n<ul>\n<li><strong><em>Cookies pubblicitari<\/em><\/strong>: Ci consentono di gestire nella misura pi\u00f9 efficiente possibile gli spazi promozionali che l\u2019editore ha incluso sul sito web, l\u2019applicazione o la piattaforma dalla quale il servizio richiesto \u00e8 fornito in base a criteri come il contenuto edito, o quanto frequentemente le inserzioni pubblicitarie sono visualizzate.<\/li>\n<\/ul>\n<p>Le seguenti applicazioni sono usate per ottenere questi dati:<\/p>\n<table width=\"681\">\n<tbody>\n<tr>\n<td width=\"105\"><strong>ORIGINE<\/strong><\/td>\n<td width=\"113\"><strong>NOME TECNICO<\/strong><\/td>\n<td width=\"463\"><strong>INFORMAZIONE<\/strong><\/td>\n<\/tr>\n<tr>\n<td width=\"105\">GOOGLE ANALYTICS<\/p>\n<p>(analystics)<\/td>\n<td width=\"113\">_ga<\/td>\n<td width=\"463\">Questo strumento di analisi ci aiuta a capire come i visitatori interagiscono con il sito web. \u00a0Pu\u00f2 offrire un set di cookies per immagazzinare dati del sito web ed offrire statistiche di utilizzo senza identificare personalmente i visitatori.<\/p>\n<p>Maggiori informazioni: <a href=\"https:\/\/support.google.com\/analytics\/answer\/6004245\">https:\/\/support.google.com\/analytics\/answer\/6004245<\/a><\/p>\n<p>Strumento di Opt-Out: <a href=\"https:\/\/tools.google.com\/dlpage\/gaoptout?hl=None\">https:\/\/tools.google.com\/dlpage\/gaoptout?hl=None<\/a><\/td>\n<\/tr>\n<tr>\n<td width=\"105\">GOOGLE ANALYTICS<\/p>\n<p>(Analytics)<\/td>\n<td width=\"113\">_gid<\/td>\n<td width=\"463\">Il cookie \u00e9 usato per immagazzinare informazioni su come i visitatori usano un sito web ed aiuta a creare un report di analisi su come sta andando il sito web. I dati raccolti includono il numero di visitatori, la loro origine e le pagine visitate in forma anonima.<\/p>\n<p>Per maggiori informazioni: <a href=\"https:\/\/support.google.com\/analytics\/answer\/6004245\">https:\/\/support.google.com\/analytics\/answer\/6004245<\/a><\/p>\n<p>Strumento di Opt-Out: <a href=\"https:\/\/tools.google.com\/dlpage\/gaoptout?hl=None\">https:\/\/tools.google.com\/dlpage\/gaoptout?hl=None<\/a><\/td>\n<\/tr>\n<tr>\n<td width=\"105\">GOOGLE ANALYTICS<\/p>\n<p>(Performance)<\/td>\n<td width=\"113\">_gat<\/td>\n<td width=\"463\">Il cookie \u00e8 usato per accelerare il tasso di richiesta per limitare la raccolta di dati su siti ad altro traffico.<\/p>\n<p>Per maggiori informazioni: <a href=\"https:\/\/support.google.com\/analytics\/answer\/6004245\">https:\/\/support.google.com\/analytics\/answer\/6004245<\/a><\/p>\n<p>Strumento di Opt-Out: <a href=\"https:\/\/tools.google.com\/dlpage\/gaoptout?hl=None\">https:\/\/tools.google.com\/dlpage\/gaoptout?hl=None<\/a><\/td>\n<\/tr>\n<tr>\n<td width=\"105\">WORDPRESS (Functional)<\/td>\n<td width=\"113\">Lang<\/td>\n<td width=\"463\">Questo cookie \u00e8 utilizzato per conservare le preference di lingua di un utente per fornire contenuti in tale lingua alla successiva visita del sito da parte dell\u2019utente.<\/td>\n<\/tr>\n<tr>\n<td width=\"105\">LINKEDIN<\/p>\n<p>(Advertisement)<\/td>\n<td width=\"113\">Bcookie<\/td>\n<td width=\"463\">La finalit\u00e0 del cookie \u00e9 di abilitare le funzionalit\u00e0 di LinkedIn sulla pagina. Maggiori informazioni:<\/p>\n<p><a href=\"https:\/\/www.linkedin.com\/legal\/privacy-policy\">https:\/\/www.linkedin.com\/legal\/privacy-policy<\/a><\/td>\n<\/tr>\n<tr>\n<td width=\"105\">LINKEDIN<\/p>\n<p>(Analytics)<\/td>\n<td width=\"113\">Lissc<\/td>\n<td width=\"463\">Questo cookie \u00e8 usato per tracciare servizi integrati. Maggiori informazioni:<\/p>\n<p><a href=\"https:\/\/www.linkedin.com\/legal\/privacy-policy\">https:\/\/www.linkedin.com\/legal\/privacy-policy<\/a><\/td>\n<\/tr>\n<tr>\n<td width=\"105\">LINKEDIN<\/p>\n<p>(Functional)<\/td>\n<td width=\"113\">Lidc<\/td>\n<td width=\"463\">Questo cookie \u00e8 usato per il routing. Maggiori informazioni:<\/p>\n<p><a href=\"https:\/\/www.linkedin.com\/legal\/privacy-policy\">https:\/\/www.linkedin.com\/legal\/privacy-policy<\/a><\/td>\n<\/tr>\n<tr>\n<td width=\"105\">LINKEDIN<\/td>\n<td width=\"113\">UserMatchHistory<\/td>\n<td width=\"463\">Questo cookie \u00e8 un cookie di identificazione della navigazione stabilito da Linked share Buttons and ad tags. Maggiori informazioni:<\/p>\n<p><a href=\"https:\/\/www.linkedin.com\/legal\/privacy-policy\">https:\/\/www.linkedin.com\/legal\/privacy-policy<\/a><\/td>\n<\/tr>\n<tr>\n<td width=\"105\">VIMEO<\/p>\n<p>(Analytics)<\/td>\n<td width=\"113\">Vuid<\/td>\n<td width=\"463\">Questo cookie \u00e8 usato da Vimeo per racogliere informazioni di tracciamento. Stabilisce un unico ID per incorporare video nel sito web. Maggiori informazioni:<\/p>\n<p><a href=\"https:\/\/vimeo.com\/cookie_policy\"><strong>https:\/\/vimeo.com\/cookie_policy<\/strong><\/a><\/td>\n<\/tr>\n<\/tbody>\n<\/table>\n<p>Comunque, Vi informiamo che potete agevolmente modificare le impostazioni del vostro browser o bloccare o rimuovere i cookies installati in qualsiasi momento. Cionondimeno, disabilitare i cookies pu\u00f2 modificare il funzionamento delle pagine web e rendere certi servizi sulla pagina web non disponibili.<\/p>\n<p>Ciascun browser ha differenti impostazioni per disabilitare i cookies. Di seguito trovate i passi da seguire per disabilitare o rimuovere cookies dai principali browser:<\/p>\n<ul>\n<li>Chrome: <a href=\"http:\/\/support.google.com\/chrome\/bin\/answer.py?hl=es&amp;answer=95647\">http:\/\/support.google.com\/chrome\/bin\/answer.py?hl=es&amp;answer=95647<\/a><\/li>\n<li>Explorer: <a href=\"http:\/\/windows.microsoft.com\/es-es\/windows7\/how-to-manage-Cookies-in-internet-explorer-9\">http:\/\/windows.microsoft.com\/es-es\/windows7\/how-to-manage-Cookies-in-internet-explorer-9<\/a><\/li>\n<li>Firefox: <a href=\"http:\/\/support.mozilla.org\/es\/kb\/habilitar-y-deshabilitar-Cookies-que-los-sitios-we\">http:\/\/support.mozilla.org\/es\/kb\/habilitar-y-deshabilitar-Cookies-que-los-sitios-we<\/a><\/li>\n<li>Safari <a href=\"http:\/\/support.apple.com\/kb\/ph5042\">http:\/\/support.apple.com\/kb\/ph5042<\/a><\/li>\n<\/ul>\n<p>Questa Cookies Policy pu\u00f2 essere modificata in conformit\u00e0 con i cambiamenti alla legislazione o per adattarli alle istruzioni dell\u2019Autorit\u00e0 Garante per la Protezione dei dati personali. Si raccomanda pertanto agli utilizzatori di consultarla periodicamente.<\/p>\n<p>Se intendete modificare il vostro consenso, potete farlo attraverso il seguente link Cookies setting panel.<\/p>\n<\/div>\n<\/div><\/div><\/div><\/div><\/div><\/p>\n","protected":false},"excerpt":{"rendered":"","protected":false},"author":4,"featured_media":0,"parent":0,"menu_order":80,"comment_status":"closed","ping_status":"closed","template":"","meta":{"footnotes":""},"categories":[],"tags":[],"class_list":["post-2784","page","type-page","status-publish","hentry"],"yoast_head":"<!-- This site is optimized with the Yoast SEO plugin v27.3 - https:\/\/yoast.com\/product\/yoast-seo-wordpress\/ -->\n<title>Cookies Policy - Checkpoint Systems Italia<\/title>\n<meta name=\"robots\" content=\"index, follow, max-snippet:-1, max-image-preview:large, max-video-preview:-1\" \/>\n<link rel=\"canonical\" href=\"https:\/\/checkpointsystems.com\/it\/cookies-policy\/\" \/>\n<meta property=\"og:locale\" content=\"it_IT\" \/>\n<meta property=\"og:type\" content=\"article\" \/>\n<meta property=\"og:title\" content=\"Cookies Policy - Checkpoint Systems Italia\" \/>\n<meta property=\"og:url\" content=\"https:\/\/checkpointsystems.com\/it\/cookies-policy\/\" \/>\n<meta property=\"og:site_name\" content=\"Checkpoint Systems Italia\" \/>\n<meta name=\"twitter:card\" content=\"summary_large_image\" \/>\n<meta name=\"twitter:label1\" content=\"Tempo di lettura stimato\" \/>\n\t<meta name=\"twitter:data1\" content=\"5 minuti\" \/>\n<script type=\"application\/ld+json\" class=\"yoast-schema-graph\">{\"@context\":\"https:\\\/\\\/schema.org\",\"@graph\":[{\"@type\":\"WebPage\",\"@id\":\"https:\\\/\\\/checkpointsystems.com\\\/it\\\/cookies-policy\\\/\",\"url\":\"https:\\\/\\\/checkpointsystems.com\\\/it\\\/cookies-policy\\\/\",\"name\":\"Cookies Policy - Checkpoint Systems Italia\",\"isPartOf\":{\"@id\":\"https:\\\/\\\/checkpointsystems.com\\\/it\\\/#website\"},\"datePublished\":\"2022-07-17T18:56:56+00:00\",\"breadcrumb\":{\"@id\":\"https:\\\/\\\/checkpointsystems.com\\\/it\\\/cookies-policy\\\/#breadcrumb\"},\"inLanguage\":\"it-IT\",\"potentialAction\":[{\"@type\":\"ReadAction\",\"target\":[\"https:\\\/\\\/checkpointsystems.com\\\/it\\\/cookies-policy\\\/\"]}]},{\"@type\":\"BreadcrumbList\",\"@id\":\"https:\\\/\\\/checkpointsystems.com\\\/it\\\/cookies-policy\\\/#breadcrumb\",\"itemListElement\":[{\"@type\":\"ListItem\",\"position\":1,\"name\":\"Home\",\"item\":\"https:\\\/\\\/checkpointsystems.com\\\/it\\\/\"},{\"@type\":\"ListItem\",\"position\":2,\"name\":\"Cookies Policy\"}]},{\"@type\":\"WebSite\",\"@id\":\"https:\\\/\\\/checkpointsystems.com\\\/it\\\/#website\",\"url\":\"https:\\\/\\\/checkpointsystems.com\\\/it\\\/\",\"name\":\"Checkpoint Systems Italia\",\"description\":\"Tecnologia intelligente dalla produzione al cliente\",\"potentialAction\":[{\"@type\":\"SearchAction\",\"target\":{\"@type\":\"EntryPoint\",\"urlTemplate\":\"https:\\\/\\\/checkpointsystems.com\\\/it\\\/?s={search_term_string}\"},\"query-input\":{\"@type\":\"PropertyValueSpecification\",\"valueRequired\":true,\"valueName\":\"search_term_string\"}}],\"inLanguage\":\"it-IT\"}]}<\/script>\n<!-- \/ Yoast SEO plugin. -->","yoast_head_json":{"title":"Cookies Policy - Checkpoint Systems Italia","robots":{"index":"index","follow":"follow","max-snippet":"max-snippet:-1","max-image-preview":"max-image-preview:large","max-video-preview":"max-video-preview:-1"},"canonical":"https:\/\/checkpointsystems.com\/it\/cookies-policy\/","og_locale":"it_IT","og_type":"article","og_title":"Cookies Policy - Checkpoint Systems Italia","og_url":"https:\/\/checkpointsystems.com\/it\/cookies-policy\/","og_site_name":"Checkpoint Systems Italia","twitter_card":"summary_large_image","twitter_misc":{"Tempo di lettura stimato":"5 minuti"},"schema":{"@context":"https:\/\/schema.org","@graph":[{"@type":"WebPage","@id":"https:\/\/checkpointsystems.com\/it\/cookies-policy\/","url":"https:\/\/checkpointsystems.com\/it\/cookies-policy\/","name":"Cookies Policy - Checkpoint Systems Italia","isPartOf":{"@id":"https:\/\/checkpointsystems.com\/it\/#website"},"datePublished":"2022-07-17T18:56:56+00:00","breadcrumb":{"@id":"https:\/\/checkpointsystems.com\/it\/cookies-policy\/#breadcrumb"},"inLanguage":"it-IT","potentialAction":[{"@type":"ReadAction","target":["https:\/\/checkpointsystems.com\/it\/cookies-policy\/"]}]},{"@type":"BreadcrumbList","@id":"https:\/\/checkpointsystems.com\/it\/cookies-policy\/#breadcrumb","itemListElement":[{"@type":"ListItem","position":1,"name":"Home","item":"https:\/\/checkpointsystems.com\/it\/"},{"@type":"ListItem","position":2,"name":"Cookies Policy"}]},{"@type":"WebSite","@id":"https:\/\/checkpointsystems.com\/it\/#website","url":"https:\/\/checkpointsystems.com\/it\/","name":"Checkpoint Systems Italia","description":"Tecnologia intelligente dalla produzione al cliente","potentialAction":[{"@type":"SearchAction","target":{"@type":"EntryPoint","urlTemplate":"https:\/\/checkpointsystems.com\/it\/?s={search_term_string}"},"query-input":{"@type":"PropertyValueSpecification","valueRequired":true,"valueName":"search_term_string"}}],"inLanguage":"it-IT"}]}},"_links":{"self":[{"href":"https:\/\/checkpointsystems.com\/it\/wp-json\/wp\/v2\/pages\/2784","targetHints":{"allow":["GET"]}}],"collection":[{"href":"https:\/\/checkpointsystems.com\/it\/wp-json\/wp\/v2\/pages"}],"about":[{"href":"https:\/\/checkpointsystems.com\/it\/wp-json\/wp\/v2\/types\/page"}],"author":[{"embeddable":true,"href":"https:\/\/checkpointsystems.com\/it\/wp-json\/wp\/v2\/users\/4"}],"replies":[{"embeddable":true,"href":"https:\/\/checkpointsystems.com\/it\/wp-json\/wp\/v2\/comments?post=2784"}],"version-history":[{"count":0,"href":"https:\/\/checkpointsystems.com\/it\/wp-json\/wp\/v2\/pages\/2784\/revisions"}],"wp:attachment":[{"href":"https:\/\/checkpointsystems.com\/it\/wp-json\/wp\/v2\/media?parent=2784"}],"wp:term":[{"taxonomy":"category","embeddable":true,"href":"https:\/\/checkpointsystems.com\/it\/wp-json\/wp\/v2\/categories?post=2784"},{"taxonomy":"post_tag","embeddable":true,"href":"https:\/\/checkpointsystems.com\/it\/wp-json\/wp\/v2\/tags?post=2784"}],"curies":[{"name":"wp","href":"https:\/\/api.w.org\/{rel}","templated":true}]}}