{"id":7636,"date":"2024-02-20T14:31:06","date_gmt":"2024-02-20T13:31:06","guid":{"rendered":"https:\/\/checkpointsystems.com\/fr\/?page_id=7636"},"modified":"2025-01-17T14:20:34","modified_gmt":"2025-01-17T13:20:34","slug":"demarrer-projet-rfid","status":"publish","type":"page","link":"https:\/\/checkpointsystems.com\/fr\/portail-pgc-non-alimentaires\/demarrer-projet-rfid\/","title":{"rendered":"D\u00e9marrer un projet RFID"},"content":{"rendered":"<p><div class=\"fusion-fullwidth fullwidth-box fusion-builder-row-1 fusion-flex-container has-pattern-background has-mask-background fusion-parallax-none nonhundred-percent-fullwidth non-hundred-percent-height-scrolling lazyload\" style=\"--awb-border-radius-top-left:0px;--awb-border-radius-top-right:0px;--awb-border-radius-bottom-right:0px;--awb-border-radius-bottom-left:0px;--awb-background-size:cover;--awb-flex-wrap:wrap;\" data-bg=\"https:\/\/checkpointsystems.com\/wp-content\/uploads\/Checkmark_News-300x167.png\" ><div class=\"fusion-builder-row fusion-row fusion-flex-align-items-flex-start fusion-flex-content-wrap\" style=\"max-width:calc( 1200px + 0px );margin-left: calc(-0px \/ 2 );margin-right: calc(-0px \/ 2 );\"><div class=\"fusion-layout-column fusion_builder_column fusion-builder-column-0 fusion_builder_column_1_1 1_1 fusion-flex-column\" style=\"--awb-padding-top:70px;--awb-bg-size:cover;--awb-width-large:100%;--awb-margin-top-large:0px;--awb-spacing-right-large:0px;--awb-margin-bottom-large:0px;--awb-spacing-left-large:0px;--awb-width-medium:100%;--awb-order-medium:0;--awb-spacing-right-medium:0px;--awb-spacing-left-medium:0px;--awb-width-small:100%;--awb-order-small:0;--awb-spacing-right-small:0px;--awb-spacing-left-small:0px;\"><div class=\"fusion-column-wrapper fusion-column-has-shadow fusion-flex-justify-content-flex-start fusion-content-layout-column\"><div class=\"fusion-image-element \" style=\"--awb-caption-title-font-family:var(--h2_typography-font-family);--awb-caption-title-font-weight:var(--h2_typography-font-weight);--awb-caption-title-font-style:var(--h2_typography-font-style);--awb-caption-title-size:var(--h2_typography-font-size);--awb-caption-title-transform:var(--h2_typography-text-transform);--awb-caption-title-line-height:var(--h2_typography-line-height);--awb-caption-title-letter-spacing:var(--h2_typography-letter-spacing);\"><span class=\" fusion-imageframe imageframe-none imageframe-1 hover-type-none\"><img decoding=\"async\" src=\"data:image\/gif;base64,R0lGODlhAQABAAAAACH5BAEKAAEALAAAAAABAAEAAAICTAEAOw==\" data-orig-src=\"https:\/\/checkpointsystems.com\/wp-content\/uploads\/RFID_By_Checkpoint_Logo_2-300x78.png\" alt class=\"lazyload img-responsive\"\/><\/span><\/div><div class=\"fusion-title title fusion-title-1 fusion-sep-none fusion-title-text fusion-title-size-one\" style=\"--awb-margin-top:50px;--awb-margin-top-small:0px;--awb-margin-bottom-small:20px;--awb-font-size:35px;\"><h1 class=\"fusion-title-heading title-heading-left fusion-responsive-typography-calculated\" style=\"font-family:&quot;JANO SANS PRO SEMI BOLD&quot;;font-style:normal;font-weight:400;margin:0;font-size:1em;--fontSize:35;line-height:2.34;\"><span class=\"TextRun Highlight SCXP19380724 BCX0\" lang=\"ES-ES\" xml:lang=\"ES-ES\" data-usefontface=\"false\" data-contrast=\"none\"><span class=\"NormalTextRun SCXP19380724 BCX0\">Comment \u00eatre conforme \u00e0 la RFID ?<\/span><\/span><span class=\"EOP SCXP19380724 BCX0\">\u200b<\/span><\/h1><\/div><div class=\"fusion-text fusion-text-1 fusion-text-no-margin\" style=\"--awb-margin-bottom:5%;\"><p>Merci de choisir l'une des options ci-dessous pour commencer :<\/p>\n<\/div><\/div><\/div><\/div><\/div><div class=\"fusion-fullwidth fullwidth-box fusion-builder-row-2 fusion-flex-container has-pattern-background has-mask-background nonhundred-percent-fullwidth non-hundred-percent-height-scrolling\" style=\"--awb-border-radius-top-left:0px;--awb-border-radius-top-right:0px;--awb-border-radius-bottom-right:0px;--awb-border-radius-bottom-left:0px;--awb-margin-bottom:80px;--awb-flex-wrap:wrap;\" ><div class=\"fusion-builder-row fusion-row fusion-flex-align-items-flex-start fusion-flex-content-wrap\" style=\"max-width:calc( 1200px + 0px );margin-left: calc(-0px \/ 2 );margin-right: calc(-0px \/ 2 );\"><div class=\"fusion-layout-column fusion_builder_column fusion-builder-column-1 fusion_builder_column_1_1 1_1 fusion-flex-column\" style=\"--awb-bg-size:cover;--awb-width-large:100%;--awb-margin-top-large:0px;--awb-spacing-right-large:0px;--awb-margin-bottom-large:0px;--awb-spacing-left-large:0px;--awb-width-medium:100%;--awb-order-medium:0;--awb-spacing-right-medium:0px;--awb-spacing-left-medium:0px;--awb-width-small:100%;--awb-order-small:0;--awb-spacing-right-small:0px;--awb-spacing-left-small:0px;\"><div class=\"fusion-column-wrapper fusion-column-has-shadow fusion-flex-justify-content-flex-start fusion-content-layout-column\"><div class=\"fusion-builder-row fusion-builder-row-inner fusion-row fusion-flex-align-items-flex-start fusion-flex-content-wrap\" style=\"--awb-flex-grow:0;--awb-flex-grow-medium:0;--awb-flex-grow-small:0;--awb-flex-shrink:0;--awb-flex-shrink-medium:0;--awb-flex-shrink-small:0;width:calc( 100% + 0px ) !important;max-width:calc( 100% + 0px ) !important;margin-left: calc(-0px \/ 2 );margin-right: calc(-0px \/ 2 );\"><div class=\"fusion-layout-column fusion_builder_column_inner fusion-builder-nested-column-0 fusion_builder_column_inner_1_3 1_3 fusion-flex-column fusion-column-inner-bg-wrapper\" style=\"--awb-overflow:hidden;--awb-inner-bg-size:cover;--awb-border-color:var(--awb-color1);--awb-border-top:3px;--awb-border-right:3px;--awb-border-bottom:3px;--awb-border-left:3px;--awb-border-style:solid;--awb-border-radius:25px 25px 25px 25px;--awb-inner-bg-border-radius:25px 25px 25px 25px;--awb-inner-bg-overflow:hidden;--awb-width-large:33.3333333333%;--awb-margin-top-large:0px;--awb-spacing-right-large:10px;--awb-margin-bottom-large:0px;--awb-spacing-left-large:10px;--awb-width-medium:100%;--awb-order-medium:0;--awb-spacing-right-medium:0px;--awb-spacing-left-medium:0px;--awb-width-small:100%;--awb-order-small:0;--awb-spacing-right-small:0px;--awb-spacing-left-small:0px;\" data-scroll-devices=\"small-visibility,medium-visibility,large-visibility\"><span class=\"fusion-column-inner-bg hover-type-none\"><a class=\"fusion-column-anchor\" href=\"https:\/\/checkpointsystems.com\/fr\/portail-pgc-non-alimentaires\/demarrer-projet-rfid\/conforme-walmart-rfid\/\"><span class=\"fusion-column-inner-bg-image\"><\/span><\/a><\/span><div class=\"fusion-column-wrapper fusion-column-has-shadow fusion-flex-justify-content-flex-start fusion-content-layout-column\"><div class=\"fusion-image-element \" style=\"text-align:center;--awb-max-width:50%;--awb-caption-title-font-family:var(--h2_typography-font-family);--awb-caption-title-font-weight:var(--h2_typography-font-weight);--awb-caption-title-font-style:var(--h2_typography-font-style);--awb-caption-title-size:var(--h2_typography-font-size);--awb-caption-title-transform:var(--h2_typography-text-transform);--awb-caption-title-line-height:var(--h2_typography-line-height);--awb-caption-title-letter-spacing:var(--h2_typography-letter-spacing);\"><span class=\" fusion-imageframe imageframe-none imageframe-2 hover-type-none\"><img decoding=\"async\" src=\"data:image\/gif;base64,R0lGODlhAQABAAAAACH5BAEKAAEALAAAAAABAAEAAAICTAEAOw==\" data-orig-src=\"https:\/\/checkpointsystems.com\/wp-content\/uploads\/Walmart_General-Merchandise_Portal-300x157.jpg\" alt class=\"lazyload img-responsive\"\/><\/span><\/div><div class=\"fusion-text fusion-text-2\"><p style=\"text-align: center;\">Je suis un fournisseur de Walmart, un fabricant d'\u00e9tiquettes ou une soci\u00e9t\u00e9 d'emballage<\/p>\n<\/div><\/div><\/div><div class=\"fusion-layout-column fusion_builder_column_inner fusion-builder-nested-column-1 fusion_builder_column_inner_1_3 1_3 fusion-flex-column fusion-column-inner-bg-wrapper\" style=\"--awb-overflow:hidden;--awb-inner-bg-size:cover;--awb-border-color:var(--awb-color1);--awb-border-top:3px;--awb-border-right:3px;--awb-border-bottom:3px;--awb-border-left:3px;--awb-border-style:solid;--awb-border-radius:25px 25px 25px 25px;--awb-inner-bg-border-radius:25px 25px 25px 25px;--awb-inner-bg-overflow:hidden;--awb-width-large:33.3333333333%;--awb-margin-top-large:0px;--awb-spacing-right-large:10px;--awb-margin-bottom-large:0px;--awb-spacing-left-large:10px;--awb-width-medium:100%;--awb-order-medium:0;--awb-spacing-right-medium:0px;--awb-spacing-left-medium:0px;--awb-width-small:100%;--awb-order-small:0;--awb-spacing-right-small:0px;--awb-spacing-left-small:0px;\" data-scroll-devices=\"small-visibility,medium-visibility,large-visibility\"><span class=\"fusion-column-inner-bg hover-type-none\"><a class=\"fusion-column-anchor\" href=\"https:\/\/checkpointsystems.com\/fr\/portail-pgc-non-alimentaires\/demarrer-projet-rfid\/conforme-dicks-sporting-good\/\"><span class=\"fusion-column-inner-bg-image\"><\/span><\/a><\/span><div class=\"fusion-column-wrapper fusion-column-has-shadow fusion-flex-justify-content-flex-start fusion-content-layout-column\"><div class=\"fusion-image-element \" style=\"text-align:center;--awb-max-width:50%;--awb-caption-title-font-family:var(--h2_typography-font-family);--awb-caption-title-font-weight:var(--h2_typography-font-weight);--awb-caption-title-font-style:var(--h2_typography-font-style);--awb-caption-title-size:var(--h2_typography-font-size);--awb-caption-title-transform:var(--h2_typography-text-transform);--awb-caption-title-line-height:var(--h2_typography-line-height);--awb-caption-title-letter-spacing:var(--h2_typography-letter-spacing);\"><span class=\" fusion-imageframe imageframe-none imageframe-3 hover-type-none\"><img decoding=\"async\" src=\"data:image\/gif;base64,R0lGODlhAQABAAAAACH5BAEKAAEALAAAAAABAAEAAAICTAEAOw==\" data-orig-src=\"https:\/\/checkpointsystems.com\/wp-content\/uploads\/Dicks_General-Merchandise_portal-300x157.jpg\" alt class=\"lazyload img-responsive\"\/><\/span><\/div><div class=\"fusion-text fusion-text-3\"><p style=\"text-align: center;\">Je suis un fournisseur de Dick's Sporting Goods, un fabricant d'\u00e9tiquettes ou une soci\u00e9t\u00e9 d'emballage<\/p>\n<\/div><\/div><\/div><div class=\"fusion-layout-column fusion_builder_column_inner fusion-builder-nested-column-2 fusion_builder_column_inner_1_3 1_3 fusion-flex-column fusion-column-inner-bg-wrapper\" style=\"--awb-overflow:hidden;--awb-inner-bg-size:cover;--awb-border-color:var(--awb-color1);--awb-border-top:3px;--awb-border-right:3px;--awb-border-bottom:3px;--awb-border-left:3px;--awb-border-style:solid;--awb-border-radius:25px 25px 25px 25px;--awb-inner-bg-border-radius:25px 25px 25px 25px;--awb-inner-bg-overflow:hidden;--awb-width-large:33.3333333333%;--awb-margin-top-large:0px;--awb-spacing-right-large:10px;--awb-margin-bottom-large:0px;--awb-spacing-left-large:10px;--awb-width-medium:100%;--awb-order-medium:0;--awb-spacing-right-medium:0px;--awb-spacing-left-medium:0px;--awb-width-small:100%;--awb-order-small:0;--awb-spacing-right-small:0px;--awb-spacing-left-small:0px;\" data-scroll-devices=\"small-visibility,medium-visibility,large-visibility\"><span class=\"fusion-column-inner-bg hover-type-none\"><a class=\"fusion-column-anchor\" href=\"https:\/\/checkpointsystems.com\/fr\/portail-pgc-non-alimentaires\/demarrer-projet-rfid\/comment-etre-conforme-aux-standards-rfid\/\"><span class=\"fusion-column-inner-bg-image\"><\/span><\/a><\/span><div class=\"fusion-column-wrapper fusion-column-has-shadow fusion-flex-justify-content-flex-start fusion-content-layout-column\"><div class=\"fusion-text fusion-text-4 fusion-text-no-margin\" style=\"--awb-margin-top:30px;--awb-margin-right:80px;--awb-margin-bottom:30px;--awb-margin-left:80px;\"><p style=\"text-align: center;\">Je suis un fabricant d'\u00e9tiquettes, une soci\u00e9t\u00e9 d'emballage ou fournisseur d'un autre distributeur\u200b<\/p>\n<\/div><\/div><\/div><\/div><\/div><\/div><\/div><\/div><\/p>\n","protected":false},"excerpt":{"rendered":"","protected":false},"author":26,"featured_media":0,"parent":7634,"menu_order":0,"comment_status":"closed","ping_status":"closed","template":"100-width.php","meta":{"footnotes":""},"categories":[],"tags":[],"class_list":["post-7636","page","type-page","status-publish","hentry"],"yoast_head":"<!-- This site is optimized with the Yoast SEO plugin v27.3 - https:\/\/yoast.com\/product\/yoast-seo-wordpress\/ -->\n<title>Lancer un projet RFID dans le secteur des PGC non alimentaires<\/title>\n<meta name=\"description\" content=\"D\u00e9marrez votre projet RFID pour les PGC non alimentaires avec Checkpoint pour une mise en \u0153uvre efficace et une gestion des stocks optimis\u00e9e.\" \/>\n<meta name=\"robots\" content=\"index, follow, max-snippet:-1, max-image-preview:large, max-video-preview:-1\" \/>\n<link rel=\"canonical\" href=\"https:\/\/checkpointsystems.com\/fr\/portail-pgc-non-alimentaires\/demarrer-projet-rfid\/\" \/>\n<meta property=\"og:locale\" content=\"fr_FR\" \/>\n<meta property=\"og:type\" content=\"article\" \/>\n<meta property=\"og:title\" content=\"Lancer un projet RFID dans le secteur des PGC non alimentaires\" \/>\n<meta property=\"og:description\" content=\"D\u00e9marrez votre projet RFID pour les PGC non alimentaires avec Checkpoint pour une mise en \u0153uvre efficace et une gestion des stocks optimis\u00e9e.\" \/>\n<meta property=\"og:url\" content=\"https:\/\/checkpointsystems.com\/fr\/portail-pgc-non-alimentaires\/demarrer-projet-rfid\/\" \/>\n<meta property=\"og:site_name\" content=\"Checkpoint Systems France\" \/>\n<meta property=\"article:modified_time\" content=\"2025-01-17T13:20:34+00:00\" \/>\n<meta name=\"twitter:card\" content=\"summary_large_image\" \/>\n<meta name=\"twitter:label1\" content=\"Est. reading time\" \/>\n\t<meta name=\"twitter:data1\" content=\"1 minute\" \/>\n<script type=\"application\/ld+json\" class=\"yoast-schema-graph\">{\"@context\":\"https:\\\/\\\/schema.org\",\"@graph\":[{\"@type\":\"WebPage\",\"@id\":\"https:\\\/\\\/checkpointsystems.com\\\/fr\\\/portail-pgc-non-alimentaires\\\/demarrer-projet-rfid\\\/\",\"url\":\"https:\\\/\\\/checkpointsystems.com\\\/fr\\\/portail-pgc-non-alimentaires\\\/demarrer-projet-rfid\\\/\",\"name\":\"Lancer un projet RFID dans le secteur des PGC non alimentaires\",\"isPartOf\":{\"@id\":\"https:\\\/\\\/checkpointsystems.com\\\/fr\\\/#website\"},\"datePublished\":\"2024-02-20T13:31:06+00:00\",\"dateModified\":\"2025-01-17T13:20:34+00:00\",\"description\":\"D\u00e9marrez votre projet RFID pour les PGC non alimentaires avec Checkpoint pour une mise en \u0153uvre efficace et une gestion des stocks optimis\u00e9e.\",\"breadcrumb\":{\"@id\":\"https:\\\/\\\/checkpointsystems.com\\\/fr\\\/portail-pgc-non-alimentaires\\\/demarrer-projet-rfid\\\/#breadcrumb\"},\"inLanguage\":\"fr-FR\",\"potentialAction\":[{\"@type\":\"ReadAction\",\"target\":[\"https:\\\/\\\/checkpointsystems.com\\\/fr\\\/portail-pgc-non-alimentaires\\\/demarrer-projet-rfid\\\/\"]}]},{\"@type\":\"BreadcrumbList\",\"@id\":\"https:\\\/\\\/checkpointsystems.com\\\/fr\\\/portail-pgc-non-alimentaires\\\/demarrer-projet-rfid\\\/#breadcrumb\",\"itemListElement\":[{\"@type\":\"ListItem\",\"position\":1,\"name\":\"Home\",\"item\":\"https:\\\/\\\/checkpointsystems.com\\\/fr\\\/\"},{\"@type\":\"ListItem\",\"position\":2,\"name\":\"Portail PGC non alimentaires\",\"item\":\"https:\\\/\\\/checkpointsystems.com\\\/fr\\\/portail-pgc-non-alimentaires\\\/\"},{\"@type\":\"ListItem\",\"position\":3,\"name\":\"D\u00e9marrer un projet RFID\"}]},{\"@type\":\"WebSite\",\"@id\":\"https:\\\/\\\/checkpointsystems.com\\\/fr\\\/#website\",\"url\":\"https:\\\/\\\/checkpointsystems.com\\\/fr\\\/\",\"name\":\"Checkpoint Systems France\",\"description\":\"Solutions technologiques RFID\\\/RF pour le commerce\",\"potentialAction\":[{\"@type\":\"SearchAction\",\"target\":{\"@type\":\"EntryPoint\",\"urlTemplate\":\"https:\\\/\\\/checkpointsystems.com\\\/fr\\\/?s={search_term_string}\"},\"query-input\":{\"@type\":\"PropertyValueSpecification\",\"valueRequired\":true,\"valueName\":\"search_term_string\"}}],\"inLanguage\":\"fr-FR\"}]}<\/script>\n<!-- \/ Yoast SEO plugin. -->","yoast_head_json":{"title":"Lancer un projet RFID dans le secteur des PGC non alimentaires","description":"D\u00e9marrez votre projet RFID pour les PGC non alimentaires avec Checkpoint pour une mise en \u0153uvre efficace et une gestion des stocks optimis\u00e9e.","robots":{"index":"index","follow":"follow","max-snippet":"max-snippet:-1","max-image-preview":"max-image-preview:large","max-video-preview":"max-video-preview:-1"},"canonical":"https:\/\/checkpointsystems.com\/fr\/portail-pgc-non-alimentaires\/demarrer-projet-rfid\/","og_locale":"fr_FR","og_type":"article","og_title":"Lancer un projet RFID dans le secteur des PGC non alimentaires","og_description":"D\u00e9marrez votre projet RFID pour les PGC non alimentaires avec Checkpoint pour une mise en \u0153uvre efficace et une gestion des stocks optimis\u00e9e.","og_url":"https:\/\/checkpointsystems.com\/fr\/portail-pgc-non-alimentaires\/demarrer-projet-rfid\/","og_site_name":"Checkpoint Systems France","article_modified_time":"2025-01-17T13:20:34+00:00","twitter_card":"summary_large_image","twitter_misc":{"Est. reading time":"1 minute"},"schema":{"@context":"https:\/\/schema.org","@graph":[{"@type":"WebPage","@id":"https:\/\/checkpointsystems.com\/fr\/portail-pgc-non-alimentaires\/demarrer-projet-rfid\/","url":"https:\/\/checkpointsystems.com\/fr\/portail-pgc-non-alimentaires\/demarrer-projet-rfid\/","name":"Lancer un projet RFID dans le secteur des PGC non alimentaires","isPartOf":{"@id":"https:\/\/checkpointsystems.com\/fr\/#website"},"datePublished":"2024-02-20T13:31:06+00:00","dateModified":"2025-01-17T13:20:34+00:00","description":"D\u00e9marrez votre projet RFID pour les PGC non alimentaires avec Checkpoint pour une mise en \u0153uvre efficace et une gestion des stocks optimis\u00e9e.","breadcrumb":{"@id":"https:\/\/checkpointsystems.com\/fr\/portail-pgc-non-alimentaires\/demarrer-projet-rfid\/#breadcrumb"},"inLanguage":"fr-FR","potentialAction":[{"@type":"ReadAction","target":["https:\/\/checkpointsystems.com\/fr\/portail-pgc-non-alimentaires\/demarrer-projet-rfid\/"]}]},{"@type":"BreadcrumbList","@id":"https:\/\/checkpointsystems.com\/fr\/portail-pgc-non-alimentaires\/demarrer-projet-rfid\/#breadcrumb","itemListElement":[{"@type":"ListItem","position":1,"name":"Home","item":"https:\/\/checkpointsystems.com\/fr\/"},{"@type":"ListItem","position":2,"name":"Portail PGC non alimentaires","item":"https:\/\/checkpointsystems.com\/fr\/portail-pgc-non-alimentaires\/"},{"@type":"ListItem","position":3,"name":"D\u00e9marrer un projet RFID"}]},{"@type":"WebSite","@id":"https:\/\/checkpointsystems.com\/fr\/#website","url":"https:\/\/checkpointsystems.com\/fr\/","name":"Checkpoint Systems France","description":"Solutions technologiques RFID\/RF pour le commerce","potentialAction":[{"@type":"SearchAction","target":{"@type":"EntryPoint","urlTemplate":"https:\/\/checkpointsystems.com\/fr\/?s={search_term_string}"},"query-input":{"@type":"PropertyValueSpecification","valueRequired":true,"valueName":"search_term_string"}}],"inLanguage":"fr-FR"}]}},"_links":{"self":[{"href":"https:\/\/checkpointsystems.com\/fr\/wp-json\/wp\/v2\/pages\/7636","targetHints":{"allow":["GET"]}}],"collection":[{"href":"https:\/\/checkpointsystems.com\/fr\/wp-json\/wp\/v2\/pages"}],"about":[{"href":"https:\/\/checkpointsystems.com\/fr\/wp-json\/wp\/v2\/types\/page"}],"author":[{"embeddable":true,"href":"https:\/\/checkpointsystems.com\/fr\/wp-json\/wp\/v2\/users\/26"}],"replies":[{"embeddable":true,"href":"https:\/\/checkpointsystems.com\/fr\/wp-json\/wp\/v2\/comments?post=7636"}],"version-history":[{"count":0,"href":"https:\/\/checkpointsystems.com\/fr\/wp-json\/wp\/v2\/pages\/7636\/revisions"}],"up":[{"embeddable":true,"href":"https:\/\/checkpointsystems.com\/fr\/wp-json\/wp\/v2\/pages\/7634"}],"wp:attachment":[{"href":"https:\/\/checkpointsystems.com\/fr\/wp-json\/wp\/v2\/media?parent=7636"}],"wp:term":[{"taxonomy":"category","embeddable":true,"href":"https:\/\/checkpointsystems.com\/fr\/wp-json\/wp\/v2\/categories?post=7636"},{"taxonomy":"post_tag","embeddable":true,"href":"https:\/\/checkpointsystems.com\/fr\/wp-json\/wp\/v2\/tags?post=7636"}],"curies":[{"name":"wp","href":"https:\/\/api.w.org\/{rel}","templated":true}]}}