{"id":7634,"date":"2024-02-20T14:34:09","date_gmt":"2024-02-20T13:34:09","guid":{"rendered":"https:\/\/checkpointsystems.com\/fr\/?page_id=7634"},"modified":"2025-01-17T14:11:59","modified_gmt":"2025-01-17T13:11:59","slug":"portail-pgc-non-alimentaires","status":"publish","type":"page","link":"https:\/\/checkpointsystems.com\/fr\/portail-pgc-non-alimentaires\/","title":{"rendered":"Portail PGC non alimentaires"},"content":{"rendered":"<div class=\"fusion-fullwidth fullwidth-box fusion-builder-row-1 fusion-flex-container has-pattern-background has-mask-background fusion-parallax-none nonhundred-percent-fullwidth non-hundred-percent-height-scrolling lazyload\" style=\"--awb-border-radius-top-left:0px;--awb-border-radius-top-right:0px;--awb-border-radius-bottom-right:0px;--awb-border-radius-bottom-left:0px;--awb-padding-top:70px;--awb-padding-bottom:70px;--awb-margin-bottom:0px;--awb-background-size:cover;--awb-flex-wrap:wrap;\" data-bg=\"https:\/\/checkpointsystems.com\/wp-content\/uploads\/Checkmark_News-300x167.png\" ><div class=\"fusion-builder-row fusion-row fusion-flex-align-items-flex-start fusion-flex-content-wrap\" style=\"max-width:calc( 1200px + 0px );margin-left: calc(-0px \/ 2 );margin-right: calc(-0px \/ 2 );\"><div class=\"fusion-layout-column fusion_builder_column fusion-builder-column-0 fusion_builder_column_1_1 1_1 fusion-flex-column\" style=\"--awb-bg-size:cover;--awb-width-large:100%;--awb-margin-top-large:0px;--awb-spacing-right-large:0px;--awb-margin-bottom-large:0px;--awb-spacing-left-large:0px;--awb-width-medium:100%;--awb-order-medium:0;--awb-spacing-right-medium:0px;--awb-spacing-left-medium:0px;--awb-width-small:100%;--awb-order-small:0;--awb-spacing-right-small:0px;--awb-spacing-left-small:0px;\"><div class=\"fusion-column-wrapper fusion-column-has-shadow fusion-flex-justify-content-flex-start fusion-content-layout-column\"><div class=\"fusion-image-element \" style=\"--awb-caption-title-font-family:var(--h2_typography-font-family);--awb-caption-title-font-weight:var(--h2_typography-font-weight);--awb-caption-title-font-style:var(--h2_typography-font-style);--awb-caption-title-size:var(--h2_typography-font-size);--awb-caption-title-transform:var(--h2_typography-text-transform);--awb-caption-title-line-height:var(--h2_typography-line-height);--awb-caption-title-letter-spacing:var(--h2_typography-letter-spacing);\"><span class=\" fusion-imageframe imageframe-none imageframe-1 hover-type-none\"><img decoding=\"async\" src=\"data:image\/gif;base64,R0lGODlhAQABAAAAACH5BAEKAAEALAAAAAABAAEAAAICTAEAOw==\" data-orig-src=\"https:\/\/checkpointsystems.com\/wp-content\/uploads\/RFID_By_Checkpoint_Logo_2-300x78.png\" alt class=\"lazyload img-responsive\"\/><\/span><\/div><div class=\"fusion-title title fusion-title-1 fusion-sep-none fusion-title-center fusion-title-text fusion-title-size-two\" style=\"--awb-margin-top:30px;--awb-margin-top-small:0px;--awb-margin-bottom-small:20px;--awb-font-size:35px;\"><h2 class=\"fusion-title-heading title-heading-center fusion-responsive-typography-calculated\" style=\"font-family:&quot;JANO SANS PRO SEMI BOLD&quot;;font-style:normal;font-weight:400;margin:0;font-size:1em;--fontSize:35;line-height:1.43;\"><p style=\"text-align: center;\">Votre fournisseur RFID de confiance<\/p><\/h2><\/div><div class=\"fusion-builder-row fusion-builder-row-inner fusion-row fusion-flex-align-items-flex-start fusion-flex-content-wrap\" style=\"--awb-flex-grow:0;--awb-flex-grow-medium:0;--awb-flex-grow-small:0;--awb-flex-shrink:0;--awb-flex-shrink-medium:0;--awb-flex-shrink-small:0;width:calc( 100% + 0px ) !important;max-width:calc( 100% + 0px ) !important;margin-left: calc(-0px \/ 2 );margin-right: calc(-0px \/ 2 );\"><div class=\"fusion-layout-column fusion_builder_column_inner fusion-builder-nested-column-0 fusion_builder_column_inner_1_3 1_3 fusion-flex-column\" style=\"--awb-bg-color:var(--awb-color1);--awb-bg-color-hover:var(--awb-color1);--awb-bg-size:cover;--awb-width-large:33.3333333333%;--awb-margin-top-large:30px;--awb-spacing-right-large:10px;--awb-margin-bottom-large:0px;--awb-spacing-left-large:0px;--awb-width-medium:100%;--awb-order-medium:0;--awb-spacing-right-medium:0px;--awb-spacing-left-medium:0px;--awb-width-small:100%;--awb-order-small:0;--awb-spacing-right-small:0px;--awb-spacing-left-small:0px;\"><div class=\"fusion-column-wrapper fusion-column-has-shadow fusion-flex-justify-content-flex-start fusion-content-layout-column\"><div class=\"fusion-text fusion-text-1 fusion-text-no-margin\" style=\"--awb-text-color:var(--awb-color6);--awb-margin-top:30px;--awb-margin-right:30px;--awb-margin-bottom:30px;--awb-margin-left:30px;\"><p style=\"text-align: center;\">Vous fournissez des produits \u00e0 un distributeur qui vous demande des \u00e9tiquettes RFID ?<\/p>\n<\/div><\/div><\/div><div class=\"fusion-layout-column fusion_builder_column_inner fusion-builder-nested-column-1 fusion_builder_column_inner_1_3 1_3 fusion-flex-column\" style=\"--awb-padding-bottom:28px;--awb-bg-color:var(--awb-color3);--awb-bg-color-hover:var(--awb-color3);--awb-bg-size:cover;--awb-width-large:33.3333333333%;--awb-margin-top-large:30px;--awb-spacing-right-large:0px;--awb-margin-bottom-large:0px;--awb-spacing-left-large:0px;--awb-width-medium:100%;--awb-order-medium:0;--awb-spacing-right-medium:0px;--awb-spacing-left-medium:0px;--awb-width-small:100%;--awb-order-small:0;--awb-spacing-right-small:0px;--awb-spacing-left-small:0px;\"><div class=\"fusion-column-wrapper fusion-column-has-shadow fusion-flex-justify-content-flex-start fusion-content-layout-column\"><div class=\"fusion-text fusion-text-2 fusion-text-no-margin\" style=\"--awb-text-color:var(--awb-color6);--awb-margin-top:30px;--awb-margin-right:30px;--awb-margin-bottom:30px;--awb-margin-left:30px;\"><p style=\"text-align: center;\">Vous \u00eates un fabricant d'\u00e9tiquettes et\/ou une soci\u00e9t\u00e9 d'emballage ?<\/p>\n<\/div><\/div><\/div><div class=\"fusion-layout-column fusion_builder_column_inner fusion-builder-nested-column-2 fusion_builder_column_inner_1_3 1_3 fusion-flex-column\" style=\"--awb-bg-color:var(--awb-color5);--awb-bg-color-hover:var(--awb-color5);--awb-bg-size:cover;--awb-width-large:33.3333333333%;--awb-margin-top-large:30px;--awb-spacing-right-large:0px;--awb-margin-bottom-large:0px;--awb-spacing-left-large:10px;--awb-width-medium:100%;--awb-order-medium:0;--awb-spacing-right-medium:0px;--awb-spacing-left-medium:0px;--awb-width-small:100%;--awb-order-small:0;--awb-spacing-right-small:0px;--awb-spacing-left-small:0px;\"><div class=\"fusion-column-wrapper fusion-column-has-shadow fusion-flex-justify-content-flex-start fusion-content-layout-column\"><div class=\"fusion-text fusion-text-3 fusion-text-no-margin\" style=\"--awb-margin-top:30px;--awb-margin-right:30px;--awb-margin-bottom:30px;--awb-margin-left:30px;\"><p style=\"text-align: center;\">Vous ne savez pas par o\u00f9 commencer avec la technologie RFID ?<\/p>\n<\/div><\/div><\/div><\/div><div class=\"fusion-text fusion-text-4 fusion-text-no-margin\" style=\"--awb-margin-top:70px;--awb-margin-bottom:70px;\"><p style=\"text-align: center;\">Ne vous inqui\u00e9tez pas, vous \u00eates au bon endroit ! Notre \u00e9quipe d'experts vous accompagnera tout au long du processus, \u00e9tape par \u00e9tape. Vous \u00eates pr\u00eat ?<\/p>\n<\/div><div style=\"text-align:center;\"><a class=\"fusion-button button-flat fusion-button-default-size button-default fusion-button-default button-1 fusion-button-default-span fusion-button-default-type\" style=\"--button-border-radius-top-left:15px;--button-border-radius-top-right:15px;--button-border-radius-bottom-right:15px;--button-border-radius-bottom-left:15px;--button_text_transform:capitalize;\" target=\"_self\" href=\"https:\/\/checkpointsystems.com\/fr\/portail-pgc-non-alimentaires\/demarrer-projet-rfid\/\"><span class=\"fusion-button-text awb-button__text awb-button__text--default\">Commencez ici !<\/span><\/a><\/div><\/div><\/div><\/div><\/div>\n","protected":false},"excerpt":{"rendered":"","protected":false},"author":26,"featured_media":7635,"parent":0,"menu_order":0,"comment_status":"closed","ping_status":"closed","template":"100-width.php","meta":{"footnotes":""},"categories":[],"tags":[],"class_list":["post-7634","page","type-page","status-publish","has-post-thumbnail","hentry"],"yoast_head":"<!-- This site is optimized with the Yoast SEO plugin v27.3 - https:\/\/yoast.com\/product\/yoast-seo-wordpress\/ -->\n<title>Le portail RFID pour les PGC non alimentaires<\/title>\n<meta name=\"description\" content=\"D\u00e9couvrez comment Checkpoint peut vous aider \u00e0 mettre en \u0153uvre des solutions bas\u00e9es sur la RFID pour l&#039;\u00e9tiquetage de vos produits de grande consommation.\" \/>\n<meta name=\"robots\" content=\"index, follow, max-snippet:-1, max-image-preview:large, max-video-preview:-1\" \/>\n<link rel=\"canonical\" href=\"https:\/\/checkpointsystems.com\/fr\/portail-pgc-non-alimentaires\/\" \/>\n<meta property=\"og:locale\" content=\"fr_FR\" \/>\n<meta property=\"og:type\" content=\"article\" \/>\n<meta property=\"og:title\" content=\"Le portail RFID pour les PGC non alimentaires\" \/>\n<meta property=\"og:description\" content=\"D\u00e9couvrez comment Checkpoint peut vous aider \u00e0 mettre en \u0153uvre des solutions bas\u00e9es sur la RFID pour l&#039;\u00e9tiquetage de vos produits de grande consommation.\" \/>\n<meta property=\"og:url\" content=\"https:\/\/checkpointsystems.com\/fr\/portail-pgc-non-alimentaires\/\" \/>\n<meta property=\"og:site_name\" content=\"Checkpoint Systems France\" \/>\n<meta property=\"article:modified_time\" content=\"2025-01-17T13:11:59+00:00\" \/>\n<meta property=\"og:image\" content=\"https:\/\/checkpointsystems.com\/fr\/wp-content\/uploads\/sites\/14\/General_Merchandise_portal_CKP.png\" \/>\n\t<meta property=\"og:image:width\" content=\"2234\" \/>\n\t<meta property=\"og:image:height\" content=\"1350\" \/>\n\t<meta property=\"og:image:type\" content=\"image\/png\" \/>\n<meta name=\"twitter:card\" content=\"summary_large_image\" \/>\n<meta name=\"twitter:label1\" content=\"Est. reading time\" \/>\n\t<meta name=\"twitter:data1\" content=\"1 minute\" \/>\n<script type=\"application\/ld+json\" class=\"yoast-schema-graph\">{\"@context\":\"https:\\\/\\\/schema.org\",\"@graph\":[{\"@type\":\"WebPage\",\"@id\":\"https:\\\/\\\/checkpointsystems.com\\\/fr\\\/portail-pgc-non-alimentaires\\\/\",\"url\":\"https:\\\/\\\/checkpointsystems.com\\\/fr\\\/portail-pgc-non-alimentaires\\\/\",\"name\":\"Le portail RFID pour les PGC non alimentaires\",\"isPartOf\":{\"@id\":\"https:\\\/\\\/checkpointsystems.com\\\/fr\\\/#website\"},\"primaryImageOfPage\":{\"@id\":\"https:\\\/\\\/checkpointsystems.com\\\/fr\\\/portail-pgc-non-alimentaires\\\/#primaryimage\"},\"image\":{\"@id\":\"https:\\\/\\\/checkpointsystems.com\\\/fr\\\/portail-pgc-non-alimentaires\\\/#primaryimage\"},\"thumbnailUrl\":\"https:\\\/\\\/checkpointsystems.com\\\/fr\\\/wp-content\\\/uploads\\\/sites\\\/14\\\/General_Merchandise_portal_CKP.png\",\"datePublished\":\"2024-02-20T13:34:09+00:00\",\"dateModified\":\"2025-01-17T13:11:59+00:00\",\"description\":\"D\u00e9couvrez comment Checkpoint peut vous aider \u00e0 mettre en \u0153uvre des solutions bas\u00e9es sur la RFID pour l'\u00e9tiquetage de vos produits de grande consommation.\",\"breadcrumb\":{\"@id\":\"https:\\\/\\\/checkpointsystems.com\\\/fr\\\/portail-pgc-non-alimentaires\\\/#breadcrumb\"},\"inLanguage\":\"fr-FR\",\"potentialAction\":[{\"@type\":\"ReadAction\",\"target\":[\"https:\\\/\\\/checkpointsystems.com\\\/fr\\\/portail-pgc-non-alimentaires\\\/\"]}]},{\"@type\":\"ImageObject\",\"inLanguage\":\"fr-FR\",\"@id\":\"https:\\\/\\\/checkpointsystems.com\\\/fr\\\/portail-pgc-non-alimentaires\\\/#primaryimage\",\"url\":\"https:\\\/\\\/checkpointsystems.com\\\/fr\\\/wp-content\\\/uploads\\\/sites\\\/14\\\/General_Merchandise_portal_CKP.png\",\"contentUrl\":\"https:\\\/\\\/checkpointsystems.com\\\/fr\\\/wp-content\\\/uploads\\\/sites\\\/14\\\/General_Merchandise_portal_CKP.png\",\"width\":2234,\"height\":1350},{\"@type\":\"BreadcrumbList\",\"@id\":\"https:\\\/\\\/checkpointsystems.com\\\/fr\\\/portail-pgc-non-alimentaires\\\/#breadcrumb\",\"itemListElement\":[{\"@type\":\"ListItem\",\"position\":1,\"name\":\"Home\",\"item\":\"https:\\\/\\\/checkpointsystems.com\\\/fr\\\/\"},{\"@type\":\"ListItem\",\"position\":2,\"name\":\"Portail PGC non alimentaires\"}]},{\"@type\":\"WebSite\",\"@id\":\"https:\\\/\\\/checkpointsystems.com\\\/fr\\\/#website\",\"url\":\"https:\\\/\\\/checkpointsystems.com\\\/fr\\\/\",\"name\":\"Checkpoint Systems France\",\"description\":\"Solutions technologiques RFID\\\/RF pour le commerce\",\"potentialAction\":[{\"@type\":\"SearchAction\",\"target\":{\"@type\":\"EntryPoint\",\"urlTemplate\":\"https:\\\/\\\/checkpointsystems.com\\\/fr\\\/?s={search_term_string}\"},\"query-input\":{\"@type\":\"PropertyValueSpecification\",\"valueRequired\":true,\"valueName\":\"search_term_string\"}}],\"inLanguage\":\"fr-FR\"}]}<\/script>\n<!-- \/ Yoast SEO plugin. -->","yoast_head_json":{"title":"Le portail RFID pour les PGC non alimentaires","description":"D\u00e9couvrez comment Checkpoint peut vous aider \u00e0 mettre en \u0153uvre des solutions bas\u00e9es sur la RFID pour l'\u00e9tiquetage de vos produits de grande consommation.","robots":{"index":"index","follow":"follow","max-snippet":"max-snippet:-1","max-image-preview":"max-image-preview:large","max-video-preview":"max-video-preview:-1"},"canonical":"https:\/\/checkpointsystems.com\/fr\/portail-pgc-non-alimentaires\/","og_locale":"fr_FR","og_type":"article","og_title":"Le portail RFID pour les PGC non alimentaires","og_description":"D\u00e9couvrez comment Checkpoint peut vous aider \u00e0 mettre en \u0153uvre des solutions bas\u00e9es sur la RFID pour l'\u00e9tiquetage de vos produits de grande consommation.","og_url":"https:\/\/checkpointsystems.com\/fr\/portail-pgc-non-alimentaires\/","og_site_name":"Checkpoint Systems France","article_modified_time":"2025-01-17T13:11:59+00:00","og_image":[{"width":2234,"height":1350,"url":"https:\/\/checkpointsystems.com\/fr\/wp-content\/uploads\/sites\/14\/General_Merchandise_portal_CKP.png","type":"image\/png"}],"twitter_card":"summary_large_image","twitter_misc":{"Est. reading time":"1 minute"},"schema":{"@context":"https:\/\/schema.org","@graph":[{"@type":"WebPage","@id":"https:\/\/checkpointsystems.com\/fr\/portail-pgc-non-alimentaires\/","url":"https:\/\/checkpointsystems.com\/fr\/portail-pgc-non-alimentaires\/","name":"Le portail RFID pour les PGC non alimentaires","isPartOf":{"@id":"https:\/\/checkpointsystems.com\/fr\/#website"},"primaryImageOfPage":{"@id":"https:\/\/checkpointsystems.com\/fr\/portail-pgc-non-alimentaires\/#primaryimage"},"image":{"@id":"https:\/\/checkpointsystems.com\/fr\/portail-pgc-non-alimentaires\/#primaryimage"},"thumbnailUrl":"https:\/\/checkpointsystems.com\/fr\/wp-content\/uploads\/sites\/14\/General_Merchandise_portal_CKP.png","datePublished":"2024-02-20T13:34:09+00:00","dateModified":"2025-01-17T13:11:59+00:00","description":"D\u00e9couvrez comment Checkpoint peut vous aider \u00e0 mettre en \u0153uvre des solutions bas\u00e9es sur la RFID pour l'\u00e9tiquetage de vos produits de grande consommation.","breadcrumb":{"@id":"https:\/\/checkpointsystems.com\/fr\/portail-pgc-non-alimentaires\/#breadcrumb"},"inLanguage":"fr-FR","potentialAction":[{"@type":"ReadAction","target":["https:\/\/checkpointsystems.com\/fr\/portail-pgc-non-alimentaires\/"]}]},{"@type":"ImageObject","inLanguage":"fr-FR","@id":"https:\/\/checkpointsystems.com\/fr\/portail-pgc-non-alimentaires\/#primaryimage","url":"https:\/\/checkpointsystems.com\/fr\/wp-content\/uploads\/sites\/14\/General_Merchandise_portal_CKP.png","contentUrl":"https:\/\/checkpointsystems.com\/fr\/wp-content\/uploads\/sites\/14\/General_Merchandise_portal_CKP.png","width":2234,"height":1350},{"@type":"BreadcrumbList","@id":"https:\/\/checkpointsystems.com\/fr\/portail-pgc-non-alimentaires\/#breadcrumb","itemListElement":[{"@type":"ListItem","position":1,"name":"Home","item":"https:\/\/checkpointsystems.com\/fr\/"},{"@type":"ListItem","position":2,"name":"Portail PGC non alimentaires"}]},{"@type":"WebSite","@id":"https:\/\/checkpointsystems.com\/fr\/#website","url":"https:\/\/checkpointsystems.com\/fr\/","name":"Checkpoint Systems France","description":"Solutions technologiques RFID\/RF pour le commerce","potentialAction":[{"@type":"SearchAction","target":{"@type":"EntryPoint","urlTemplate":"https:\/\/checkpointsystems.com\/fr\/?s={search_term_string}"},"query-input":{"@type":"PropertyValueSpecification","valueRequired":true,"valueName":"search_term_string"}}],"inLanguage":"fr-FR"}]}},"_links":{"self":[{"href":"https:\/\/checkpointsystems.com\/fr\/wp-json\/wp\/v2\/pages\/7634","targetHints":{"allow":["GET"]}}],"collection":[{"href":"https:\/\/checkpointsystems.com\/fr\/wp-json\/wp\/v2\/pages"}],"about":[{"href":"https:\/\/checkpointsystems.com\/fr\/wp-json\/wp\/v2\/types\/page"}],"author":[{"embeddable":true,"href":"https:\/\/checkpointsystems.com\/fr\/wp-json\/wp\/v2\/users\/26"}],"replies":[{"embeddable":true,"href":"https:\/\/checkpointsystems.com\/fr\/wp-json\/wp\/v2\/comments?post=7634"}],"version-history":[{"count":0,"href":"https:\/\/checkpointsystems.com\/fr\/wp-json\/wp\/v2\/pages\/7634\/revisions"}],"wp:featuredmedia":[{"embeddable":true,"href":"https:\/\/checkpointsystems.com\/fr\/wp-json\/wp\/v2\/media\/7635"}],"wp:attachment":[{"href":"https:\/\/checkpointsystems.com\/fr\/wp-json\/wp\/v2\/media?parent=7634"}],"wp:term":[{"taxonomy":"category","embeddable":true,"href":"https:\/\/checkpointsystems.com\/fr\/wp-json\/wp\/v2\/categories?post=7634"},{"taxonomy":"post_tag","embeddable":true,"href":"https:\/\/checkpointsystems.com\/fr\/wp-json\/wp\/v2\/tags?post=7634"}],"curies":[{"name":"wp","href":"https:\/\/api.w.org\/{rel}","templated":true}]}}