{"id":7275,"date":"2023-10-10T11:52:53","date_gmt":"2023-10-10T10:52:53","guid":{"rendered":"https:\/\/checkpointsystems.com\/fr\/?page_id=7275"},"modified":"2024-03-14T15:21:17","modified_gmt":"2024-03-14T15:21:17","slug":"autres-regions-asie-pacifique","status":"publish","type":"page","link":"https:\/\/checkpointsystems.com\/fr\/contact\/autres-regions-asie-pacifique\/","title":{"rendered":"Autres r\u00e9gions d&rsquo;Asie-Pacifique"},"content":{"rendered":"<p><div class=\"fusion-fullwidth fullwidth-box fusion-builder-row-1 fusion-flex-container fusion-parallax-none nonhundred-percent-fullwidth non-hundred-percent-height-scrolling lazyload\" style=\"--awb-background-position:center top;--awb-background-blend-mode:multiply;--awb-border-radius-top-left:0px;--awb-border-radius-top-right:0px;--awb-border-radius-bottom-right:0px;--awb-border-radius-bottom-left:0px;--awb-padding-bottom:40px;--awb-padding-right-small:2%;--awb-padding-left-small:2%;--awb-min-height:600px;--awb-background-color:rgba(44,57,71,0.49);--awb-background-size:cover;--awb-flex-wrap:wrap;\" data-bg=\"https:\/\/checkpointsystems.com\/wp-content\/uploads\/APAC_Offices_CKP-scaled.jpg\" ><div class=\"fusion-builder-row fusion-row fusion-flex-align-items-flex-start fusion-flex-align-content-flex-end fusion-flex-content-wrap\" style=\"max-width:calc( 1200px + 0px );margin-left: calc(-0px \/ 2 );margin-right: calc(-0px \/ 2 );\"><div class=\"fusion-layout-column fusion_builder_column fusion-builder-column-0 fusion_builder_column_1_1 1_1 fusion-flex-column\" style=\"--awb-bg-size:cover;--awb-width-large:100%;--awb-margin-top-large:0px;--awb-spacing-right-large:0px;--awb-margin-bottom-large:0px;--awb-spacing-left-large:0px;--awb-width-medium:100%;--awb-order-medium:0;--awb-spacing-right-medium:0px;--awb-spacing-left-medium:0px;--awb-width-small:100%;--awb-order-small:0;--awb-spacing-right-small:0px;--awb-spacing-left-small:0px;\"><div class=\"fusion-column-wrapper fusion-column-has-shadow fusion-flex-justify-content-flex-start fusion-content-layout-column\"><nav class=\"fusion-breadcrumbs awb-yoast-breadcrumbs fusion-breadcrumbs-1\" style=\"--awb-text-hover-color:var(--awb-color4);--awb-text-color:#ffffff;--awb-breadcrumb-sep:&#039;\/&#039;;\" aria-label=\"Breadcrumb\"><span><span><a href=\"https:\/\/checkpointsystems.com\/fr\/\">Home<\/a><\/span><\/span><\/nav><div class=\"fusion-title title fusion-title-1 fusion-sep-none fusion-title-text fusion-title-size-one\" style=\"--awb-text-color:#ffffff;--awb-margin-top-small:0px;--awb-margin-bottom-small:20px;--awb-font-size:45px;\"><h1 class=\"fusion-title-heading title-heading-left fusion-responsive-typography-calculated\" style=\"font-family:&quot;JANO SANS PRO LIGHT&quot;;font-style:normal;font-weight:400;margin:0;letter-spacing:1px;font-size:1em;--fontSize:45;line-height:1.82;\">Autres r\u00e9gions d'Asie-Pacifique<\/h1><\/div><\/div><\/div><\/div><\/div><div class=\"fusion-fullwidth fullwidth-box fusion-builder-row-2 fusion-flex-container has-pattern-background has-mask-background nonhundred-percent-fullwidth non-hundred-percent-height-scrolling\" style=\"--awb-border-radius-top-left:0px;--awb-border-radius-top-right:0px;--awb-border-radius-bottom-right:0px;--awb-border-radius-bottom-left:0px;--awb-flex-wrap:wrap;\" ><div class=\"fusion-builder-row fusion-row fusion-flex-align-items-flex-start fusion-flex-content-wrap\" style=\"max-width:calc( 1200px + 0px );margin-left: calc(-0px \/ 2 );margin-right: calc(-0px \/ 2 );\"><div class=\"fusion-layout-column fusion_builder_column fusion-builder-column-1 fusion_builder_column_1_1 1_1 fusion-flex-column\" style=\"--awb-bg-size:cover;--awb-width-large:100%;--awb-margin-top-large:0px;--awb-spacing-right-large:0px;--awb-margin-bottom-large:0px;--awb-spacing-left-large:0px;--awb-width-medium:100%;--awb-order-medium:0;--awb-spacing-right-medium:0px;--awb-spacing-left-medium:0px;--awb-width-small:100%;--awb-order-small:0;--awb-spacing-right-small:0px;--awb-spacing-left-small:0px;\"><div class=\"fusion-column-wrapper fusion-column-has-shadow fusion-flex-justify-content-flex-start fusion-content-layout-column\"><div class=\"fusion-text fusion-text-1\" style=\"--awb-margin-top:60px;\"><p>Checkpoint Systems couvre les principaux pays de la r\u00e9gion, offrant des produits et des solutions int\u00e9gr\u00e9s, bas\u00e9s sur la technologie RFID et RF, en fonction des besoins de nos clients.<\/p>\n<p>Nos si\u00e8ges sociaux pour l'Asie-Pacifique (APAC) sont bas\u00e9s \u00e0 Shanghai (Chine) et \u00e0 Hong Kong, mais nous avons \u00e9galement des bureaux dans la plupart des pays de la r\u00e9gion. Sur la carte ci-dessous, vous pouvez voir les autres pays\/zones de l'APAC o\u00f9 nous avons des bureaux, en plus de l'<a href=\"https:\/\/checkpointsystems.com\/au\/\">Australie\/Nouvelle-Z\u00e9lande<\/a>, de la <a href=\"https:\/\/checkpointsystems.com\/cn\/\">Chine<\/a>, du <a href=\"https:\/\/checkpointsystems.com\/jp\/\">Japon<\/a> et de la <a href=\"https:\/\/checkpointsystems.com\/kr\/\">Cor\u00e9e du Sud<\/a> :<\/p>\n<\/div><\/div><\/div><\/div><\/div><div class=\"fusion-fullwidth fullwidth-box fusion-builder-row-3 fusion-flex-container nonhundred-percent-fullwidth non-hundred-percent-height-scrolling\" style=\"--awb-border-radius-top-left:0px;--awb-border-radius-top-right:0px;--awb-border-radius-bottom-right:0px;--awb-border-radius-bottom-left:0px;--awb-min-height:100px;--awb-flex-wrap:wrap;\" ><div class=\"fusion-builder-row fusion-row fusion-flex-align-items-flex-start fusion-flex-content-wrap\" style=\"max-width:calc( 1200px + 0px );margin-left: calc(-0px \/ 2 );margin-right: calc(-0px \/ 2 );\"><div class=\"fusion-layout-column fusion_builder_column fusion-builder-column-2 fusion_builder_column_1_1 1_1 fusion-flex-column\" style=\"--awb-bg-size:cover;--awb-width-large:100%;--awb-margin-top-large:0px;--awb-spacing-right-large:0px;--awb-margin-bottom-large:0px;--awb-spacing-left-large:0px;--awb-width-medium:100%;--awb-order-medium:0;--awb-spacing-right-medium:0px;--awb-spacing-left-medium:0px;--awb-width-small:100%;--awb-order-small:0;--awb-spacing-right-small:0px;--awb-spacing-left-small:0px;\"><div class=\"fusion-column-wrapper fusion-column-has-shadow fusion-flex-justify-content-flex-start fusion-content-layout-column\"><div class=\"fusion-menu-anchor\" id=\"countries\"><\/div><div style='position: relative;width: auto;padding: 0 0 56.25%;height: 0;top: 0;left: 0;bottom: 0;right: 0;margin: 0;border: 0 none' id=\"experience-650c58caed287\" data-aspectRatio=\"1.77777778\"><iframe allowfullscreen src='https:\/\/view.ceros.com\/checkpoint-systems\/checkpoint-global-footprint-7-2' style='position: absolute;top: 0;left: 0;bottom: 0;right: 0;margin: 0;padding: 0;border: 0 none;height: 1px;width: 1px;min-height: 100%;min-width: 100%' frameborder='0' class='ceros-experience' title='Other APAC Region - Map' scrolling='no'><\/iframe><\/div><script type=\"text\/javascript\" src=\"https:\/\/view.ceros.com\/scroll-proxy.min.js\" data-ceros-origin-domains=\"view.ceros.com\"><\/script><\/div><\/div><\/div><\/div><div class=\"fusion-fullwidth fullwidth-box fusion-builder-row-4 fusion-flex-container nonhundred-percent-fullwidth non-hundred-percent-height-scrolling fusion-no-small-visibility\" style=\"--awb-border-radius-top-left:0px;--awb-border-radius-top-right:0px;--awb-border-radius-bottom-right:0px;--awb-border-radius-bottom-left:0px;--awb-padding-right:40px;--awb-padding-left:40px;--awb-margin-top:50px;--awb-margin-bottom:50px;--awb-flex-wrap:wrap;\" ><div class=\"fusion-builder-row fusion-row fusion-flex-align-items-flex-start fusion-flex-content-wrap\" style=\"max-width:calc( 1200px + 0px );margin-left: calc(-0px \/ 2 );margin-right: calc(-0px \/ 2 );\"><div class=\"fusion-layout-column fusion_builder_column fusion-builder-column-3 fusion_builder_column_1_1 1_1 fusion-flex-column\" style=\"--awb-bg-size:cover;--awb-width-large:100%;--awb-margin-top-large:0px;--awb-spacing-right-large:0px;--awb-margin-bottom-large:0px;--awb-spacing-left-large:0px;--awb-width-medium:100%;--awb-order-medium:0;--awb-spacing-right-medium:0px;--awb-spacing-left-medium:0px;--awb-width-small:100%;--awb-order-small:0;--awb-spacing-right-small:0px;--awb-spacing-left-small:0px;\"><div class=\"fusion-column-wrapper fusion-column-has-shadow fusion-flex-justify-content-flex-start fusion-content-layout-column\"><div class=\"fusion-text fusion-text-2\"><p>Nos bureaux sont strat\u00e9giquement situ\u00e9s pour garantir un service efficace \u00e0 nos clients et partenaires dans chaque pays\/r\u00e9gion o\u00f9 nous op\u00e9rons.<\/p>\n<p>N'h\u00e9sitez pas \u00e0 contacter le bureau le plus proche pour obtenir de l'aide ou des conseils :<\/p>\n<\/div><div style='position: relative;width: auto;padding: 0 0 70.31%;height: 0;top: 0;left: 0;bottom: 0;right: 0;margin: 0;border: 0 none' id=\"experience-650c4ecc9f194\" data-aspectRatio=\"1.42222222\"><iframe allowfullscreen src='https:\/\/view.ceros.com\/checkpoint-systems\/contact-details-tabs-1' style='position: absolute;top: 0;left: 0;bottom: 0;right: 0;margin: 0;padding: 0;border: 0 none;height: 1px;width: 1px;min-height: 100%;min-width: 100%' frameborder='0' class='ceros-experience' title='Other APAC Region - Contact' scrolling='no'><\/iframe><\/div><script type=\"text\/javascript\" src=\"https:\/\/view.ceros.com\/scroll-proxy.min.js\" data-ceros-origin-domains=\"view.ceros.com\"><\/script><div class=\"fusion-text fusion-text-3\"><p><strong>Vous avez des questions ou souhaitez obtenir plus d'informations ?<\/strong> Vous pouvez nous contacter via notre <a href=\"https:\/\/checkpointsystems.com\/fr\/contact\">formulaire de contact<\/a>. Nous sommes l\u00e0 pour vous aider.<\/p>\n<p>Notre engagement \u00e0 fournir un service de la plus haute qualit\u00e9 \u00e0 nos clients se refl\u00e8te dans notre vaste r\u00e9seau de bureaux dans la r\u00e9gion Asie-Pacifique. Nous sommes l\u00e0 pour vous offrir des solutions efficaces et personnalis\u00e9es qui r\u00e9pondent \u00e0 vos besoins.<\/p>\n<\/div><\/div><\/div><\/div><\/div><div class=\"fusion-fullwidth fullwidth-box fusion-builder-row-5 fusion-flex-container nonhundred-percent-fullwidth non-hundred-percent-height-scrolling fusion-no-small-visibility\" style=\"--awb-border-radius-top-left:0px;--awb-border-radius-top-right:0px;--awb-border-radius-bottom-right:0px;--awb-border-radius-bottom-left:0px;--awb-min-height:100px;--awb-flex-wrap:wrap;\" ><div class=\"fusion-builder-row fusion-row fusion-flex-align-items-flex-start fusion-flex-content-wrap\" style=\"max-width:calc( 1200px + 0px );margin-left: calc(-0px \/ 2 );margin-right: calc(-0px \/ 2 );\"><div class=\"fusion-layout-column fusion_builder_column fusion-builder-column-4 fusion_builder_column_1_1 1_1 fusion-flex-column\" style=\"--awb-bg-size:cover;--awb-width-large:100%;--awb-margin-top-large:0px;--awb-spacing-right-large:0px;--awb-margin-bottom-large:0px;--awb-spacing-left-large:0px;--awb-width-medium:100%;--awb-order-medium:0;--awb-spacing-right-medium:0px;--awb-spacing-left-medium:0px;--awb-width-small:100%;--awb-order-small:0;--awb-spacing-right-small:0px;--awb-spacing-left-small:0px;\"><div class=\"fusion-column-wrapper fusion-column-has-shadow fusion-flex-justify-content-flex-start fusion-content-layout-column\"><\/div><\/div><\/div><\/div><\/p>\n","protected":false},"excerpt":{"rendered":"","protected":false},"author":26,"featured_media":7276,"parent":1868,"menu_order":0,"comment_status":"closed","ping_status":"closed","template":"100-width.php","meta":{"footnotes":""},"categories":[],"tags":[],"class_list":["post-7275","page","type-page","status-publish","has-post-thumbnail","hentry"],"yoast_head":"<!-- This site is optimized with the Yoast SEO plugin v27.3 - https:\/\/yoast.com\/product\/yoast-seo-wordpress\/ -->\n<title>Autres r\u00e9gions d&#039;Asie-Pacifique Contact | Checkpoint Systems<\/title>\n<meta name=\"description\" content=\"D\u00e9couvrez la pr\u00e9sence de Checkpoint Systems dans la r\u00e9gion Asie-Pacifique. Contactez-nous pour vos besoins en solutions RFID ou RF\" \/>\n<meta name=\"robots\" content=\"index, follow, max-snippet:-1, max-image-preview:large, max-video-preview:-1\" \/>\n<link rel=\"canonical\" href=\"https:\/\/checkpointsystems.com\/fr\/contact\/autres-regions-asie-pacifique\/\" \/>\n<meta property=\"og:locale\" content=\"fr_FR\" \/>\n<meta property=\"og:type\" content=\"article\" \/>\n<meta property=\"og:title\" content=\"Autres r\u00e9gions d&#039;Asie-Pacifique Contact | Checkpoint Systems\" \/>\n<meta property=\"og:description\" content=\"D\u00e9couvrez la pr\u00e9sence de Checkpoint Systems dans la r\u00e9gion Asie-Pacifique. Contactez-nous pour vos besoins en solutions RFID ou RF\" \/>\n<meta property=\"og:url\" content=\"https:\/\/checkpointsystems.com\/fr\/contact\/autres-regions-asie-pacifique\/\" \/>\n<meta property=\"og:site_name\" content=\"Checkpoint Systems France\" \/>\n<meta property=\"article:modified_time\" content=\"2024-03-14T15:21:17+00:00\" \/>\n<meta property=\"og:image\" content=\"https:\/\/checkpointsystems.com\/fr\/wp-content\/uploads\/sites\/14\/APAC_Offices_CKP-scaled.jpg\" \/>\n\t<meta property=\"og:image:width\" content=\"2560\" \/>\n\t<meta property=\"og:image:height\" content=\"1323\" \/>\n\t<meta property=\"og:image:type\" content=\"image\/jpeg\" \/>\n<meta name=\"twitter:card\" content=\"summary_large_image\" \/>\n<meta name=\"twitter:label1\" content=\"Est. reading time\" \/>\n\t<meta name=\"twitter:data1\" content=\"5 minutes\" \/>\n<script type=\"application\/ld+json\" class=\"yoast-schema-graph\">{\"@context\":\"https:\\\/\\\/schema.org\",\"@graph\":[{\"@type\":[\"WebPage\",\"ContactPage\"],\"@id\":\"https:\\\/\\\/checkpointsystems.com\\\/fr\\\/contact\\\/autres-regions-asie-pacifique\\\/\",\"url\":\"https:\\\/\\\/checkpointsystems.com\\\/fr\\\/contact\\\/autres-regions-asie-pacifique\\\/\",\"name\":\"Autres r\u00e9gions d'Asie-Pacifique Contact | Checkpoint Systems\",\"isPartOf\":{\"@id\":\"https:\\\/\\\/checkpointsystems.com\\\/fr\\\/#website\"},\"primaryImageOfPage\":{\"@id\":\"https:\\\/\\\/checkpointsystems.com\\\/fr\\\/contact\\\/autres-regions-asie-pacifique\\\/#primaryimage\"},\"image\":{\"@id\":\"https:\\\/\\\/checkpointsystems.com\\\/fr\\\/contact\\\/autres-regions-asie-pacifique\\\/#primaryimage\"},\"thumbnailUrl\":\"https:\\\/\\\/checkpointsystems.com\\\/fr\\\/wp-content\\\/uploads\\\/sites\\\/14\\\/APAC_Offices_CKP-scaled.jpg\",\"datePublished\":\"2023-10-10T10:52:53+00:00\",\"dateModified\":\"2024-03-14T15:21:17+00:00\",\"description\":\"D\u00e9couvrez la pr\u00e9sence de Checkpoint Systems dans la r\u00e9gion Asie-Pacifique. Contactez-nous pour vos besoins en solutions RFID ou RF\",\"breadcrumb\":{\"@id\":\"https:\\\/\\\/checkpointsystems.com\\\/fr\\\/contact\\\/autres-regions-asie-pacifique\\\/#breadcrumb\"},\"inLanguage\":\"fr-FR\",\"potentialAction\":[{\"@type\":\"ReadAction\",\"target\":[\"https:\\\/\\\/checkpointsystems.com\\\/fr\\\/contact\\\/autres-regions-asie-pacifique\\\/\"]}]},{\"@type\":\"ImageObject\",\"inLanguage\":\"fr-FR\",\"@id\":\"https:\\\/\\\/checkpointsystems.com\\\/fr\\\/contact\\\/autres-regions-asie-pacifique\\\/#primaryimage\",\"url\":\"https:\\\/\\\/checkpointsystems.com\\\/fr\\\/wp-content\\\/uploads\\\/sites\\\/14\\\/APAC_Offices_CKP-scaled.jpg\",\"contentUrl\":\"https:\\\/\\\/checkpointsystems.com\\\/fr\\\/wp-content\\\/uploads\\\/sites\\\/14\\\/APAC_Offices_CKP-scaled.jpg\",\"width\":2560,\"height\":1323},{\"@type\":\"BreadcrumbList\",\"@id\":\"https:\\\/\\\/checkpointsystems.com\\\/fr\\\/contact\\\/autres-regions-asie-pacifique\\\/#breadcrumb\",\"itemListElement\":[{\"@type\":\"ListItem\",\"position\":1,\"name\":\"Home\",\"item\":\"https:\\\/\\\/checkpointsystems.com\\\/fr\\\/\"},{\"@type\":\"ListItem\",\"position\":2,\"name\":\"Contact\",\"item\":\"https:\\\/\\\/checkpointsystems.com\\\/fr\\\/contact\\\/\"},{\"@type\":\"ListItem\",\"position\":3,\"name\":\"Autres r\u00e9gions d&#8217;Asie-Pacifique\"}]},{\"@type\":\"WebSite\",\"@id\":\"https:\\\/\\\/checkpointsystems.com\\\/fr\\\/#website\",\"url\":\"https:\\\/\\\/checkpointsystems.com\\\/fr\\\/\",\"name\":\"Checkpoint Systems France\",\"description\":\"Solutions technologiques RFID\\\/RF pour le commerce\",\"potentialAction\":[{\"@type\":\"SearchAction\",\"target\":{\"@type\":\"EntryPoint\",\"urlTemplate\":\"https:\\\/\\\/checkpointsystems.com\\\/fr\\\/?s={search_term_string}\"},\"query-input\":{\"@type\":\"PropertyValueSpecification\",\"valueRequired\":true,\"valueName\":\"search_term_string\"}}],\"inLanguage\":\"fr-FR\"}]}<\/script>\n<!-- \/ Yoast SEO plugin. -->","yoast_head_json":{"title":"Autres r\u00e9gions d'Asie-Pacifique Contact | Checkpoint Systems","description":"D\u00e9couvrez la pr\u00e9sence de Checkpoint Systems dans la r\u00e9gion Asie-Pacifique. Contactez-nous pour vos besoins en solutions RFID ou RF","robots":{"index":"index","follow":"follow","max-snippet":"max-snippet:-1","max-image-preview":"max-image-preview:large","max-video-preview":"max-video-preview:-1"},"canonical":"https:\/\/checkpointsystems.com\/fr\/contact\/autres-regions-asie-pacifique\/","og_locale":"fr_FR","og_type":"article","og_title":"Autres r\u00e9gions d'Asie-Pacifique Contact | Checkpoint Systems","og_description":"D\u00e9couvrez la pr\u00e9sence de Checkpoint Systems dans la r\u00e9gion Asie-Pacifique. Contactez-nous pour vos besoins en solutions RFID ou RF","og_url":"https:\/\/checkpointsystems.com\/fr\/contact\/autres-regions-asie-pacifique\/","og_site_name":"Checkpoint Systems France","article_modified_time":"2024-03-14T15:21:17+00:00","og_image":[{"width":2560,"height":1323,"url":"https:\/\/checkpointsystems.com\/fr\/wp-content\/uploads\/sites\/14\/APAC_Offices_CKP-scaled.jpg","type":"image\/jpeg"}],"twitter_card":"summary_large_image","twitter_misc":{"Est. reading time":"5 minutes"},"schema":{"@context":"https:\/\/schema.org","@graph":[{"@type":["WebPage","ContactPage"],"@id":"https:\/\/checkpointsystems.com\/fr\/contact\/autres-regions-asie-pacifique\/","url":"https:\/\/checkpointsystems.com\/fr\/contact\/autres-regions-asie-pacifique\/","name":"Autres r\u00e9gions d'Asie-Pacifique Contact | Checkpoint Systems","isPartOf":{"@id":"https:\/\/checkpointsystems.com\/fr\/#website"},"primaryImageOfPage":{"@id":"https:\/\/checkpointsystems.com\/fr\/contact\/autres-regions-asie-pacifique\/#primaryimage"},"image":{"@id":"https:\/\/checkpointsystems.com\/fr\/contact\/autres-regions-asie-pacifique\/#primaryimage"},"thumbnailUrl":"https:\/\/checkpointsystems.com\/fr\/wp-content\/uploads\/sites\/14\/APAC_Offices_CKP-scaled.jpg","datePublished":"2023-10-10T10:52:53+00:00","dateModified":"2024-03-14T15:21:17+00:00","description":"D\u00e9couvrez la pr\u00e9sence de Checkpoint Systems dans la r\u00e9gion Asie-Pacifique. Contactez-nous pour vos besoins en solutions RFID ou RF","breadcrumb":{"@id":"https:\/\/checkpointsystems.com\/fr\/contact\/autres-regions-asie-pacifique\/#breadcrumb"},"inLanguage":"fr-FR","potentialAction":[{"@type":"ReadAction","target":["https:\/\/checkpointsystems.com\/fr\/contact\/autres-regions-asie-pacifique\/"]}]},{"@type":"ImageObject","inLanguage":"fr-FR","@id":"https:\/\/checkpointsystems.com\/fr\/contact\/autres-regions-asie-pacifique\/#primaryimage","url":"https:\/\/checkpointsystems.com\/fr\/wp-content\/uploads\/sites\/14\/APAC_Offices_CKP-scaled.jpg","contentUrl":"https:\/\/checkpointsystems.com\/fr\/wp-content\/uploads\/sites\/14\/APAC_Offices_CKP-scaled.jpg","width":2560,"height":1323},{"@type":"BreadcrumbList","@id":"https:\/\/checkpointsystems.com\/fr\/contact\/autres-regions-asie-pacifique\/#breadcrumb","itemListElement":[{"@type":"ListItem","position":1,"name":"Home","item":"https:\/\/checkpointsystems.com\/fr\/"},{"@type":"ListItem","position":2,"name":"Contact","item":"https:\/\/checkpointsystems.com\/fr\/contact\/"},{"@type":"ListItem","position":3,"name":"Autres r\u00e9gions d&#8217;Asie-Pacifique"}]},{"@type":"WebSite","@id":"https:\/\/checkpointsystems.com\/fr\/#website","url":"https:\/\/checkpointsystems.com\/fr\/","name":"Checkpoint Systems France","description":"Solutions technologiques RFID\/RF pour le commerce","potentialAction":[{"@type":"SearchAction","target":{"@type":"EntryPoint","urlTemplate":"https:\/\/checkpointsystems.com\/fr\/?s={search_term_string}"},"query-input":{"@type":"PropertyValueSpecification","valueRequired":true,"valueName":"search_term_string"}}],"inLanguage":"fr-FR"}]}},"_links":{"self":[{"href":"https:\/\/checkpointsystems.com\/fr\/wp-json\/wp\/v2\/pages\/7275","targetHints":{"allow":["GET"]}}],"collection":[{"href":"https:\/\/checkpointsystems.com\/fr\/wp-json\/wp\/v2\/pages"}],"about":[{"href":"https:\/\/checkpointsystems.com\/fr\/wp-json\/wp\/v2\/types\/page"}],"author":[{"embeddable":true,"href":"https:\/\/checkpointsystems.com\/fr\/wp-json\/wp\/v2\/users\/26"}],"replies":[{"embeddable":true,"href":"https:\/\/checkpointsystems.com\/fr\/wp-json\/wp\/v2\/comments?post=7275"}],"version-history":[{"count":0,"href":"https:\/\/checkpointsystems.com\/fr\/wp-json\/wp\/v2\/pages\/7275\/revisions"}],"up":[{"embeddable":true,"href":"https:\/\/checkpointsystems.com\/fr\/wp-json\/wp\/v2\/pages\/1868"}],"wp:featuredmedia":[{"embeddable":true,"href":"https:\/\/checkpointsystems.com\/fr\/wp-json\/wp\/v2\/media\/7276"}],"wp:attachment":[{"href":"https:\/\/checkpointsystems.com\/fr\/wp-json\/wp\/v2\/media?parent=7275"}],"wp:term":[{"taxonomy":"category","embeddable":true,"href":"https:\/\/checkpointsystems.com\/fr\/wp-json\/wp\/v2\/categories?post=7275"},{"taxonomy":"post_tag","embeddable":true,"href":"https:\/\/checkpointsystems.com\/fr\/wp-json\/wp\/v2\/tags?post=7275"}],"curies":[{"name":"wp","href":"https:\/\/api.w.org\/{rel}","templated":true}]}}