{"id":3044,"date":"2023-10-10T11:52:53","date_gmt":"2023-10-10T10:52:53","guid":{"rendered":"https:\/\/checkpointsystems.com\/fi\/?page_id=3044"},"modified":"2023-11-29T09:16:54","modified_gmt":"2023-11-29T09:16:54","slug":"muut-apac-alueet","status":"publish","type":"page","link":"https:\/\/checkpointsystems.com\/fi\/muut-apac-alueet\/","title":{"rendered":"Muut APAC-alueet (Aasian ja Tyynen valtameren alue)"},"content":{"rendered":"<p><div class=\"fusion-fullwidth fullwidth-box fusion-builder-row-1 fusion-flex-container fusion-parallax-none nonhundred-percent-fullwidth non-hundred-percent-height-scrolling lazyload\" style=\"--awb-background-position:center top;--awb-background-blend-mode:multiply;--awb-border-radius-top-left:0px;--awb-border-radius-top-right:0px;--awb-border-radius-bottom-right:0px;--awb-border-radius-bottom-left:0px;--awb-padding-bottom:40px;--awb-padding-right-small:2%;--awb-padding-left-small:2%;--awb-min-height:600px;--awb-background-color:rgba(44,57,71,0.49);--awb-background-size:cover;--awb-flex-wrap:wrap;\" data-bg=\"https:\/\/checkpointsystems.com\/wp-content\/uploads\/APAC_Offices_CKP-scaled.jpg\" ><div class=\"fusion-builder-row fusion-row fusion-flex-align-items-flex-start fusion-flex-align-content-flex-end fusion-flex-content-wrap\" style=\"max-width:calc( 1200px + 0px );margin-left: calc(-0px \/ 2 );margin-right: calc(-0px \/ 2 );\"><div class=\"fusion-layout-column fusion_builder_column fusion-builder-column-0 fusion_builder_column_1_1 1_1 fusion-flex-column\" style=\"--awb-bg-size:cover;--awb-width-large:100%;--awb-margin-top-large:0px;--awb-spacing-right-large:0px;--awb-margin-bottom-large:0px;--awb-spacing-left-large:0px;--awb-width-medium:100%;--awb-order-medium:0;--awb-spacing-right-medium:0px;--awb-spacing-left-medium:0px;--awb-width-small:100%;--awb-order-small:0;--awb-spacing-right-small:0px;--awb-spacing-left-small:0px;\"><div class=\"fusion-column-wrapper fusion-column-has-shadow fusion-flex-justify-content-flex-start fusion-content-layout-column\"><nav class=\"fusion-breadcrumbs awb-yoast-breadcrumbs fusion-breadcrumbs-1\" style=\"--awb-text-hover-color:var(--awb-color4);--awb-text-color:#ffffff;--awb-breadcrumb-sep:&#039;\/&#039;;\" aria-label=\"Breadcrumb\"><span><span><a href=\"https:\/\/checkpointsystems.com\/fi\/\">Home<\/a><\/span><\/span><\/nav><div class=\"fusion-title title fusion-title-1 fusion-sep-none fusion-title-text fusion-title-size-one\" style=\"--awb-text-color:#ffffff;--awb-margin-top-small:0px;--awb-margin-bottom-small:20px;--awb-font-size:45px;\"><h1 class=\"fusion-title-heading title-heading-left fusion-responsive-typography-calculated\" style=\"font-family:&quot;JANO SANS PRO LIGHT&quot;;font-style:normal;font-weight:400;margin:0;letter-spacing:1px;font-size:1em;--fontSize:45;line-height:1.82;\">Muut APAC-alueet (Aasian ja Tyynen valtameren alue)<\/h1><\/div><\/div><\/div><\/div><\/div><div class=\"fusion-fullwidth fullwidth-box fusion-builder-row-2 fusion-flex-container has-pattern-background has-mask-background nonhundred-percent-fullwidth non-hundred-percent-height-scrolling\" style=\"--awb-border-radius-top-left:0px;--awb-border-radius-top-right:0px;--awb-border-radius-bottom-right:0px;--awb-border-radius-bottom-left:0px;--awb-flex-wrap:wrap;\" ><div class=\"fusion-builder-row fusion-row fusion-flex-align-items-flex-start fusion-flex-content-wrap\" style=\"max-width:calc( 1200px + 0px );margin-left: calc(-0px \/ 2 );margin-right: calc(-0px \/ 2 );\"><div class=\"fusion-layout-column fusion_builder_column fusion-builder-column-1 fusion_builder_column_1_1 1_1 fusion-flex-column\" style=\"--awb-bg-size:cover;--awb-width-large:100%;--awb-margin-top-large:0px;--awb-spacing-right-large:0px;--awb-margin-bottom-large:0px;--awb-spacing-left-large:0px;--awb-width-medium:100%;--awb-order-medium:0;--awb-spacing-right-medium:0px;--awb-spacing-left-medium:0px;--awb-width-small:100%;--awb-order-small:0;--awb-spacing-right-small:0px;--awb-spacing-left-small:0px;\"><div class=\"fusion-column-wrapper fusion-column-has-shadow fusion-flex-justify-content-flex-start fusion-content-layout-column\"><div class=\"fusion-text fusion-text-1\" style=\"--awb-margin-top:60px;\"><p>Checkpoint Systems kattaa alueen suurimmat maat ja tarjoaa integroituja RFID- ja RF-teknologiaan perustuvia tuotteita ja j\u00e4rjestelmi\u00e4 asiakkaidemme tarpeiden mukaan.<\/p>\n<p>APAC-alueen p\u00e4\u00e4konttorimme sijaitsevat Shanghaissa (Kiina) ja Hongkongissa, mutta meill\u00e4 on toimistoja my\u00f6s suurimmassa osassa aluetta. Alla olevasta kartasta voit tarkistaa muut APAC-maat ja -alueet, joissa meill\u00e4 on toimistoja <a href=\"https:\/\/checkpointsystems.com\/au\/\">Australian\/Uuden-Seelannin<\/a>, <a href=\"https:\/\/checkpointsystems.com\/cn\/\">Kiinan,<\/a>\u00a0<a href=\"https:\/\/checkpointsystems.com\/jp\/\">Japanin<\/a> ja <a href=\"https:\/\/checkpointsystems.com\/kr\/\">Etel\u00e4-Korean Lis\u00e4ksi<\/a>:<\/p>\n<\/div><\/div><\/div><\/div><\/div><div class=\"fusion-fullwidth fullwidth-box fusion-builder-row-3 fusion-flex-container nonhundred-percent-fullwidth non-hundred-percent-height-scrolling\" style=\"--awb-border-radius-top-left:0px;--awb-border-radius-top-right:0px;--awb-border-radius-bottom-right:0px;--awb-border-radius-bottom-left:0px;--awb-min-height:100px;--awb-flex-wrap:wrap;\" ><div class=\"fusion-builder-row fusion-row fusion-flex-align-items-flex-start fusion-flex-content-wrap\" style=\"max-width:calc( 1200px + 0px );margin-left: calc(-0px \/ 2 );margin-right: calc(-0px \/ 2 );\"><div class=\"fusion-layout-column fusion_builder_column fusion-builder-column-2 fusion_builder_column_1_1 1_1 fusion-flex-column\" style=\"--awb-bg-size:cover;--awb-width-large:100%;--awb-margin-top-large:0px;--awb-spacing-right-large:0px;--awb-margin-bottom-large:0px;--awb-spacing-left-large:0px;--awb-width-medium:100%;--awb-order-medium:0;--awb-spacing-right-medium:0px;--awb-spacing-left-medium:0px;--awb-width-small:100%;--awb-order-small:0;--awb-spacing-right-small:0px;--awb-spacing-left-small:0px;\"><div class=\"fusion-column-wrapper fusion-column-has-shadow fusion-flex-justify-content-flex-start fusion-content-layout-column\"><div class=\"fusion-menu-anchor\" id=\"countries\"><\/div><div style='position: relative;width: auto;padding: 0 0 56.25%;height: 0;top: 0;left: 0;bottom: 0;right: 0;margin: 0;border: 0 none' id=\"experience-650c58caed287\" data-aspectRatio=\"1.77777778\"><iframe allowfullscreen src='https:\/\/view.ceros.com\/checkpoint-systems\/checkpoint-global-footprint-7-2' style='position: absolute;top: 0;left: 0;bottom: 0;right: 0;margin: 0;padding: 0;border: 0 none;height: 1px;width: 1px;min-height: 100%;min-width: 100%' frameborder='0' class='ceros-experience' title='Other APAC Region - Map' scrolling='no'><\/iframe><\/div><script type=\"text\/javascript\" src=\"https:\/\/view.ceros.com\/scroll-proxy.min.js\" data-ceros-origin-domains=\"view.ceros.com\"><\/script><\/div><\/div><\/div><\/div><div class=\"fusion-fullwidth fullwidth-box fusion-builder-row-4 fusion-flex-container nonhundred-percent-fullwidth non-hundred-percent-height-scrolling fusion-no-small-visibility\" style=\"--awb-border-radius-top-left:0px;--awb-border-radius-top-right:0px;--awb-border-radius-bottom-right:0px;--awb-border-radius-bottom-left:0px;--awb-padding-right:40px;--awb-padding-left:40px;--awb-margin-top:50px;--awb-margin-bottom:50px;--awb-flex-wrap:wrap;\" ><div class=\"fusion-builder-row fusion-row fusion-flex-align-items-flex-start fusion-flex-content-wrap\" style=\"max-width:calc( 1200px + 0px );margin-left: calc(-0px \/ 2 );margin-right: calc(-0px \/ 2 );\"><div class=\"fusion-layout-column fusion_builder_column fusion-builder-column-3 fusion_builder_column_1_1 1_1 fusion-flex-column\" style=\"--awb-bg-size:cover;--awb-width-large:100%;--awb-margin-top-large:0px;--awb-spacing-right-large:0px;--awb-margin-bottom-large:0px;--awb-spacing-left-large:0px;--awb-width-medium:100%;--awb-order-medium:0;--awb-spacing-right-medium:0px;--awb-spacing-left-medium:0px;--awb-width-small:100%;--awb-order-small:0;--awb-spacing-right-small:0px;--awb-spacing-left-small:0px;\"><div class=\"fusion-column-wrapper fusion-column-has-shadow fusion-flex-justify-content-flex-start fusion-content-layout-column\"><div class=\"fusion-text fusion-text-2\"><p>Toimistomme sijaitsevat strategisesti hyvill\u00e4 paikoilla, jotta voimme taata tehokkaan palvelun asiakkaillemme ja kumppaneillemme jokaisessa maassa ja alueella jossa toimimme.<\/p>\n<p>\u00c4l\u00e4 ep\u00e4r\u00f6i ottaa yhteytt\u00e4 l\u00e4himp\u00e4\u00e4n toimipisteeseemme saadaksesi apua tai ohjeita:<\/p>\n<\/div><div style='position: relative;width: auto;padding: 0 0 70.31%;height: 0;top: 0;left: 0;bottom: 0;right: 0;margin: 0;border: 0 none' id=\"experience-650c4ecc9f194\" data-aspectRatio=\"1.42222222\"><iframe allowfullscreen src='https:\/\/view.ceros.com\/checkpoint-systems\/contact-details-tabs-1' style='position: absolute;top: 0;left: 0;bottom: 0;right: 0;margin: 0;padding: 0;border: 0 none;height: 1px;width: 1px;min-height: 100%;min-width: 100%' frameborder='0' class='ceros-experience' title='Other APAC Region - Contact' scrolling='no'><\/iframe><\/div><script type=\"text\/javascript\" src=\"https:\/\/view.ceros.com\/scroll-proxy.min.js\" data-ceros-origin-domains=\"view.ceros.com\"><\/script><div class=\"fusion-text fusion-text-3\"><p>Onko sinulla kysytt\u00e4v\u00e4\u00e4 tai tarvitsetko lis\u00e4tietoja? Voit ottaa meihin yhteytt\u00e4 <a href=\"https:\/\/checkpointsystems.com\/contact\/\">yhteydenottolomakkeemme <\/a>kautta. Olemme t\u00e4\u00e4ll\u00e4 auttaaksemme sinua.<\/p>\n<p>Sitoutumisemme tarjota asiakkaillemme korkealaatuista palvelua n\u00e4kyy laajassa verkostossamme APAC-alueella. Olemme t\u00e4\u00e4ll\u00e4 tarjotaksemme sinulle tehokkaita ja yksil\u00f6llisi\u00e4 ratkaisuja, jotka vastaavat tarpeitasi.<\/p>\n<\/div><\/div><\/div><\/div><\/div><div class=\"fusion-fullwidth fullwidth-box fusion-builder-row-5 fusion-flex-container nonhundred-percent-fullwidth non-hundred-percent-height-scrolling fusion-no-small-visibility\" style=\"--awb-border-radius-top-left:0px;--awb-border-radius-top-right:0px;--awb-border-radius-bottom-right:0px;--awb-border-radius-bottom-left:0px;--awb-min-height:100px;--awb-flex-wrap:wrap;\" ><div class=\"fusion-builder-row fusion-row fusion-flex-align-items-flex-start fusion-flex-content-wrap\" style=\"max-width:calc( 1200px + 0px );margin-left: calc(-0px \/ 2 );margin-right: calc(-0px \/ 2 );\"><div class=\"fusion-layout-column fusion_builder_column fusion-builder-column-4 fusion_builder_column_1_1 1_1 fusion-flex-column\" style=\"--awb-bg-size:cover;--awb-width-large:100%;--awb-margin-top-large:0px;--awb-spacing-right-large:0px;--awb-margin-bottom-large:0px;--awb-spacing-left-large:0px;--awb-width-medium:100%;--awb-order-medium:0;--awb-spacing-right-medium:0px;--awb-spacing-left-medium:0px;--awb-width-small:100%;--awb-order-small:0;--awb-spacing-right-small:0px;--awb-spacing-left-small:0px;\"><div class=\"fusion-column-wrapper fusion-column-has-shadow fusion-flex-justify-content-flex-start fusion-content-layout-column\"><\/div><\/div><\/div><\/div><\/p>\n","protected":false},"excerpt":{"rendered":"","protected":false},"author":26,"featured_media":3045,"parent":0,"menu_order":0,"comment_status":"closed","ping_status":"closed","template":"100-width.php","meta":{"footnotes":""},"categories":[],"tags":[],"class_list":["post-3044","page","type-page","status-publish","has-post-thumbnail","hentry"],"yoast_head":"<!-- This site is optimized with the Yoast SEO plugin v27.3 - https:\/\/yoast.com\/product\/yoast-seo-wordpress\/ -->\n<title>Muut APAC-alueet (Aasian ja Tyynen valtameren alue) Contact | Checkpoint Systems<\/title>\n<meta name=\"description\" content=\"Discover how Checkpoint Systems serves diverse APAC regions. Contact us for tailored RFID and RF technology solutions in your location.\" \/>\n<meta name=\"robots\" content=\"index, follow, max-snippet:-1, max-image-preview:large, max-video-preview:-1\" \/>\n<link rel=\"canonical\" href=\"https:\/\/checkpointsystems.com\/fi\/muut-apac-alueet\/\" \/>\n<meta property=\"og:locale\" content=\"en_GB\" \/>\n<meta property=\"og:type\" content=\"article\" \/>\n<meta property=\"og:title\" content=\"Muut APAC-alueet (Aasian ja Tyynen valtameren alue) Contact | Checkpoint Systems\" \/>\n<meta property=\"og:description\" content=\"Discover how Checkpoint Systems serves diverse APAC regions. Contact us for tailored RFID and RF technology solutions in your location.\" \/>\n<meta property=\"og:url\" content=\"https:\/\/checkpointsystems.com\/fi\/muut-apac-alueet\/\" \/>\n<meta property=\"og:site_name\" content=\"Checkpoint Systems Suomi\" \/>\n<meta property=\"article:modified_time\" content=\"2023-11-29T09:16:54+00:00\" \/>\n<meta property=\"og:image\" content=\"https:\/\/checkpointsystems.com\/fi\/wp-content\/uploads\/sites\/12\/APAC_Offices_CKP-scaled.jpg\" \/>\n\t<meta property=\"og:image:width\" content=\"2560\" \/>\n\t<meta property=\"og:image:height\" content=\"1323\" \/>\n\t<meta property=\"og:image:type\" content=\"image\/jpeg\" \/>\n<meta name=\"twitter:card\" content=\"summary_large_image\" \/>\n<meta name=\"twitter:label1\" content=\"Estimated reading time\" \/>\n\t<meta name=\"twitter:data1\" content=\"5 minutes\" \/>\n<script type=\"application\/ld+json\" class=\"yoast-schema-graph\">{\"@context\":\"https:\\\/\\\/schema.org\",\"@graph\":[{\"@type\":[\"WebPage\",\"ContactPage\"],\"@id\":\"https:\\\/\\\/checkpointsystems.com\\\/fi\\\/muut-apac-alueet\\\/\",\"url\":\"https:\\\/\\\/checkpointsystems.com\\\/fi\\\/muut-apac-alueet\\\/\",\"name\":\"Muut APAC-alueet (Aasian ja Tyynen valtameren alue) Contact | Checkpoint Systems\",\"isPartOf\":{\"@id\":\"https:\\\/\\\/checkpointsystems.com\\\/fi\\\/#website\"},\"primaryImageOfPage\":{\"@id\":\"https:\\\/\\\/checkpointsystems.com\\\/fi\\\/muut-apac-alueet\\\/#primaryimage\"},\"image\":{\"@id\":\"https:\\\/\\\/checkpointsystems.com\\\/fi\\\/muut-apac-alueet\\\/#primaryimage\"},\"thumbnailUrl\":\"https:\\\/\\\/checkpointsystems.com\\\/fi\\\/wp-content\\\/uploads\\\/sites\\\/12\\\/APAC_Offices_CKP-scaled.jpg\",\"datePublished\":\"2023-10-10T10:52:53+00:00\",\"dateModified\":\"2023-11-29T09:16:54+00:00\",\"description\":\"Discover how Checkpoint Systems serves diverse APAC regions. Contact us for tailored RFID and RF technology solutions in your location.\",\"breadcrumb\":{\"@id\":\"https:\\\/\\\/checkpointsystems.com\\\/fi\\\/muut-apac-alueet\\\/#breadcrumb\"},\"inLanguage\":\"en-GB\",\"potentialAction\":[{\"@type\":\"ReadAction\",\"target\":[\"https:\\\/\\\/checkpointsystems.com\\\/fi\\\/muut-apac-alueet\\\/\"]}]},{\"@type\":\"ImageObject\",\"inLanguage\":\"en-GB\",\"@id\":\"https:\\\/\\\/checkpointsystems.com\\\/fi\\\/muut-apac-alueet\\\/#primaryimage\",\"url\":\"https:\\\/\\\/checkpointsystems.com\\\/fi\\\/wp-content\\\/uploads\\\/sites\\\/12\\\/APAC_Offices_CKP-scaled.jpg\",\"contentUrl\":\"https:\\\/\\\/checkpointsystems.com\\\/fi\\\/wp-content\\\/uploads\\\/sites\\\/12\\\/APAC_Offices_CKP-scaled.jpg\",\"width\":2560,\"height\":1323},{\"@type\":\"BreadcrumbList\",\"@id\":\"https:\\\/\\\/checkpointsystems.com\\\/fi\\\/muut-apac-alueet\\\/#breadcrumb\",\"itemListElement\":[{\"@type\":\"ListItem\",\"position\":1,\"name\":\"Home\",\"item\":\"https:\\\/\\\/checkpointsystems.com\\\/fi\\\/\"},{\"@type\":\"ListItem\",\"position\":2,\"name\":\"Muut APAC-alueet (Aasian ja Tyynen valtameren alue)\"}]},{\"@type\":\"WebSite\",\"@id\":\"https:\\\/\\\/checkpointsystems.com\\\/fi\\\/#website\",\"url\":\"https:\\\/\\\/checkpointsystems.com\\\/fi\\\/\",\"name\":\"Checkpoint Systems Suomi\",\"description\":\"V\u00e4hitt\u00e4iskaupan teknologiaratkaisut\",\"potentialAction\":[{\"@type\":\"SearchAction\",\"target\":{\"@type\":\"EntryPoint\",\"urlTemplate\":\"https:\\\/\\\/checkpointsystems.com\\\/fi\\\/?s={search_term_string}\"},\"query-input\":{\"@type\":\"PropertyValueSpecification\",\"valueRequired\":true,\"valueName\":\"search_term_string\"}}],\"inLanguage\":\"en-GB\"}]}<\/script>\n<!-- \/ Yoast SEO plugin. -->","yoast_head_json":{"title":"Muut APAC-alueet (Aasian ja Tyynen valtameren alue) Contact | Checkpoint Systems","description":"Discover how Checkpoint Systems serves diverse APAC regions. Contact us for tailored RFID and RF technology solutions in your location.","robots":{"index":"index","follow":"follow","max-snippet":"max-snippet:-1","max-image-preview":"max-image-preview:large","max-video-preview":"max-video-preview:-1"},"canonical":"https:\/\/checkpointsystems.com\/fi\/muut-apac-alueet\/","og_locale":"en_GB","og_type":"article","og_title":"Muut APAC-alueet (Aasian ja Tyynen valtameren alue) Contact | Checkpoint Systems","og_description":"Discover how Checkpoint Systems serves diverse APAC regions. Contact us for tailored RFID and RF technology solutions in your location.","og_url":"https:\/\/checkpointsystems.com\/fi\/muut-apac-alueet\/","og_site_name":"Checkpoint Systems Suomi","article_modified_time":"2023-11-29T09:16:54+00:00","og_image":[{"width":2560,"height":1323,"url":"https:\/\/checkpointsystems.com\/fi\/wp-content\/uploads\/sites\/12\/APAC_Offices_CKP-scaled.jpg","type":"image\/jpeg"}],"twitter_card":"summary_large_image","twitter_misc":{"Estimated reading time":"5 minutes"},"schema":{"@context":"https:\/\/schema.org","@graph":[{"@type":["WebPage","ContactPage"],"@id":"https:\/\/checkpointsystems.com\/fi\/muut-apac-alueet\/","url":"https:\/\/checkpointsystems.com\/fi\/muut-apac-alueet\/","name":"Muut APAC-alueet (Aasian ja Tyynen valtameren alue) Contact | Checkpoint Systems","isPartOf":{"@id":"https:\/\/checkpointsystems.com\/fi\/#website"},"primaryImageOfPage":{"@id":"https:\/\/checkpointsystems.com\/fi\/muut-apac-alueet\/#primaryimage"},"image":{"@id":"https:\/\/checkpointsystems.com\/fi\/muut-apac-alueet\/#primaryimage"},"thumbnailUrl":"https:\/\/checkpointsystems.com\/fi\/wp-content\/uploads\/sites\/12\/APAC_Offices_CKP-scaled.jpg","datePublished":"2023-10-10T10:52:53+00:00","dateModified":"2023-11-29T09:16:54+00:00","description":"Discover how Checkpoint Systems serves diverse APAC regions. Contact us for tailored RFID and RF technology solutions in your location.","breadcrumb":{"@id":"https:\/\/checkpointsystems.com\/fi\/muut-apac-alueet\/#breadcrumb"},"inLanguage":"en-GB","potentialAction":[{"@type":"ReadAction","target":["https:\/\/checkpointsystems.com\/fi\/muut-apac-alueet\/"]}]},{"@type":"ImageObject","inLanguage":"en-GB","@id":"https:\/\/checkpointsystems.com\/fi\/muut-apac-alueet\/#primaryimage","url":"https:\/\/checkpointsystems.com\/fi\/wp-content\/uploads\/sites\/12\/APAC_Offices_CKP-scaled.jpg","contentUrl":"https:\/\/checkpointsystems.com\/fi\/wp-content\/uploads\/sites\/12\/APAC_Offices_CKP-scaled.jpg","width":2560,"height":1323},{"@type":"BreadcrumbList","@id":"https:\/\/checkpointsystems.com\/fi\/muut-apac-alueet\/#breadcrumb","itemListElement":[{"@type":"ListItem","position":1,"name":"Home","item":"https:\/\/checkpointsystems.com\/fi\/"},{"@type":"ListItem","position":2,"name":"Muut APAC-alueet (Aasian ja Tyynen valtameren alue)"}]},{"@type":"WebSite","@id":"https:\/\/checkpointsystems.com\/fi\/#website","url":"https:\/\/checkpointsystems.com\/fi\/","name":"Checkpoint Systems Suomi","description":"V\u00e4hitt\u00e4iskaupan teknologiaratkaisut","potentialAction":[{"@type":"SearchAction","target":{"@type":"EntryPoint","urlTemplate":"https:\/\/checkpointsystems.com\/fi\/?s={search_term_string}"},"query-input":{"@type":"PropertyValueSpecification","valueRequired":true,"valueName":"search_term_string"}}],"inLanguage":"en-GB"}]}},"_links":{"self":[{"href":"https:\/\/checkpointsystems.com\/fi\/wp-json\/wp\/v2\/pages\/3044","targetHints":{"allow":["GET"]}}],"collection":[{"href":"https:\/\/checkpointsystems.com\/fi\/wp-json\/wp\/v2\/pages"}],"about":[{"href":"https:\/\/checkpointsystems.com\/fi\/wp-json\/wp\/v2\/types\/page"}],"author":[{"embeddable":true,"href":"https:\/\/checkpointsystems.com\/fi\/wp-json\/wp\/v2\/users\/26"}],"replies":[{"embeddable":true,"href":"https:\/\/checkpointsystems.com\/fi\/wp-json\/wp\/v2\/comments?post=3044"}],"version-history":[{"count":0,"href":"https:\/\/checkpointsystems.com\/fi\/wp-json\/wp\/v2\/pages\/3044\/revisions"}],"wp:featuredmedia":[{"embeddable":true,"href":"https:\/\/checkpointsystems.com\/fi\/wp-json\/wp\/v2\/media\/3045"}],"wp:attachment":[{"href":"https:\/\/checkpointsystems.com\/fi\/wp-json\/wp\/v2\/media?parent=3044"}],"wp:term":[{"taxonomy":"category","embeddable":true,"href":"https:\/\/checkpointsystems.com\/fi\/wp-json\/wp\/v2\/categories?post=3044"},{"taxonomy":"post_tag","embeddable":true,"href":"https:\/\/checkpointsystems.com\/fi\/wp-json\/wp\/v2\/tags?post=3044"}],"curies":[{"name":"wp","href":"https:\/\/api.w.org\/{rel}","templated":true}]}}