{"id":1849,"date":"2022-07-01T14:03:06","date_gmt":"2022-07-01T13:03:06","guid":{"rendered":"https:\/\/checkpointsstg.wpengine.com\/fi\/?page_id=1849"},"modified":"2022-09-26T11:56:00","modified_gmt":"2022-09-26T10:56:00","slug":"production-locations","status":"publish","type":"page","link":"https:\/\/checkpointsystems.com\/fi\/apparel-labelling-solutions\/production-locations\/","title":{"rendered":"Production Locations"},"content":{"rendered":"<p><div class=\"fusion-fullwidth fullwidth-box fusion-builder-row-1 fusion-flex-container fusion-parallax-none nonhundred-percent-fullwidth non-hundred-percent-height-scrolling lazyload\" style=\"--awb-background-blend-mode:multiply;--awb-border-radius-top-left:0px;--awb-border-radius-top-right:0px;--awb-border-radius-bottom-right:0px;--awb-border-radius-bottom-left:0px;--awb-padding-bottom:40px;--awb-padding-right-small:2%;--awb-padding-left-small:2%;--awb-min-height:600px;--awb-background-color:var(--awb-color3);--awb-background-size:cover;--awb-flex-wrap:wrap;\" data-bg=\"https:\/\/checkpointsystems.com\/fi\/wp-content\/uploads\/sites\/12\/21A6312.jpg\" ><div class=\"fusion-builder-row fusion-row fusion-flex-align-items-flex-start fusion-flex-align-content-flex-end fusion-flex-content-wrap\" style=\"max-width:calc( 1200px + 0px );margin-left: calc(-0px \/ 2 );margin-right: calc(-0px \/ 2 );\"><div class=\"fusion-layout-column fusion_builder_column fusion-builder-column-0 fusion_builder_column_1_1 1_1 fusion-flex-column\" style=\"--awb-bg-size:cover;--awb-width-large:100%;--awb-margin-top-large:0px;--awb-spacing-right-large:0px;--awb-margin-bottom-large:0px;--awb-spacing-left-large:0px;--awb-width-medium:100%;--awb-order-medium:0;--awb-spacing-right-medium:0px;--awb-spacing-left-medium:0px;--awb-width-small:100%;--awb-order-small:0;--awb-spacing-right-small:0px;--awb-spacing-left-small:0px;\"><div class=\"fusion-column-wrapper fusion-column-has-shadow fusion-flex-justify-content-flex-start fusion-content-layout-column\"><div class=\"fusion-title title fusion-title-1 fusion-sep-none fusion-title-text fusion-title-size-one\" style=\"--awb-text-color:#ffffff;--awb-margin-top-small:0px;--awb-margin-bottom-small:20px;--awb-font-size:45px;\"><h1 class=\"fusion-title-heading title-heading-left fusion-responsive-typography-calculated\" style=\"font-family:&quot;JANO SANS PRO LIGHT&quot;;font-style:normal;font-weight:400;margin:0;letter-spacing:1px;font-size:1em;--fontSize:45;line-height:1.82;\">Globaalit etikettien tuotantopaikat<\/h1><\/div><nav class=\"fusion-breadcrumbs awb-yoast-breadcrumbs fusion-breadcrumbs-1\" style=\"--awb-text-hover-color:var(--awb-color4);--awb-text-color:#ffffff;--awb-breadcrumb-sep:&#039;\/&#039;;\" aria-label=\"Breadcrumb\"><span><span><a href=\"https:\/\/checkpointsystems.com\/fi\/\">Home<\/a><\/span><\/span><\/nav><\/div><\/div><\/div><\/div><div class=\"fusion-fullwidth fullwidth-box fusion-builder-row-2 fusion-flex-container nonhundred-percent-fullwidth non-hundred-percent-height-scrolling\" style=\"--awb-border-radius-top-left:0px;--awb-border-radius-top-right:0px;--awb-border-radius-bottom-right:0px;--awb-border-radius-bottom-left:0px;--awb-min-height:100px;--awb-flex-wrap:wrap;\" ><div class=\"fusion-builder-row fusion-row fusion-flex-align-items-flex-start fusion-flex-content-wrap\" style=\"max-width:calc( 1200px + 0px );margin-left: calc(-0px \/ 2 );margin-right: calc(-0px \/ 2 );\"><div class=\"fusion-layout-column fusion_builder_column fusion-builder-column-1 fusion_builder_column_1_1 1_1 fusion-flex-column\" style=\"--awb-bg-size:cover;--awb-width-large:100%;--awb-margin-top-large:0px;--awb-spacing-right-large:0px;--awb-margin-bottom-large:0px;--awb-spacing-left-large:0px;--awb-width-medium:100%;--awb-order-medium:0;--awb-spacing-right-medium:0px;--awb-spacing-left-medium:0px;--awb-width-small:100%;--awb-order-small:0;--awb-spacing-right-small:0px;--awb-spacing-left-small:0px;\"><div class=\"fusion-column-wrapper fusion-column-has-shadow fusion-flex-justify-content-flex-start fusion-content-layout-column\"><\/div><\/div><\/div><\/div><div class=\"fusion-fullwidth fullwidth-box fusion-builder-row-3 fusion-flex-container nonhundred-percent-fullwidth non-hundred-percent-height-scrolling\" style=\"--awb-border-radius-top-left:0px;--awb-border-radius-top-right:0px;--awb-border-radius-bottom-right:0px;--awb-border-radius-bottom-left:0px;--awb-margin-top:50px;--awb-margin-bottom:50px;--awb-flex-wrap:wrap;\" ><div class=\"fusion-builder-row fusion-row fusion-flex-align-items-flex-start fusion-flex-content-wrap\" style=\"max-width:calc( 1200px + 0px );margin-left: calc(-0px \/ 2 );margin-right: calc(-0px \/ 2 );\"><div class=\"fusion-layout-column fusion_builder_column fusion-builder-column-2 fusion_builder_column_1_5 1_5 fusion-flex-column\" style=\"--awb-bg-size:cover;--awb-width-large:20%;--awb-margin-top-large:0px;--awb-spacing-right-large:0px;--awb-margin-bottom-large:0px;--awb-spacing-left-large:0px;--awb-width-medium:100%;--awb-order-medium:0;--awb-spacing-right-medium:0px;--awb-spacing-left-medium:0px;--awb-width-small:100%;--awb-order-small:0;--awb-spacing-right-small:0px;--awb-spacing-left-small:0px;\"><div class=\"fusion-column-wrapper fusion-column-has-shadow fusion-flex-justify-content-flex-start fusion-content-layout-column\"><\/div><\/div><div class=\"fusion-layout-column fusion_builder_column fusion-builder-column-3 fusion_builder_column_3_5 3_5 fusion-flex-column\" style=\"--awb-bg-size:cover;--awb-width-large:60%;--awb-margin-top-large:0px;--awb-spacing-right-large:0px;--awb-margin-bottom-large:0px;--awb-spacing-left-large:0px;--awb-width-medium:100%;--awb-order-medium:0;--awb-spacing-right-medium:0px;--awb-spacing-left-medium:0px;--awb-width-small:100%;--awb-order-small:0;--awb-spacing-right-small:0px;--awb-spacing-left-small:0px;\"><div class=\"fusion-column-wrapper fusion-column-has-shadow fusion-flex-justify-content-flex-start fusion-content-layout-column\"><div class=\"fusion-title title fusion-title-2 fusion-sep-none fusion-title-center fusion-title-text fusion-title-size-two\" style=\"--awb-text-color:var(--awb-color1);--awb-margin-top-small:0px;--awb-margin-bottom-small:20px;--awb-font-size:36px;\"><h2 class=\"fusion-title-heading title-heading-center fusion-responsive-typography-calculated\" style=\"font-family:&quot;JANO SANS PRO LIGHT&quot;;font-style:normal;font-weight:400;margin:0;font-size:1em;--fontSize:36;line-height:1.39;\"><p class=\"p1\">Br\u00e4ndituki maailmanlaajuisesti<\/p><\/h2><\/div><div class=\"fusion-text fusion-text-1\" style=\"--awb-margin-right:20px;--awb-margin-left:20px;--awb-text-font-family:&quot;JANO SANS PRO LIGHT&quot;;--awb-text-font-style:normal;--awb-text-font-weight:400;\"><p style=\"text-align: center;\">Meill\u00e4 on mittakaava, maantieteellinen kattavuus ja tekniset resurssit, jotta voimme olla vaatemerkint\u00e4kumppanisi nyt ja tulevaisuudessa.<\/p>\n<p style=\"text-align: center;\">Miss\u00e4 ikin\u00e4 oletkin, meill\u00e4 on maailmanluokan tuotantolaitokset l\u00e4hell\u00e4 neulanpistoa. Annamme tuotemerkkisi k\u00e4ytt\u00f6\u00f6n useita tuotantolaitoksia, useiden tuotetyyppien osalta, yhdess\u00e4 ymp\u00e4rist\u00f6ss\u00e4.<\/p>\n<p style=\"text-align: center;\">Digitaaliset v\u00e4ristandardimme ja toleranssit yhteenliitetyn kalibroitujen laitteiden verkoston kautta takaavat maailmanlaajuisesti yhdenmukaisen lopputuotteen.<\/p>\n<p style=\"text-align: center;\">Laaja alan asiantuntemus yhdistettyn\u00e4 taloudelliseen vahvuuteen on johtanut ennenn\u00e4kem\u00e4tt\u00f6miin infrastruktuuri-investointeihin.<\/p>\n<p style=\"text-align: center;\">Siirry alla olevien maiden kohdalla, niin saat lis\u00e4tietoja tuotantopaikoistamme.<\/p>\n<\/div><\/div><\/div><div class=\"fusion-layout-column fusion_builder_column fusion-builder-column-4 fusion_builder_column_1_5 1_5 fusion-flex-column\" style=\"--awb-bg-size:cover;--awb-width-large:20%;--awb-margin-top-large:0px;--awb-spacing-right-large:0px;--awb-margin-bottom-large:0px;--awb-spacing-left-large:0px;--awb-width-medium:100%;--awb-order-medium:0;--awb-spacing-right-medium:0px;--awb-spacing-left-medium:0px;--awb-width-small:100%;--awb-order-small:0;--awb-spacing-right-small:0px;--awb-spacing-left-small:0px;\"><div class=\"fusion-column-wrapper fusion-column-has-shadow fusion-flex-justify-content-flex-start fusion-content-layout-column\"><\/div><\/div><\/div><\/div><div class=\"fusion-fullwidth fullwidth-box fusion-builder-row-4 fusion-flex-container nonhundred-percent-fullwidth non-hundred-percent-height-scrolling\" style=\"--awb-border-radius-top-left:0px;--awb-border-radius-top-right:0px;--awb-border-radius-bottom-right:0px;--awb-border-radius-bottom-left:0px;--awb-min-height:100px;--awb-flex-wrap:wrap;\" ><div class=\"fusion-builder-row fusion-row fusion-flex-align-items-flex-start fusion-flex-content-wrap\" style=\"max-width:calc( 1200px + 0px );margin-left: calc(-0px \/ 2 );margin-right: calc(-0px \/ 2 );\"><div class=\"fusion-layout-column fusion_builder_column fusion-builder-column-5 fusion_builder_column_1_1 1_1 fusion-flex-column\" style=\"--awb-bg-size:cover;--awb-width-large:100%;--awb-margin-top-large:0px;--awb-spacing-right-large:0px;--awb-margin-bottom-large:0px;--awb-spacing-left-large:0px;--awb-width-medium:100%;--awb-order-medium:0;--awb-spacing-right-medium:0px;--awb-spacing-left-medium:0px;--awb-width-small:100%;--awb-order-small:0;--awb-spacing-right-small:0px;--awb-spacing-left-small:0px;\"><div class=\"fusion-column-wrapper fusion-column-has-shadow fusion-flex-justify-content-flex-start fusion-content-layout-column\"><\/div><\/div><\/div><\/div><div class=\"fusion-fullwidth fullwidth-box fusion-builder-row-5 fusion-flex-container nonhundred-percent-fullwidth non-hundred-percent-height-scrolling\" style=\"--awb-border-radius-top-left:0px;--awb-border-radius-top-right:0px;--awb-border-radius-bottom-right:0px;--awb-border-radius-bottom-left:0px;--awb-background-color:var(--awb-color8);--awb-flex-wrap:wrap;\" ><div class=\"fusion-builder-row fusion-row fusion-flex-align-items-flex-start fusion-flex-content-wrap\" style=\"max-width:calc( 1200px + 0px );margin-left: calc(-0px \/ 2 );margin-right: calc(-0px \/ 2 );\"><div class=\"fusion-layout-column fusion_builder_column fusion-builder-column-6 fusion_builder_column_1_1 1_1 fusion-flex-column\" style=\"--awb-bg-size:cover;--awb-width-large:100%;--awb-margin-top-large:0px;--awb-spacing-right-large:0px;--awb-margin-bottom-large:0px;--awb-spacing-left-large:0px;--awb-width-medium:100%;--awb-order-medium:0;--awb-spacing-right-medium:0px;--awb-spacing-left-medium:0px;--awb-width-small:100%;--awb-order-small:0;--awb-spacing-right-small:0px;--awb-spacing-left-small:0px;\"><div class=\"fusion-column-wrapper fusion-column-has-shadow fusion-flex-justify-content-flex-start fusion-content-layout-column\"><div style='position: relative;width: auto;padding: 0 0 60.94%;height: 0;top: 0;left: 0;bottom: 0;right: 0;margin: 0;border: 0 none' id=\"experience-62beed28ac8ca\" data-aspectRatio=\"1.64102564\"><iframe allowfullscreen src='\/\/view.ceros.com\/checkpoint-systems\/als-production-map' style='position: absolute;top: 0;left: 0;bottom: 0;right: 0;margin: 0;padding: 0;border: 0 none;height: 1px;width: 1px;min-height: 100%;min-width: 100%' frameborder='0' class='ceros-experience' title='ALS Production Map' scrolling='no'><\/iframe><\/div><script type=\"text\/javascript\" src=\"\/\/view.ceros.com\/scroll-proxy.min.js\" data-ceros-origin-domains=\"view.ceros.com\"><\/script><\/div><\/div><\/div><\/div><div class=\"fusion-fullwidth fullwidth-box fusion-builder-row-6 fusion-flex-container nonhundred-percent-fullwidth non-hundred-percent-height-scrolling\" style=\"--awb-border-radius-top-left:0px;--awb-border-radius-top-right:0px;--awb-border-radius-bottom-right:0px;--awb-border-radius-bottom-left:0px;--awb-min-height:100px;--awb-flex-wrap:wrap;\" ><div class=\"fusion-builder-row fusion-row fusion-flex-align-items-flex-start fusion-flex-content-wrap\" style=\"max-width:calc( 1200px + 0px );margin-left: calc(-0px \/ 2 );margin-right: calc(-0px \/ 2 );\"><div class=\"fusion-layout-column fusion_builder_column fusion-builder-column-7 fusion_builder_column_1_1 1_1 fusion-flex-column\" style=\"--awb-bg-size:cover;--awb-width-large:100%;--awb-margin-top-large:0px;--awb-spacing-right-large:0px;--awb-margin-bottom-large:0px;--awb-spacing-left-large:0px;--awb-width-medium:100%;--awb-order-medium:0;--awb-spacing-right-medium:0px;--awb-spacing-left-medium:0px;--awb-width-small:100%;--awb-order-small:0;--awb-spacing-right-small:0px;--awb-spacing-left-small:0px;\"><div class=\"fusion-column-wrapper fusion-column-has-shadow fusion-flex-justify-content-flex-start fusion-content-layout-column\"><\/div><\/div><\/div><\/div><\/p>\n","protected":false},"excerpt":{"rendered":"","protected":false},"author":4,"featured_media":34,"parent":159,"menu_order":0,"comment_status":"closed","ping_status":"closed","template":"100-width.php","meta":{"footnotes":""},"categories":[8],"tags":[],"class_list":["post-1849","page","type-page","status-publish","has-post-thumbnail","hentry","category-featured-products"],"yoast_head":"<!-- This site is optimized with the Yoast SEO plugin v27.3 - https:\/\/yoast.com\/product\/yoast-seo-wordpress\/ -->\n<title>Production Locations - Checkpoint Systems Suomi<\/title>\n<meta name=\"description\" content=\"With production locations around the world and close to major garment production hubs, we bring your designs to life.\" \/>\n<meta name=\"robots\" content=\"index, follow, max-snippet:-1, max-image-preview:large, max-video-preview:-1\" \/>\n<link rel=\"canonical\" href=\"https:\/\/checkpointsystems.com\/fi\/apparel-labelling-solutions\/production-locations\/\" \/>\n<meta property=\"og:locale\" content=\"en_GB\" \/>\n<meta property=\"og:type\" content=\"article\" \/>\n<meta property=\"og:title\" content=\"Production Locations - Checkpoint Systems Suomi\" \/>\n<meta property=\"og:description\" content=\"With production locations around the world and close to major garment production hubs, we bring your designs to life.\" \/>\n<meta property=\"og:url\" content=\"https:\/\/checkpointsystems.com\/fi\/apparel-labelling-solutions\/production-locations\/\" \/>\n<meta property=\"og:site_name\" content=\"Checkpoint Systems Suomi\" \/>\n<meta property=\"article:modified_time\" content=\"2022-09-26T10:56:00+00:00\" \/>\n<meta property=\"og:image\" content=\"https:\/\/checkpointsystems.com\/fi\/wp-content\/uploads\/sites\/12\/example-test-image-1024x683.png\" \/>\n\t<meta property=\"og:image:width\" content=\"1024\" \/>\n\t<meta property=\"og:image:height\" content=\"683\" \/>\n\t<meta property=\"og:image:type\" content=\"image\/png\" \/>\n<meta name=\"twitter:card\" content=\"summary_large_image\" \/>\n<meta name=\"twitter:label1\" content=\"Estimated reading time\" \/>\n\t<meta name=\"twitter:data1\" content=\"5 minutes\" \/>\n<script type=\"application\/ld+json\" class=\"yoast-schema-graph\">{\"@context\":\"https:\\\/\\\/schema.org\",\"@graph\":[{\"@type\":\"WebPage\",\"@id\":\"https:\\\/\\\/checkpointsystems.com\\\/fi\\\/apparel-labelling-solutions\\\/production-locations\\\/\",\"url\":\"https:\\\/\\\/checkpointsystems.com\\\/fi\\\/apparel-labelling-solutions\\\/production-locations\\\/\",\"name\":\"Production Locations - Checkpoint Systems Suomi\",\"isPartOf\":{\"@id\":\"https:\\\/\\\/checkpointsystems.com\\\/fi\\\/#website\"},\"primaryImageOfPage\":{\"@id\":\"https:\\\/\\\/checkpointsystems.com\\\/fi\\\/apparel-labelling-solutions\\\/production-locations\\\/#primaryimage\"},\"image\":{\"@id\":\"https:\\\/\\\/checkpointsystems.com\\\/fi\\\/apparel-labelling-solutions\\\/production-locations\\\/#primaryimage\"},\"thumbnailUrl\":\"https:\\\/\\\/checkpointsystems.com\\\/fi\\\/wp-content\\\/uploads\\\/sites\\\/12\\\/example-test-image.png\",\"datePublished\":\"2022-07-01T13:03:06+00:00\",\"dateModified\":\"2022-09-26T10:56:00+00:00\",\"description\":\"With production locations around the world and close to major garment production hubs, we bring your designs to life.\",\"breadcrumb\":{\"@id\":\"https:\\\/\\\/checkpointsystems.com\\\/fi\\\/apparel-labelling-solutions\\\/production-locations\\\/#breadcrumb\"},\"inLanguage\":\"en-GB\",\"potentialAction\":[{\"@type\":\"ReadAction\",\"target\":[\"https:\\\/\\\/checkpointsystems.com\\\/fi\\\/apparel-labelling-solutions\\\/production-locations\\\/\"]}]},{\"@type\":\"ImageObject\",\"inLanguage\":\"en-GB\",\"@id\":\"https:\\\/\\\/checkpointsystems.com\\\/fi\\\/apparel-labelling-solutions\\\/production-locations\\\/#primaryimage\",\"url\":\"https:\\\/\\\/checkpointsystems.com\\\/fi\\\/wp-content\\\/uploads\\\/sites\\\/12\\\/example-test-image.png\",\"contentUrl\":\"https:\\\/\\\/checkpointsystems.com\\\/fi\\\/wp-content\\\/uploads\\\/sites\\\/12\\\/example-test-image.png\",\"width\":1680,\"height\":1120},{\"@type\":\"BreadcrumbList\",\"@id\":\"https:\\\/\\\/checkpointsystems.com\\\/fi\\\/apparel-labelling-solutions\\\/production-locations\\\/#breadcrumb\",\"itemListElement\":[{\"@type\":\"ListItem\",\"position\":1,\"name\":\"Home\",\"item\":\"https:\\\/\\\/checkpointsystems.com\\\/fi\\\/\"},{\"@type\":\"ListItem\",\"position\":2,\"name\":\"Vaatetunnisteratkaisut\",\"item\":\"https:\\\/\\\/checkpointsystems.com\\\/fi\\\/apparel-labelling-solutions\\\/\"},{\"@type\":\"ListItem\",\"position\":3,\"name\":\"Production Locations\"}]},{\"@type\":\"WebSite\",\"@id\":\"https:\\\/\\\/checkpointsystems.com\\\/fi\\\/#website\",\"url\":\"https:\\\/\\\/checkpointsystems.com\\\/fi\\\/\",\"name\":\"Checkpoint Systems Suomi\",\"description\":\"V\u00e4hitt\u00e4iskaupan teknologiaratkaisut\",\"potentialAction\":[{\"@type\":\"SearchAction\",\"target\":{\"@type\":\"EntryPoint\",\"urlTemplate\":\"https:\\\/\\\/checkpointsystems.com\\\/fi\\\/?s={search_term_string}\"},\"query-input\":{\"@type\":\"PropertyValueSpecification\",\"valueRequired\":true,\"valueName\":\"search_term_string\"}}],\"inLanguage\":\"en-GB\"}]}<\/script>\n<!-- \/ Yoast SEO plugin. -->","yoast_head_json":{"title":"Production Locations - Checkpoint Systems Suomi","description":"With production locations around the world and close to major garment production hubs, we bring your designs to life.","robots":{"index":"index","follow":"follow","max-snippet":"max-snippet:-1","max-image-preview":"max-image-preview:large","max-video-preview":"max-video-preview:-1"},"canonical":"https:\/\/checkpointsystems.com\/fi\/apparel-labelling-solutions\/production-locations\/","og_locale":"en_GB","og_type":"article","og_title":"Production Locations - Checkpoint Systems Suomi","og_description":"With production locations around the world and close to major garment production hubs, we bring your designs to life.","og_url":"https:\/\/checkpointsystems.com\/fi\/apparel-labelling-solutions\/production-locations\/","og_site_name":"Checkpoint Systems Suomi","article_modified_time":"2022-09-26T10:56:00+00:00","og_image":[{"width":1024,"height":683,"url":"https:\/\/checkpointsystems.com\/fi\/wp-content\/uploads\/sites\/12\/example-test-image-1024x683.png","type":"image\/png"}],"twitter_card":"summary_large_image","twitter_misc":{"Estimated reading time":"5 minutes"},"schema":{"@context":"https:\/\/schema.org","@graph":[{"@type":"WebPage","@id":"https:\/\/checkpointsystems.com\/fi\/apparel-labelling-solutions\/production-locations\/","url":"https:\/\/checkpointsystems.com\/fi\/apparel-labelling-solutions\/production-locations\/","name":"Production Locations - Checkpoint Systems Suomi","isPartOf":{"@id":"https:\/\/checkpointsystems.com\/fi\/#website"},"primaryImageOfPage":{"@id":"https:\/\/checkpointsystems.com\/fi\/apparel-labelling-solutions\/production-locations\/#primaryimage"},"image":{"@id":"https:\/\/checkpointsystems.com\/fi\/apparel-labelling-solutions\/production-locations\/#primaryimage"},"thumbnailUrl":"https:\/\/checkpointsystems.com\/fi\/wp-content\/uploads\/sites\/12\/example-test-image.png","datePublished":"2022-07-01T13:03:06+00:00","dateModified":"2022-09-26T10:56:00+00:00","description":"With production locations around the world and close to major garment production hubs, we bring your designs to life.","breadcrumb":{"@id":"https:\/\/checkpointsystems.com\/fi\/apparel-labelling-solutions\/production-locations\/#breadcrumb"},"inLanguage":"en-GB","potentialAction":[{"@type":"ReadAction","target":["https:\/\/checkpointsystems.com\/fi\/apparel-labelling-solutions\/production-locations\/"]}]},{"@type":"ImageObject","inLanguage":"en-GB","@id":"https:\/\/checkpointsystems.com\/fi\/apparel-labelling-solutions\/production-locations\/#primaryimage","url":"https:\/\/checkpointsystems.com\/fi\/wp-content\/uploads\/sites\/12\/example-test-image.png","contentUrl":"https:\/\/checkpointsystems.com\/fi\/wp-content\/uploads\/sites\/12\/example-test-image.png","width":1680,"height":1120},{"@type":"BreadcrumbList","@id":"https:\/\/checkpointsystems.com\/fi\/apparel-labelling-solutions\/production-locations\/#breadcrumb","itemListElement":[{"@type":"ListItem","position":1,"name":"Home","item":"https:\/\/checkpointsystems.com\/fi\/"},{"@type":"ListItem","position":2,"name":"Vaatetunnisteratkaisut","item":"https:\/\/checkpointsystems.com\/fi\/apparel-labelling-solutions\/"},{"@type":"ListItem","position":3,"name":"Production Locations"}]},{"@type":"WebSite","@id":"https:\/\/checkpointsystems.com\/fi\/#website","url":"https:\/\/checkpointsystems.com\/fi\/","name":"Checkpoint Systems Suomi","description":"V\u00e4hitt\u00e4iskaupan teknologiaratkaisut","potentialAction":[{"@type":"SearchAction","target":{"@type":"EntryPoint","urlTemplate":"https:\/\/checkpointsystems.com\/fi\/?s={search_term_string}"},"query-input":{"@type":"PropertyValueSpecification","valueRequired":true,"valueName":"search_term_string"}}],"inLanguage":"en-GB"}]}},"_links":{"self":[{"href":"https:\/\/checkpointsystems.com\/fi\/wp-json\/wp\/v2\/pages\/1849","targetHints":{"allow":["GET"]}}],"collection":[{"href":"https:\/\/checkpointsystems.com\/fi\/wp-json\/wp\/v2\/pages"}],"about":[{"href":"https:\/\/checkpointsystems.com\/fi\/wp-json\/wp\/v2\/types\/page"}],"author":[{"embeddable":true,"href":"https:\/\/checkpointsystems.com\/fi\/wp-json\/wp\/v2\/users\/4"}],"replies":[{"embeddable":true,"href":"https:\/\/checkpointsystems.com\/fi\/wp-json\/wp\/v2\/comments?post=1849"}],"version-history":[{"count":0,"href":"https:\/\/checkpointsystems.com\/fi\/wp-json\/wp\/v2\/pages\/1849\/revisions"}],"up":[{"embeddable":true,"href":"https:\/\/checkpointsystems.com\/fi\/wp-json\/wp\/v2\/pages\/159"}],"wp:featuredmedia":[{"embeddable":true,"href":"https:\/\/checkpointsystems.com\/fi\/wp-json\/wp\/v2\/media\/34"}],"wp:attachment":[{"href":"https:\/\/checkpointsystems.com\/fi\/wp-json\/wp\/v2\/media?parent=1849"}],"wp:term":[{"taxonomy":"category","embeddable":true,"href":"https:\/\/checkpointsystems.com\/fi\/wp-json\/wp\/v2\/categories?post=1849"},{"taxonomy":"post_tag","embeddable":true,"href":"https:\/\/checkpointsystems.com\/fi\/wp-json\/wp\/v2\/tags?post=1849"}],"curies":[{"name":"wp","href":"https:\/\/api.w.org\/{rel}","templated":true}]}}