{"id":8051,"date":"2023-10-10T12:52:53","date_gmt":"2023-10-10T10:52:53","guid":{"rendered":"https:\/\/checkpointsystems.com\/es\/?page_id=8051"},"modified":"2023-10-20T10:51:44","modified_gmt":"2023-10-20T08:51:44","slug":"otras-regiones-de-apac","status":"publish","type":"page","link":"https:\/\/checkpointsystems.com\/es\/contacto\/otras-regiones-de-apac\/","title":{"rendered":"Otras Regiones de APAC"},"content":{"rendered":"<p><div class=\"fusion-fullwidth fullwidth-box fusion-builder-row-1 fusion-flex-container fusion-parallax-none nonhundred-percent-fullwidth non-hundred-percent-height-scrolling lazyload\" style=\"--awb-background-position:center top;--awb-background-blend-mode:multiply;--awb-border-radius-top-left:0px;--awb-border-radius-top-right:0px;--awb-border-radius-bottom-right:0px;--awb-border-radius-bottom-left:0px;--awb-padding-bottom:40px;--awb-padding-right-small:2%;--awb-padding-left-small:2%;--awb-min-height:600px;--awb-background-color:rgba(44,57,71,0.49);--awb-background-size:cover;--awb-flex-wrap:wrap;\" data-bg=\"https:\/\/checkpointsystems.com\/wp-content\/uploads\/APAC_Offices_CKP-scaled.jpg\" ><div class=\"fusion-builder-row fusion-row fusion-flex-align-items-flex-start fusion-flex-align-content-flex-end fusion-flex-content-wrap\" style=\"max-width:calc( 1200px + 0px );margin-left: calc(-0px \/ 2 );margin-right: calc(-0px \/ 2 );\"><div class=\"fusion-layout-column fusion_builder_column fusion-builder-column-0 fusion_builder_column_1_1 1_1 fusion-flex-column\" style=\"--awb-bg-size:cover;--awb-width-large:100%;--awb-margin-top-large:0px;--awb-spacing-right-large:0px;--awb-margin-bottom-large:0px;--awb-spacing-left-large:0px;--awb-width-medium:100%;--awb-order-medium:0;--awb-spacing-right-medium:0px;--awb-spacing-left-medium:0px;--awb-width-small:100%;--awb-order-small:0;--awb-spacing-right-small:0px;--awb-spacing-left-small:0px;\"><div class=\"fusion-column-wrapper fusion-column-has-shadow fusion-flex-justify-content-flex-start fusion-content-layout-column\"><nav class=\"fusion-breadcrumbs awb-yoast-breadcrumbs fusion-breadcrumbs-1\" style=\"--awb-text-hover-color:var(--awb-color4);--awb-text-color:#ffffff;--awb-breadcrumb-sep:&#039;\/&#039;;\" aria-label=\"Breadcrumb\"><span><span><a href=\"https:\/\/checkpointsystems.com\/es\/\">Home<\/a><\/span><\/span><\/nav><div class=\"fusion-title title fusion-title-1 fusion-sep-none fusion-title-text fusion-title-size-one\" style=\"--awb-text-color:#ffffff;--awb-margin-top-small:0px;--awb-margin-bottom-small:20px;--awb-font-size:45px;\"><h1 class=\"fusion-title-heading title-heading-left fusion-responsive-typography-calculated\" style=\"font-family:&quot;JANO SANS PRO LIGHT&quot;;font-style:normal;font-weight:400;margin:0;letter-spacing:1px;font-size:1em;--fontSize:45;line-height:1.82;\">Otras Regiones de APAC<\/h1><\/div><\/div><\/div><\/div><\/div><div class=\"fusion-fullwidth fullwidth-box fusion-builder-row-2 fusion-flex-container has-pattern-background has-mask-background nonhundred-percent-fullwidth non-hundred-percent-height-scrolling\" style=\"--awb-border-radius-top-left:0px;--awb-border-radius-top-right:0px;--awb-border-radius-bottom-right:0px;--awb-border-radius-bottom-left:0px;--awb-flex-wrap:wrap;\" ><div class=\"fusion-builder-row fusion-row fusion-flex-align-items-flex-start fusion-flex-content-wrap\" style=\"max-width:calc( 1200px + 0px );margin-left: calc(-0px \/ 2 );margin-right: calc(-0px \/ 2 );\"><div class=\"fusion-layout-column fusion_builder_column fusion-builder-column-1 fusion_builder_column_1_1 1_1 fusion-flex-column\" style=\"--awb-bg-size:cover;--awb-width-large:100%;--awb-margin-top-large:0px;--awb-spacing-right-large:0px;--awb-margin-bottom-large:0px;--awb-spacing-left-large:0px;--awb-width-medium:100%;--awb-order-medium:0;--awb-spacing-right-medium:0px;--awb-spacing-left-medium:0px;--awb-width-small:100%;--awb-order-small:0;--awb-spacing-right-small:0px;--awb-spacing-left-small:0px;\"><div class=\"fusion-column-wrapper fusion-column-has-shadow fusion-flex-justify-content-flex-start fusion-content-layout-column\"><div class=\"fusion-text fusion-text-1\" style=\"--awb-margin-top:60px;\"><p>Checkpoint Systems cubre los principales pa\u00edses de la regi\u00f3n, ofreciendo productos y soluciones integradas, basadas en tecnolog\u00eda RF y RFID, de acuerdo a las necesidades de nuestros clientes.<\/p>\n<p>Nuestras oficinas centrales en APAC se encuentran en Shanghai (China) y Hong Kong, pero tambi\u00e9n tenemos oficinas en la mayor parte de la regi\u00f3n. En el siguiente mapa, puede consultar los otros pa\u00edses\/regiones de APAC donde tenemos oficinas adem\u00e1s de <a href=\"https:\/\/checkpointsystems.com\/au\/\">Australia\/Nueva Zelanda<\/a>, <a href=\"https:\/\/checkpointsystems.com\/cn\/\">China<\/a>, <a href=\"https:\/\/checkpointsystems.com\/jp\/\">Jap\u00f3n <\/a>y <a href=\"https:\/\/checkpointsystems.com\/kr\/\">Corea del Sur<\/a>:<\/p>\n<\/div><\/div><\/div><\/div><\/div><div class=\"fusion-fullwidth fullwidth-box fusion-builder-row-3 fusion-flex-container nonhundred-percent-fullwidth non-hundred-percent-height-scrolling\" style=\"--awb-border-radius-top-left:0px;--awb-border-radius-top-right:0px;--awb-border-radius-bottom-right:0px;--awb-border-radius-bottom-left:0px;--awb-min-height:100px;--awb-flex-wrap:wrap;\" ><div class=\"fusion-builder-row fusion-row fusion-flex-align-items-flex-start fusion-flex-content-wrap\" style=\"max-width:calc( 1200px + 0px );margin-left: calc(-0px \/ 2 );margin-right: calc(-0px \/ 2 );\"><div class=\"fusion-layout-column fusion_builder_column fusion-builder-column-2 fusion_builder_column_1_1 1_1 fusion-flex-column\" style=\"--awb-bg-size:cover;--awb-width-large:100%;--awb-margin-top-large:0px;--awb-spacing-right-large:0px;--awb-margin-bottom-large:0px;--awb-spacing-left-large:0px;--awb-width-medium:100%;--awb-order-medium:0;--awb-spacing-right-medium:0px;--awb-spacing-left-medium:0px;--awb-width-small:100%;--awb-order-small:0;--awb-spacing-right-small:0px;--awb-spacing-left-small:0px;\"><div class=\"fusion-column-wrapper fusion-column-has-shadow fusion-flex-justify-content-flex-start fusion-content-layout-column\"><div class=\"fusion-menu-anchor\" id=\"countries\"><\/div><div style='position: relative;width: auto;padding: 0 0 56.25%;height: 0;top: 0;left: 0;bottom: 0;right: 0;margin: 0;border: 0 none' id=\"experience-650c58caed287\" data-aspectRatio=\"1.77777778\"><iframe allowfullscreen src='https:\/\/view.ceros.com\/checkpoint-systems\/checkpoint-global-footprint-7-2' style='position: absolute;top: 0;left: 0;bottom: 0;right: 0;margin: 0;padding: 0;border: 0 none;height: 1px;width: 1px;min-height: 100%;min-width: 100%' frameborder='0' class='ceros-experience' title='Other APAC Region - Map' scrolling='no'><\/iframe><\/div><script type=\"text\/javascript\" src=\"https:\/\/view.ceros.com\/scroll-proxy.min.js\" data-ceros-origin-domains=\"view.ceros.com\"><\/script><\/div><\/div><\/div><\/div><div class=\"fusion-fullwidth fullwidth-box fusion-builder-row-4 fusion-flex-container nonhundred-percent-fullwidth non-hundred-percent-height-scrolling fusion-no-small-visibility\" style=\"--awb-border-radius-top-left:0px;--awb-border-radius-top-right:0px;--awb-border-radius-bottom-right:0px;--awb-border-radius-bottom-left:0px;--awb-padding-right:40px;--awb-padding-left:40px;--awb-margin-top:50px;--awb-margin-bottom:50px;--awb-flex-wrap:wrap;\" ><div class=\"fusion-builder-row fusion-row fusion-flex-align-items-flex-start fusion-flex-content-wrap\" style=\"max-width:calc( 1200px + 0px );margin-left: calc(-0px \/ 2 );margin-right: calc(-0px \/ 2 );\"><div class=\"fusion-layout-column fusion_builder_column fusion-builder-column-3 fusion_builder_column_1_1 1_1 fusion-flex-column\" style=\"--awb-bg-size:cover;--awb-width-large:100%;--awb-margin-top-large:0px;--awb-spacing-right-large:0px;--awb-margin-bottom-large:0px;--awb-spacing-left-large:0px;--awb-width-medium:100%;--awb-order-medium:0;--awb-spacing-right-medium:0px;--awb-spacing-left-medium:0px;--awb-width-small:100%;--awb-order-small:0;--awb-spacing-right-small:0px;--awb-spacing-left-small:0px;\"><div class=\"fusion-column-wrapper fusion-column-has-shadow fusion-flex-justify-content-flex-start fusion-content-layout-column\"><div class=\"fusion-text fusion-text-2\"><p>Nuestras oficinas est\u00e1n ubicadas estrat\u00e9gicamente para garantizar un servicio eficiente a nuestros clientes y socios en cada pa\u00eds\/regi\u00f3n en el que operamos.<\/p>\n<p>No dude en ponerse en contacto con nuestra oficina m\u00e1s cercana para obtener ayuda u orientaci\u00f3n:<\/p>\n<\/div><div style='position: relative;width: auto;padding: 0 0 70.31%;height: 0;top: 0;left: 0;bottom: 0;right: 0;margin: 0;border: 0 none' id=\"experience-650c4ecc9f194\" data-aspectRatio=\"1.42222222\"><iframe allowfullscreen src='https:\/\/view.ceros.com\/checkpoint-systems\/contact-details-tabs-1' style='position: absolute;top: 0;left: 0;bottom: 0;right: 0;margin: 0;padding: 0;border: 0 none;height: 1px;width: 1px;min-height: 100%;min-width: 100%' frameborder='0' class='ceros-experience' title='Other APAC Region - Contact' scrolling='no'><\/iframe><\/div><script type=\"text\/javascript\" src=\"https:\/\/view.ceros.com\/scroll-proxy.min.js\" data-ceros-origin-domains=\"view.ceros.com\"><\/script><div class=\"fusion-text fusion-text-3\"><p><b>\u00bfTiene alguna pregunta o necesita m\u00e1s informaci\u00f3n?<\/b> Puede contactar con nosotros a trav\u00e9s de nuestro <a href=\"https:\/\/checkpointsystems.com\/es\/contacto\/\">formulario de contacto<\/a>. Estamos aqu\u00ed para ayudarte.<\/p>\n<p>Nuestro compromiso de brindar un servicio de la m\u00e1s alta calidad a nuestros clientes se refleja en nuestra extensa red de oficinas en APAC. Estamos aqu\u00ed para ofrecerle soluciones efectivas y personalizadas que satisfagan sus necesidades.<\/p>\n<\/div><\/div><\/div><\/div><\/div><div class=\"fusion-fullwidth fullwidth-box fusion-builder-row-5 fusion-flex-container nonhundred-percent-fullwidth non-hundred-percent-height-scrolling fusion-no-small-visibility\" style=\"--awb-border-radius-top-left:0px;--awb-border-radius-top-right:0px;--awb-border-radius-bottom-right:0px;--awb-border-radius-bottom-left:0px;--awb-min-height:100px;--awb-flex-wrap:wrap;\" ><div class=\"fusion-builder-row fusion-row fusion-flex-align-items-flex-start fusion-flex-content-wrap\" style=\"max-width:calc( 1200px + 0px );margin-left: calc(-0px \/ 2 );margin-right: calc(-0px \/ 2 );\"><div class=\"fusion-layout-column fusion_builder_column fusion-builder-column-4 fusion_builder_column_1_1 1_1 fusion-flex-column\" style=\"--awb-bg-size:cover;--awb-width-large:100%;--awb-margin-top-large:0px;--awb-spacing-right-large:0px;--awb-margin-bottom-large:0px;--awb-spacing-left-large:0px;--awb-width-medium:100%;--awb-order-medium:0;--awb-spacing-right-medium:0px;--awb-spacing-left-medium:0px;--awb-width-small:100%;--awb-order-small:0;--awb-spacing-right-small:0px;--awb-spacing-left-small:0px;\"><div class=\"fusion-column-wrapper fusion-column-has-shadow fusion-flex-justify-content-flex-start fusion-content-layout-column\"><\/div><\/div><\/div><\/div><\/p>\n","protected":false},"excerpt":{"rendered":"","protected":false},"author":26,"featured_media":8052,"parent":1868,"menu_order":0,"comment_status":"closed","ping_status":"closed","template":"100-width.php","meta":{"_joinchat":[],"footnotes":""},"categories":[],"tags":[],"class_list":["post-8051","page","type-page","status-publish","has-post-thumbnail","hentry"],"yoast_head":"<!-- This site is optimized with the Yoast SEO plugin v27.3 - https:\/\/yoast.com\/product\/yoast-seo-wordpress\/ -->\n<title>Otras Regiones de APAC Contact | Checkpoint Systems<\/title>\n<meta name=\"description\" content=\"Descubra c\u00f3mo Checkpoint presta servicios a diversas regiones de APAC. Cont\u00e1ctenos para soluciones de tecnolog\u00eda RFID y RF en su ubicaci\u00f3n.\" \/>\n<meta name=\"robots\" content=\"index, follow, max-snippet:-1, max-image-preview:large, max-video-preview:-1\" \/>\n<link rel=\"canonical\" href=\"https:\/\/checkpointsystems.com\/es\/contacto\/otras-regiones-de-apac\/\" \/>\n<meta property=\"og:locale\" content=\"es_ES\" \/>\n<meta property=\"og:type\" content=\"article\" \/>\n<meta property=\"og:title\" content=\"Otras Regiones de APAC Contact | Checkpoint Systems\" \/>\n<meta property=\"og:description\" content=\"Descubra c\u00f3mo Checkpoint presta servicios a diversas regiones de APAC. Cont\u00e1ctenos para soluciones de tecnolog\u00eda RFID y RF en su ubicaci\u00f3n.\" \/>\n<meta property=\"og:url\" content=\"https:\/\/checkpointsystems.com\/es\/contacto\/otras-regiones-de-apac\/\" \/>\n<meta property=\"og:site_name\" content=\"Checkpoint Systems Espa\u00f1a\" \/>\n<meta property=\"article:modified_time\" content=\"2023-10-20T08:51:44+00:00\" \/>\n<meta property=\"og:image\" content=\"https:\/\/checkpointsystems.com\/es\/wp-content\/uploads\/sites\/26\/APAC_Offices_CKP-scaled.jpg\" \/>\n\t<meta property=\"og:image:width\" content=\"2560\" \/>\n\t<meta property=\"og:image:height\" content=\"1323\" \/>\n\t<meta property=\"og:image:type\" content=\"image\/jpeg\" \/>\n<meta name=\"twitter:card\" content=\"summary_large_image\" \/>\n<meta name=\"twitter:label1\" content=\"Tiempo de lectura\" \/>\n\t<meta name=\"twitter:data1\" content=\"4 minutos\" \/>\n<script type=\"application\/ld+json\" class=\"yoast-schema-graph\">{\"@context\":\"https:\\\/\\\/schema.org\",\"@graph\":[{\"@type\":[\"WebPage\",\"ContactPage\"],\"@id\":\"https:\\\/\\\/checkpointsystems.com\\\/es\\\/contacto\\\/otras-regiones-de-apac\\\/\",\"url\":\"https:\\\/\\\/checkpointsystems.com\\\/es\\\/contacto\\\/otras-regiones-de-apac\\\/\",\"name\":\"Otras Regiones de APAC Contact | Checkpoint Systems\",\"isPartOf\":{\"@id\":\"https:\\\/\\\/checkpointsystems.com\\\/es\\\/#website\"},\"primaryImageOfPage\":{\"@id\":\"https:\\\/\\\/checkpointsystems.com\\\/es\\\/contacto\\\/otras-regiones-de-apac\\\/#primaryimage\"},\"image\":{\"@id\":\"https:\\\/\\\/checkpointsystems.com\\\/es\\\/contacto\\\/otras-regiones-de-apac\\\/#primaryimage\"},\"thumbnailUrl\":\"https:\\\/\\\/checkpointsystems.com\\\/es\\\/wp-content\\\/uploads\\\/sites\\\/26\\\/APAC_Offices_CKP-scaled.jpg\",\"datePublished\":\"2023-10-10T10:52:53+00:00\",\"dateModified\":\"2023-10-20T08:51:44+00:00\",\"description\":\"Descubra c\u00f3mo Checkpoint presta servicios a diversas regiones de APAC. Cont\u00e1ctenos para soluciones de tecnolog\u00eda RFID y RF en su ubicaci\u00f3n.\",\"breadcrumb\":{\"@id\":\"https:\\\/\\\/checkpointsystems.com\\\/es\\\/contacto\\\/otras-regiones-de-apac\\\/#breadcrumb\"},\"inLanguage\":\"es\",\"potentialAction\":[{\"@type\":\"ReadAction\",\"target\":[\"https:\\\/\\\/checkpointsystems.com\\\/es\\\/contacto\\\/otras-regiones-de-apac\\\/\"]}]},{\"@type\":\"ImageObject\",\"inLanguage\":\"es\",\"@id\":\"https:\\\/\\\/checkpointsystems.com\\\/es\\\/contacto\\\/otras-regiones-de-apac\\\/#primaryimage\",\"url\":\"https:\\\/\\\/checkpointsystems.com\\\/es\\\/wp-content\\\/uploads\\\/sites\\\/26\\\/APAC_Offices_CKP-scaled.jpg\",\"contentUrl\":\"https:\\\/\\\/checkpointsystems.com\\\/es\\\/wp-content\\\/uploads\\\/sites\\\/26\\\/APAC_Offices_CKP-scaled.jpg\",\"width\":2560,\"height\":1323},{\"@type\":\"BreadcrumbList\",\"@id\":\"https:\\\/\\\/checkpointsystems.com\\\/es\\\/contacto\\\/otras-regiones-de-apac\\\/#breadcrumb\",\"itemListElement\":[{\"@type\":\"ListItem\",\"position\":1,\"name\":\"Home\",\"item\":\"https:\\\/\\\/checkpointsystems.com\\\/es\\\/\"},{\"@type\":\"ListItem\",\"position\":2,\"name\":\"Contacto\",\"item\":\"https:\\\/\\\/checkpointsystems.com\\\/es\\\/contacto\\\/\"},{\"@type\":\"ListItem\",\"position\":3,\"name\":\"Otras Regiones de APAC\"}]},{\"@type\":\"WebSite\",\"@id\":\"https:\\\/\\\/checkpointsystems.com\\\/es\\\/#website\",\"url\":\"https:\\\/\\\/checkpointsystems.com\\\/es\\\/\",\"name\":\"Checkpoint Systems Espa\u00f1a\",\"description\":\"Proveedor de soluciones RFID, EAS y antihurto para cualquier industria\",\"potentialAction\":[{\"@type\":\"SearchAction\",\"target\":{\"@type\":\"EntryPoint\",\"urlTemplate\":\"https:\\\/\\\/checkpointsystems.com\\\/es\\\/?s={search_term_string}\"},\"query-input\":{\"@type\":\"PropertyValueSpecification\",\"valueRequired\":true,\"valueName\":\"search_term_string\"}}],\"inLanguage\":\"es\"}]}<\/script>\n<!-- \/ Yoast SEO plugin. -->","yoast_head_json":{"title":"Otras Regiones de APAC Contact | Checkpoint Systems","description":"Descubra c\u00f3mo Checkpoint presta servicios a diversas regiones de APAC. Cont\u00e1ctenos para soluciones de tecnolog\u00eda RFID y RF en su ubicaci\u00f3n.","robots":{"index":"index","follow":"follow","max-snippet":"max-snippet:-1","max-image-preview":"max-image-preview:large","max-video-preview":"max-video-preview:-1"},"canonical":"https:\/\/checkpointsystems.com\/es\/contacto\/otras-regiones-de-apac\/","og_locale":"es_ES","og_type":"article","og_title":"Otras Regiones de APAC Contact | Checkpoint Systems","og_description":"Descubra c\u00f3mo Checkpoint presta servicios a diversas regiones de APAC. Cont\u00e1ctenos para soluciones de tecnolog\u00eda RFID y RF en su ubicaci\u00f3n.","og_url":"https:\/\/checkpointsystems.com\/es\/contacto\/otras-regiones-de-apac\/","og_site_name":"Checkpoint Systems Espa\u00f1a","article_modified_time":"2023-10-20T08:51:44+00:00","og_image":[{"width":2560,"height":1323,"url":"https:\/\/checkpointsystems.com\/es\/wp-content\/uploads\/sites\/26\/APAC_Offices_CKP-scaled.jpg","type":"image\/jpeg"}],"twitter_card":"summary_large_image","twitter_misc":{"Tiempo de lectura":"4 minutos"},"schema":{"@context":"https:\/\/schema.org","@graph":[{"@type":["WebPage","ContactPage"],"@id":"https:\/\/checkpointsystems.com\/es\/contacto\/otras-regiones-de-apac\/","url":"https:\/\/checkpointsystems.com\/es\/contacto\/otras-regiones-de-apac\/","name":"Otras Regiones de APAC Contact | Checkpoint Systems","isPartOf":{"@id":"https:\/\/checkpointsystems.com\/es\/#website"},"primaryImageOfPage":{"@id":"https:\/\/checkpointsystems.com\/es\/contacto\/otras-regiones-de-apac\/#primaryimage"},"image":{"@id":"https:\/\/checkpointsystems.com\/es\/contacto\/otras-regiones-de-apac\/#primaryimage"},"thumbnailUrl":"https:\/\/checkpointsystems.com\/es\/wp-content\/uploads\/sites\/26\/APAC_Offices_CKP-scaled.jpg","datePublished":"2023-10-10T10:52:53+00:00","dateModified":"2023-10-20T08:51:44+00:00","description":"Descubra c\u00f3mo Checkpoint presta servicios a diversas regiones de APAC. Cont\u00e1ctenos para soluciones de tecnolog\u00eda RFID y RF en su ubicaci\u00f3n.","breadcrumb":{"@id":"https:\/\/checkpointsystems.com\/es\/contacto\/otras-regiones-de-apac\/#breadcrumb"},"inLanguage":"es","potentialAction":[{"@type":"ReadAction","target":["https:\/\/checkpointsystems.com\/es\/contacto\/otras-regiones-de-apac\/"]}]},{"@type":"ImageObject","inLanguage":"es","@id":"https:\/\/checkpointsystems.com\/es\/contacto\/otras-regiones-de-apac\/#primaryimage","url":"https:\/\/checkpointsystems.com\/es\/wp-content\/uploads\/sites\/26\/APAC_Offices_CKP-scaled.jpg","contentUrl":"https:\/\/checkpointsystems.com\/es\/wp-content\/uploads\/sites\/26\/APAC_Offices_CKP-scaled.jpg","width":2560,"height":1323},{"@type":"BreadcrumbList","@id":"https:\/\/checkpointsystems.com\/es\/contacto\/otras-regiones-de-apac\/#breadcrumb","itemListElement":[{"@type":"ListItem","position":1,"name":"Home","item":"https:\/\/checkpointsystems.com\/es\/"},{"@type":"ListItem","position":2,"name":"Contacto","item":"https:\/\/checkpointsystems.com\/es\/contacto\/"},{"@type":"ListItem","position":3,"name":"Otras Regiones de APAC"}]},{"@type":"WebSite","@id":"https:\/\/checkpointsystems.com\/es\/#website","url":"https:\/\/checkpointsystems.com\/es\/","name":"Checkpoint Systems Espa\u00f1a","description":"Proveedor de soluciones RFID, EAS y antihurto para cualquier industria","potentialAction":[{"@type":"SearchAction","target":{"@type":"EntryPoint","urlTemplate":"https:\/\/checkpointsystems.com\/es\/?s={search_term_string}"},"query-input":{"@type":"PropertyValueSpecification","valueRequired":true,"valueName":"search_term_string"}}],"inLanguage":"es"}]}},"_links":{"self":[{"href":"https:\/\/checkpointsystems.com\/es\/wp-json\/wp\/v2\/pages\/8051","targetHints":{"allow":["GET"]}}],"collection":[{"href":"https:\/\/checkpointsystems.com\/es\/wp-json\/wp\/v2\/pages"}],"about":[{"href":"https:\/\/checkpointsystems.com\/es\/wp-json\/wp\/v2\/types\/page"}],"author":[{"embeddable":true,"href":"https:\/\/checkpointsystems.com\/es\/wp-json\/wp\/v2\/users\/26"}],"replies":[{"embeddable":true,"href":"https:\/\/checkpointsystems.com\/es\/wp-json\/wp\/v2\/comments?post=8051"}],"version-history":[{"count":0,"href":"https:\/\/checkpointsystems.com\/es\/wp-json\/wp\/v2\/pages\/8051\/revisions"}],"up":[{"embeddable":true,"href":"https:\/\/checkpointsystems.com\/es\/wp-json\/wp\/v2\/pages\/1868"}],"wp:featuredmedia":[{"embeddable":true,"href":"https:\/\/checkpointsystems.com\/es\/wp-json\/wp\/v2\/media\/8052"}],"wp:attachment":[{"href":"https:\/\/checkpointsystems.com\/es\/wp-json\/wp\/v2\/media?parent=8051"}],"wp:term":[{"taxonomy":"category","embeddable":true,"href":"https:\/\/checkpointsystems.com\/es\/wp-json\/wp\/v2\/categories?post=8051"},{"taxonomy":"post_tag","embeddable":true,"href":"https:\/\/checkpointsystems.com\/es\/wp-json\/wp\/v2\/tags?post=8051"}],"curies":[{"name":"wp","href":"https:\/\/api.w.org\/{rel}","templated":true}]}}