{"id":3,"date":"2022-01-19T11:40:23","date_gmt":"2022-01-19T11:40:23","guid":{"rendered":"https:\/\/checkpointsstg.wpengine.com\/es\/?page_id=3"},"modified":"2026-02-17T12:25:52","modified_gmt":"2026-02-17T11:25:52","slug":"privacy-policy","status":"publish","type":"page","link":"https:\/\/checkpointsystems.com\/es\/privacy-policy\/","title":{"rendered":"Pol\u00edtica de privacidad"},"content":{"rendered":"<p><div class=\"fusion-fullwidth fullwidth-box fusion-builder-row-1 fusion-flex-container nonhundred-percent-fullwidth non-hundred-percent-height-scrolling\" style=\"--awb-border-radius-top-left:0px;--awb-border-radius-top-right:0px;--awb-border-radius-bottom-right:0px;--awb-border-radius-bottom-left:0px;--awb-padding-left:0px;--awb-min-height:350px;--awb-flex-wrap:wrap;\" ><div class=\"fusion-builder-row fusion-row fusion-flex-align-items-flex-start fusion-flex-content-wrap\" style=\"max-width:calc( 1200px + 0px );margin-left: calc(-0px \/ 2 );margin-right: calc(-0px \/ 2 );\"><div class=\"fusion-layout-column fusion_builder_column fusion-builder-column-0 fusion_builder_column_1_1 1_1 fusion-flex-column fusion-flex-align-self-flex-end\" style=\"--awb-padding-bottom:40px;--awb-bg-size:cover;--awb-width-large:100%;--awb-margin-top-large:0px;--awb-spacing-right-large:0px;--awb-margin-bottom-large:0px;--awb-spacing-left-large:0px;--awb-width-medium:100%;--awb-order-medium:0;--awb-spacing-right-medium:0px;--awb-spacing-left-medium:0px;--awb-width-small:100%;--awb-order-small:0;--awb-spacing-right-small:0px;--awb-spacing-left-small:0px;\"><div class=\"fusion-column-wrapper fusion-column-has-shadow fusion-flex-justify-content-flex-start fusion-content-layout-column\"><div class=\"fusion-title title fusion-title-1 fusion-sep-none fusion-title-text fusion-title-size-one\" style=\"--awb-text-color:var(--awb-color1);--awb-margin-top-small:0px;--awb-margin-bottom-small:20px;--awb-font-size:40px;\"><h1 class=\"fusion-title-heading title-heading-left fusion-responsive-typography-calculated\" style=\"font-family:&quot;Noto Sans&quot;;font-style:normal;font-weight:400;margin:0;font-size:1em;--fontSize:40;line-height:2.05;\">Pol\u00edtica de privacidad<\/h1><\/div><nav class=\"fusion-breadcrumbs awb-yoast-breadcrumbs fusion-breadcrumbs-1\" style=\"--awb-font-size:10;--awb-text-hover-color:var(--awb-color4);--awb-text-color:var(--awb-color3);--awb-breadcrumb-sep:&#039;\/&#039;;\" aria-label=\"Breadcrumb\"><span><span><a href=\"https:\/\/checkpointsystems.com\/es\/\">Home<\/a><\/span><\/span><\/nav><\/div><\/div><\/div><\/div><div class=\"fusion-fullwidth fullwidth-box fusion-builder-row-2 fusion-flex-container nonhundred-percent-fullwidth non-hundred-percent-height-scrolling\" style=\"--awb-border-radius-top-left:0px;--awb-border-radius-top-right:0px;--awb-border-radius-bottom-right:0px;--awb-border-radius-bottom-left:0px;--awb-margin-top:80px;--awb-margin-bottom:80px;--awb-flex-wrap:wrap;\" ><div class=\"fusion-builder-row fusion-row fusion-flex-align-items-flex-start fusion-flex-content-wrap\" style=\"max-width:calc( 1200px + 0px );margin-left: calc(-0px \/ 2 );margin-right: calc(-0px \/ 2 );\"><div class=\"fusion-layout-column fusion_builder_column fusion-builder-column-1 fusion_builder_column_1_1 1_1 fusion-flex-column\" style=\"--awb-bg-size:cover;--awb-width-large:100%;--awb-margin-top-large:0px;--awb-spacing-right-large:0px;--awb-margin-bottom-large:0px;--awb-spacing-left-large:0px;--awb-width-medium:100%;--awb-order-medium:0;--awb-spacing-right-medium:0px;--awb-spacing-left-medium:0px;--awb-width-small:100%;--awb-order-small:0;--awb-spacing-right-small:0px;--awb-spacing-left-small:0px;\"><div class=\"fusion-column-wrapper fusion-column-has-shadow fusion-flex-justify-content-flex-start fusion-content-layout-column\"><div class=\"fusion-text fusion-text-1\"><p><strong>Responsable del tratamiento<br \/>\n<\/strong><\/p>\n<table width=\"547\">\n<tbody>\n<tr>\n<td width=\"225\">Identidad:<\/td>\n<td width=\"322\">Checkpoint Systems Espa\u00f1a S.L.<\/td>\n<\/tr>\n<tr>\n<td width=\"225\">CIF:<\/td>\n<td width=\"322\">B80273071<\/td>\n<\/tr>\n<tr>\n<td width=\"225\">Direcci\u00f3n postal:<\/td>\n<td width=\"322\">Calle Ori\u00f3 1, 08228 Terrassa, Barcelona<\/td>\n<\/tr>\n<tr>\n<td width=\"225\">Correo electr\u00f3nico:<\/td>\n<td width=\"322\">gdpr.es@checkpt.com<\/td>\n<\/tr>\n<\/tbody>\n<\/table>\n<p><strong>Finalidad del tratamiento<\/strong><\/p>\n<p>En funci\u00f3n de lo que nos haya solicitado, los datos personales proporcionados ser\u00e1n tratados con las siguientes finalidades:<\/p>\n<ul>\n<li>(i) En caso de haber rellenado uno de nuestros formularios de contacto, trataremos sus datos para atender su solicitud.<\/li>\n<li>(ii) En caso de habernos dado su consentimiento expreso, sus datos tambi\u00e9n podr\u00e1n ser tratados para enviarle informaci\u00f3n comercial por v\u00eda electr\u00f3nica o no electr\u00f3nica, relacionada con los productos y servicios de Checkpoint.<\/li>\n<li>(iii) En caso de haberse registrado en nuestro portal CheckNET para realizar compras con nosotros, recopilaremos su informaci\u00f3n de contacto (nombre, n\u00famero de tel\u00e9fono y direcci\u00f3n de correo electr\u00f3nico) para entregarle productos y servicios y para crear y mantener su cuenta.<\/li>\n<li>(iv) En caso de haber solicitado un trabajo con nosotros, vamos a procesar su informaci\u00f3n para evaluar si usted es un candidato calificado para un puesto vacante como parte de su solicitud para una oferta de trabajo.<\/li>\n<\/ul>\n<p>Los datos personales proporcionados se conservar\u00e1n mientras no se solicite su supresi\u00f3n por el interesado o durante el tiempo necesario para cumplir con las obligaciones legales.<\/p>\n<p><strong>Legitimaci\u00f3n del tratamiento<\/strong><\/p>\n<p>En caso de haber rellenado uno de nuestros formularios, la base legal para el tratamiento de los datos es la legitimaci\u00f3n por consentimiento del interesado.<\/p>\n<p>En caso de que haya solicitado una vacante con nosotros o se haya registrado en nuestro portal CheckNet, la base legal para el tratamiento de los datos es el inter\u00e9s leg\u00edtimo para cumplir con dichos prop\u00f3sitos.<\/p>\n<p><strong>Destinatarios de cesiones o transferencias<\/strong><\/p>\n<p>Checkpoint puede transferir datos personales a otros miembros de su grupo corporativo.\u00a0 En este caso:<\/p>\n<ol>\n<li>1. confiaremos en nuestros intereses leg\u00edtimos y\/o en los de nuestros miembros corporativos para hacerlo; y<\/li>\n<li>2. los miembros pertinentes le proporcionar\u00e1n informaci\u00f3n sobre c\u00f3mo utilizar\u00e1n sus datos.<\/li>\n<\/ol>\n<p>Aparte de esto, Checkpoint no transfiere los datos personales recopilados a terceros, ya sea dentro o fuera de la UE.<\/p>\n<p><strong>Derechos de las personas interesadas<\/strong><\/p>\n<p>Cualquier persona tiene derecho a obtener confirmaci\u00f3n sobre si en Checkpoint se tratan datos personales que le conciernan, o no.<\/p>\n<p>Por otro lado, cualquier interesado podr\u00e1 solicitar el ejercicio de los siguientes derechos ante Checkpoint enviando un escrito a la direcci\u00f3n electr\u00f3nica o postal indicadas en el encabezamiento:<\/p>\n<ul>\n<li style=\"list-style-type: disc;\"><strong>Derecho de acceso:<\/strong> permite al interesado conocer y obtener informaci\u00f3n sobre sus datos de car\u00e1cter personal sometidos a tratamiento.<\/li>\n<li style=\"list-style-type: disc;\"><strong>Derecho de rectificaci\u00f3n o supresi\u00f3n<\/strong><strong>:<\/strong> permite corregir errores, modificar los datos que resulten ser inexactos o incompletos y garantizar la certeza de la informaci\u00f3n objeto del tratamiento.<\/li>\n<li style=\"list-style-type: disc;\"><strong>Derecho de cancelaci\u00f3n<\/strong><strong>:<\/strong> permite que se supriman los datos que resulten ser inadecuados o excesivos.<\/li>\n<li style=\"list-style-type: disc;\"><strong>Derecho de oposici\u00f3n<\/strong><strong>:<\/strong> derecho del interesado a que no se lleve a cabo el tratamiento de sus datos de car\u00e1cter personal o se cese en el mismo.<\/li>\n<li style=\"list-style-type: disc;\"><strong>Limitaci\u00f3n del tratamiento:<\/strong> conlleva el marcado de los datos personales conservados, con la finalidad de limitar su futuro tratamiento.<\/li>\n<li style=\"list-style-type: disc;\"><strong>Portabilidad de los datos:<\/strong> facilitaci\u00f3n de los datos objeto de tratamiento al interesado, a fin de que \u00e9ste pueda transmitirlos a otro responsable, sin impedimentos.<\/li>\n<li style=\"list-style-type: disc;\"><strong>Derecho a no ser objeto de decisiones individuales automatizadas<\/strong> <strong>(incluida la elaboraci\u00f3n de perfiles): <\/strong>derecho a no ser objeto de una decisi\u00f3n basada en el tratamiento automatizado que produzca efectos o afecte significativamente.<\/li>\n<\/ul>\n<p>El interesado puede, en cualquier momento, revocar el consentimiento previamente otorgado para usar sus datos. En el caso de que revoque el consentimiento para almacenar y procesas sus datos, Checkpoint no podr\u00e1 proporcionarle determinados servicios.<\/p>\n<p>En caso de desatenci\u00f3n de alguno de los citados derechos el interesado podr\u00e1 interponer la correspondiente reclamaci\u00f3n de tutela ante la Agencia Espa\u00f1ola de Protecci\u00f3n de Datos.<\/p>\n<p><strong>Microsoft Clarity<\/strong><\/p>\n<div class=\"ewa-rteLine\">Nos asociamos con Microsoft Clarity y Microsoft Advertising para capturar c\u00f3mo usas e interact\u00faas con nuestro sitio web a trav\u00e9s de m\u00e9tricas de comportamiento, mapas de calor y reproducci\u00f3n de sesiones, con el fin de mejorar y comercializar nuestros productos\/servicios. Los datos de uso del sitio web se capturan mediante cookies de primera y tercera parte y otras tecnolog\u00edas de seguimiento para determinar la popularidad de productos\/servicios y la actividad en l\u00ednea. Adem\u00e1s, usamos esta informaci\u00f3n para la optimizaci\u00f3n del sitio, la prevenci\u00f3n de fraudes\/seguridad y la publicidad. Para m\u00e1s informaci\u00f3n sobre c\u00f3mo Microsoft recoge y usa tus datos, visita la Declaraci\u00f3n de Privacidad de Microsoft.<\/div>\n<div class=\"ewa-rteLine\"><\/div>\n<\/div><\/div><\/div><\/div><\/div><\/p>\n","protected":false},"excerpt":{"rendered":"","protected":false},"author":52,"featured_media":0,"parent":0,"menu_order":80,"comment_status":"closed","ping_status":"closed","template":"","meta":{"_joinchat":[],"footnotes":""},"categories":[],"tags":[],"class_list":["post-3","page","type-page","status-publish","hentry"],"yoast_head":"<!-- This site is optimized with the Yoast SEO plugin v27.3 - https:\/\/yoast.com\/product\/yoast-seo-wordpress\/ -->\n<title>Pol\u00edtica de privacidad - Checkpoint Systems Espa\u00f1a<\/title>\n<meta name=\"robots\" content=\"index, follow, max-snippet:-1, max-image-preview:large, max-video-preview:-1\" \/>\n<link rel=\"canonical\" href=\"https:\/\/checkpointsystems.com\/es\/privacy-policy\/\" \/>\n<meta property=\"og:locale\" content=\"es_ES\" \/>\n<meta property=\"og:type\" content=\"article\" \/>\n<meta property=\"og:title\" content=\"Pol\u00edtica de privacidad - Checkpoint Systems Espa\u00f1a\" \/>\n<meta property=\"og:url\" content=\"https:\/\/checkpointsystems.com\/es\/privacy-policy\/\" \/>\n<meta property=\"og:site_name\" content=\"Checkpoint Systems Espa\u00f1a\" \/>\n<meta property=\"article:modified_time\" content=\"2026-02-17T11:25:52+00:00\" \/>\n<meta name=\"twitter:card\" content=\"summary_large_image\" \/>\n<script type=\"application\/ld+json\" class=\"yoast-schema-graph\">{\"@context\":\"https:\\\/\\\/schema.org\",\"@graph\":[{\"@type\":\"WebPage\",\"@id\":\"https:\\\/\\\/checkpointsystems.com\\\/es\\\/privacy-policy\\\/\",\"url\":\"https:\\\/\\\/checkpointsystems.com\\\/es\\\/privacy-policy\\\/\",\"name\":\"Pol\u00edtica de privacidad - Checkpoint Systems Espa\u00f1a\",\"isPartOf\":{\"@id\":\"https:\\\/\\\/checkpointsystems.com\\\/es\\\/#website\"},\"datePublished\":\"2022-01-19T11:40:23+00:00\",\"dateModified\":\"2026-02-17T11:25:52+00:00\",\"breadcrumb\":{\"@id\":\"https:\\\/\\\/checkpointsystems.com\\\/es\\\/privacy-policy\\\/#breadcrumb\"},\"inLanguage\":\"es\",\"potentialAction\":[{\"@type\":\"ReadAction\",\"target\":[\"https:\\\/\\\/checkpointsystems.com\\\/es\\\/privacy-policy\\\/\"]}]},{\"@type\":\"BreadcrumbList\",\"@id\":\"https:\\\/\\\/checkpointsystems.com\\\/es\\\/privacy-policy\\\/#breadcrumb\",\"itemListElement\":[{\"@type\":\"ListItem\",\"position\":1,\"name\":\"Home\",\"item\":\"https:\\\/\\\/checkpointsystems.com\\\/es\\\/\"},{\"@type\":\"ListItem\",\"position\":2,\"name\":\"Pol\u00edtica de privacidad\"}]},{\"@type\":\"WebSite\",\"@id\":\"https:\\\/\\\/checkpointsystems.com\\\/es\\\/#website\",\"url\":\"https:\\\/\\\/checkpointsystems.com\\\/es\\\/\",\"name\":\"Checkpoint Systems Espa\u00f1a\",\"description\":\"Proveedor de soluciones RFID, EAS y antihurto para cualquier industria\",\"potentialAction\":[{\"@type\":\"SearchAction\",\"target\":{\"@type\":\"EntryPoint\",\"urlTemplate\":\"https:\\\/\\\/checkpointsystems.com\\\/es\\\/?s={search_term_string}\"},\"query-input\":{\"@type\":\"PropertyValueSpecification\",\"valueRequired\":true,\"valueName\":\"search_term_string\"}}],\"inLanguage\":\"es\"}]}<\/script>\n<!-- \/ Yoast SEO plugin. -->","yoast_head_json":{"title":"Pol\u00edtica de privacidad - Checkpoint Systems Espa\u00f1a","robots":{"index":"index","follow":"follow","max-snippet":"max-snippet:-1","max-image-preview":"max-image-preview:large","max-video-preview":"max-video-preview:-1"},"canonical":"https:\/\/checkpointsystems.com\/es\/privacy-policy\/","og_locale":"es_ES","og_type":"article","og_title":"Pol\u00edtica de privacidad - Checkpoint Systems Espa\u00f1a","og_url":"https:\/\/checkpointsystems.com\/es\/privacy-policy\/","og_site_name":"Checkpoint Systems Espa\u00f1a","article_modified_time":"2026-02-17T11:25:52+00:00","twitter_card":"summary_large_image","schema":{"@context":"https:\/\/schema.org","@graph":[{"@type":"WebPage","@id":"https:\/\/checkpointsystems.com\/es\/privacy-policy\/","url":"https:\/\/checkpointsystems.com\/es\/privacy-policy\/","name":"Pol\u00edtica de privacidad - Checkpoint Systems Espa\u00f1a","isPartOf":{"@id":"https:\/\/checkpointsystems.com\/es\/#website"},"datePublished":"2022-01-19T11:40:23+00:00","dateModified":"2026-02-17T11:25:52+00:00","breadcrumb":{"@id":"https:\/\/checkpointsystems.com\/es\/privacy-policy\/#breadcrumb"},"inLanguage":"es","potentialAction":[{"@type":"ReadAction","target":["https:\/\/checkpointsystems.com\/es\/privacy-policy\/"]}]},{"@type":"BreadcrumbList","@id":"https:\/\/checkpointsystems.com\/es\/privacy-policy\/#breadcrumb","itemListElement":[{"@type":"ListItem","position":1,"name":"Home","item":"https:\/\/checkpointsystems.com\/es\/"},{"@type":"ListItem","position":2,"name":"Pol\u00edtica de privacidad"}]},{"@type":"WebSite","@id":"https:\/\/checkpointsystems.com\/es\/#website","url":"https:\/\/checkpointsystems.com\/es\/","name":"Checkpoint Systems Espa\u00f1a","description":"Proveedor de soluciones RFID, EAS y antihurto para cualquier industria","potentialAction":[{"@type":"SearchAction","target":{"@type":"EntryPoint","urlTemplate":"https:\/\/checkpointsystems.com\/es\/?s={search_term_string}"},"query-input":{"@type":"PropertyValueSpecification","valueRequired":true,"valueName":"search_term_string"}}],"inLanguage":"es"}]}},"_links":{"self":[{"href":"https:\/\/checkpointsystems.com\/es\/wp-json\/wp\/v2\/pages\/3","targetHints":{"allow":["GET"]}}],"collection":[{"href":"https:\/\/checkpointsystems.com\/es\/wp-json\/wp\/v2\/pages"}],"about":[{"href":"https:\/\/checkpointsystems.com\/es\/wp-json\/wp\/v2\/types\/page"}],"author":[{"embeddable":true,"href":"https:\/\/checkpointsystems.com\/es\/wp-json\/wp\/v2\/users\/52"}],"replies":[{"embeddable":true,"href":"https:\/\/checkpointsystems.com\/es\/wp-json\/wp\/v2\/comments?post=3"}],"version-history":[{"count":0,"href":"https:\/\/checkpointsystems.com\/es\/wp-json\/wp\/v2\/pages\/3\/revisions"}],"wp:attachment":[{"href":"https:\/\/checkpointsystems.com\/es\/wp-json\/wp\/v2\/media?parent=3"}],"wp:term":[{"taxonomy":"category","embeddable":true,"href":"https:\/\/checkpointsystems.com\/es\/wp-json\/wp\/v2\/categories?post=3"},{"taxonomy":"post_tag","embeddable":true,"href":"https:\/\/checkpointsystems.com\/es\/wp-json\/wp\/v2\/tags?post=3"}],"curies":[{"name":"wp","href":"https:\/\/api.w.org\/{rel}","templated":true}]}}