{"id":7590,"date":"2023-10-10T12:52:53","date_gmt":"2023-10-10T10:52:53","guid":{"rendered":"https:\/\/checkpointsystems.com\/de\/?page_id=7590"},"modified":"2025-12-19T18:00:08","modified_gmt":"2025-12-19T17:00:08","slug":"other-apac-regions","status":"publish","type":"page","link":"https:\/\/checkpointsystems.com\/de\/kontakt\/other-apac-regions\/","title":{"rendered":"Weitere Regionen in APAC"},"content":{"rendered":"<p><div class=\"fusion-fullwidth fullwidth-box fusion-builder-row-1 fusion-flex-container fusion-parallax-none nonhundred-percent-fullwidth non-hundred-percent-height-scrolling lazyload\" style=\"--awb-background-position:center top;--awb-background-blend-mode:multiply;--awb-border-radius-top-left:0px;--awb-border-radius-top-right:0px;--awb-border-radius-bottom-right:0px;--awb-border-radius-bottom-left:0px;--awb-padding-bottom:40px;--awb-padding-right-small:2%;--awb-padding-left-small:2%;--awb-min-height:600px;--awb-background-color:rgba(44,57,71,0.49);--awb-background-size:cover;--awb-flex-wrap:wrap;\" data-bg=\"https:\/\/checkpointsystems.com\/wp-content\/uploads\/APAC_Offices_CKP-scaled.jpg\" ><div class=\"fusion-builder-row fusion-row fusion-flex-align-items-flex-start fusion-flex-align-content-flex-end fusion-flex-content-wrap\" style=\"max-width:calc( 1200px + 0px );margin-left: calc(-0px \/ 2 );margin-right: calc(-0px \/ 2 );\"><div class=\"fusion-layout-column fusion_builder_column fusion-builder-column-0 fusion_builder_column_1_1 1_1 fusion-flex-column\" style=\"--awb-bg-size:cover;--awb-width-large:100%;--awb-margin-top-large:0px;--awb-spacing-right-large:0px;--awb-margin-bottom-large:0px;--awb-spacing-left-large:0px;--awb-width-medium:100%;--awb-order-medium:0;--awb-spacing-right-medium:0px;--awb-spacing-left-medium:0px;--awb-width-small:100%;--awb-order-small:0;--awb-spacing-right-small:0px;--awb-spacing-left-small:0px;\"><div class=\"fusion-column-wrapper fusion-column-has-shadow fusion-flex-justify-content-flex-start fusion-content-layout-column\"><nav class=\"fusion-breadcrumbs awb-yoast-breadcrumbs fusion-breadcrumbs-1\" style=\"--awb-text-hover-color:var(--awb-color4);--awb-text-color:#ffffff;--awb-breadcrumb-sep:&#039;\/&#039;;\" aria-label=\"Breadcrumb\"><span><span><a href=\"https:\/\/checkpointsystems.com\/de\/\">Home<\/a><\/span><\/span><\/nav><div class=\"fusion-title title fusion-title-1 fusion-sep-none fusion-title-text fusion-title-size-one\" style=\"--awb-text-color:#ffffff;--awb-margin-top-small:0px;--awb-margin-bottom-small:20px;--awb-font-size:45px;\"><h1 class=\"fusion-title-heading title-heading-left fusion-responsive-typography-calculated\" style=\"font-family:&quot;JANO SANS PRO LIGHT&quot;;font-style:normal;font-weight:400;margin:0;letter-spacing:1px;font-size:1em;--fontSize:45;line-height:1.82;\">Weitere Regionen in APAC<\/h1><\/div><\/div><\/div><\/div><\/div><div class=\"fusion-fullwidth fullwidth-box fusion-builder-row-2 fusion-flex-container has-pattern-background has-mask-background nonhundred-percent-fullwidth non-hundred-percent-height-scrolling\" style=\"--awb-border-radius-top-left:0px;--awb-border-radius-top-right:0px;--awb-border-radius-bottom-right:0px;--awb-border-radius-bottom-left:0px;--awb-flex-wrap:wrap;\" ><div class=\"fusion-builder-row fusion-row fusion-flex-align-items-flex-start fusion-flex-content-wrap\" style=\"max-width:calc( 1200px + 0px );margin-left: calc(-0px \/ 2 );margin-right: calc(-0px \/ 2 );\"><div class=\"fusion-layout-column fusion_builder_column fusion-builder-column-1 fusion_builder_column_1_1 1_1 fusion-flex-column\" style=\"--awb-bg-size:cover;--awb-width-large:100%;--awb-margin-top-large:0px;--awb-spacing-right-large:0px;--awb-margin-bottom-large:0px;--awb-spacing-left-large:0px;--awb-width-medium:100%;--awb-order-medium:0;--awb-spacing-right-medium:0px;--awb-spacing-left-medium:0px;--awb-width-small:100%;--awb-order-small:0;--awb-spacing-right-small:0px;--awb-spacing-left-small:0px;\"><div class=\"fusion-column-wrapper fusion-column-has-shadow fusion-flex-justify-content-flex-start fusion-content-layout-column\"><div class=\"fusion-text fusion-text-1\" style=\"--awb-margin-top:60px;\"><p>Checkpoint Systems deckt die wichtigsten L\u00e4nder in der Region ab und bietet integrierte Produkte und L\u00f6sungen basierend auf RFID- und RF-Technologie, entsprechend den Bed\u00fcrfnissen unserer Kunden.<\/p>\n<p><span style=\"color: var(--awb-text-color); font-family: var(--awb-text-font-family); font-size: var(--awb-font-size); font-style: var(--awb-text-font-style); font-weight: var(--awb-text-font-weight); letter-spacing: var(--awb-letter-spacing); text-align: var(--awb-content-alignment); text-transform: var(--awb-text-transform); background-color: var(--awb-bg-color-hover);\">Unsere Hauptquartiere in APAC befinden sich in Shanghai (China) und Hongkong, aber wir haben auch B\u00fcros in den meisten L\u00e4ndern der Region. Auf der untenstehenden Karte k\u00f6nnen Sie die anderen APAC L\u00e4nder\/Regionen einsehen, in denen wir B\u00fcros haben, zus\u00e4tzlich zu<\/span> <span style=\"font-family: var(--awb-text-font-family);\"><span style=\"font-style: var(--awb-text-font-style); font-weight: var(--awb-text-font-weight); letter-spacing: var(--awb-letter-spacing); text-align: var(--awb-content-alignment); text-transform: var(--awb-text-transform);\"><a href=\"https:\/\/checkpointsystems.com\/au\/\">Australien\/Neuseeland<\/a><\/span><\/span><span style=\"color: var(--awb-text-color); font-family: var(--awb-text-font-family); font-size: var(--awb-font-size); font-style: var(--awb-text-font-style); font-weight: var(--awb-text-font-weight); letter-spacing: var(--awb-letter-spacing); text-align: var(--awb-content-alignment); text-transform: var(--awb-text-transform); background-color: var(--awb-bg-color-hover);\">, <\/span><a style=\"font-family: var(--awb-text-font-family); font-size: var(--awb-font-size); font-style: var(--awb-text-font-style); font-weight: var(--awb-text-font-weight); letter-spacing: var(--awb-letter-spacing); text-align: var(--awb-content-alignment); text-transform: var(--awb-text-transform); background-color: var(--awb-bg-color-hover);\" href=\"https:\/\/checkpointsystems.com\/cn\/\">China,<\/a> <a style=\"font-family: var(--awb-text-font-family); font-size: var(--awb-font-size); font-style: var(--awb-text-font-style); font-weight: var(--awb-text-font-weight); letter-spacing: var(--awb-letter-spacing); text-align: var(--awb-content-alignment); text-transform: var(--awb-text-transform); background-color: var(--awb-bg-color-hover);\" href=\"https:\/\/checkpointsystems.com\/jp\/\">Japan<\/a><span style=\"color: var(--awb-text-color); font-family: var(--awb-text-font-family); font-size: var(--awb-font-size); font-style: var(--awb-text-font-style); font-weight: var(--awb-text-font-weight); letter-spacing: var(--awb-letter-spacing); text-align: var(--awb-content-alignment); text-transform: var(--awb-text-transform); background-color: var(--awb-bg-color-hover);\"> and <\/span><a style=\"font-family: var(--awb-text-font-family); font-size: var(--awb-font-size); font-style: var(--awb-text-font-style); font-weight: var(--awb-text-font-weight); letter-spacing: var(--awb-letter-spacing); text-align: var(--awb-content-alignment); text-transform: var(--awb-text-transform); background-color: var(--awb-bg-color-hover);\" href=\"https:\/\/checkpointsystems.com\/kr\/\">S\u00fcd Korea<\/a><span style=\"color: var(--awb-text-color); font-family: var(--awb-text-font-family); font-size: var(--awb-font-size); font-style: var(--awb-text-font-style); font-weight: var(--awb-text-font-weight); letter-spacing: var(--awb-letter-spacing); text-align: var(--awb-content-alignment); text-transform: var(--awb-text-transform); background-color: var(--awb-bg-color-hover);\">:<\/span><\/p>\n<\/div><\/div><\/div><\/div><\/div><div class=\"fusion-fullwidth fullwidth-box fusion-builder-row-3 fusion-flex-container nonhundred-percent-fullwidth non-hundred-percent-height-scrolling\" style=\"--awb-border-radius-top-left:0px;--awb-border-radius-top-right:0px;--awb-border-radius-bottom-right:0px;--awb-border-radius-bottom-left:0px;--awb-min-height:100px;--awb-flex-wrap:wrap;\" ><div class=\"fusion-builder-row fusion-row fusion-flex-align-items-flex-start fusion-flex-content-wrap\" style=\"max-width:calc( 1200px + 0px );margin-left: calc(-0px \/ 2 );margin-right: calc(-0px \/ 2 );\"><div class=\"fusion-layout-column fusion_builder_column fusion-builder-column-2 fusion_builder_column_1_1 1_1 fusion-flex-column\" style=\"--awb-bg-size:cover;--awb-width-large:100%;--awb-margin-top-large:0px;--awb-spacing-right-large:0px;--awb-margin-bottom-large:0px;--awb-spacing-left-large:0px;--awb-width-medium:100%;--awb-order-medium:0;--awb-spacing-right-medium:0px;--awb-spacing-left-medium:0px;--awb-width-small:100%;--awb-order-small:0;--awb-spacing-right-small:0px;--awb-spacing-left-small:0px;\"><div class=\"fusion-column-wrapper fusion-column-has-shadow fusion-flex-justify-content-flex-start fusion-content-layout-column\"><div class=\"fusion-menu-anchor\" id=\"countries\"><\/div><div style='position: relative;width: auto;padding: 0 0 56.25%;height: 0;top: 0;left: 0;bottom: 0;right: 0;margin: 0;border: 0 none' id=\"experience-650c58caed287\" data-aspectRatio=\"1.77777778\"><iframe allowfullscreen src='https:\/\/view.ceros.com\/checkpoint-systems\/checkpoint-global-footprint-7-2' style='position: absolute;top: 0;left: 0;bottom: 0;right: 0;margin: 0;padding: 0;border: 0 none;height: 1px;width: 1px;min-height: 100%;min-width: 100%' frameborder='0' class='ceros-experience' title='Other APAC Region - Map' scrolling='no'><\/iframe><\/div><script type=\"text\/javascript\" src=\"https:\/\/view.ceros.com\/scroll-proxy.min.js\" data-ceros-origin-domains=\"view.ceros.com\"><\/script><\/div><\/div><\/div><\/div><div class=\"fusion-fullwidth fullwidth-box fusion-builder-row-4 fusion-flex-container nonhundred-percent-fullwidth non-hundred-percent-height-scrolling fusion-no-small-visibility\" style=\"--awb-border-radius-top-left:0px;--awb-border-radius-top-right:0px;--awb-border-radius-bottom-right:0px;--awb-border-radius-bottom-left:0px;--awb-padding-right:40px;--awb-padding-left:40px;--awb-margin-top:50px;--awb-margin-bottom:50px;--awb-flex-wrap:wrap;\" ><div class=\"fusion-builder-row fusion-row fusion-flex-align-items-flex-start fusion-flex-content-wrap\" style=\"max-width:calc( 1200px + 0px );margin-left: calc(-0px \/ 2 );margin-right: calc(-0px \/ 2 );\"><div class=\"fusion-layout-column fusion_builder_column fusion-builder-column-3 fusion_builder_column_1_1 1_1 fusion-flex-column\" style=\"--awb-bg-size:cover;--awb-width-large:100%;--awb-margin-top-large:0px;--awb-spacing-right-large:0px;--awb-margin-bottom-large:0px;--awb-spacing-left-large:0px;--awb-width-medium:100%;--awb-order-medium:0;--awb-spacing-right-medium:0px;--awb-spacing-left-medium:0px;--awb-width-small:100%;--awb-order-small:0;--awb-spacing-right-small:0px;--awb-spacing-left-small:0px;\"><div class=\"fusion-column-wrapper fusion-column-has-shadow fusion-flex-justify-content-flex-start fusion-content-layout-column\"><div class=\"fusion-text fusion-text-2\"><p>Unsere B\u00fcros sind strategisch platziert, um einen effizienten Service f\u00fcr unsere Kunden und Partner in jedem Land\/jeder Region, in der wir t\u00e4tig sind, zu gew\u00e4hrleisten.<\/p>\n<p><span style=\"color: var(--awb-text-color); font-family: var(--awb-text-font-family); font-size: var(--awb-font-size); font-style: var(--awb-text-font-style); font-weight: var(--awb-text-font-weight); letter-spacing: var(--awb-letter-spacing); text-align: var(--awb-content-alignment); text-transform: var(--awb-text-transform); background-color: var(--awb-bg-color-hover);\">Z\u00f6gern Sie bitte nicht, unser n\u00e4chstgelegenes B\u00fcro um Hilfe oder Rat zu fragen<\/span><span style=\"color: var(--awb-text-color); font-family: var(--awb-text-font-family); font-size: var(--awb-font-size); font-style: var(--awb-text-font-style); font-weight: var(--awb-text-font-weight); letter-spacing: var(--awb-letter-spacing); text-align: var(--awb-content-alignment); text-transform: var(--awb-text-transform); background-color: var(--awb-bg-color-hover);\">:<\/span><\/p>\n<\/div><div style='position: relative;width: auto;padding: 0 0 70.31%;height: 0;top: 0;left: 0;bottom: 0;right: 0;margin: 0;border: 0 none' id=\"experience-650c4ecc9f194\" data-aspectRatio=\"1.42222222\"><iframe allowfullscreen src='https:\/\/view.ceros.com\/checkpoint-systems\/contact-details-tabs-1' style='position: absolute;top: 0;left: 0;bottom: 0;right: 0;margin: 0;padding: 0;border: 0 none;height: 1px;width: 1px;min-height: 100%;min-width: 100%' frameborder='0' class='ceros-experience' title='Other APAC Region - Contact' scrolling='no'><\/iframe><\/div><script type=\"text\/javascript\" src=\"https:\/\/view.ceros.com\/scroll-proxy.min.js\" data-ceros-origin-domains=\"view.ceros.com\"><\/script><div class=\"fusion-text fusion-text-3\"><p><strong>Sie haben weitere Fragen oder ben\u00f6tigen noch Informationen?<\/strong> Nutzen Sie unser <a href=\"https:\/\/checkpointsystems.com\/de\/contact\/\">Kontaktformular<\/a>. Wir helfen Ihnen gerne.<\/p>\n<p>Unser Engagement, den h\u00f6chsten Qualit\u00e4tsstandard im Service f\u00fcr unsere Kunden zu bieten, zeigt sich in unserem weitreichenden Netzwerk an B\u00fcros in APAC. Wir sind hier, um Ihnen effektive und personalisierte L\u00f6sungen anzubieten, die Ihren Anforderungen entsprechen.<\/p>\n<\/div><\/div><\/div><\/div><\/div><div class=\"fusion-fullwidth fullwidth-box fusion-builder-row-5 fusion-flex-container nonhundred-percent-fullwidth non-hundred-percent-height-scrolling fusion-no-small-visibility\" style=\"--awb-border-radius-top-left:0px;--awb-border-radius-top-right:0px;--awb-border-radius-bottom-right:0px;--awb-border-radius-bottom-left:0px;--awb-min-height:100px;--awb-flex-wrap:wrap;\" ><div class=\"fusion-builder-row fusion-row fusion-flex-align-items-flex-start fusion-flex-content-wrap\" style=\"max-width:calc( 1200px + 0px );margin-left: calc(-0px \/ 2 );margin-right: calc(-0px \/ 2 );\"><div class=\"fusion-layout-column fusion_builder_column fusion-builder-column-4 fusion_builder_column_1_1 1_1 fusion-flex-column\" style=\"--awb-bg-size:cover;--awb-width-large:100%;--awb-margin-top-large:0px;--awb-spacing-right-large:0px;--awb-margin-bottom-large:0px;--awb-spacing-left-large:0px;--awb-width-medium:100%;--awb-order-medium:0;--awb-spacing-right-medium:0px;--awb-spacing-left-medium:0px;--awb-width-small:100%;--awb-order-small:0;--awb-spacing-right-small:0px;--awb-spacing-left-small:0px;\"><div class=\"fusion-column-wrapper fusion-column-has-shadow fusion-flex-justify-content-flex-start fusion-content-layout-column\"><\/div><\/div><\/div><\/div><\/p>\n","protected":false},"excerpt":{"rendered":"","protected":false},"author":26,"featured_media":7591,"parent":1868,"menu_order":34,"comment_status":"closed","ping_status":"closed","template":"100-width.php","meta":{"footnotes":""},"categories":[],"tags":[],"class_list":["post-7590","page","type-page","status-publish","has-post-thumbnail","hentry"],"yoast_head":"<!-- This site is optimized with the Yoast SEO plugin v27.3 - https:\/\/yoast.com\/product\/yoast-seo-wordpress\/ -->\n<title>Weitere Regionen in APAC Contact | Checkpoint Systems<\/title>\n<meta name=\"description\" content=\"Discover how Checkpoint Systems serves diverse APAC regions. Contact us for tailored RFID and RF technology solutions in your location.\" \/>\n<meta name=\"robots\" content=\"index, follow, max-snippet:-1, max-image-preview:large, max-video-preview:-1\" \/>\n<link rel=\"canonical\" href=\"https:\/\/checkpointsystems.com\/de\/kontakt\/other-apac-regions\/\" \/>\n<meta property=\"og:locale\" content=\"de_DE\" \/>\n<meta property=\"og:type\" content=\"article\" \/>\n<meta property=\"og:title\" content=\"Weitere Regionen in APAC Contact | Checkpoint Systems\" \/>\n<meta property=\"og:description\" content=\"Discover how Checkpoint Systems serves diverse APAC regions. Contact us for tailored RFID and RF technology solutions in your location.\" \/>\n<meta property=\"og:url\" content=\"https:\/\/checkpointsystems.com\/de\/kontakt\/other-apac-regions\/\" \/>\n<meta property=\"og:site_name\" content=\"Checkpoint Systems Deutschland\" \/>\n<meta property=\"article:publisher\" content=\"https:\/\/www.facebook.com\/CheckpointSystemsDE\" \/>\n<meta property=\"article:modified_time\" content=\"2025-12-19T17:00:08+00:00\" \/>\n<meta property=\"og:image\" content=\"https:\/\/checkpointsystems.com\/de\/wp-content\/uploads\/sites\/16\/APAC_Offices_CKP-scaled.jpg\" \/>\n\t<meta property=\"og:image:width\" content=\"2560\" \/>\n\t<meta property=\"og:image:height\" content=\"1323\" \/>\n\t<meta property=\"og:image:type\" content=\"image\/jpeg\" \/>\n<meta name=\"twitter:card\" content=\"summary_large_image\" \/>\n<meta name=\"twitter:label1\" content=\"Gesch\u00e4tzte Lesezeit\" \/>\n\t<meta name=\"twitter:data1\" content=\"2 Minuten\" \/>\n<script type=\"application\/ld+json\" class=\"yoast-schema-graph\">{\"@context\":\"https:\\\/\\\/schema.org\",\"@graph\":[{\"@type\":[\"WebPage\",\"ContactPage\"],\"@id\":\"https:\\\/\\\/checkpointsystems.com\\\/de\\\/kontakt\\\/other-apac-regions\\\/\",\"url\":\"https:\\\/\\\/checkpointsystems.com\\\/de\\\/kontakt\\\/other-apac-regions\\\/\",\"name\":\"Weitere Regionen in APAC Contact | Checkpoint Systems\",\"isPartOf\":{\"@id\":\"https:\\\/\\\/checkpointsystems.com\\\/de\\\/#website\"},\"primaryImageOfPage\":{\"@id\":\"https:\\\/\\\/checkpointsystems.com\\\/de\\\/kontakt\\\/other-apac-regions\\\/#primaryimage\"},\"image\":{\"@id\":\"https:\\\/\\\/checkpointsystems.com\\\/de\\\/kontakt\\\/other-apac-regions\\\/#primaryimage\"},\"thumbnailUrl\":\"https:\\\/\\\/checkpointsystems.com\\\/de\\\/wp-content\\\/uploads\\\/sites\\\/16\\\/APAC_Offices_CKP-scaled.jpg\",\"datePublished\":\"2023-10-10T10:52:53+00:00\",\"dateModified\":\"2025-12-19T17:00:08+00:00\",\"description\":\"Discover how Checkpoint Systems serves diverse APAC regions. Contact us for tailored RFID and RF technology solutions in your location.\",\"breadcrumb\":{\"@id\":\"https:\\\/\\\/checkpointsystems.com\\\/de\\\/kontakt\\\/other-apac-regions\\\/#breadcrumb\"},\"inLanguage\":\"de-DE\",\"potentialAction\":[{\"@type\":\"ReadAction\",\"target\":[\"https:\\\/\\\/checkpointsystems.com\\\/de\\\/kontakt\\\/other-apac-regions\\\/\"]}]},{\"@type\":\"ImageObject\",\"inLanguage\":\"de-DE\",\"@id\":\"https:\\\/\\\/checkpointsystems.com\\\/de\\\/kontakt\\\/other-apac-regions\\\/#primaryimage\",\"url\":\"https:\\\/\\\/checkpointsystems.com\\\/de\\\/wp-content\\\/uploads\\\/sites\\\/16\\\/APAC_Offices_CKP-scaled.jpg\",\"contentUrl\":\"https:\\\/\\\/checkpointsystems.com\\\/de\\\/wp-content\\\/uploads\\\/sites\\\/16\\\/APAC_Offices_CKP-scaled.jpg\",\"width\":2560,\"height\":1323},{\"@type\":\"BreadcrumbList\",\"@id\":\"https:\\\/\\\/checkpointsystems.com\\\/de\\\/kontakt\\\/other-apac-regions\\\/#breadcrumb\",\"itemListElement\":[{\"@type\":\"ListItem\",\"position\":1,\"name\":\"Home\",\"item\":\"https:\\\/\\\/checkpointsystems.com\\\/de\\\/\"},{\"@type\":\"ListItem\",\"position\":2,\"name\":\"Kontakt\",\"item\":\"https:\\\/\\\/checkpointsystems.com\\\/de\\\/kontakt\\\/\"},{\"@type\":\"ListItem\",\"position\":3,\"name\":\"Weitere Regionen in APAC\"}]},{\"@type\":\"WebSite\",\"@id\":\"https:\\\/\\\/checkpointsystems.com\\\/de\\\/#website\",\"url\":\"https:\\\/\\\/checkpointsystems.com\\\/de\\\/\",\"name\":\"Checkpoint Systems Deutschland\",\"description\":\"Wir bieten Einzelh\u00e4ndlern auf der ganzen Welt erstklassige Technologiel\u00f6sungen in den Bereichen RFID, RF, EAS und Diebstahlsicherung\",\"publisher\":{\"@id\":\"https:\\\/\\\/checkpointsystems.com\\\/de\\\/#organization\"},\"potentialAction\":[{\"@type\":\"SearchAction\",\"target\":{\"@type\":\"EntryPoint\",\"urlTemplate\":\"https:\\\/\\\/checkpointsystems.com\\\/de\\\/?s={search_term_string}\"},\"query-input\":{\"@type\":\"PropertyValueSpecification\",\"valueRequired\":true,\"valueName\":\"search_term_string\"}}],\"inLanguage\":\"de-DE\"},{\"@type\":\"Organization\",\"@id\":\"https:\\\/\\\/checkpointsystems.com\\\/de\\\/#organization\",\"name\":\"Checkpoint Systems GmbH\",\"alternateName\":\"Checkpoint Systems GmbH\",\"url\":\"https:\\\/\\\/checkpointsystems.com\\\/de\\\/\",\"logo\":{\"@type\":\"ImageObject\",\"inLanguage\":\"de-DE\",\"@id\":\"https:\\\/\\\/checkpointsystems.com\\\/de\\\/#\\\/schema\\\/logo\\\/image\\\/\",\"url\":\"https:\\\/\\\/checkpointsystems.com\\\/de\\\/wp-content\\\/uploads\\\/sites\\\/16\\\/favicon-site-icon.png\",\"contentUrl\":\"https:\\\/\\\/checkpointsystems.com\\\/de\\\/wp-content\\\/uploads\\\/sites\\\/16\\\/favicon-site-icon.png\",\"width\":512,\"height\":512,\"caption\":\"Checkpoint Systems GmbH\"},\"image\":{\"@id\":\"https:\\\/\\\/checkpointsystems.com\\\/de\\\/#\\\/schema\\\/logo\\\/image\\\/\"},\"sameAs\":[\"https:\\\/\\\/www.facebook.com\\\/CheckpointSystemsDE\",\"https:\\\/\\\/www.instagram.com\\\/checkpointsystems\"]}]}<\/script>\n<!-- \/ Yoast SEO plugin. -->","yoast_head_json":{"title":"Weitere Regionen in APAC Contact | Checkpoint Systems","description":"Discover how Checkpoint Systems serves diverse APAC regions. Contact us for tailored RFID and RF technology solutions in your location.","robots":{"index":"index","follow":"follow","max-snippet":"max-snippet:-1","max-image-preview":"max-image-preview:large","max-video-preview":"max-video-preview:-1"},"canonical":"https:\/\/checkpointsystems.com\/de\/kontakt\/other-apac-regions\/","og_locale":"de_DE","og_type":"article","og_title":"Weitere Regionen in APAC Contact | Checkpoint Systems","og_description":"Discover how Checkpoint Systems serves diverse APAC regions. Contact us for tailored RFID and RF technology solutions in your location.","og_url":"https:\/\/checkpointsystems.com\/de\/kontakt\/other-apac-regions\/","og_site_name":"Checkpoint Systems Deutschland","article_publisher":"https:\/\/www.facebook.com\/CheckpointSystemsDE","article_modified_time":"2025-12-19T17:00:08+00:00","og_image":[{"width":2560,"height":1323,"url":"https:\/\/checkpointsystems.com\/de\/wp-content\/uploads\/sites\/16\/APAC_Offices_CKP-scaled.jpg","type":"image\/jpeg"}],"twitter_card":"summary_large_image","twitter_misc":{"Gesch\u00e4tzte Lesezeit":"2 Minuten"},"schema":{"@context":"https:\/\/schema.org","@graph":[{"@type":["WebPage","ContactPage"],"@id":"https:\/\/checkpointsystems.com\/de\/kontakt\/other-apac-regions\/","url":"https:\/\/checkpointsystems.com\/de\/kontakt\/other-apac-regions\/","name":"Weitere Regionen in APAC Contact | Checkpoint Systems","isPartOf":{"@id":"https:\/\/checkpointsystems.com\/de\/#website"},"primaryImageOfPage":{"@id":"https:\/\/checkpointsystems.com\/de\/kontakt\/other-apac-regions\/#primaryimage"},"image":{"@id":"https:\/\/checkpointsystems.com\/de\/kontakt\/other-apac-regions\/#primaryimage"},"thumbnailUrl":"https:\/\/checkpointsystems.com\/de\/wp-content\/uploads\/sites\/16\/APAC_Offices_CKP-scaled.jpg","datePublished":"2023-10-10T10:52:53+00:00","dateModified":"2025-12-19T17:00:08+00:00","description":"Discover how Checkpoint Systems serves diverse APAC regions. Contact us for tailored RFID and RF technology solutions in your location.","breadcrumb":{"@id":"https:\/\/checkpointsystems.com\/de\/kontakt\/other-apac-regions\/#breadcrumb"},"inLanguage":"de-DE","potentialAction":[{"@type":"ReadAction","target":["https:\/\/checkpointsystems.com\/de\/kontakt\/other-apac-regions\/"]}]},{"@type":"ImageObject","inLanguage":"de-DE","@id":"https:\/\/checkpointsystems.com\/de\/kontakt\/other-apac-regions\/#primaryimage","url":"https:\/\/checkpointsystems.com\/de\/wp-content\/uploads\/sites\/16\/APAC_Offices_CKP-scaled.jpg","contentUrl":"https:\/\/checkpointsystems.com\/de\/wp-content\/uploads\/sites\/16\/APAC_Offices_CKP-scaled.jpg","width":2560,"height":1323},{"@type":"BreadcrumbList","@id":"https:\/\/checkpointsystems.com\/de\/kontakt\/other-apac-regions\/#breadcrumb","itemListElement":[{"@type":"ListItem","position":1,"name":"Home","item":"https:\/\/checkpointsystems.com\/de\/"},{"@type":"ListItem","position":2,"name":"Kontakt","item":"https:\/\/checkpointsystems.com\/de\/kontakt\/"},{"@type":"ListItem","position":3,"name":"Weitere Regionen in APAC"}]},{"@type":"WebSite","@id":"https:\/\/checkpointsystems.com\/de\/#website","url":"https:\/\/checkpointsystems.com\/de\/","name":"Checkpoint Systems Deutschland","description":"Wir bieten Einzelh\u00e4ndlern auf der ganzen Welt erstklassige Technologiel\u00f6sungen in den Bereichen RFID, RF, EAS und Diebstahlsicherung","publisher":{"@id":"https:\/\/checkpointsystems.com\/de\/#organization"},"potentialAction":[{"@type":"SearchAction","target":{"@type":"EntryPoint","urlTemplate":"https:\/\/checkpointsystems.com\/de\/?s={search_term_string}"},"query-input":{"@type":"PropertyValueSpecification","valueRequired":true,"valueName":"search_term_string"}}],"inLanguage":"de-DE"},{"@type":"Organization","@id":"https:\/\/checkpointsystems.com\/de\/#organization","name":"Checkpoint Systems GmbH","alternateName":"Checkpoint Systems GmbH","url":"https:\/\/checkpointsystems.com\/de\/","logo":{"@type":"ImageObject","inLanguage":"de-DE","@id":"https:\/\/checkpointsystems.com\/de\/#\/schema\/logo\/image\/","url":"https:\/\/checkpointsystems.com\/de\/wp-content\/uploads\/sites\/16\/favicon-site-icon.png","contentUrl":"https:\/\/checkpointsystems.com\/de\/wp-content\/uploads\/sites\/16\/favicon-site-icon.png","width":512,"height":512,"caption":"Checkpoint Systems GmbH"},"image":{"@id":"https:\/\/checkpointsystems.com\/de\/#\/schema\/logo\/image\/"},"sameAs":["https:\/\/www.facebook.com\/CheckpointSystemsDE","https:\/\/www.instagram.com\/checkpointsystems"]}]}},"_links":{"self":[{"href":"https:\/\/checkpointsystems.com\/de\/wp-json\/wp\/v2\/pages\/7590","targetHints":{"allow":["GET"]}}],"collection":[{"href":"https:\/\/checkpointsystems.com\/de\/wp-json\/wp\/v2\/pages"}],"about":[{"href":"https:\/\/checkpointsystems.com\/de\/wp-json\/wp\/v2\/types\/page"}],"author":[{"embeddable":true,"href":"https:\/\/checkpointsystems.com\/de\/wp-json\/wp\/v2\/users\/26"}],"replies":[{"embeddable":true,"href":"https:\/\/checkpointsystems.com\/de\/wp-json\/wp\/v2\/comments?post=7590"}],"version-history":[{"count":0,"href":"https:\/\/checkpointsystems.com\/de\/wp-json\/wp\/v2\/pages\/7590\/revisions"}],"up":[{"embeddable":true,"href":"https:\/\/checkpointsystems.com\/de\/wp-json\/wp\/v2\/pages\/1868"}],"wp:featuredmedia":[{"embeddable":true,"href":"https:\/\/checkpointsystems.com\/de\/wp-json\/wp\/v2\/media\/7591"}],"wp:attachment":[{"href":"https:\/\/checkpointsystems.com\/de\/wp-json\/wp\/v2\/media?parent=7590"}],"wp:term":[{"taxonomy":"category","embeddable":true,"href":"https:\/\/checkpointsystems.com\/de\/wp-json\/wp\/v2\/categories?post=7590"},{"taxonomy":"post_tag","embeddable":true,"href":"https:\/\/checkpointsystems.com\/de\/wp-json\/wp\/v2\/tags?post=7590"}],"curies":[{"name":"wp","href":"https:\/\/api.w.org\/{rel}","templated":true}]}}