{"id":7211,"date":"2022-07-18T12:05:14","date_gmt":"2022-07-18T10:05:14","guid":{"rendered":"https:\/\/checkpointsstg.wpengine.com\/de\/?page_id=7211"},"modified":"2025-09-10T18:17:13","modified_gmt":"2025-09-10T16:17:13","slug":"franchise-partner","status":"publish","type":"page","link":"https:\/\/checkpointsystems.com\/de\/franchise-partner\/","title":{"rendered":"Franchise-Partner &#8211; Betreuung und Service vor Ort"},"content":{"rendered":"<p><div class=\"fusion-fullwidth fullwidth-box fusion-builder-row-1 fusion-flex-container fusion-parallax-none nonhundred-percent-fullwidth non-hundred-percent-height-scrolling lazyload\" style=\"--awb-background-position:center top;--awb-background-blend-mode:multiply;--awb-border-radius-top-left:0px;--awb-border-radius-top-right:0px;--awb-border-radius-bottom-right:0px;--awb-border-radius-bottom-left:0px;--awb-padding-bottom:40px;--awb-padding-right-small:2%;--awb-padding-left-small:2%;--awb-min-height:600px;--awb-background-color:var(--awb-color1);--awb-background-size:cover;--awb-flex-wrap:wrap;\" data-bg=\"https:\/\/checkpointsystems.com\/de\/wp-content\/uploads\/sites\/16\/NP10_Apparel_80x600.jpeg\" ><div class=\"fusion-builder-row fusion-row fusion-flex-align-items-flex-start fusion-flex-align-content-flex-end fusion-flex-content-wrap\" style=\"max-width:calc( 1200px + 0px );margin-left: calc(-0px \/ 2 );margin-right: calc(-0px \/ 2 );\"><div class=\"fusion-layout-column fusion_builder_column fusion-builder-column-0 fusion_builder_column_1_1 1_1 fusion-flex-column\" style=\"--awb-bg-size:cover;--awb-width-large:100%;--awb-margin-top-large:0px;--awb-spacing-right-large:0px;--awb-margin-bottom-large:0px;--awb-spacing-left-large:0px;--awb-width-medium:100%;--awb-order-medium:0;--awb-spacing-right-medium:0px;--awb-spacing-left-medium:0px;--awb-width-small:100%;--awb-order-small:0;--awb-spacing-right-small:0px;--awb-spacing-left-small:0px;\"><div class=\"fusion-column-wrapper fusion-column-has-shadow fusion-flex-justify-content-flex-start fusion-content-layout-column\"><div class=\"fusion-title title fusion-title-1 fusion-sep-none fusion-title-text fusion-title-size-one\" style=\"--awb-text-color:#ffffff;--awb-margin-top-small:0px;--awb-margin-bottom-small:20px;--awb-font-size:45px;\"><h1 class=\"fusion-title-heading title-heading-left fusion-responsive-typography-calculated\" style=\"font-family:&quot;JANO SANS PRO LIGHT&quot;;font-style:normal;font-weight:400;margin:0;letter-spacing:1px;font-size:1em;--fontSize:45;line-height:1.82;\">Franchise-Partner<\/h1><\/div><nav class=\"fusion-breadcrumbs awb-yoast-breadcrumbs fusion-breadcrumbs-1\" style=\"--awb-text-hover-color:var(--awb-color4);--awb-text-color:#ffffff;--awb-breadcrumb-sep:&#039;\/&#039;;\" aria-label=\"Breadcrumb\"><span><span><a href=\"https:\/\/checkpointsystems.com\/de\/\">Home<\/a><\/span><\/span><\/nav><\/div><\/div><\/div><\/div><div class=\"fusion-fullwidth fullwidth-box fusion-builder-row-2 fusion-flex-container nonhundred-percent-fullwidth non-hundred-percent-height-scrolling\" style=\"--awb-border-radius-top-left:0px;--awb-border-radius-top-right:0px;--awb-border-radius-bottom-right:0px;--awb-border-radius-bottom-left:0px;--awb-min-height:100px;--awb-flex-wrap:wrap;\" ><div class=\"fusion-builder-row fusion-row fusion-flex-align-items-flex-start fusion-flex-content-wrap\" style=\"max-width:calc( 1200px + 0px );margin-left: calc(-0px \/ 2 );margin-right: calc(-0px \/ 2 );\"><div class=\"fusion-layout-column fusion_builder_column fusion-builder-column-1 fusion_builder_column_1_1 1_1 fusion-flex-column\" style=\"--awb-bg-size:cover;--awb-width-large:100%;--awb-margin-top-large:0px;--awb-spacing-right-large:0px;--awb-margin-bottom-large:0px;--awb-spacing-left-large:0px;--awb-width-medium:100%;--awb-order-medium:0;--awb-spacing-right-medium:0px;--awb-spacing-left-medium:0px;--awb-width-small:100%;--awb-order-small:0;--awb-spacing-right-small:0px;--awb-spacing-left-small:0px;\"><div class=\"fusion-column-wrapper fusion-column-has-shadow fusion-flex-justify-content-flex-start fusion-content-layout-column\"><div class=\"fusion-text fusion-text-1\"><p>&nbsp;<\/p>\n<p>Als Unternehmen, das auf Kundenn\u00e4he und eine starke lokale Pr\u00e4senz setzt, haben wir uns daf\u00fcr entschieden, in verschiedenen Regionen Deutschlands mit engagierten Franchisenehmern zusammenzuarbeiten. Unsere Partnerschaften beruhen auf Vertrauen, gemeinsamen Werten und der Leidenschaft f\u00fcr unsere hochwertigen Produkte und Dienstleistungen.<\/p>\n<p>Jeder unserer Franchisepartner repr\u00e4sentiert unser Unternehmen mit Stolz und Hingabe in seiner Region. Sie alle verf\u00fcgen \u00fcber ein fundiertes Verst\u00e4ndnis unserer Kunden und sind bestens mit deren Bed\u00fcrfnissen vertraut. Ob es um den pers\u00f6nlichen Kontakt geht oder um die Bereitstellung ma\u00dfgeschneiderter L\u00f6sungen \u2013 unsere Franchisepartner stehen f\u00fcr erstklassigen Service und eine enge Verbundenheit mit ihrer Gemeinschaft.<\/p>\n<\/div><\/div><\/div><\/div><\/div><div class=\"fusion-fullwidth fullwidth-box fusion-builder-row-3 fusion-flex-container nonhundred-percent-fullwidth non-hundred-percent-height-scrolling\" style=\"--awb-border-radius-top-left:0px;--awb-border-radius-top-right:0px;--awb-border-radius-bottom-right:0px;--awb-border-radius-bottom-left:0px;--awb-padding-right:40px;--awb-padding-left:40px;--awb-margin-top:50px;--awb-margin-bottom:50px;--awb-flex-wrap:wrap;\" ><div class=\"fusion-builder-row fusion-row fusion-flex-align-items-flex-start fusion-flex-content-wrap\" style=\"max-width:calc( 1200px + 0px );margin-left: calc(-0px \/ 2 );margin-right: calc(-0px \/ 2 );\"><div class=\"fusion-layout-column fusion_builder_column fusion-builder-column-2 fusion_builder_column_1_1 1_1 fusion-flex-column\" style=\"--awb-bg-size:cover;--awb-width-large:100%;--awb-margin-top-large:0px;--awb-spacing-right-large:0px;--awb-margin-bottom-large:0px;--awb-spacing-left-large:0px;--awb-width-medium:100%;--awb-order-medium:0;--awb-spacing-right-medium:0px;--awb-spacing-left-medium:0px;--awb-width-small:100%;--awb-order-small:0;--awb-spacing-right-small:0px;--awb-spacing-left-small:0px;\"><div class=\"fusion-column-wrapper fusion-column-has-shadow fusion-flex-justify-content-flex-start fusion-content-layout-column\"><div style='position: relative;width: auto;padding: 0 0 85.94%;height: 0;top: 0;left: 0;bottom: 0;right: 0;margin: 0;border: 0 none' id=\"experience-62d521e8303d6\" data-aspectRatio=\"1.16363636\" data-mobile-aspectRatio=\"0.49090909\"><iframe allowfullscreen src='\/\/view.ceros.com\/checkpoint-systems\/german-franchise-partner-map?heightOverride=1100&mobileHeightOverride=1100' style='position: absolute;top: 0;left: 0;bottom: 0;right: 0;margin: 0;padding: 0;border: 0 none;height: 1px;width: 1px;min-height: 100%;min-width: 100%' frameborder='0' class='ceros-experience' title='German Franchise Partner Map' scrolling='no'><\/iframe><\/div><script type=\"text\/javascript\" src=\"\/\/view.ceros.com\/scroll-proxy.min.js\" data-ceros-origin-domains=\"view.ceros.com\"><\/script><\/div><\/div><\/div><\/div><div class=\"fusion-fullwidth fullwidth-box fusion-builder-row-4 fusion-flex-container nonhundred-percent-fullwidth non-hundred-percent-height-scrolling fusion-no-small-visibility\" style=\"--awb-border-radius-top-left:0px;--awb-border-radius-top-right:0px;--awb-border-radius-bottom-right:0px;--awb-border-radius-bottom-left:0px;--awb-min-height:100px;--awb-flex-wrap:wrap;\" ><div class=\"fusion-builder-row fusion-row fusion-flex-align-items-flex-start fusion-flex-content-wrap\" style=\"max-width:calc( 1200px + 0px );margin-left: calc(-0px \/ 2 );margin-right: calc(-0px \/ 2 );\"><div class=\"fusion-layout-column fusion_builder_column fusion-builder-column-3 fusion_builder_column_1_1 1_1 fusion-flex-column\" style=\"--awb-bg-size:cover;--awb-width-large:100%;--awb-margin-top-large:0px;--awb-spacing-right-large:0px;--awb-margin-bottom-large:0px;--awb-spacing-left-large:0px;--awb-width-medium:100%;--awb-order-medium:0;--awb-spacing-right-medium:0px;--awb-spacing-left-medium:0px;--awb-width-small:100%;--awb-order-small:0;--awb-spacing-right-small:0px;--awb-spacing-left-small:0px;\"><div class=\"fusion-column-wrapper fusion-column-has-shadow fusion-flex-justify-content-flex-start fusion-content-layout-column\"><\/div><\/div><\/div><\/div><\/p>\n","protected":false},"excerpt":{"rendered":"","protected":false},"author":55,"featured_media":1860,"parent":0,"menu_order":56,"comment_status":"closed","ping_status":"closed","template":"100-width.php","meta":{"footnotes":""},"categories":[],"tags":[],"class_list":["post-7211","page","type-page","status-publish","has-post-thumbnail","hentry"],"yoast_head":"<!-- This site is optimized with the Yoast SEO plugin v27.3 - https:\/\/yoast.com\/product\/yoast-seo-wordpress\/ -->\n<title>Franchise-Partner - Betreuung und Service vor Ort - Checkpoint Systems Deutschland<\/title>\n<meta name=\"description\" content=\"Sie m\u00f6chten sich selbst\u00e4ndig als Franchisepartner in Deutschland engangieren? Dann treten Sie mit uns in Kontakt.\" \/>\n<meta name=\"robots\" content=\"index, follow, max-snippet:-1, max-image-preview:large, max-video-preview:-1\" \/>\n<link rel=\"canonical\" href=\"https:\/\/checkpointsystems.com\/de\/franchise-partner\/\" \/>\n<meta property=\"og:locale\" content=\"de_DE\" \/>\n<meta property=\"og:type\" content=\"article\" \/>\n<meta property=\"og:title\" content=\"Franchise-Partner - Betreuung und Service vor Ort - Checkpoint Systems Deutschland\" \/>\n<meta property=\"og:description\" content=\"Sie m\u00f6chten sich selbst\u00e4ndig als Franchisepartner in Deutschland engangieren? Dann treten Sie mit uns in Kontakt.\" \/>\n<meta property=\"og:url\" content=\"https:\/\/checkpointsystems.com\/de\/franchise-partner\/\" \/>\n<meta property=\"og:site_name\" content=\"Checkpoint Systems Deutschland\" \/>\n<meta property=\"article:publisher\" content=\"https:\/\/www.facebook.com\/CheckpointSystemsDE\" \/>\n<meta property=\"article:modified_time\" content=\"2025-09-10T16:17:13+00:00\" \/>\n<meta property=\"og:image\" content=\"https:\/\/checkpointsystems.com\/de\/wp-content\/uploads\/sites\/16\/Checkpoint-Thorofare-Office-1024x683.jpg\" \/>\n\t<meta property=\"og:image:width\" content=\"1024\" \/>\n\t<meta property=\"og:image:height\" content=\"683\" \/>\n\t<meta property=\"og:image:type\" content=\"image\/png\" \/>\n<meta name=\"twitter:card\" content=\"summary_large_image\" \/>\n<meta name=\"twitter:label1\" content=\"Gesch\u00e4tzte Lesezeit\" \/>\n\t<meta name=\"twitter:data1\" content=\"1 Minute\" \/>\n<script type=\"application\/ld+json\" class=\"yoast-schema-graph\">{\"@context\":\"https:\\\/\\\/schema.org\",\"@graph\":[{\"@type\":[\"WebPage\",\"ContactPage\"],\"@id\":\"https:\\\/\\\/checkpointsystems.com\\\/de\\\/franchise-partner\\\/\",\"url\":\"https:\\\/\\\/checkpointsystems.com\\\/de\\\/franchise-partner\\\/\",\"name\":\"Franchise-Partner - Betreuung und Service vor Ort - Checkpoint Systems Deutschland\",\"isPartOf\":{\"@id\":\"https:\\\/\\\/checkpointsystems.com\\\/de\\\/#website\"},\"primaryImageOfPage\":{\"@id\":\"https:\\\/\\\/checkpointsystems.com\\\/de\\\/franchise-partner\\\/#primaryimage\"},\"image\":{\"@id\":\"https:\\\/\\\/checkpointsystems.com\\\/de\\\/franchise-partner\\\/#primaryimage\"},\"thumbnailUrl\":\"https:\\\/\\\/checkpointsystems.com\\\/de\\\/wp-content\\\/uploads\\\/sites\\\/16\\\/Checkpoint-Thorofare-Office.jpg\",\"datePublished\":\"2022-07-18T10:05:14+00:00\",\"dateModified\":\"2025-09-10T16:17:13+00:00\",\"description\":\"Sie m\u00f6chten sich selbst\u00e4ndig als Franchisepartner in Deutschland engangieren? Dann treten Sie mit uns in Kontakt.\",\"breadcrumb\":{\"@id\":\"https:\\\/\\\/checkpointsystems.com\\\/de\\\/franchise-partner\\\/#breadcrumb\"},\"inLanguage\":\"de-DE\",\"potentialAction\":[{\"@type\":\"ReadAction\",\"target\":[\"https:\\\/\\\/checkpointsystems.com\\\/de\\\/franchise-partner\\\/\"]}]},{\"@type\":\"ImageObject\",\"inLanguage\":\"de-DE\",\"@id\":\"https:\\\/\\\/checkpointsystems.com\\\/de\\\/franchise-partner\\\/#primaryimage\",\"url\":\"https:\\\/\\\/checkpointsystems.com\\\/de\\\/wp-content\\\/uploads\\\/sites\\\/16\\\/Checkpoint-Thorofare-Office.jpg\",\"contentUrl\":\"https:\\\/\\\/checkpointsystems.com\\\/de\\\/wp-content\\\/uploads\\\/sites\\\/16\\\/Checkpoint-Thorofare-Office.jpg\",\"width\":2304,\"height\":1536},{\"@type\":\"BreadcrumbList\",\"@id\":\"https:\\\/\\\/checkpointsystems.com\\\/de\\\/franchise-partner\\\/#breadcrumb\",\"itemListElement\":[{\"@type\":\"ListItem\",\"position\":1,\"name\":\"Home\",\"item\":\"https:\\\/\\\/checkpointsystems.com\\\/de\\\/\"},{\"@type\":\"ListItem\",\"position\":2,\"name\":\"Franchise-Partner &#8211; Betreuung und Service vor Ort\"}]},{\"@type\":\"WebSite\",\"@id\":\"https:\\\/\\\/checkpointsystems.com\\\/de\\\/#website\",\"url\":\"https:\\\/\\\/checkpointsystems.com\\\/de\\\/\",\"name\":\"Checkpoint Systems Deutschland\",\"description\":\"Wir bieten Einzelh\u00e4ndlern auf der ganzen Welt erstklassige Technologiel\u00f6sungen in den Bereichen RFID, RF, EAS und Diebstahlsicherung\",\"publisher\":{\"@id\":\"https:\\\/\\\/checkpointsystems.com\\\/de\\\/#organization\"},\"potentialAction\":[{\"@type\":\"SearchAction\",\"target\":{\"@type\":\"EntryPoint\",\"urlTemplate\":\"https:\\\/\\\/checkpointsystems.com\\\/de\\\/?s={search_term_string}\"},\"query-input\":{\"@type\":\"PropertyValueSpecification\",\"valueRequired\":true,\"valueName\":\"search_term_string\"}}],\"inLanguage\":\"de-DE\"},{\"@type\":\"Organization\",\"@id\":\"https:\\\/\\\/checkpointsystems.com\\\/de\\\/#organization\",\"name\":\"Checkpoint Systems GmbH\",\"alternateName\":\"Checkpoint Systems GmbH\",\"url\":\"https:\\\/\\\/checkpointsystems.com\\\/de\\\/\",\"logo\":{\"@type\":\"ImageObject\",\"inLanguage\":\"de-DE\",\"@id\":\"https:\\\/\\\/checkpointsystems.com\\\/de\\\/#\\\/schema\\\/logo\\\/image\\\/\",\"url\":\"https:\\\/\\\/checkpointsystems.com\\\/de\\\/wp-content\\\/uploads\\\/sites\\\/16\\\/favicon-site-icon.png\",\"contentUrl\":\"https:\\\/\\\/checkpointsystems.com\\\/de\\\/wp-content\\\/uploads\\\/sites\\\/16\\\/favicon-site-icon.png\",\"width\":512,\"height\":512,\"caption\":\"Checkpoint Systems GmbH\"},\"image\":{\"@id\":\"https:\\\/\\\/checkpointsystems.com\\\/de\\\/#\\\/schema\\\/logo\\\/image\\\/\"},\"sameAs\":[\"https:\\\/\\\/www.facebook.com\\\/CheckpointSystemsDE\",\"https:\\\/\\\/www.instagram.com\\\/checkpointsystems\"]}]}<\/script>\n<!-- \/ Yoast SEO plugin. -->","yoast_head_json":{"title":"Franchise-Partner - Betreuung und Service vor Ort - Checkpoint Systems Deutschland","description":"Sie m\u00f6chten sich selbst\u00e4ndig als Franchisepartner in Deutschland engangieren? Dann treten Sie mit uns in Kontakt.","robots":{"index":"index","follow":"follow","max-snippet":"max-snippet:-1","max-image-preview":"max-image-preview:large","max-video-preview":"max-video-preview:-1"},"canonical":"https:\/\/checkpointsystems.com\/de\/franchise-partner\/","og_locale":"de_DE","og_type":"article","og_title":"Franchise-Partner - Betreuung und Service vor Ort - Checkpoint Systems Deutschland","og_description":"Sie m\u00f6chten sich selbst\u00e4ndig als Franchisepartner in Deutschland engangieren? Dann treten Sie mit uns in Kontakt.","og_url":"https:\/\/checkpointsystems.com\/de\/franchise-partner\/","og_site_name":"Checkpoint Systems Deutschland","article_publisher":"https:\/\/www.facebook.com\/CheckpointSystemsDE","article_modified_time":"2025-09-10T16:17:13+00:00","og_image":[{"width":1024,"height":683,"url":"https:\/\/checkpointsystems.com\/de\/wp-content\/uploads\/sites\/16\/Checkpoint-Thorofare-Office-1024x683.jpg","type":"image\/png"}],"twitter_card":"summary_large_image","twitter_misc":{"Gesch\u00e4tzte Lesezeit":"1 Minute"},"schema":{"@context":"https:\/\/schema.org","@graph":[{"@type":["WebPage","ContactPage"],"@id":"https:\/\/checkpointsystems.com\/de\/franchise-partner\/","url":"https:\/\/checkpointsystems.com\/de\/franchise-partner\/","name":"Franchise-Partner - Betreuung und Service vor Ort - Checkpoint Systems Deutschland","isPartOf":{"@id":"https:\/\/checkpointsystems.com\/de\/#website"},"primaryImageOfPage":{"@id":"https:\/\/checkpointsystems.com\/de\/franchise-partner\/#primaryimage"},"image":{"@id":"https:\/\/checkpointsystems.com\/de\/franchise-partner\/#primaryimage"},"thumbnailUrl":"https:\/\/checkpointsystems.com\/de\/wp-content\/uploads\/sites\/16\/Checkpoint-Thorofare-Office.jpg","datePublished":"2022-07-18T10:05:14+00:00","dateModified":"2025-09-10T16:17:13+00:00","description":"Sie m\u00f6chten sich selbst\u00e4ndig als Franchisepartner in Deutschland engangieren? Dann treten Sie mit uns in Kontakt.","breadcrumb":{"@id":"https:\/\/checkpointsystems.com\/de\/franchise-partner\/#breadcrumb"},"inLanguage":"de-DE","potentialAction":[{"@type":"ReadAction","target":["https:\/\/checkpointsystems.com\/de\/franchise-partner\/"]}]},{"@type":"ImageObject","inLanguage":"de-DE","@id":"https:\/\/checkpointsystems.com\/de\/franchise-partner\/#primaryimage","url":"https:\/\/checkpointsystems.com\/de\/wp-content\/uploads\/sites\/16\/Checkpoint-Thorofare-Office.jpg","contentUrl":"https:\/\/checkpointsystems.com\/de\/wp-content\/uploads\/sites\/16\/Checkpoint-Thorofare-Office.jpg","width":2304,"height":1536},{"@type":"BreadcrumbList","@id":"https:\/\/checkpointsystems.com\/de\/franchise-partner\/#breadcrumb","itemListElement":[{"@type":"ListItem","position":1,"name":"Home","item":"https:\/\/checkpointsystems.com\/de\/"},{"@type":"ListItem","position":2,"name":"Franchise-Partner &#8211; Betreuung und Service vor Ort"}]},{"@type":"WebSite","@id":"https:\/\/checkpointsystems.com\/de\/#website","url":"https:\/\/checkpointsystems.com\/de\/","name":"Checkpoint Systems Deutschland","description":"Wir bieten Einzelh\u00e4ndlern auf der ganzen Welt erstklassige Technologiel\u00f6sungen in den Bereichen RFID, RF, EAS und Diebstahlsicherung","publisher":{"@id":"https:\/\/checkpointsystems.com\/de\/#organization"},"potentialAction":[{"@type":"SearchAction","target":{"@type":"EntryPoint","urlTemplate":"https:\/\/checkpointsystems.com\/de\/?s={search_term_string}"},"query-input":{"@type":"PropertyValueSpecification","valueRequired":true,"valueName":"search_term_string"}}],"inLanguage":"de-DE"},{"@type":"Organization","@id":"https:\/\/checkpointsystems.com\/de\/#organization","name":"Checkpoint Systems GmbH","alternateName":"Checkpoint Systems GmbH","url":"https:\/\/checkpointsystems.com\/de\/","logo":{"@type":"ImageObject","inLanguage":"de-DE","@id":"https:\/\/checkpointsystems.com\/de\/#\/schema\/logo\/image\/","url":"https:\/\/checkpointsystems.com\/de\/wp-content\/uploads\/sites\/16\/favicon-site-icon.png","contentUrl":"https:\/\/checkpointsystems.com\/de\/wp-content\/uploads\/sites\/16\/favicon-site-icon.png","width":512,"height":512,"caption":"Checkpoint Systems GmbH"},"image":{"@id":"https:\/\/checkpointsystems.com\/de\/#\/schema\/logo\/image\/"},"sameAs":["https:\/\/www.facebook.com\/CheckpointSystemsDE","https:\/\/www.instagram.com\/checkpointsystems"]}]}},"_links":{"self":[{"href":"https:\/\/checkpointsystems.com\/de\/wp-json\/wp\/v2\/pages\/7211","targetHints":{"allow":["GET"]}}],"collection":[{"href":"https:\/\/checkpointsystems.com\/de\/wp-json\/wp\/v2\/pages"}],"about":[{"href":"https:\/\/checkpointsystems.com\/de\/wp-json\/wp\/v2\/types\/page"}],"author":[{"embeddable":true,"href":"https:\/\/checkpointsystems.com\/de\/wp-json\/wp\/v2\/users\/55"}],"replies":[{"embeddable":true,"href":"https:\/\/checkpointsystems.com\/de\/wp-json\/wp\/v2\/comments?post=7211"}],"version-history":[{"count":0,"href":"https:\/\/checkpointsystems.com\/de\/wp-json\/wp\/v2\/pages\/7211\/revisions"}],"wp:featuredmedia":[{"embeddable":true,"href":"https:\/\/checkpointsystems.com\/de\/wp-json\/wp\/v2\/media\/1860"}],"wp:attachment":[{"href":"https:\/\/checkpointsystems.com\/de\/wp-json\/wp\/v2\/media?parent=7211"}],"wp:term":[{"taxonomy":"category","embeddable":true,"href":"https:\/\/checkpointsystems.com\/de\/wp-json\/wp\/v2\/categories?post=7211"},{"taxonomy":"post_tag","embeddable":true,"href":"https:\/\/checkpointsystems.com\/de\/wp-json\/wp\/v2\/tags?post=7211"}],"curies":[{"name":"wp","href":"https:\/\/api.w.org\/{rel}","templated":true}]}}